{"id":101,"date":"2021-04-05T09:23:55","date_gmt":"2021-04-05T09:23:55","guid":{"rendered":"http:\/\/biomonde.local\/?page_id=101"},"modified":"2022-09-05T14:34:47","modified_gmt":"2022-09-05T14:34:47","slug":"startseite","status":"publish","type":"page","link":"https:\/\/biomonde.com\/de\/","title":{"rendered":"\u00dcber BioMonde"},"content":{"rendered":"\n<div class=\"wp-block-group block-section is-layout-flow wp-block-group-is-layout-flow\">\n<p class=\"has-text-align-center content-narrow\">BioMonde ist der f\u00fchrende Hersteller von Produkten f\u00fcr die Larventherapie in Europa. Von unseren zertifizierten Produktionsst\u00e4tten in Deutschland und Wales aus versorgen wir t\u00e4glich \u00fcber zehn L\u00e4nder und verhelfen Patient*innen in ganz Europa zu einem besseren Leben.<\/p>\n\n\n\n<div class=\"wp-block-buttons is-horizontal is-content-justification-center is-layout-flex wp-container-core-buttons-is-layout-03627597 wp-block-buttons-is-layout-flex\">\n<div class=\"wp-block-button\"><a class=\"wp-block-button__link\" href=\"\/de\/ueber-biomonde\/\">\u00dcber BioMonde<\/a><\/div>\n<\/div>\n<\/div>\n\n\n\n<div class=\"wp-block-group block-section is-layout-flow wp-block-group-is-layout-flow\">\n<div class=\"wp-block-columns block-section is-layout-flex wp-container-core-columns-is-layout-28f84493 wp-block-columns-is-layout-flex\">\n<div class=\"wp-block-column is-layout-flow wp-block-column-is-layout-flow\" style=\"flex-basis:60%\">\n<div class=\"iframe-wrap\" style=\"width: 60%\"><div class=\"iframe-content square\"><iframe loading=\"lazy\" src=\"\/\/orbitvu.co\/share\/tGCxQnJXdf3aftN2asiBDS\/4732005\/360\/iframe?width=auto&amp;height=auto&amp;content2=yes&amp;partial_load=yes\" width=\"300\" height=\"300\" scrolling=\"no\" marginwidth=\"0\" marginheight=\"0\" frameborder=\"0\" vspace=\"0\" hspace=\"0\" allow=\"fullscreen\" webkitallowfullscreen=\"\" mozallowfullscreen=\"\" allowfullscreen=\"\">\nCould not load \/\/orbitvu.co\/share\/tGCxQnJXdf3aftN2asiBDS\/4732005\/360\/iframe?width=auto&#038;height=auto&#038;content2=yes&#038;partial_load=yes\n<\/iframe>\n<\/div><\/div>\n<\/div>\n\n\n\n<div class=\"wp-block-column is-layout-flow wp-block-column-is-layout-flow\" style=\"flex-basis:40%\">\n<h2 class=\"wp-block-heading\" id=\"larventherapie\">Larventherapie<\/h2>\n\n\n\n<p>Larventherapie, auch bekannt als \u201cMadentherapie\u201d oder \u201cBiochirurgie\u201d, entfernt mit Hilfe der Larven der Goldfliege Nekrosen, Fibrinbel\u00e4ge, Biofilme und Infektionen aus chronischen, schlecht heilenden Wunden. Sie kann die Neubildung von Bel\u00e4gen und Biofilmen verhindern.<\/p>\n\n\n\n<p>Schon vor hunderten von Jahren haben Menschen die wundreinigenden Effekte von Larven beobachtet. Dank des BioBag ist die Larventherapie heute ein Standard f\u00fcr das Debridement schlecht heilender Wunden.<\/p>\n\n\n\n<div class=\"wp-block-buttons is-layout-flex wp-block-buttons-is-layout-flex\">\n<div class=\"wp-block-button\"><a class=\"wp-block-button__link\" href=\"\/de\/entdecken-sie-larventherapie\/\">Entdecken Sie die Larventherapie<\/a><\/div>\n<\/div>\n<\/div>\n<\/div>\n<\/div>\n\n\n<div class=\"block-section block-features\">\n  <h2 class=\"title\">Was k\u00f6nnen wir f\u00fcr Sie tun?<\/h2>\n\n      <div class=\"description\"><p>Ob Sie Fragen oder Anregungen haben, eine Bestellung aufgeben m\u00f6chten oder einfach einen Austausch w\u00fcnschen \u2013 wir stehen Ihnen sehr gerne zur Verf\u00fcgung.<\/p>\n<\/div>\n  \n      <div class=\"feature-row row\">\n              <div class=\"col-lg-4 feature-col\" style=\"--anim-order: 1;\">\n          <div class=\"feature has-link\">\n                          <a href=\"\/de\/patienten-faq\/\" class=\"image\">\n                <img decoding=\"async\" src=\"https:\/\/biomonde.com\/wp-content\/uploads\/2021\/05\/1.jpg\" alt=\"\">\n              <\/a>\n            \n            <div class=\"content-wrap\">\n              \n              <h3 class=\"feature-title\">Patient*in\/ Angeh\u00f6rige*r<\/h3>\n\n              <div class=\"content\"><ul>\n<li><a href=\"\/de\/patienten-faq\/#wie-wirken-larven-in-der-wunde\">Wie wirken Larven in der Wunde?<\/a><\/li>\n<li><a href=\"\/de\/patienten-faq\/#wie-werden-larven-auf-wunden-aufgebracht\">Wie werden Larven auf Wunden aufgebracht?<\/a><\/li>\n<li><a href=\"\/de\/patienten-faq\/#wie-lange-dauert-die-behandlung\">Wie lange dauert die Behandlung?<\/a><\/li>\n<\/ul>\n<\/div>\n\n                              <div class=\"buttons\">\n                  <a href=\"\/de\/patienten-faq\/\" class=\"btn btn-primary\">\n                    Mehr FAQs                  <\/a>\n                <\/div>\n                          <\/div>\n          <\/div>\n        <\/div>\n              <div class=\"col-lg-4 feature-col\" style=\"--anim-order: 2;\">\n          <div class=\"feature has-link\">\n                          <a href=\"\/de\/medizinische-fachkreise-faq\/\" class=\"image\">\n                <img decoding=\"async\" src=\"https:\/\/biomonde.com\/wp-content\/uploads\/2021\/07\/020512_206-400x600.jpg\" alt=\"Nurse with BioBag vial \">\n              <\/a>\n            \n            <div class=\"content-wrap\">\n              \n              <h3 class=\"feature-title\">Medizinische Fachkreise<\/h3>\n\n              <div class=\"content\"><ul>\n<li><a href=\"\/de\/medizinische-fachkreise-faq\/#fur-welche-wunden-ist-larventherapie-geeignet\">F\u00fcr welche Wunden ist Larventherapie geeignet?<\/a><\/li>\n<li><a href=\"\/de\/medizinische-fachkreise-faq\/#wie-lange-kann-man-biobag-aufbewahren\">Wie lange kann man BioBag aufbewahren?<\/a><\/li>\n<li><a href=\"\/de\/medizinische-fachkreise-faq#mehr-infos-schulungen\">Wo finde ich weitere Infos zum Thema?<\/a><\/li>\n<\/ul>\n<\/div>\n\n                              <div class=\"buttons\">\n                  <a href=\"\/de\/medizinische-fachkreise-faq\/\" class=\"btn btn-primary\">\n                    Mehr FAQs                  <\/a>\n                <\/div>\n                          <\/div>\n          <\/div>\n        <\/div>\n              <div class=\"col-lg-4 feature-col\" style=\"--anim-order: 3;\">\n          <div class=\"feature has-link\">\n                          <a href=\"\/de\/medizinische-fachkreise-faq\/\" class=\"image\">\n                <img decoding=\"async\" src=\"https:\/\/biomonde.com\/wp-content\/uploads\/2021\/05\/3.jpg\" alt=\"\">\n              <\/a>\n            \n            <div class=\"content-wrap\">\n              \n              <h3 class=\"feature-title\">Verordner*in und Apotheken<\/h3>\n\n              <div class=\"content\"><ul>\n<li><a href=\"\/de\/medizinische-fachkreise-faq\/#Veordner FAQ\">Wie kann ich Larventherapie bestellen?<\/a><\/li>\n<li><a href=\"\/de\/medizinische-fachkreise-faq\/#wie-sollten-biobag-gelagert-werden\">Wie sollten BioBags gelagert werden?<\/a><\/li>\n<li><a href=\"\/de\/medizinische-fachkreise-faq\/#an-welchen-tagen-werden-larvenprodukte-geliefert\">An welchen Tagen werden Larvenprodukte geliefert?<\/a><\/li>\n<\/ul>\n<\/div>\n\n                              <div class=\"buttons\">\n                  <a href=\"\/de\/medizinische-fachkreise-faq\/\" class=\"btn btn-primary\">\n                    Mehr FAQs                  <\/a>\n                <\/div>\n                          <\/div>\n          <\/div>\n        <\/div>\n          <\/div>\n  <\/div>\n\n\n<div class=\"block-section block-cta bg-align-right has-image is-full-width has-transparent-bg\">\n  <div class=\"content-wrap opaque\">\n          <h2 class=\"title\">Debridement ist unsere Leidenschaft<\/h2>\n    \n          <div class=\"content\"><p>Als weltweiter Vorreiter in der Larventherapie arbeiten wir an vertrauensvollen Beziehungen, fundierter Fortbildung und hervorragendem Service, um unseren Anwendenden immer das beste Debridement zu erm\u00f6glichen.<\/p>\n<\/div>\n    \n          <div class=\"buttons\">\n        <a href=\"\/de\/kontakt-biomonde\/\" class=\"btn btn-secondary\">\n          Kontakt        <\/a>\n      <\/div>\n      <\/div>\n  <div class=\"image anim-slide-in-right opaque\" style=\"background-image: url(https:\/\/biomonde.com\/wp-content\/uploads\/2021\/05\/hand-image-cropped.png);\"><\/div><\/div>\n","protected":false},"excerpt":{"rendered":"<p>BioMonde ist der f\u00fchrende Hersteller von Produkten f\u00fcr die Larventherapie in Europa. Von unseren zertifizierten Produktionsst\u00e4tten in Deutschland und Wales aus versorgen wir t\u00e4glich \u00fcber zehn L\u00e4nder und verhelfen Patient*innen in ganz Europa zu einem besseren Leben. Could not load \/\/orbitvu.co\/share\/tGCxQnJXdf3aftN2asiBDS\/4732005\/360\/iframe?width=auto&#038;height=auto&#038;content2=yes&#038;partial_load=yes Larventherapie Larventherapie, auch bekannt als \u201cMadentherapie\u201d oder \u201cBiochirurgie\u201d, entfernt mit Hilfe der Larven der &hellip; <a href=\"https:\/\/biomonde.com\/de\/\">Continued<\/a><\/p>\n","protected":false},"author":1,"featured_media":0,"parent":0,"menu_order":-1,"comment_status":"closed","ping_status":"closed","template":"template-home.blade.php","meta":{"_acf_changed":false,"footnotes":""},"class_list":["post-101","page","type-page","status-publish","hentry"],"acf":[],"yoast_head":"<!-- This site is optimized with the Yoast SEO plugin v27.4 - https:\/\/yoast.com\/product\/yoast-seo-wordpress\/ -->\n<title>Startseite - Making Healing Possible - BioMonde<\/title>\n<meta name=\"description\" content=\"BioMonde ist f\u00fchrend in der Wundbehandlung mit Larventherapie - unser Anspruch ist mehr Lebensqualit\u00e4t f\u00fcr die Patienten.\" \/>\n<meta name=\"robots\" content=\"index, follow, max-snippet:-1, max-image-preview:large, max-video-preview:-1\" \/>\n<link rel=\"canonical\" href=\"https:\/\/biomonde.com\/\" \/>\n<meta property=\"og:locale\" content=\"de_DE\" \/>\n<meta property=\"og:type\" content=\"article\" \/>\n<meta property=\"og:title\" content=\"Startseite - Making Healing Possible - BioMonde\" \/>\n<meta property=\"og:description\" content=\"BioMonde ist f\u00fchrend in der Wundbehandlung mit Larventherapie - unser Anspruch ist mehr Lebensqualit\u00e4t f\u00fcr die Patienten.\" \/>\n<meta property=\"og:url\" content=\"https:\/\/biomonde.com\/\" \/>\n<meta property=\"og:site_name\" content=\"BioMonde\" \/>\n<meta property=\"article:publisher\" content=\"https:\/\/www.facebook.com\/biomondeuki\" \/>\n<meta property=\"article:modified_time\" content=\"2022-09-05T14:34:47+00:00\" \/>\n<meta property=\"og:image\" content=\"https:\/\/biomonde.com\/wp-content\/uploads\/2021\/11\/biomonde-hamburg-211021_FSI2549.jpg\" \/>\n<meta name=\"twitter:card\" content=\"summary_large_image\" \/>\n<meta name=\"twitter:image\" content=\"https:\/\/biomonde.com\/wp-content\/uploads\/2021\/11\/biomonde-hamburg-211021_FSI2232.jpg\" \/>\n<meta name=\"twitter:site\" content=\"@biomondeuk\" \/>\n<meta name=\"twitter:label1\" content=\"Gesch\u00e4tzte Lesezeit\" \/>\n\t<meta name=\"twitter:data1\" content=\"1\u00a0Minute\" \/>\n<script type=\"application\/ld+json\" class=\"yoast-schema-graph\">{\"@context\":\"https:\\\/\\\/schema.org\",\"@graph\":[{\"@type\":\"WebPage\",\"@id\":\"https:\\\/\\\/biomonde.com\\\/\",\"url\":\"https:\\\/\\\/biomonde.com\\\/\",\"name\":\"Startseite - Making Healing Possible - BioMonde\",\"isPartOf\":{\"@id\":\"https:\\\/\\\/biomonde.com\\\/#website\"},\"datePublished\":\"2021-04-05T09:23:55+00:00\",\"dateModified\":\"2022-09-05T14:34:47+00:00\",\"description\":\"BioMonde ist f\u00fchrend in der Wundbehandlung mit Larventherapie - unser Anspruch ist mehr Lebensqualit\u00e4t f\u00fcr die Patienten.\",\"breadcrumb\":{\"@id\":\"https:\\\/\\\/biomonde.com\\\/#breadcrumb\"},\"inLanguage\":\"de\",\"potentialAction\":[{\"@type\":\"ReadAction\",\"target\":[\"https:\\\/\\\/biomonde.com\\\/\"]}]},{\"@type\":\"BreadcrumbList\",\"@id\":\"https:\\\/\\\/biomonde.com\\\/#breadcrumb\",\"itemListElement\":[{\"@type\":\"ListItem\",\"position\":1,\"name\":\"Home\",\"item\":\"https:\\\/\\\/biomonde.com\\\/\"},{\"@type\":\"ListItem\",\"position\":2,\"name\":\"\u00dcber BioMonde\"}]},{\"@type\":\"WebSite\",\"@id\":\"https:\\\/\\\/biomonde.com\\\/#website\",\"url\":\"https:\\\/\\\/biomonde.com\\\/\",\"name\":\"BioMonde\",\"description\":\"Making Healing Possible\",\"publisher\":{\"@id\":\"https:\\\/\\\/biomonde.com\\\/#organization\"},\"potentialAction\":[{\"@type\":\"SearchAction\",\"target\":{\"@type\":\"EntryPoint\",\"urlTemplate\":\"https:\\\/\\\/biomonde.com\\\/?s={search_term_string}\"},\"query-input\":{\"@type\":\"PropertyValueSpecification\",\"valueRequired\":true,\"valueName\":\"search_term_string\"}}],\"inLanguage\":\"de\"},{\"@type\":\"Organization\",\"@id\":\"https:\\\/\\\/biomonde.com\\\/#organization\",\"name\":\"BioMonde\",\"url\":\"https:\\\/\\\/biomonde.com\\\/\",\"logo\":{\"@type\":\"ImageObject\",\"inLanguage\":\"de\",\"@id\":\"https:\\\/\\\/biomonde.com\\\/#\\\/schema\\\/logo\\\/image\\\/\",\"url\":\"https:\\\/\\\/biomonde.com\\\/wp-content\\\/uploads\\\/2021\\\/03\\\/biomonde-logo-512.png\",\"contentUrl\":\"https:\\\/\\\/biomonde.com\\\/wp-content\\\/uploads\\\/2021\\\/03\\\/biomonde-logo-512.png\",\"width\":512,\"height\":512,\"caption\":\"BioMonde\"},\"image\":{\"@id\":\"https:\\\/\\\/biomonde.com\\\/#\\\/schema\\\/logo\\\/image\\\/\"},\"sameAs\":[\"https:\\\/\\\/www.facebook.com\\\/biomondeuki\",\"https:\\\/\\\/x.com\\\/biomondeuk\",\"https:\\\/\\\/www.instagram.com\\\/biomonde_uk\\\/\",\"https:\\\/\\\/www.linkedin.com\\\/company\\\/biomondeuk\\\/\",\"https:\\\/\\\/www.youtube.com\\\/channel\\\/UCgvvHlcLny1a_WoEWtxn8Qg\\\/videos\"]}]}<\/script>\n<!-- \/ Yoast SEO plugin. -->","yoast_head_json":{"title":"Startseite - Making Healing Possible - BioMonde","description":"BioMonde ist f\u00fchrend in der Wundbehandlung mit Larventherapie - unser Anspruch ist mehr Lebensqualit\u00e4t f\u00fcr die Patienten.","robots":{"index":"index","follow":"follow","max-snippet":"max-snippet:-1","max-image-preview":"max-image-preview:large","max-video-preview":"max-video-preview:-1"},"canonical":"https:\/\/biomonde.com\/","og_locale":"de_DE","og_type":"article","og_title":"Startseite - Making Healing Possible - BioMonde","og_description":"BioMonde ist f\u00fchrend in der Wundbehandlung mit Larventherapie - unser Anspruch ist mehr Lebensqualit\u00e4t f\u00fcr die Patienten.","og_url":"https:\/\/biomonde.com\/","og_site_name":"BioMonde","article_publisher":"https:\/\/www.facebook.com\/biomondeuki","article_modified_time":"2022-09-05T14:34:47+00:00","og_image":[{"url":"https:\/\/biomonde.com\/wp-content\/uploads\/2021\/11\/biomonde-hamburg-211021_FSI2549.jpg","type":"","width":"","height":""}],"twitter_card":"summary_large_image","twitter_image":"https:\/\/biomonde.com\/wp-content\/uploads\/2021\/11\/biomonde-hamburg-211021_FSI2232.jpg","twitter_site":"@biomondeuk","twitter_misc":{"Gesch\u00e4tzte Lesezeit":"1\u00a0Minute"},"schema":{"@context":"https:\/\/schema.org","@graph":[{"@type":"WebPage","@id":"https:\/\/biomonde.com\/","url":"https:\/\/biomonde.com\/","name":"Startseite - Making Healing Possible - BioMonde","isPartOf":{"@id":"https:\/\/biomonde.com\/#website"},"datePublished":"2021-04-05T09:23:55+00:00","dateModified":"2022-09-05T14:34:47+00:00","description":"BioMonde ist f\u00fchrend in der Wundbehandlung mit Larventherapie - unser Anspruch ist mehr Lebensqualit\u00e4t f\u00fcr die Patienten.","breadcrumb":{"@id":"https:\/\/biomonde.com\/#breadcrumb"},"inLanguage":"de","potentialAction":[{"@type":"ReadAction","target":["https:\/\/biomonde.com\/"]}]},{"@type":"BreadcrumbList","@id":"https:\/\/biomonde.com\/#breadcrumb","itemListElement":[{"@type":"ListItem","position":1,"name":"Home","item":"https:\/\/biomonde.com\/"},{"@type":"ListItem","position":2,"name":"\u00dcber BioMonde"}]},{"@type":"WebSite","@id":"https:\/\/biomonde.com\/#website","url":"https:\/\/biomonde.com\/","name":"BioMonde","description":"Making Healing Possible","publisher":{"@id":"https:\/\/biomonde.com\/#organization"},"potentialAction":[{"@type":"SearchAction","target":{"@type":"EntryPoint","urlTemplate":"https:\/\/biomonde.com\/?s={search_term_string}"},"query-input":{"@type":"PropertyValueSpecification","valueRequired":true,"valueName":"search_term_string"}}],"inLanguage":"de"},{"@type":"Organization","@id":"https:\/\/biomonde.com\/#organization","name":"BioMonde","url":"https:\/\/biomonde.com\/","logo":{"@type":"ImageObject","inLanguage":"de","@id":"https:\/\/biomonde.com\/#\/schema\/logo\/image\/","url":"https:\/\/biomonde.com\/wp-content\/uploads\/2021\/03\/biomonde-logo-512.png","contentUrl":"https:\/\/biomonde.com\/wp-content\/uploads\/2021\/03\/biomonde-logo-512.png","width":512,"height":512,"caption":"BioMonde"},"image":{"@id":"https:\/\/biomonde.com\/#\/schema\/logo\/image\/"},"sameAs":["https:\/\/www.facebook.com\/biomondeuki","https:\/\/x.com\/biomondeuk","https:\/\/www.instagram.com\/biomonde_uk\/","https:\/\/www.linkedin.com\/company\/biomondeuk\/","https:\/\/www.youtube.com\/channel\/UCgvvHlcLny1a_WoEWtxn8Qg\/videos"]}]}},"_links":{"self":[{"href":"https:\/\/biomonde.com\/de\/wp-json\/wp\/v2\/pages\/101","targetHints":{"allow":["GET"]}}],"collection":[{"href":"https:\/\/biomonde.com\/de\/wp-json\/wp\/v2\/pages"}],"about":[{"href":"https:\/\/biomonde.com\/de\/wp-json\/wp\/v2\/types\/page"}],"author":[{"embeddable":true,"href":"https:\/\/biomonde.com\/de\/wp-json\/wp\/v2\/users\/1"}],"replies":[{"embeddable":true,"href":"https:\/\/biomonde.com\/de\/wp-json\/wp\/v2\/comments?post=101"}],"version-history":[{"count":5,"href":"https:\/\/biomonde.com\/de\/wp-json\/wp\/v2\/pages\/101\/revisions"}],"predecessor-version":[{"id":8230,"href":"https:\/\/biomonde.com\/de\/wp-json\/wp\/v2\/pages\/101\/revisions\/8230"}],"wp:attachment":[{"href":"https:\/\/biomonde.com\/de\/wp-json\/wp\/v2\/media?parent=101"}],"curies":[{"name":"wp","href":"https:\/\/api.w.org\/{rel}","templated":true}]}}