{"id":1128,"date":"2021-04-21T10:10:37","date_gmt":"2021-04-21T10:10:37","guid":{"rendered":"https:\/\/biomonde.local\/?page_id=1128"},"modified":"2022-05-25T08:40:49","modified_gmt":"2022-05-25T08:40:49","slug":"entdecken-sie-larventherapie","status":"publish","type":"page","link":"https:\/\/biomonde.com\/de\/entdecken-sie-larventherapie\/","title":{"rendered":"Entdecken Sie Larventherapie"},"content":{"rendered":"\n<div class=\"wp-block-columns is-layout-flex wp-container-core-columns-is-layout-28f84493 wp-block-columns-is-layout-flex\">\n<div class=\"wp-block-column is-vertically-aligned-top is-layout-flow wp-block-column-is-layout-flow\" style=\"flex-basis:100%\">\n<h2 class=\"wp-block-heading\" id=\"was-ist-larventherapie\">Was ist Larventherapie?<\/h2>\n\n\n\n<div class=\"wp-block-columns is-layout-flex wp-container-core-columns-is-layout-28f84493 wp-block-columns-is-layout-flex\">\n<div class=\"wp-block-column is-layout-flow wp-block-column-is-layout-flow\">\n<p>Die Larventherapie verwendet die Larven der Goldfliege Lucilia sericata, um nicht lebensf\u00e4higes Gewebe und Bakterien aus schlecht heilenden oder infizierten Wunden zu entfernen. Die Larven, die in einem geschlossenen Verband auf die Wunde aufgetragen werden, produzieren proteolytische Enzyme, die in der Wunde vorhandenes nekrotisches Gewebe, Bel\u00e4ge oder Biofilme zu einer Fl\u00fcssigkeit abbauen, die die Larven als Nahrung aufnehmen.<\/p>\n\n\n\n<p>Larven sind instinktiv selektiv, entfernen devitalisiertes Gewebe und Bakterien. Gesundes oder lebensf\u00e4higes Gewebe wird in der Regel nicht gesch\u00e4digt. Die Larven haben keine Z\u00e4hne, k\u00f6nnen also nicht bei\u00dfen oder kauen, sondern die von ihnen produzierten Sekrete verfl\u00fcssigen ihre Nahrung, die sie sanft in ihren K\u00f6rper aufnehmen. Dieser enzymatische Prozess wird durch eine physikalische Wirkung der Mikrochirurgie mit kleinen Mundhaken und rauen K\u00f6rperteilen, den sogenannten Stigmen, unterst\u00fctzt. Diesen Vorgang k\u00f6nnen die Larven w\u00e4hrend der viert\u00e4gigen Behandlung kontinuierlich durchf\u00fchren, w\u00e4hrend sie sicher im BioBag-Verband eingeschlossen sind.<\/p>\n<\/div>\n\n\n\n<div class=\"wp-block-column is-layout-flow wp-block-column-is-layout-flow\">\n<div style=\"padding:56.25% 0 0 0;position:relative;\"><iframe src=\"https:\/\/player.vimeo.com\/video\/713593816?h=a19d9b2a51&amp;badge=0&amp;autopause=0&amp;player_id=0&amp;app_id=58479\" frameborder=\"0\" allow=\"autoplay; fullscreen; picture-in-picture\" allowfullscreen style=\"position:absolute;top:0;left:0;width:100%;height:100%;\" title=\"Was ist die Larventherapie?\"><\/iframe><\/div><script src=\"https:\/\/player.vimeo.com\/api\/player.js\"><\/script>\n<\/div>\n<\/div>\n\n\n\n<p><\/p>\n\n\n\n<div class=\"wp-block-buttons is-layout-flex wp-block-buttons-is-layout-flex\">\n<div class=\"wp-block-button\"><a class=\"wp-block-button__link\" href=\"\/de\/geeignete-wunden\/\">Geeignete Wunden<\/a><\/div>\n<\/div>\n\n\n\n<p><\/p>\n\n\n\n<h2 class=\"has-text-align-center wp-block-heading\" id=\"eine-lange-historie\">                                            Eine lange Historie<\/h2>\n<\/div>\n<\/div>\n\n\n  <div class=\"block-section block-timeline\">\n\n          <div class=\"item-wrap anim-fade-in-up\">\n        <div class=\"item-title\">\n          <h3 class=\"title\">Seit der vorchristlichen Zeit<\/h3>\n\n                      <div class=\"sub-title\">Verwendung bei alten Kulturen<\/div>\n                  <\/div>\n\n        <div class=\"item-content\">\n                      <div class=\"image\">\n              <img decoding=\"async\" src=\"https:\/\/biomonde.com\/wp-content\/uploads\/2021\/11\/My-Post-2-600x314.jpg\" alt=\"\">\n            <\/div>\n          \n                      <div class=\"content\"><p>Die erste schriftliche Erw\u00e4hnung von Larven, die zur Wundversorgung verwendet wurden, findet sich in alttestamentlichen Texten. Auch bei den Maya, dem Ngemba-Stamm der australischen Urbev\u00f6lkerung sowie den Bergv\u00f6lkern von Nord-Myanmar in Burma ist die Nutzung von Larven in Wunden arch\u00e4ologisch nachgewiesen.<\/p>\n<\/div>\n                  <\/div>\n      <\/div>\n          <div class=\"item-wrap anim-fade-in-up\">\n        <div class=\"item-title\">\n          <h3 class=\"title\">16. bis 19. Jahrhundert<\/h3>\n\n                      <div class=\"sub-title\">Progressives Lernen in Kriegszeiten<\/div>\n                  <\/div>\n\n        <div class=\"item-content\">\n                      <div class=\"image\">\n              <img decoding=\"async\" src=\"https:\/\/biomonde.com\/wp-content\/uploads\/2021\/11\/My-Post-4-600x314.jpg\" alt=\"\">\n            <\/div>\n          \n                      <div class=\"content\"><p>Vom 14. bis zum Ende des 19. Jahrhunderts f\u00fchrten verschiedene Milit\u00e4rchirurgen Experimente mit Larven zur Wundversorgung bei verwundeten Soldaten durch. Ambroise Par\u00e9, ein franz\u00f6sischer Chirurg aus dem 16. Jahrhundert, stellte dabei als erster fest, dass Fliegenlarven einen positiven Einfluss auf Wunden haben. W\u00e4hrend der Napoleonischen Kriege im 18. Jahrhundert beobachtete Baron Larrey, dass Maden der \u201eBlauen Fliege\u201c nur abgestorbenes Gewebe entfernten, w\u00e4hrend sie sich positiv auf das verbleibende gesunde Gewebe auswirkten. Die erste offiziell dokumentierte Verwendung von Larven erfolgte dann im amerikanischen B\u00fcrgerkrieg im 19. Jahrhundert durch John Forney Zacharias.<\/p>\n<\/div>\n                  <\/div>\n      <\/div>\n          <div class=\"item-wrap anim-fade-in-up\">\n        <div class=\"item-title\">\n          <h3 class=\"title\">1929<\/h3>\n\n                      <div class=\"sub-title\">Erste klinische Studie<\/div>\n                  <\/div>\n\n        <div class=\"item-content\">\n                      <div class=\"image\">\n              <img decoding=\"async\" src=\"https:\/\/biomonde.com\/wp-content\/uploads\/2021\/11\/My-Post-5-600x314.jpg\" alt=\"\">\n            <\/div>\n          \n                      <div class=\"content\"><p>Die erste klinische Studie zur Larventherapie wurde von William S. Baer, Professor f\u00fcr orthop\u00e4dische Chirurgie an der John Hopkins University (USA) durchgef\u00fchrt. In der Studie untersuchte Baer 21 Patienten, bei denen alle vorherigen Behandlungen wegen Osteomyelitis fehlgeschlagen waren. Alle Patienten wurden mit Larventherapie behandelt. Nach zwei Monaten konnte festgestellt werden, dass die Wunden aller 21 Patienten vollst\u00e4ndig verheilt waren.<\/p>\n<\/div>\n                  <\/div>\n      <\/div>\n          <div class=\"item-wrap anim-fade-in-up\">\n        <div class=\"item-title\">\n          <h3 class=\"title\">1940-1990<\/h3>\n\n                      <div class=\"sub-title\">Entstehung von Antibiotika<\/div>\n                  <\/div>\n\n        <div class=\"item-content\">\n                      <div class=\"image\">\n              <img decoding=\"async\" src=\"https:\/\/biomonde.com\/wp-content\/uploads\/2021\/11\/My-Post-6-600x314.jpg\" alt=\"\">\n            <\/div>\n          \n                      <div class=\"content\"><p>Die Entwicklung von Antibiotika in den 1940er Jahren, insbesondere die Entdeckung des Penicillins durch Alexander Fleming, dr\u00e4ngte die Larventherapie vielerorts in den Hintergrund \u2013 Antibiotika stellten eine g\u00fcnstigere und bequemere L\u00f6sung f\u00fcr bakterielle Infektionen dar als Larven.<\/p>\n<\/div>\n                  <\/div>\n      <\/div>\n          <div class=\"item-wrap anim-fade-in-up\">\n        <div class=\"item-title\">\n          <h3 class=\"title\">1990er<\/h3>\n\n                      <div class=\"sub-title\">Larven feiern ihr Comeback<\/div>\n                  <\/div>\n\n        <div class=\"item-content\">\n                      <div class=\"image\">\n              <img decoding=\"async\" src=\"https:\/\/biomonde.com\/wp-content\/uploads\/2021\/11\/My-Post-7-600x314.jpg\" alt=\"\">\n            <\/div>\n          \n                      <div class=\"content\"><p>In den 1990er Jahren hatte die Larventherapie ein Comeback in der modernen Medizin. Kliniker mussten feststellen, dass einige der Bakterien, die sie mit Antibiotika zu bek\u00e4mpfen versuchten, gegen eine Antibiotikabehandlung resistent wurden. Die Larventherapie wurde wieder eingesetzt, um trotz resistenter Bakterien wie MRSA Wunden heilen zu k\u00f6nnen.<\/p>\n<\/div>\n                  <\/div>\n      <\/div>\n          <div class=\"item-wrap anim-fade-in-up\">\n        <div class=\"item-title\">\n          <h3 class=\"title\">2005<\/h3>\n\n                      <div class=\"sub-title\">Die Anf\u00e4nge von BioMonde<\/div>\n                  <\/div>\n\n        <div class=\"item-content\">\n                      <div class=\"image\">\n              <img decoding=\"async\" src=\"https:\/\/biomonde.com\/wp-content\/uploads\/2021\/11\/My-Post-11-600x314.jpg\" alt=\"\">\n            <\/div>\n          \n                      <div class=\"content\"><p>BioMonde wie wir es heute kennen war urspr\u00fcnglich eine eigene Abteilung innerhalb des \u00f6ffentlichen britischen Gesundheitssystems. Im Jahr 2005 wurde diese NHS-Abteilung in eine privat gef\u00fchrte Einheit namens Zoobiotic ausgegliedert. Im Jahr 2010 erwarb die BioMonde GmbH, ein deutsches Unternehmen, das sich ebenfalls mit der Produktion von Larven f\u00fcr Therapiezwecke besch\u00e4ftigt, Zoobiotic. Seit der Fusion sind beide Unternehmen unter der Marke BioMonde bekannt.<\/p>\n<\/div>\n                  <\/div>\n      <\/div>\n          <div class=\"item-wrap anim-fade-in-up\">\n        <div class=\"item-title\">\n          <h3 class=\"title\">Heute<\/h3>\n\n                      <div class=\"sub-title\">Weltweit bedeutend in der Larventherapie<\/div>\n                  <\/div>\n\n        <div class=\"item-content\">\n                      <div class=\"image\">\n              <img decoding=\"async\" src=\"https:\/\/biomonde.com\/wp-content\/uploads\/2021\/11\/My-Post-10-600x314.jpg\" alt=\"\">\n            <\/div>\n          \n                      <div class=\"content\"><p>Seit seiner Gr\u00fcndung hat sich BioMonde zum Weltmarktf\u00fchrer in Produktion, Vertrieb und Ausbildung von Larventherapien entwickelt. BioMonde liefert Larventherapiebehandlungen in \u00fcber zehn europ\u00e4ische L\u00e4nder und ist seit vielen Jahren pr\u00e4sent in Kliniken und Gesundheitswesen.<\/p>\n<\/div>\n                  <\/div>\n      <\/div>\n      <\/div>\n  ","protected":false},"excerpt":{"rendered":"<p>Was ist Larventherapie? Die Larventherapie verwendet die Larven der Goldfliege Lucilia sericata, um nicht lebensf\u00e4higes Gewebe und Bakterien aus schlecht heilenden oder infizierten Wunden zu entfernen. Die Larven, die in einem geschlossenen Verband auf die Wunde aufgetragen werden, produzieren proteolytische Enzyme, die in der Wunde vorhandenes nekrotisches Gewebe, Bel\u00e4ge oder Biofilme zu einer Fl\u00fcssigkeit abbauen, &hellip; <a href=\"https:\/\/biomonde.com\/de\/entdecken-sie-larventherapie\/\">Continued<\/a><\/p>\n","protected":false},"author":2,"featured_media":0,"parent":0,"menu_order":0,"comment_status":"closed","ping_status":"closed","template":"","meta":{"_acf_changed":false,"footnotes":""},"class_list":["post-1128","page","type-page","status-publish","hentry"],"acf":[],"yoast_head":"<!-- This site is optimized with the Yoast SEO plugin v27.4 - https:\/\/yoast.com\/product\/yoast-seo-wordpress\/ -->\n<title>Entdecken Sie die Larventherapie - BioMonde<\/title>\n<meta name=\"description\" content=\"Erfahren Sie mehr \u00fcber die Larventherapie und ihre lange Geschichte erfolgreicher Wundbehandlung.\" \/>\n<meta name=\"robots\" content=\"index, follow, max-snippet:-1, max-image-preview:large, max-video-preview:-1\" \/>\n<link rel=\"canonical\" href=\"https:\/\/biomonde.com\/discover-larval-therapy\/\" \/>\n<meta property=\"og:locale\" content=\"de_DE\" \/>\n<meta property=\"og:type\" content=\"article\" \/>\n<meta property=\"og:title\" content=\"Entdecken Sie die Larventherapie - BioMonde\" \/>\n<meta property=\"og:description\" content=\"Erfahren Sie mehr \u00fcber die Larventherapie und ihre lange Geschichte erfolgreicher Wundbehandlung.\" \/>\n<meta property=\"og:url\" content=\"https:\/\/biomonde.com\/discover-larval-therapy\/\" \/>\n<meta property=\"og:site_name\" content=\"BioMonde\" \/>\n<meta property=\"article:publisher\" content=\"https:\/\/www.facebook.com\/biomondeuki\" \/>\n<meta property=\"article:modified_time\" content=\"2022-05-25T08:40:49+00:00\" \/>\n<meta name=\"twitter:card\" content=\"summary_large_image\" \/>\n<meta name=\"twitter:site\" content=\"@biomondeuk\" \/>\n<meta name=\"twitter:label1\" content=\"Gesch\u00e4tzte Lesezeit\" \/>\n\t<meta name=\"twitter:data1\" content=\"1\u00a0Minute\" \/>\n<script type=\"application\/ld+json\" class=\"yoast-schema-graph\">{\"@context\":\"https:\\\/\\\/schema.org\",\"@graph\":[{\"@type\":\"WebPage\",\"@id\":\"https:\\\/\\\/biomonde.com\\\/discover-larval-therapy\\\/\",\"url\":\"https:\\\/\\\/biomonde.com\\\/discover-larval-therapy\\\/\",\"name\":\"Entdecken Sie die Larventherapie - BioMonde\",\"isPartOf\":{\"@id\":\"https:\\\/\\\/biomonde.com\\\/#website\"},\"datePublished\":\"2021-04-21T10:10:37+00:00\",\"dateModified\":\"2022-05-25T08:40:49+00:00\",\"description\":\"Erfahren Sie mehr \u00fcber die Larventherapie und ihre lange Geschichte erfolgreicher Wundbehandlung.\",\"breadcrumb\":{\"@id\":\"https:\\\/\\\/biomonde.com\\\/discover-larval-therapy\\\/#breadcrumb\"},\"inLanguage\":\"de\",\"potentialAction\":[{\"@type\":\"ReadAction\",\"target\":[\"https:\\\/\\\/biomonde.com\\\/discover-larval-therapy\\\/\"]}]},{\"@type\":\"BreadcrumbList\",\"@id\":\"https:\\\/\\\/biomonde.com\\\/discover-larval-therapy\\\/#breadcrumb\",\"itemListElement\":[{\"@type\":\"ListItem\",\"position\":1,\"name\":\"Home\",\"item\":\"https:\\\/\\\/biomonde.com\\\/\"},{\"@type\":\"ListItem\",\"position\":2,\"name\":\"Entdecken Sie Larventherapie\"}]},{\"@type\":\"WebSite\",\"@id\":\"https:\\\/\\\/biomonde.com\\\/#website\",\"url\":\"https:\\\/\\\/biomonde.com\\\/\",\"name\":\"BioMonde\",\"description\":\"Making Healing Possible\",\"publisher\":{\"@id\":\"https:\\\/\\\/biomonde.com\\\/#organization\"},\"potentialAction\":[{\"@type\":\"SearchAction\",\"target\":{\"@type\":\"EntryPoint\",\"urlTemplate\":\"https:\\\/\\\/biomonde.com\\\/?s={search_term_string}\"},\"query-input\":{\"@type\":\"PropertyValueSpecification\",\"valueRequired\":true,\"valueName\":\"search_term_string\"}}],\"inLanguage\":\"de\"},{\"@type\":\"Organization\",\"@id\":\"https:\\\/\\\/biomonde.com\\\/#organization\",\"name\":\"BioMonde\",\"url\":\"https:\\\/\\\/biomonde.com\\\/\",\"logo\":{\"@type\":\"ImageObject\",\"inLanguage\":\"de\",\"@id\":\"https:\\\/\\\/biomonde.com\\\/#\\\/schema\\\/logo\\\/image\\\/\",\"url\":\"https:\\\/\\\/biomonde.com\\\/wp-content\\\/uploads\\\/2021\\\/03\\\/biomonde-logo-512.png\",\"contentUrl\":\"https:\\\/\\\/biomonde.com\\\/wp-content\\\/uploads\\\/2021\\\/03\\\/biomonde-logo-512.png\",\"width\":512,\"height\":512,\"caption\":\"BioMonde\"},\"image\":{\"@id\":\"https:\\\/\\\/biomonde.com\\\/#\\\/schema\\\/logo\\\/image\\\/\"},\"sameAs\":[\"https:\\\/\\\/www.facebook.com\\\/biomondeuki\",\"https:\\\/\\\/x.com\\\/biomondeuk\",\"https:\\\/\\\/www.instagram.com\\\/biomonde_uk\\\/\",\"https:\\\/\\\/www.linkedin.com\\\/company\\\/biomondeuk\\\/\",\"https:\\\/\\\/www.youtube.com\\\/channel\\\/UCgvvHlcLny1a_WoEWtxn8Qg\\\/videos\"]}]}<\/script>\n<!-- \/ Yoast SEO plugin. -->","yoast_head_json":{"title":"Entdecken Sie die Larventherapie - BioMonde","description":"Erfahren Sie mehr \u00fcber die Larventherapie und ihre lange Geschichte erfolgreicher Wundbehandlung.","robots":{"index":"index","follow":"follow","max-snippet":"max-snippet:-1","max-image-preview":"max-image-preview:large","max-video-preview":"max-video-preview:-1"},"canonical":"https:\/\/biomonde.com\/discover-larval-therapy\/","og_locale":"de_DE","og_type":"article","og_title":"Entdecken Sie die Larventherapie - BioMonde","og_description":"Erfahren Sie mehr \u00fcber die Larventherapie und ihre lange Geschichte erfolgreicher Wundbehandlung.","og_url":"https:\/\/biomonde.com\/discover-larval-therapy\/","og_site_name":"BioMonde","article_publisher":"https:\/\/www.facebook.com\/biomondeuki","article_modified_time":"2022-05-25T08:40:49+00:00","twitter_card":"summary_large_image","twitter_site":"@biomondeuk","twitter_misc":{"Gesch\u00e4tzte Lesezeit":"1\u00a0Minute"},"schema":{"@context":"https:\/\/schema.org","@graph":[{"@type":"WebPage","@id":"https:\/\/biomonde.com\/discover-larval-therapy\/","url":"https:\/\/biomonde.com\/discover-larval-therapy\/","name":"Entdecken Sie die Larventherapie - BioMonde","isPartOf":{"@id":"https:\/\/biomonde.com\/#website"},"datePublished":"2021-04-21T10:10:37+00:00","dateModified":"2022-05-25T08:40:49+00:00","description":"Erfahren Sie mehr \u00fcber die Larventherapie und ihre lange Geschichte erfolgreicher Wundbehandlung.","breadcrumb":{"@id":"https:\/\/biomonde.com\/discover-larval-therapy\/#breadcrumb"},"inLanguage":"de","potentialAction":[{"@type":"ReadAction","target":["https:\/\/biomonde.com\/discover-larval-therapy\/"]}]},{"@type":"BreadcrumbList","@id":"https:\/\/biomonde.com\/discover-larval-therapy\/#breadcrumb","itemListElement":[{"@type":"ListItem","position":1,"name":"Home","item":"https:\/\/biomonde.com\/"},{"@type":"ListItem","position":2,"name":"Entdecken Sie Larventherapie"}]},{"@type":"WebSite","@id":"https:\/\/biomonde.com\/#website","url":"https:\/\/biomonde.com\/","name":"BioMonde","description":"Making Healing Possible","publisher":{"@id":"https:\/\/biomonde.com\/#organization"},"potentialAction":[{"@type":"SearchAction","target":{"@type":"EntryPoint","urlTemplate":"https:\/\/biomonde.com\/?s={search_term_string}"},"query-input":{"@type":"PropertyValueSpecification","valueRequired":true,"valueName":"search_term_string"}}],"inLanguage":"de"},{"@type":"Organization","@id":"https:\/\/biomonde.com\/#organization","name":"BioMonde","url":"https:\/\/biomonde.com\/","logo":{"@type":"ImageObject","inLanguage":"de","@id":"https:\/\/biomonde.com\/#\/schema\/logo\/image\/","url":"https:\/\/biomonde.com\/wp-content\/uploads\/2021\/03\/biomonde-logo-512.png","contentUrl":"https:\/\/biomonde.com\/wp-content\/uploads\/2021\/03\/biomonde-logo-512.png","width":512,"height":512,"caption":"BioMonde"},"image":{"@id":"https:\/\/biomonde.com\/#\/schema\/logo\/image\/"},"sameAs":["https:\/\/www.facebook.com\/biomondeuki","https:\/\/x.com\/biomondeuk","https:\/\/www.instagram.com\/biomonde_uk\/","https:\/\/www.linkedin.com\/company\/biomondeuk\/","https:\/\/www.youtube.com\/channel\/UCgvvHlcLny1a_WoEWtxn8Qg\/videos"]}]}},"_links":{"self":[{"href":"https:\/\/biomonde.com\/de\/wp-json\/wp\/v2\/pages\/1128","targetHints":{"allow":["GET"]}}],"collection":[{"href":"https:\/\/biomonde.com\/de\/wp-json\/wp\/v2\/pages"}],"about":[{"href":"https:\/\/biomonde.com\/de\/wp-json\/wp\/v2\/types\/page"}],"author":[{"embeddable":true,"href":"https:\/\/biomonde.com\/de\/wp-json\/wp\/v2\/users\/2"}],"replies":[{"embeddable":true,"href":"https:\/\/biomonde.com\/de\/wp-json\/wp\/v2\/comments?post=1128"}],"version-history":[{"count":5,"href":"https:\/\/biomonde.com\/de\/wp-json\/wp\/v2\/pages\/1128\/revisions"}],"predecessor-version":[{"id":7991,"href":"https:\/\/biomonde.com\/de\/wp-json\/wp\/v2\/pages\/1128\/revisions\/7991"}],"wp:attachment":[{"href":"https:\/\/biomonde.com\/de\/wp-json\/wp\/v2\/media?parent=1128"}],"curies":[{"name":"wp","href":"https:\/\/api.w.org\/{rel}","templated":true}]}}