{"id":1130,"date":"2021-04-21T10:16:00","date_gmt":"2021-04-21T10:16:00","guid":{"rendered":"https:\/\/biomonde.local\/?page_id=1130"},"modified":"2022-03-25T14:22:45","modified_gmt":"2022-03-25T14:22:45","slug":"geeignete-wunden","status":"publish","type":"page","link":"https:\/\/biomonde.com\/de\/geeignete-wunden\/","title":{"rendered":"Geeignete Wunden"},"content":{"rendered":"\n<div class=\"wp-block-group is-layout-flow wp-block-group-is-layout-flow\">\n<div class=\"wp-block-columns is-layout-flex wp-container-core-columns-is-layout-28f84493 wp-block-columns-is-layout-flex\">\n<div class=\"wp-block-column is-layout-flow wp-block-column-is-layout-flow\" style=\"flex-basis:33.33%\">\n<script type=\"text\/javascript\" async=\"\" src=\"\/\/orbitvu.co\/share\/mENQ5wKwGVkEFu5FVmpmsa\/4680316\/360\/script?auto_rotate_dir=left&amp;background_color=0xffffffff&amp;border=yes&amp;border_color=0xffffff&amp;continous=yes&amp;first_frame=1&amp;border_frame=1&amp;frame_rate=12&amp;gui_background=0xffffff00&amp;gui_foreground=0xffffff00&amp;gui_foreground_active=0x999999ff&amp;height=300&amp;lang=auto&amp;logo_src=&amp;max_scale=1&amp;ovskin=no&amp;preload_height=0&amp;preload_width=0&amp;rotate_dir=right&amp;social=no&amp;social_url=https%3A%2F%2Forbitvu.co%2Fshare%2FmENQ5wKwGVkEFu5FVmpmsa%2F4680316%2F360%2Fview&amp;style=0&amp;teaser=autorotate&amp;width=350&amp;html5_initial_info=no&amp;html5_hint=no&amp;mousewheel=yes&amp;buttons_type=auto&amp;teaserplay_overlay_color=0x00000099&amp;hires_support=yes&amp;single_touch_pan_y=yes&amp;content2=yes&amp;report_bugs=no&amp;partial_load=yes\"><\/script>\n<div class=\"orbitvu-viewer\" style=\"width: 350px;height: 300px;\">\n    <div id=\"ovContent-mENQ5wKwGVkEFu5FVmpmsa\" style=\"background: url(\/\/cdn.orbitvu.co\/p\/share\/mENQ5wKwGVkEFu5FVmpmsa\/still\/view?md=1627054801&amp;height=300&amp;max_width=350) no-repeat center center transparent;width: 350px;height: 300px;\"><\/div>\n<\/div>\n<\/div>\n\n\n\n<div class=\"wp-block-column is-layout-flow wp-block-column-is-layout-flow\" style=\"flex-basis:66.66%\">\n<p>Larventherapie wurde bereits bei vielen Wundarten erfolgreich eingesetzt und Heilungserfolge in der Literatur beschrieben. Geeignete Wundarten sind:<\/p>\n\n\n\n<ul class=\"wp-block-list\"><li>Diabetische Ulzera<\/li><li>Dekubitalulzera<\/li><li>Nahtdehiszenzen und Heilungsst\u00f6rungen nach chirurgischen Eingriffen<\/li><li>H\u00e4matome<\/li><li>Ulkus Cruris venosum, arteriosum, mixtum<\/li><li>Brandwunden (II.-III. Grad)<\/li><li>Nekrotisierende Fasziitis<\/li><li>Pyoderma Gangraenosum<\/li><li>Maligne Ulzerationen (bedingt)<\/li><\/ul>\n\n\n\n<p>Die Larventherapie ist in vielen F\u00e4llen in der Lage, bei stagnierende Wunden wieder eine Heilungstendenz zu initiieren.<\/p>\n\n\n\n<div class=\"wp-block-buttons is-layout-flex wp-block-buttons-is-layout-flex\">\n<div class=\"wp-block-button btn-secondary\"><a class=\"wp-block-button__link has-light-background-color has-text-color\" href=\"https:\/\/biomonde.com\/de\/mehr-erfahren\/\">Mehr erfahren<\/a><\/div>\n<\/div>\n<\/div>\n<\/div>\n<\/div>\n\n\n\n<div class=\"wp-block-group block-section block-section-alt is-layout-flow wp-block-group-is-layout-flow\">\n<div class=\"wp-block-columns is-layout-flex wp-container-core-columns-is-layout-28f84493 wp-block-columns-is-layout-flex\">\n<div class=\"wp-block-column is-vertically-aligned-center is-layout-flow wp-block-column-is-layout-flow\" style=\"flex-basis:66.66%\">\n<h2 class=\"wp-block-heading\" id=\"gegenanzeigen-und-kontraindikationen\">Gegenanzeigen und Kontraindikationen<\/h2>\n\n\n\n<p>BioBag<sup>\u00ae<\/sup> 50\/100\/200\/300 nicht anwenden<\/p>\n\n\n\n<ul class=\"wp-block-list\"><li>bei bekannter \u00dcberempfindlichkeit gegen die Arzneimittel oder deren Bestandteile;<\/li><li>auf Wunden an oder in der Umgebung gro\u00dfer Gef\u00e4\u00dfe, da die Gefahr einer lebensgef\u00e4hrlichen Gef\u00e4\u00dfverletzung besteht;<\/li><li>wenn ein chirurgisches Debridement erforderlich ist;<\/li><li>in Wunden mit unzureichender Durchblutung;<\/li><li>in sterilen K\u00f6rperh\u00f6hlen (z. B. Bauchh\u00f6hle)<\/li><li>bei akuten, schnell fortschreitenden oder lebensbedrohlichen Infektionen<\/li><\/ul>\n\n\n\n<div class=\"wp-block-buttons is-layout-flex wp-block-buttons-is-layout-flex\">\n<div class=\"wp-block-button\"><a class=\"wp-block-button__link has-light-background-color has-text-color\" href=\"https:\/\/biomonde.com\/de\/faq\/\">H\u00e4ufige Fragen<\/a><\/div>\n\n\n\n<div class=\"wp-block-button\"><a class=\"wp-block-button__link has-light-background-color has-text-color\" href=\"\/wp-content\/uploads\/2021\/05\/PIL-TIL-BioBag-50-100-200-300_DE_0217_master.pdf\" target=\"_blank\" rel=\"noreferrer noopener\">Gebrauchsinformation<\/a><\/div>\n<\/div>\n<\/div>\n\n\n\n<div class=\"wp-block-column is-layout-flow wp-block-column-is-layout-flow\" style=\"flex-basis:33.33%\">\n<figure class=\"wp-block-image size-medium is-resized\"><img loading=\"lazy\" decoding=\"async\" src=\"https:\/\/biomonde.com\/wp-content\/uploads\/2021\/04\/doctor-square-600x600.jpg\" alt=\"\" class=\"wp-image-315\" width=\"300\" height=\"300\" srcset=\"https:\/\/biomonde.com\/wp-content\/uploads\/2021\/04\/doctor-square.jpg 600w, https:\/\/biomonde.com\/wp-content\/uploads\/2021\/04\/doctor-square-150x150.jpg 150w, https:\/\/biomonde.com\/wp-content\/uploads\/2021\/04\/doctor-square-20x20.jpg 20w\" sizes=\"auto, (max-width: 300px) 100vw, 300px\" \/><\/figure>\n<\/div>\n<\/div>\n<\/div>\n\n\n        <div class=\"block-section block-faqs\">\n                      <div class=\"faq active initial\">\n              <h3 class=\"question\">Wichtige Informationen &#8211; Pflichttext<\/h3>\n              <div class=\"answer\"><p><strong>Pharmazeutischer Unternehmer<br \/>\n<\/strong>BioMonde GmbH, Kiebitzh\u00f6rn 33-35, D-22885 Barsb\u00fcttel<br \/>\n<strong>Bezeichnung des Arzneimittels<br \/>\n<\/strong>BioBag<sup>\u00ae<\/sup>50, BioBag<sup>\u00ae<\/sup> 100, BioBag<sup>\u00ae<\/sup> 200, BioBag<sup>\u00ae<\/sup> 300<br \/>\n<strong>Wirkstoff<br \/>\n<\/strong>Lebende Larven von Lucilia sericata (Goldfliege) im 1. und 2. Larvenstadium<br \/>\n<strong>Zusammensetzung<br \/>\n<\/strong><strong>BioBag<sup>\u00ae<\/sup> 50<\/strong>: 1 Polyester-Netzbeutel (25\u00d740 mm), verpackt in einem sterilen 50 ml Kunststoffr\u00f6hrchen enth\u00e4lt mindestens 50 lebende Larven von Lucilia sericata (Goldfliege) im 1. und 2. Larvenstadium<br \/>\n<strong>BioBag<sup>\u00ae<\/sup> 100<\/strong>: 1 Polyester-Netzbeutel (40\u00d750 mm), verpackt in einem sterilen 50 ml Kunststoffr\u00f6hrchen enth\u00e4lt mindestens 100 lebende Larven von Lucilia sericata (Goldfliege) im 1. und 2. Larvenstadium<br \/>\n<strong>BioBag<sup>\u00ae<\/sup> 200<\/strong>: 1 Polyester-Netzbeutel (50\u00d760 mm), verpackt in einem sterilen 50 ml Kunststoffr\u00f6hrchen enth\u00e4lt mindestens 200 lebende Larven von Lucilia sericata (Goldfliege) im 1. und 2. Larvenstadium<br \/>\n<strong>BioBag<sup>\u00ae<\/sup> 300<\/strong>: 1 Polyester-Netzbeutel (60\u00d7120 mm), verpackt in einem sterilen 50 ml Kunststoffr\u00f6hrchen enth\u00e4lt mindestens 300 lebende Larven von Lucilia sericata (Goldfliege) im 1. und 2. Larvenstadium<br \/>\n<strong>Sonstige Bestandteile<br \/>\n<\/strong>BioBag<sup>\u00ae<\/sup> 50\/100\/200\/300:<br \/>\nIsotonische Kochsalzl\u00f6sung 0,9%<br \/>\n<strong>Anwendungsgebiete<br \/>\n<\/strong>Debridement belegter chronischer oder schwer heilender Wunden, wenn eine instrumentalchirurgische Behandlung nicht erw\u00fcnscht ist.<br \/>\n<strong>Gegenanzeigen<br \/>\n<\/strong>BioBag<sup>\u00ae<\/sup> 50\/100\/200\/300 nicht anwenden<br \/>\n\u2022 bei bekannter \u00dcberempfindlichkeit gegen die Arzneimittel oder deren Bestandteile;<br \/>\n\u2022 auf Wunden an oder in der Umgebung gro\u00dfer Gef\u00e4\u00dfe, da die Gefahr einer lebensgef\u00e4hrlichen Gef\u00e4\u00dfverletzung besteht;<br \/>\n\u2022 wenn ein chirurgisches Debridement erforderlich ist;<br \/>\n\u2022 in Wunden mit unzureichender Durchblutung;<br \/>\n\u2022 in sterilen K\u00f6rperh\u00f6hlen (z. B. Bauchh\u00f6hle)<br \/>\n\u2022 bei akuten, schnell fortschreitenden oder lebensbedrohlichen Infektionen<br \/>\n<strong>Nebenwirkungen<br \/>\n<\/strong>Sehr h\u00e4ufig: Schmerzen am Applikationsort, unangenehme Empfindungen, Kribbeln, Jucken.<br \/>\nH\u00e4ufig: geringf\u00fcgige Blutungen am Applikationsort.<br \/>\nIn einigen F\u00e4llen wurde \u00fcber vor\u00fcbergehende Hautreaktionen und Allergien (Hautr\u00f6tungen oder Schwellungen von gesunder Haut, erhabener juckender Ausschlag, oberfl\u00e4chliche Verletzungen der Haut), Fieber, sowie unangenehmen Geruch in der Wunde berichtet. Angst vor Maden kann auftreten<br \/>\n<strong>Verschreibungspflichtig<\/strong><\/p>\n<\/div>\n            <\/div>\n                  <\/div>\n        ","protected":false},"excerpt":{"rendered":"<p>Larventherapie wurde bereits bei vielen Wundarten erfolgreich eingesetzt und Heilungserfolge in der Literatur beschrieben. Geeignete Wundarten sind: Diabetische Ulzera Dekubitalulzera Nahtdehiszenzen und Heilungsst\u00f6rungen nach chirurgischen Eingriffen H\u00e4matome Ulkus Cruris venosum, arteriosum, mixtum Brandwunden (II.-III. Grad) Nekrotisierende Fasziitis Pyoderma Gangraenosum Maligne Ulzerationen (bedingt) Die Larventherapie ist in vielen F\u00e4llen in der Lage, bei stagnierende Wunden wieder &hellip; <a href=\"https:\/\/biomonde.com\/de\/geeignete-wunden\/\">Continued<\/a><\/p>\n","protected":false},"author":2,"featured_media":0,"parent":0,"menu_order":0,"comment_status":"closed","ping_status":"closed","template":"","meta":{"_acf_changed":false,"footnotes":""},"class_list":["post-1130","page","type-page","status-publish","hentry"],"acf":[],"yoast_head":"<!-- This site is optimized with the Yoast SEO plugin v27.4 - https:\/\/yoast.com\/product\/yoast-seo-wordpress\/ -->\n<title>Geeignete Wunden - BioMonde<\/title>\n<meta name=\"description\" content=\"Geeignete Wunden - wann Larventherapie Sinn macht f\u00fcr Ihre Patienten.\" \/>\n<meta name=\"robots\" content=\"index, follow, max-snippet:-1, max-image-preview:large, max-video-preview:-1\" \/>\n<link rel=\"canonical\" href=\"https:\/\/biomonde.com\/when-to-use-larvae\/\" \/>\n<meta property=\"og:locale\" content=\"de_DE\" \/>\n<meta property=\"og:type\" content=\"article\" \/>\n<meta property=\"og:title\" content=\"Geeignete Wunden - BioMonde\" \/>\n<meta property=\"og:description\" content=\"Geeignete Wunden - wann Larventherapie Sinn macht f\u00fcr Ihre Patienten.\" \/>\n<meta property=\"og:url\" content=\"https:\/\/biomonde.com\/when-to-use-larvae\/\" \/>\n<meta property=\"og:site_name\" content=\"BioMonde\" \/>\n<meta property=\"article:publisher\" content=\"https:\/\/www.facebook.com\/biomondeuki\" \/>\n<meta property=\"article:modified_time\" content=\"2022-03-25T14:22:45+00:00\" \/>\n<meta property=\"og:image\" content=\"https:\/\/biomonde.com\/wp-content\/uploads\/2021\/04\/doctor-square-600x600.jpg\" \/>\n<meta name=\"twitter:card\" content=\"summary_large_image\" \/>\n<meta name=\"twitter:site\" content=\"@biomondeuk\" \/>\n<meta name=\"twitter:label1\" content=\"Gesch\u00e4tzte Lesezeit\" \/>\n\t<meta name=\"twitter:data1\" content=\"1\u00a0Minute\" \/>\n<script type=\"application\/ld+json\" class=\"yoast-schema-graph\">{\"@context\":\"https:\\\/\\\/schema.org\",\"@graph\":[{\"@type\":\"WebPage\",\"@id\":\"https:\\\/\\\/biomonde.com\\\/when-to-use-larvae\\\/\",\"url\":\"https:\\\/\\\/biomonde.com\\\/when-to-use-larvae\\\/\",\"name\":\"Geeignete Wunden - BioMonde\",\"isPartOf\":{\"@id\":\"https:\\\/\\\/biomonde.com\\\/#website\"},\"primaryImageOfPage\":{\"@id\":\"https:\\\/\\\/biomonde.com\\\/when-to-use-larvae\\\/#primaryimage\"},\"image\":{\"@id\":\"https:\\\/\\\/biomonde.com\\\/when-to-use-larvae\\\/#primaryimage\"},\"thumbnailUrl\":\"https:\\\/\\\/biomonde.com\\\/wp-content\\\/uploads\\\/2021\\\/04\\\/doctor-square-600x600.jpg\",\"datePublished\":\"2021-04-21T10:16:00+00:00\",\"dateModified\":\"2022-03-25T14:22:45+00:00\",\"description\":\"Geeignete Wunden - wann Larventherapie Sinn macht f\u00fcr Ihre Patienten.\",\"breadcrumb\":{\"@id\":\"https:\\\/\\\/biomonde.com\\\/when-to-use-larvae\\\/#breadcrumb\"},\"inLanguage\":\"de\",\"potentialAction\":[{\"@type\":\"ReadAction\",\"target\":[\"https:\\\/\\\/biomonde.com\\\/when-to-use-larvae\\\/\"]}]},{\"@type\":\"ImageObject\",\"inLanguage\":\"de\",\"@id\":\"https:\\\/\\\/biomonde.com\\\/when-to-use-larvae\\\/#primaryimage\",\"url\":\"https:\\\/\\\/biomonde.com\\\/wp-content\\\/uploads\\\/2021\\\/04\\\/doctor-square-600x600.jpg\",\"contentUrl\":\"https:\\\/\\\/biomonde.com\\\/wp-content\\\/uploads\\\/2021\\\/04\\\/doctor-square-600x600.jpg\"},{\"@type\":\"BreadcrumbList\",\"@id\":\"https:\\\/\\\/biomonde.com\\\/when-to-use-larvae\\\/#breadcrumb\",\"itemListElement\":[{\"@type\":\"ListItem\",\"position\":1,\"name\":\"Home\",\"item\":\"https:\\\/\\\/biomonde.com\\\/\"},{\"@type\":\"ListItem\",\"position\":2,\"name\":\"Geeignete Wunden\"}]},{\"@type\":\"WebSite\",\"@id\":\"https:\\\/\\\/biomonde.com\\\/#website\",\"url\":\"https:\\\/\\\/biomonde.com\\\/\",\"name\":\"BioMonde\",\"description\":\"Making Healing Possible\",\"publisher\":{\"@id\":\"https:\\\/\\\/biomonde.com\\\/#organization\"},\"potentialAction\":[{\"@type\":\"SearchAction\",\"target\":{\"@type\":\"EntryPoint\",\"urlTemplate\":\"https:\\\/\\\/biomonde.com\\\/?s={search_term_string}\"},\"query-input\":{\"@type\":\"PropertyValueSpecification\",\"valueRequired\":true,\"valueName\":\"search_term_string\"}}],\"inLanguage\":\"de\"},{\"@type\":\"Organization\",\"@id\":\"https:\\\/\\\/biomonde.com\\\/#organization\",\"name\":\"BioMonde\",\"url\":\"https:\\\/\\\/biomonde.com\\\/\",\"logo\":{\"@type\":\"ImageObject\",\"inLanguage\":\"de\",\"@id\":\"https:\\\/\\\/biomonde.com\\\/#\\\/schema\\\/logo\\\/image\\\/\",\"url\":\"https:\\\/\\\/biomonde.com\\\/wp-content\\\/uploads\\\/2021\\\/03\\\/biomonde-logo-512.png\",\"contentUrl\":\"https:\\\/\\\/biomonde.com\\\/wp-content\\\/uploads\\\/2021\\\/03\\\/biomonde-logo-512.png\",\"width\":512,\"height\":512,\"caption\":\"BioMonde\"},\"image\":{\"@id\":\"https:\\\/\\\/biomonde.com\\\/#\\\/schema\\\/logo\\\/image\\\/\"},\"sameAs\":[\"https:\\\/\\\/www.facebook.com\\\/biomondeuki\",\"https:\\\/\\\/x.com\\\/biomondeuk\",\"https:\\\/\\\/www.instagram.com\\\/biomonde_uk\\\/\",\"https:\\\/\\\/www.linkedin.com\\\/company\\\/biomondeuk\\\/\",\"https:\\\/\\\/www.youtube.com\\\/channel\\\/UCgvvHlcLny1a_WoEWtxn8Qg\\\/videos\"]}]}<\/script>\n<!-- \/ Yoast SEO plugin. -->","yoast_head_json":{"title":"Geeignete Wunden - BioMonde","description":"Geeignete Wunden - wann Larventherapie Sinn macht f\u00fcr Ihre Patienten.","robots":{"index":"index","follow":"follow","max-snippet":"max-snippet:-1","max-image-preview":"max-image-preview:large","max-video-preview":"max-video-preview:-1"},"canonical":"https:\/\/biomonde.com\/when-to-use-larvae\/","og_locale":"de_DE","og_type":"article","og_title":"Geeignete Wunden - BioMonde","og_description":"Geeignete Wunden - wann Larventherapie Sinn macht f\u00fcr Ihre Patienten.","og_url":"https:\/\/biomonde.com\/when-to-use-larvae\/","og_site_name":"BioMonde","article_publisher":"https:\/\/www.facebook.com\/biomondeuki","article_modified_time":"2022-03-25T14:22:45+00:00","og_image":[{"url":"https:\/\/biomonde.com\/wp-content\/uploads\/2021\/04\/doctor-square-600x600.jpg","type":"","width":"","height":""}],"twitter_card":"summary_large_image","twitter_site":"@biomondeuk","twitter_misc":{"Gesch\u00e4tzte Lesezeit":"1\u00a0Minute"},"schema":{"@context":"https:\/\/schema.org","@graph":[{"@type":"WebPage","@id":"https:\/\/biomonde.com\/when-to-use-larvae\/","url":"https:\/\/biomonde.com\/when-to-use-larvae\/","name":"Geeignete Wunden - BioMonde","isPartOf":{"@id":"https:\/\/biomonde.com\/#website"},"primaryImageOfPage":{"@id":"https:\/\/biomonde.com\/when-to-use-larvae\/#primaryimage"},"image":{"@id":"https:\/\/biomonde.com\/when-to-use-larvae\/#primaryimage"},"thumbnailUrl":"https:\/\/biomonde.com\/wp-content\/uploads\/2021\/04\/doctor-square-600x600.jpg","datePublished":"2021-04-21T10:16:00+00:00","dateModified":"2022-03-25T14:22:45+00:00","description":"Geeignete Wunden - wann Larventherapie Sinn macht f\u00fcr Ihre Patienten.","breadcrumb":{"@id":"https:\/\/biomonde.com\/when-to-use-larvae\/#breadcrumb"},"inLanguage":"de","potentialAction":[{"@type":"ReadAction","target":["https:\/\/biomonde.com\/when-to-use-larvae\/"]}]},{"@type":"ImageObject","inLanguage":"de","@id":"https:\/\/biomonde.com\/when-to-use-larvae\/#primaryimage","url":"https:\/\/biomonde.com\/wp-content\/uploads\/2021\/04\/doctor-square-600x600.jpg","contentUrl":"https:\/\/biomonde.com\/wp-content\/uploads\/2021\/04\/doctor-square-600x600.jpg"},{"@type":"BreadcrumbList","@id":"https:\/\/biomonde.com\/when-to-use-larvae\/#breadcrumb","itemListElement":[{"@type":"ListItem","position":1,"name":"Home","item":"https:\/\/biomonde.com\/"},{"@type":"ListItem","position":2,"name":"Geeignete Wunden"}]},{"@type":"WebSite","@id":"https:\/\/biomonde.com\/#website","url":"https:\/\/biomonde.com\/","name":"BioMonde","description":"Making Healing Possible","publisher":{"@id":"https:\/\/biomonde.com\/#organization"},"potentialAction":[{"@type":"SearchAction","target":{"@type":"EntryPoint","urlTemplate":"https:\/\/biomonde.com\/?s={search_term_string}"},"query-input":{"@type":"PropertyValueSpecification","valueRequired":true,"valueName":"search_term_string"}}],"inLanguage":"de"},{"@type":"Organization","@id":"https:\/\/biomonde.com\/#organization","name":"BioMonde","url":"https:\/\/biomonde.com\/","logo":{"@type":"ImageObject","inLanguage":"de","@id":"https:\/\/biomonde.com\/#\/schema\/logo\/image\/","url":"https:\/\/biomonde.com\/wp-content\/uploads\/2021\/03\/biomonde-logo-512.png","contentUrl":"https:\/\/biomonde.com\/wp-content\/uploads\/2021\/03\/biomonde-logo-512.png","width":512,"height":512,"caption":"BioMonde"},"image":{"@id":"https:\/\/biomonde.com\/#\/schema\/logo\/image\/"},"sameAs":["https:\/\/www.facebook.com\/biomondeuki","https:\/\/x.com\/biomondeuk","https:\/\/www.instagram.com\/biomonde_uk\/","https:\/\/www.linkedin.com\/company\/biomondeuk\/","https:\/\/www.youtube.com\/channel\/UCgvvHlcLny1a_WoEWtxn8Qg\/videos"]}]}},"_links":{"self":[{"href":"https:\/\/biomonde.com\/de\/wp-json\/wp\/v2\/pages\/1130","targetHints":{"allow":["GET"]}}],"collection":[{"href":"https:\/\/biomonde.com\/de\/wp-json\/wp\/v2\/pages"}],"about":[{"href":"https:\/\/biomonde.com\/de\/wp-json\/wp\/v2\/types\/page"}],"author":[{"embeddable":true,"href":"https:\/\/biomonde.com\/de\/wp-json\/wp\/v2\/users\/2"}],"replies":[{"embeddable":true,"href":"https:\/\/biomonde.com\/de\/wp-json\/wp\/v2\/comments?post=1130"}],"version-history":[{"count":5,"href":"https:\/\/biomonde.com\/de\/wp-json\/wp\/v2\/pages\/1130\/revisions"}],"predecessor-version":[{"id":7761,"href":"https:\/\/biomonde.com\/de\/wp-json\/wp\/v2\/pages\/1130\/revisions\/7761"}],"wp:attachment":[{"href":"https:\/\/biomonde.com\/de\/wp-json\/wp\/v2\/media?parent=1130"}],"curies":[{"name":"wp","href":"https:\/\/api.w.org\/{rel}","templated":true}]}}