{"id":1135,"date":"2021-04-21T10:20:04","date_gmt":"2021-04-21T10:20:04","guid":{"rendered":"https:\/\/biomonde.local\/?page_id=1135"},"modified":"2024-07-30T11:27:12","modified_gmt":"2024-07-30T11:27:12","slug":"entdecken-sie-biobag","status":"publish","type":"page","link":"https:\/\/biomonde.com\/de\/entdecken-sie-biobag\/","title":{"rendered":"Entdecken Sie BioBag"},"content":{"rendered":"\n<h2 class=\"wp-block-heading\" id=\"einfache-anwendung-dank-biobag\">Einfache Anwendung dank BioBag<\/h2>\n\n\n\n<p>Der BioBag macht die Larventherapie sicher und einfach in der Handhabung. Durch die Maschen der Polyestergaze gelangen die Enzyme der Larven vollst\u00e4ndig auf die Wunde. Gleichzeitig k\u00f6nnen sich die Larven ausreichend bewegen und Nahrung aufnehmen. <\/p>\n\n\n\n<p>Die vier verf\u00fcgbaren Gr\u00f6\u00dfen bieten f\u00fcr so gut wie jede Wunde eine passende Abdeckung. Dank BioBag ist die Akzeptanz bei allen Beteiligten sehr gro\u00df und die Pflege bei laufender Therapie v\u00f6llig unkompliziert. BioBag kann bis zu vier Tagen auf der Wunde verbleiben. Eine Wundinspektion ist jederzeit m\u00f6glich.<\/p>\n\n\n  <div class=\"block-section block-hotspot-image\">\n    <div class=\"content\">\n      <div class=\"image\">\n        <img decoding=\"async\" src=\"https:\/\/biomonde.com\/wp-content\/uploads\/2021\/12\/010512_021-scaled-e1638543634621-1920x1555.jpg\" alt=\"\">\n\n                  <div class=\"marker marker-1 opaque anim-fade-in\">1<\/div>\n\n          \n          <svg class=\"svg-line svg-line-1\"><line x1=\"28.4%\" y1=\"45%\" x2=\"28.4%\" y2=\"21%\" stroke=\"#00447c\" strokeWidth=\"3\" \/><\/svg>\n                  <div class=\"marker marker-2 opaque anim-fade-in\">2<\/div>\n\n          \n          <svg class=\"svg-line svg-line-2\"><line x1=\"39.5%\" y1=\"44%\" x2=\"39.5%\" y2=\"5%\" stroke=\"#00447c\" strokeWidth=\"3\" \/><\/svg>\n                  <div class=\"marker marker-3 opaque anim-fade-in\">3<\/div>\n\n          \n          <svg class=\"svg-line svg-line-3\"><line x1=\"72.2%\" y1=\"30%\" x2=\"72.2%\" y2=\"10%\" stroke=\"#00447c\" strokeWidth=\"3\" \/><\/svg>\n                  <div class=\"marker marker-4 opaque anim-fade-in\">4<\/div>\n\n          \n          <svg class=\"svg-line svg-line-4\"><line x1=\"58%\" y1=\"52.1%\" x2=\"95%\" y2=\"52.1%\" stroke=\"#00447c\" strokeWidth=\"3\" \/><\/svg>\n                  <div class=\"marker marker-5 opaque anim-fade-in\">5<\/div>\n\n          \n          <svg class=\"svg-line svg-line-5\"><line x1=\"7.3%\" y1=\"46%\" x2=\"7.3%\" y2=\"82%\" stroke=\"#00447c\" strokeWidth=\"3\" \/><\/svg>\n                  <div class=\"marker marker-6 opaque anim-fade-in\">6<\/div>\n\n          \n          <svg class=\"svg-line svg-line-6\"><line x1=\"36.2%\" y1=\"57%\" x2=\"36.2%\" y2=\"94%\" stroke=\"#00447c\" strokeWidth=\"3\" \/><\/svg>\n                  <div class=\"marker marker-7 opaque anim-fade-in\">7<\/div>\n\n          \n          <svg class=\"svg-line svg-line-7\"><line x1=\"48%\" y1=\"65%\" x2=\"91%\" y2=\"65%\" stroke=\"#00447c\" strokeWidth=\"3\" \/><\/svg>\n              <\/div>\n\n      <ol>\n                  <li class=\"item hotspot-item item-1 opaque\" style=\"--anim-order: 1;\">\n            <div class=\"item-inner\">\n              <span class=\"number number-1\">1<\/span>\n              Exsudat kann durch die fein gewobene Polyestergaze flie\u00dfen und vom Sekund\u00e4rverband aufgenommen werden.            <\/div>\n          <\/li>\n                  <li class=\"item hotspot-item item-2 opaque\" style=\"--anim-order: 2;\">\n            <div class=\"item-inner\">\n              <span class=\"number number-2\">2<\/span>\n              Die Larven verbleiben w\u00e4hrend der gesamten Behandlungsdauer im verschwei\u00dften BioBag.            <\/div>\n          <\/li>\n                  <li class=\"item hotspot-item item-3 opaque\" style=\"--anim-order: 3;\">\n            <div class=\"item-inner\">\n              <span class=\"number number-3\">3<\/span>\n              Die Poren des Netzes erlauben es den Larven, sich mit ihren Mandibeln fortzubewegen und avitales Gewebe zu lockern.            <\/div>\n          <\/li>\n                  <li class=\"item hotspot-item item-4 opaque\" style=\"--anim-order: 4;\">\n            <div class=\"item-inner\">\n              <span class=\"number number-4\">4<\/span>\n              Ein steriler, NaCl-getr\u00e4nkter Polyvinylw\u00fcrfel erlaubt den Larven freie Bewegung innerhalb des BioBag.            <\/div>\n          <\/li>\n                  <li class=\"item hotspot-item item-5 opaque\" style=\"--anim-order: 5;\">\n            <div class=\"item-inner\">\n              <span class=\"number number-5\">5<\/span>\n              Die Larven nehmen aufgel\u00f6stes, avitales Gewebe und Bakterien auf und wachsen von etwa 4 auf 12mm.            <\/div>\n          <\/li>\n                  <li class=\"item hotspot-item item-6 opaque\" style=\"--anim-order: 6;\">\n            <div class=\"item-inner\">\n              <span class=\"number number-6\">6<\/span>\n              Die definierte Zahl von Larven im BioBag erleichtert die Auswahl. Die Wundgr\u00f6\u00dfe ist das einzige Kriterium.            <\/div>\n          <\/li>\n                  <li class=\"item hotspot-item item-7 opaque\" style=\"--anim-order: 7;\">\n            <div class=\"item-inner\">\n              <span class=\"number number-7\">7<\/span>\n              Die Enzyme der Larven k\u00f6nnen ungehindert den Wundgrund benetzen.            <\/div>\n          <\/li>\n              <\/ol>\n    <\/div>\n  <\/div>\n  \n\n\n<h2 class=\"wp-block-heading has-text-align-center\" id=\"warum-biobag\">Warum BioBag?<\/h2>\n\n\n  <div class=\"block-section block-timeline\">\n\n          <div class=\"item-wrap anim-fade-in-up\">\n        <div class=\"item-title\">\n          <h3 class=\"title\">Entwickelt f\u00fcr hohe Akzeptanz<\/h3>\n\n                      <div class=\"sub-title\">BioBag vermindert Bedenken seitens der Patient*innen. Das Einschlie\u00dfen der Larven macht die Therapie einfach und sicher. So hat sich BioBag durchgesetzt.<\/div>\n                  <\/div>\n\n        <div class=\"item-content\">\n          \n                  <\/div>\n      <\/div>\n          <div class=\"item-wrap anim-fade-in-up\">\n        <div class=\"item-title\">\n          <h3 class=\"title\">Entwickelt f\u00fcr eine medizinisch und wirtschaftlich effektive Therapie<\/h3>\n\n                      <div class=\"sub-title\">Larven k\u00f6nnen durch das Material des BioBag uneingeschr\u00e4nkt debridieren. So bietet BioBag ein medizinisch und dank niedriger Kosten sowie Darstellbarkeit im DRG-System auch \u00f6konomisch hocheffektives Debridementverfahren.<\/div>\n                  <\/div>\n\n        <div class=\"item-content\">\n          \n                  <\/div>\n      <\/div>\n          <div class=\"item-wrap anim-fade-in-up\">\n        <div class=\"item-title\">\n          <h3 class=\"title\">Entwickelt f\u00fcr einfache Handhabung<\/h3>\n\n                      <div class=\"sub-title\">BioBag erm\u00f6glicht eine schnelle, sichere Applikation und einfache Verbandwechsel. Damit ist die Durchf\u00fchrung und Pflege gut delegierbar. Wer einen einfachen Verband wechseln kann, kann auch eine Larventherapie begleiten.<\/div>\n                  <\/div>\n\n        <div class=\"item-content\">\n          \n                  <\/div>\n      <\/div>\n          <div class=\"item-wrap anim-fade-in-up\">\n        <div class=\"item-title\">\n          <h3 class=\"title\">Entwickelt, um \u00e4rztliche und pflegerische Zeit zu sparen<\/h3>\n\n                      <div class=\"sub-title\">Arbeitszeit ist ein wertvolles Gut in der Klinik. BioBag spart Zeit f\u00fcr Messen, Bereitstellen, Zuschneiden und Anpassen verschiedener Verbandmaterialien. Ein konventioneller Verbandwechsel mit Materialien der modernen Wundversorgung dauert in der Regel deutlich l\u00e4nger.<\/div>\n                  <\/div>\n\n        <div class=\"item-content\">\n          \n                  <\/div>\n      <\/div>\n      <\/div>\n  \n\n        <div class=\"block-section block-faqs\">\n                      <div class=\"faq active initial\">\n              <h3 class=\"question\">Wichtige Informationen &#8211; Pflichttext<\/h3>\n              <div class=\"answer\"><p><strong>Pharmazeutischer Unternehmer:<\/strong><\/p>\n<p>BioMonde GmbH, Kiebitzh\u00f6rn 33-35, D-22885 Barsb\u00fcttel<\/p>\n<p><strong>Bezeichnung des Arzneimittels:<\/strong><\/p>\n<p>BioBag 50 Larven zur medizinischen Anwendung<\/p>\n<p>BioBag 100 Larven zur medizinischen Anwendung<\/p>\n<p>BioBag 200 Larven zur medizinischen Anwendung<\/p>\n<p>BioBag 300 Larven zur medizinischen Anwendung<\/p>\n<p><strong>Zusammensetzung:<\/strong><\/p>\n<p>Der Wirkstoff ist die Larve zur medizinischen Anwendung von\u00a0<em>Lucilia sericata<\/em>\u00a0(Goldfliege) im 1. und 2. Larvenstadium.<\/p>\n<p>BioBag 50 Larven zur medizinischen Anwendung<br \/>\nJeder Beutel mit einer Gr\u00f6\u00dfe von etwa 25 x 40 mm enth\u00e4lt mindestens 50 Larven zur medizinischen Anwendung von\u00a0<em>Lucilia sericata<\/em>\u00a0(Goldfliege) im 1. und 2. Larvenstadium.<\/p>\n<p>BioBag 100 Larven zur medizinischen Anwendung<br \/>\nJeder Beutel mit einer Gr\u00f6\u00dfe von etwa 40 x 50 mm enth\u00e4lt mindestens 100 Larven zur medizinischen Anwendung von\u00a0<em>Lucilia sericata<\/em>\u00a0(Goldfliege) im 1. und 2. Larvenstadium.<\/p>\n<p>BioBag 200 Larven zur medizinischen Anwendung<br \/>\nJeder Beutel mit einer Gr\u00f6\u00dfe von etwa 50 x 60 mm enth\u00e4lt mindestens 200 Larven zur medizinischen Anwendung von\u00a0<em>Lucilia sericata<\/em>\u00a0(Goldfliege) im 1. und 2. Larvenstadium.<\/p>\n<p>BioBag 300 Larven zur medizinischen Anwendung<br \/>\nJeder Beutel mit einer Gr\u00f6\u00dfe von etwa 60 x 120 mm enth\u00e4lt mindestens 300 Larven zur medizinischen Anwendung von\u00a0<em>Lucilia sericata<\/em>\u00a0(Goldfliege) im 1. und 2. Larvenstadium.<\/p>\n<p>Die sonstigen Bestandteile sind Natriumchlorid, Wasser f\u00fcr Injektionszwecke, Polyester-Beutel, Poly(vinylalkohol)-W\u00fcrfel \/ Abstandshalter.<\/p>\n<p><strong>Anwendungsgebiete<\/strong><\/p>\n<p>Debridement chronischer oder schwer heilender Wunden, wenn eine instrumental-chirurgische Behandlung nicht erw\u00fcnscht ist.<\/p>\n<p><strong>Gegenanzeigen<\/strong><\/p>\n<p>\u2022 \u00dcberempfindlichkeit gegen Larven zur medizinischen Anwendung von\u00a0<em>Lucilia sericata<\/em>oder einen der genannten sonstigen Bestandteile.<\/p>\n<p>\u2022 Wunden mit Blutungsneigung oder in der N\u00e4he von gro\u00dfen Gef\u00e4\u00dfen.<\/p>\n<p>\u2022 Therapie von Wunden, bei denen ein extensives chirurgisches Debridement erforderlich ist<\/p>\n<p>\u2022 Applikation auf bzw. in Wunden mit unzureichender Durchblutung.<\/p>\n<p>\u2022 Anwendung in sterilen K\u00f6rperh\u00f6hlen.<\/p>\n<p>\u2022 Anwendung bei Patienten, die an akuten, schnell fortschreitenden oder lebensbedrohlichen Infektionen leiden.<\/p>\n<p><strong>Nebenwirkungen<\/strong><\/p>\n<p>Im Allgemeinen sind die Nebenwirkungen bei der Therapie mit Fliegenlarven selten und haben einen milden Verlauf:<\/p>\n<p>\u2022 Sehr h\u00e4ufig: Unangenehme Empfindungen, Kribbeln, Jucken, Schmerzen am Applikationsort<\/p>\n<p>\u2022 H\u00e4ufig: Blutungen am Applikationsort<\/p>\n<p>\u2022 Nicht bekannt: Hautreaktionen und Allergien, wie Hautr\u00f6tungen oder Schwellungen von gesunder Haut, erhabener juckender Ausschlag, oberfl\u00e4chliche Verletzungen der Haut, Fieber, unangenehmer Geruch der Wunde, Angst vor Maden<\/p>\n<p><strong>Warnhinweise<\/strong><\/p>\n<p>Arzneimittel f\u00fcr Kinder unzug\u00e4nglich aufbewahren. Darf nur von medizinischem Fachpersonal angewendet werden.<\/p>\n<p><strong>Verschreibungspflichtig<\/strong><\/p>\n<\/div>\n            <\/div>\n                  <\/div>\n        ","protected":false},"excerpt":{"rendered":"<p>Einfache Anwendung dank BioBag Der BioBag macht die Larventherapie sicher und einfach in der Handhabung. Durch die Maschen der Polyestergaze gelangen die Enzyme der Larven vollst\u00e4ndig auf die Wunde. Gleichzeitig k\u00f6nnen sich die Larven ausreichend bewegen und Nahrung aufnehmen. Die vier verf\u00fcgbaren Gr\u00f6\u00dfen bieten f\u00fcr so gut wie jede Wunde eine passende Abdeckung. Dank BioBag &hellip; <a href=\"https:\/\/biomonde.com\/de\/entdecken-sie-biobag\/\">Continued<\/a><\/p>\n","protected":false},"author":2,"featured_media":0,"parent":0,"menu_order":0,"comment_status":"closed","ping_status":"closed","template":"","meta":{"_acf_changed":false,"footnotes":""},"class_list":["post-1135","page","type-page","status-publish","hentry"],"acf":[],"yoast_head":"<!-- This site is optimized with the Yoast SEO plugin v27.4 - https:\/\/yoast.com\/product\/yoast-seo-wordpress\/ -->\n<title>Entdecken Sie BioBag\u00ae - Einfache Anwendung - BioMonde<\/title>\n<meta name=\"description\" content=\"BioBag\u00ae ist Larventherapie in einer in sich geschlossenen und einfach anzuwendenden Auflage.\" \/>\n<meta name=\"robots\" content=\"index, follow, max-snippet:-1, max-image-preview:large, max-video-preview:-1\" \/>\n<link rel=\"canonical\" href=\"https:\/\/biomonde.com\/de\/entdecken-sie-biobag\/\" \/>\n<meta property=\"og:locale\" content=\"de_DE\" \/>\n<meta property=\"og:type\" content=\"article\" \/>\n<meta property=\"og:title\" content=\"Entdecken Sie BioBag\u00ae - Einfache Anwendung - BioMonde\" \/>\n<meta property=\"og:description\" content=\"BioBag\u00ae ist Larventherapie in einer in sich geschlossenen und einfach anzuwendenden Auflage.\" \/>\n<meta property=\"og:url\" content=\"https:\/\/biomonde.com\/de\/entdecken-sie-biobag\/\" \/>\n<meta property=\"og:site_name\" content=\"BioMonde\" \/>\n<meta property=\"article:publisher\" content=\"https:\/\/www.facebook.com\/biomondeuki\" \/>\n<meta property=\"article:modified_time\" content=\"2024-07-30T11:27:12+00:00\" \/>\n<meta name=\"twitter:card\" content=\"summary_large_image\" \/>\n<meta name=\"twitter:site\" content=\"@biomondeuk\" \/>\n<meta name=\"twitter:label1\" content=\"Gesch\u00e4tzte Lesezeit\" \/>\n\t<meta name=\"twitter:data1\" content=\"1\u00a0Minute\" \/>\n<script type=\"application\/ld+json\" class=\"yoast-schema-graph\">{\"@context\":\"https:\\\/\\\/schema.org\",\"@graph\":[{\"@type\":\"WebPage\",\"@id\":\"https:\\\/\\\/biomonde.com\\\/de\\\/entdecken-sie-biobag\\\/\",\"url\":\"https:\\\/\\\/biomonde.com\\\/de\\\/entdecken-sie-biobag\\\/\",\"name\":\"Entdecken Sie BioBag\u00ae - Einfache Anwendung - BioMonde\",\"isPartOf\":{\"@id\":\"https:\\\/\\\/biomonde.com\\\/#website\"},\"datePublished\":\"2021-04-21T10:20:04+00:00\",\"dateModified\":\"2024-07-30T11:27:12+00:00\",\"description\":\"BioBag\u00ae ist Larventherapie in einer in sich geschlossenen und einfach anzuwendenden Auflage.\",\"breadcrumb\":{\"@id\":\"https:\\\/\\\/biomonde.com\\\/de\\\/entdecken-sie-biobag\\\/#breadcrumb\"},\"inLanguage\":\"de\",\"potentialAction\":[{\"@type\":\"ReadAction\",\"target\":[\"https:\\\/\\\/biomonde.com\\\/de\\\/entdecken-sie-biobag\\\/\"]}]},{\"@type\":\"BreadcrumbList\",\"@id\":\"https:\\\/\\\/biomonde.com\\\/de\\\/entdecken-sie-biobag\\\/#breadcrumb\",\"itemListElement\":[{\"@type\":\"ListItem\",\"position\":1,\"name\":\"Home\",\"item\":\"https:\\\/\\\/biomonde.com\\\/\"},{\"@type\":\"ListItem\",\"position\":2,\"name\":\"Entdecken Sie BioBag\"}]},{\"@type\":\"WebSite\",\"@id\":\"https:\\\/\\\/biomonde.com\\\/#website\",\"url\":\"https:\\\/\\\/biomonde.com\\\/\",\"name\":\"BioMonde\",\"description\":\"Making Healing Possible\",\"publisher\":{\"@id\":\"https:\\\/\\\/biomonde.com\\\/#organization\"},\"potentialAction\":[{\"@type\":\"SearchAction\",\"target\":{\"@type\":\"EntryPoint\",\"urlTemplate\":\"https:\\\/\\\/biomonde.com\\\/?s={search_term_string}\"},\"query-input\":{\"@type\":\"PropertyValueSpecification\",\"valueRequired\":true,\"valueName\":\"search_term_string\"}}],\"inLanguage\":\"de\"},{\"@type\":\"Organization\",\"@id\":\"https:\\\/\\\/biomonde.com\\\/#organization\",\"name\":\"BioMonde\",\"url\":\"https:\\\/\\\/biomonde.com\\\/\",\"logo\":{\"@type\":\"ImageObject\",\"inLanguage\":\"de\",\"@id\":\"https:\\\/\\\/biomonde.com\\\/#\\\/schema\\\/logo\\\/image\\\/\",\"url\":\"https:\\\/\\\/biomonde.com\\\/wp-content\\\/uploads\\\/2021\\\/03\\\/biomonde-logo-512.png\",\"contentUrl\":\"https:\\\/\\\/biomonde.com\\\/wp-content\\\/uploads\\\/2021\\\/03\\\/biomonde-logo-512.png\",\"width\":512,\"height\":512,\"caption\":\"BioMonde\"},\"image\":{\"@id\":\"https:\\\/\\\/biomonde.com\\\/#\\\/schema\\\/logo\\\/image\\\/\"},\"sameAs\":[\"https:\\\/\\\/www.facebook.com\\\/biomondeuki\",\"https:\\\/\\\/x.com\\\/biomondeuk\",\"https:\\\/\\\/www.instagram.com\\\/biomonde_uk\\\/\",\"https:\\\/\\\/www.linkedin.com\\\/company\\\/biomondeuk\\\/\",\"https:\\\/\\\/www.youtube.com\\\/channel\\\/UCgvvHlcLny1a_WoEWtxn8Qg\\\/videos\"]}]}<\/script>\n<!-- \/ Yoast SEO plugin. -->","yoast_head_json":{"title":"Entdecken Sie BioBag\u00ae - Einfache Anwendung - BioMonde","description":"BioBag\u00ae ist Larventherapie in einer in sich geschlossenen und einfach anzuwendenden Auflage.","robots":{"index":"index","follow":"follow","max-snippet":"max-snippet:-1","max-image-preview":"max-image-preview:large","max-video-preview":"max-video-preview:-1"},"canonical":"https:\/\/biomonde.com\/de\/entdecken-sie-biobag\/","og_locale":"de_DE","og_type":"article","og_title":"Entdecken Sie BioBag\u00ae - Einfache Anwendung - BioMonde","og_description":"BioBag\u00ae ist Larventherapie in einer in sich geschlossenen und einfach anzuwendenden Auflage.","og_url":"https:\/\/biomonde.com\/de\/entdecken-sie-biobag\/","og_site_name":"BioMonde","article_publisher":"https:\/\/www.facebook.com\/biomondeuki","article_modified_time":"2024-07-30T11:27:12+00:00","twitter_card":"summary_large_image","twitter_site":"@biomondeuk","twitter_misc":{"Gesch\u00e4tzte Lesezeit":"1\u00a0Minute"},"schema":{"@context":"https:\/\/schema.org","@graph":[{"@type":"WebPage","@id":"https:\/\/biomonde.com\/de\/entdecken-sie-biobag\/","url":"https:\/\/biomonde.com\/de\/entdecken-sie-biobag\/","name":"Entdecken Sie BioBag\u00ae - Einfache Anwendung - BioMonde","isPartOf":{"@id":"https:\/\/biomonde.com\/#website"},"datePublished":"2021-04-21T10:20:04+00:00","dateModified":"2024-07-30T11:27:12+00:00","description":"BioBag\u00ae ist Larventherapie in einer in sich geschlossenen und einfach anzuwendenden Auflage.","breadcrumb":{"@id":"https:\/\/biomonde.com\/de\/entdecken-sie-biobag\/#breadcrumb"},"inLanguage":"de","potentialAction":[{"@type":"ReadAction","target":["https:\/\/biomonde.com\/de\/entdecken-sie-biobag\/"]}]},{"@type":"BreadcrumbList","@id":"https:\/\/biomonde.com\/de\/entdecken-sie-biobag\/#breadcrumb","itemListElement":[{"@type":"ListItem","position":1,"name":"Home","item":"https:\/\/biomonde.com\/"},{"@type":"ListItem","position":2,"name":"Entdecken Sie BioBag"}]},{"@type":"WebSite","@id":"https:\/\/biomonde.com\/#website","url":"https:\/\/biomonde.com\/","name":"BioMonde","description":"Making Healing Possible","publisher":{"@id":"https:\/\/biomonde.com\/#organization"},"potentialAction":[{"@type":"SearchAction","target":{"@type":"EntryPoint","urlTemplate":"https:\/\/biomonde.com\/?s={search_term_string}"},"query-input":{"@type":"PropertyValueSpecification","valueRequired":true,"valueName":"search_term_string"}}],"inLanguage":"de"},{"@type":"Organization","@id":"https:\/\/biomonde.com\/#organization","name":"BioMonde","url":"https:\/\/biomonde.com\/","logo":{"@type":"ImageObject","inLanguage":"de","@id":"https:\/\/biomonde.com\/#\/schema\/logo\/image\/","url":"https:\/\/biomonde.com\/wp-content\/uploads\/2021\/03\/biomonde-logo-512.png","contentUrl":"https:\/\/biomonde.com\/wp-content\/uploads\/2021\/03\/biomonde-logo-512.png","width":512,"height":512,"caption":"BioMonde"},"image":{"@id":"https:\/\/biomonde.com\/#\/schema\/logo\/image\/"},"sameAs":["https:\/\/www.facebook.com\/biomondeuki","https:\/\/x.com\/biomondeuk","https:\/\/www.instagram.com\/biomonde_uk\/","https:\/\/www.linkedin.com\/company\/biomondeuk\/","https:\/\/www.youtube.com\/channel\/UCgvvHlcLny1a_WoEWtxn8Qg\/videos"]}]}},"_links":{"self":[{"href":"https:\/\/biomonde.com\/de\/wp-json\/wp\/v2\/pages\/1135","targetHints":{"allow":["GET"]}}],"collection":[{"href":"https:\/\/biomonde.com\/de\/wp-json\/wp\/v2\/pages"}],"about":[{"href":"https:\/\/biomonde.com\/de\/wp-json\/wp\/v2\/types\/page"}],"author":[{"embeddable":true,"href":"https:\/\/biomonde.com\/de\/wp-json\/wp\/v2\/users\/2"}],"replies":[{"embeddable":true,"href":"https:\/\/biomonde.com\/de\/wp-json\/wp\/v2\/comments?post=1135"}],"version-history":[{"count":4,"href":"https:\/\/biomonde.com\/de\/wp-json\/wp\/v2\/pages\/1135\/revisions"}],"predecessor-version":[{"id":11611,"href":"https:\/\/biomonde.com\/de\/wp-json\/wp\/v2\/pages\/1135\/revisions\/11611"}],"wp:attachment":[{"href":"https:\/\/biomonde.com\/de\/wp-json\/wp\/v2\/media?parent=1135"}],"curies":[{"name":"wp","href":"https:\/\/api.w.org\/{rel}","templated":true}]}}