{"id":1137,"date":"2021-04-21T10:25:45","date_gmt":"2021-04-21T10:25:45","guid":{"rendered":"https:\/\/biomonde.local\/?page_id=1137"},"modified":"2022-08-11T10:05:37","modified_gmt":"2022-08-11T10:05:37","slug":"biobag-bestellen","status":"publish","type":"page","link":"https:\/\/biomonde.com\/de\/biobag-bestellen\/","title":{"rendered":"BioBag bestellen"},"content":{"rendered":"\n<div class=\"wp-block-columns is-layout-flex wp-container-core-columns-is-layout-28f84493 wp-block-columns-is-layout-flex\">\n<div class=\"wp-block-column is-layout-flow wp-block-column-is-layout-flow\" style=\"flex-basis:66.66%\">\n<h2 class=\"wp-block-heading\" id=\"denkbar-einfach\">Denkbar einfach<\/h2>\n\n\n\n<p>Obwohl Larven ein lebendiges Produkt sind und individuell bestellt werden, ist die Logistik denkbar einfach. <\/p>\n\n\n\n<p>Unser Kundenservice steht Ihnen hier gerne beratend zur Seite.<\/p>\n\n\n\n<div class=\"wp-block-buttons is-layout-flex wp-block-buttons-is-layout-flex\">\n<div class=\"wp-block-button is-style-outline is-style-outline--2\" id=\"Ausw\u00e4hlen\"><a class=\"wp-block-button__link\" href=\"#Ausw\u00e4hlen\">Schritt 1: <br>Messen<\/a><\/div>\n\n\n\n<div class=\"wp-block-button is-style-outline is-style-outline--3\"><a class=\"wp-block-button__link\" href=\"#Verordnen\">Schritt 2:<br> Ausw\u00e4hlen <\/a><\/div>\n\n\n\n<div class=\"wp-block-button is-style-outline is-style-outline--4\"><a class=\"wp-block-button__link\" href=\"#bestellen\">Schritt 3:<br> Bestellen <\/a><\/div>\n<\/div>\n\n\n\n<div class=\"wp-block-buttons is-layout-flex wp-block-buttons-is-layout-flex\"><\/div>\n<\/div>\n\n\n\n<div class=\"wp-block-column is-layout-flow wp-block-column-is-layout-flow\" style=\"flex-basis:33.33%\">\n<script type=\"text\/javascript\" async=\"\" src=\"\/\/orbitvu.co\/share\/6aAfHCSZXYPERw4k53ggqK\/4862503\/360\/script?auto_rotate_dir=left&amp;background_color=0xffffffff&amp;border=yes&amp;border_color=0xffffff&amp;continous=yes&amp;first_frame=1&amp;border_frame=1&amp;frame_rate=12&amp;gui_background=0x6b90f500&amp;gui_foreground=0x2fe57b00&amp;gui_foreground_active=0xa5a5a5ff&amp;height=300&amp;lang=auto&amp;logo_src=&amp;max_scale=1&amp;ovskin=no&amp;preload_height=0&amp;preload_width=0&amp;rotate_dir=right&amp;social=no&amp;social_url=https%3A%2F%2Forbitvu.co%2Fshare%2F6aAfHCSZXYPERw4k53ggqK%2F4862503%2F360%2Fview&amp;style=0&amp;teaser=autorotate&amp;width=350&amp;html5_initial_info=no&amp;html5_hint=no&amp;mousewheel=yes&amp;buttons_type=auto&amp;teaserplay_overlay_color=0x00000099&amp;hires_support=yes&amp;single_touch_pan_y=yes&amp;content2=yes&amp;report_bugs=no&amp;partial_load=yes\"><\/script>\n<div class=\"orbitvu-viewer\" style=\"width: 350px;height: 300px;\">\n    <div id=\"ovContent-6aAfHCSZXYPERw4k53ggqK\" style=\"background: url(\/\/cdn.orbitvu.co\/p\/share\/6aAfHCSZXYPERw4k53ggqK\/still\/view?md=1628688913&amp;height=300&amp;max_width=350) no-repeat center center transparent;width: 350px;height: 300px;\"><\/div>\n<\/div>\n<\/div>\n<\/div>\n\n\n\n<div class=\"wp-block-group block-section-alt is-layout-flow wp-block-group-is-layout-flow\">\n<h2 class=\"wp-block-heading\" id=\"ausw\u00e4hlen\">1. Messen<\/h2>\n\n\n\n<p id=\"auswhaelen\">Die Auswahl des richtigen BioBag richtet sich einzig nach Gr\u00f6\u00dfe und Form der Wunde. Der zu debridierende Bereich sollte vollst\u00e4ndig durch den BioBag abgedeckt sein. <\/p>\n\n\n\n<p>Sie k\u00f6nnen aus vier unterschiedlichen Gr\u00f6\u00dfen ausw\u00e4hlen und diese beliebig kombinieren.<\/p>\n\n\n\n<div class=\"wp-block-media-text alignwide is-stacked-on-mobile\" style=\"grid-template-columns:38% auto\"><figure class=\"wp-block-media-text__media\"><img loading=\"lazy\" decoding=\"async\" width=\"800\" height=\"450\" src=\"https:\/\/biomonde.com\/wp-content\/uploads\/2021\/11\/Wound-Image.png\" alt=\"\" class=\"wp-image-5510 size-full\" srcset=\"https:\/\/biomonde.com\/wp-content\/uploads\/2021\/11\/Wound-Image.png 800w, https:\/\/biomonde.com\/wp-content\/uploads\/2021\/11\/Wound-Image-600x338.png 600w, https:\/\/biomonde.com\/wp-content\/uploads\/2021\/11\/Wound-Image-768x432.png 768w, https:\/\/biomonde.com\/wp-content\/uploads\/2021\/11\/Wound-Image-20x11.png 20w\" sizes=\"auto, (max-width: 800px) 100vw, 800px\" \/><\/figure><div class=\"wp-block-media-text__content\">\n<ul class=\"wp-block-list\"><li>Bestimmen Sie die Wundfl\u00e4che<\/li><li>BioBags sollten den Wundrand leicht \u00fcberlappen<\/li><li>Ber\u00fccksichtigen Sie auch die Wundtiefe<\/li><li>BioBag sollte immer einen vollst\u00e4ndigen Kontakt zum Wundgrund haben<\/li><li>Benutzen Sie unsere Klarsicht-Wundschablone zur Ermittlung der passenden Gr\u00f6\u00dfe<\/li><\/ul>\n<\/div><\/div>\n\n\n\n<p><\/p>\n\n\n\n<p>BioBag kann bis zu vier Tagen auf der Wunde verbleiben. In einigen F\u00e4llen k\u00f6nnen mehrere Behandlungszyklen notwendig sein. Bestellen Sie rechtzeitig nach, um eine kontinuierliche Therapie zu gew\u00e4hrleisten.<\/p>\n\n\n\n<h2 class=\"wp-block-heading\" id=\"2-auswahlen\"> 2. Ausw\u00e4hlen <\/h2>\n<\/div>\n\n\n<div class=\"block-section block-calculator has-image\" style=\"background-image: url(https:\/\/biomonde.com\/wp-content\/uploads\/2021\/04\/biobag-hands.png);\">\n  <div class=\"content-wrap\">\n          <h2 class=\"title\">Welcher BioBag f\u00fcr welche Wundgr\u00f6\u00dfe?<\/h2>\n    \n    \n    <div class=\"row calculator-row\">\n      <div class=\"col-lg-5 col-options\">\n        <div class=\"options\">\n          <h3 class=\"options-title\">Wundgr\u00f6\u00dfe<\/h3>\n\n          <div class=\"slider-wrap slider-wrap-length\">\n            <div class=\"labels\">\n              <div class=\"label\">\n                L\u00e4nge (cm)              <\/div>\n              <div class=\"value\">\n                                <strong><span>0<\/span>cm<\/strong>\n              <\/div>\n            <\/div>\n\n            <div class=\"slide-container slide-container-length\">\n              <input type=\"range\" min=\"0\" max=\"20\" step=\"1\" value=\"0\" class=\"slider slider-length\">\n            <\/div>\n\n            <div class=\"slider-values\">\n              <div class=\"value-minimum\">0cm<\/div>\n              <div class=\"value-maximum\">20cm<\/div>\n            <\/div>\n          <\/div>\n\n          <div class=\"slider-wrap slider-wrap-width\">\n            <div class=\"labels\">\n              <div class=\"label\">\n                Breite (cm)              <\/div>\n              <div class=\"value\">\n                                <strong><span>0<\/span>cm<\/strong>\n              <\/div>\n            <\/div>\n\n            <div class=\"slide-container slide-container-width\">\n              <input type=\"range\" min=\"0\" max=\"20\" step=\"1\" value=\"0\" class=\"slider slider-width\">\n            <\/div>\n\n            <div class=\"slider-values\">\n              <div class=\"value-minimum\">0cm<\/div>\n              <div class=\"value-maximum\">20cm<\/div>\n            <\/div>\n          <\/div>\n        <\/div>\n      <\/div>\n\n      <div class=\"col-lg-7 col-results\">\n        <div class=\"results\">\n          <div class=\"h5 instructions\">Messen Sie die Breite und L\u00e4nge der Wunde aus, um die erforderliche BioBag-Gr\u00f6\u00dfe zu berechnen<\/div>\n\n          <div class=\"calculated-results\">\n            <h3 class=\"results-title\">Vorgeschlagene BioBag-Gr\u00f6\u00dfe<\/h3>\n            <div class=\"result-content\"><\/div>\n          <\/div>\n\n                  <\/div>\n      <\/div>\n    <\/div>\n\n  <\/div>\n<\/div>\n\n\n\n<div class=\"wp-block-columns is-layout-flex wp-container-core-columns-is-layout-28f84493 wp-block-columns-is-layout-flex\">\n<div class=\"wp-block-column is-layout-flow wp-block-column-is-layout-flow\">\n<h2 class=\"wp-block-heading\" id=\"Verordnen\">3. Bestellen<\/h2>\n\n\n\n<p>BioBag ist ein klinisches Arzneimittel und mu\u00df von dem\/der behandelnden Klinikarzt\/-\u00e4rztin verordnet werden.<\/p>\n\n\n\n<p>Informieren Sie die Patient*innen \u00fcber die Behandlung mit einem lebenden Arzneimittel. Eine besondere Einverst\u00e4ndniserkl\u00e4rung ist nicht notwendig.<\/p>\n<\/div>\n<\/div>\n\n\n<div class=\"block-section block-features\">\n  <h2 class=\"title\"><\/h2>\n\n  \n      <div class=\"feature-row row\">\n              <div class=\"col-lg-4 feature-col\" style=\"--anim-order: 1;\">\n          <div class=\"feature has-link\">\n            \n            <div class=\"content-wrap\">\n                              <span class=\"icon icon-phone icon-feature\"><\/span>\n              \n              <h3 class=\"feature-title\">Per Telefon bestellen<\/h3>\n\n              <div class=\"content\"><p>Rufen Sie uns an, um eine Bestellung aufzugeben<\/p>\n<\/div>\n\n                              <div class=\"buttons\">\n                  <a href=\"tel: 01802\/466663 \" class=\"btn btn-primary\">\n                    Anrufen                  <\/a>\n                <\/div>\n                          <\/div>\n          <\/div>\n        <\/div>\n              <div class=\"col-lg-4 feature-col\" style=\"--anim-order: 2;\">\n          <div class=\"feature has-link\">\n            \n            <div class=\"content-wrap\">\n                              <span class=\"icon icon-email icon-feature\"><\/span>\n              \n              <h3 class=\"feature-title\">Per E-Mail bestellen<\/h3>\n\n              <div class=\"content\"><p>Schicken Sie uns eine E-Mail um eine Bestellung aufzugeben<\/p>\n<\/div>\n\n                              <div class=\"buttons\">\n                  <a href=\"mailto:info@biomonde.com\" class=\"btn btn-primary\">\n                    E-Mail                  <\/a>\n                <\/div>\n                          <\/div>\n          <\/div>\n        <\/div>\n              <div class=\"col-lg-4 feature-col\" style=\"--anim-order: 3;\">\n          <div class=\"feature has-link\">\n            \n            <div class=\"content-wrap\">\n                              <span class=\"icon icon-fax icon-feature\"><\/span>\n              \n              <h3 class=\"feature-title\">Bestellung per Fax<\/h3>\n\n              <div class=\"content\"><p>Senden Sie Ihre Bestellung per Fax<\/p>\n<\/div>\n\n                              <div class=\"buttons\">\n                  <a href=\"\/de\/kontakt\/\" class=\"btn btn-primary\">\n                    Kontakt                  <\/a>\n                <\/div>\n                          <\/div>\n          <\/div>\n        <\/div>\n          <\/div>\n  <\/div>\n\n\n\n<p> Bestellungen k\u00f6nnen per Fax (040\/67 10 57-10) oder per Email (<a href=\"mailto:info@biomonde.de\">info@biomonde.de<\/a>) aufgegeben werden. <\/p>\n","protected":false},"excerpt":{"rendered":"<p>Denkbar einfach Obwohl Larven ein lebendiges Produkt sind und individuell bestellt werden, ist die Logistik denkbar einfach. Unser Kundenservice steht Ihnen hier gerne beratend zur Seite. 1. Messen Die Auswahl des richtigen BioBag richtet sich einzig nach Gr\u00f6\u00dfe und Form der Wunde. Der zu debridierende Bereich sollte vollst\u00e4ndig durch den BioBag abgedeckt sein. Sie k\u00f6nnen &hellip; <a href=\"https:\/\/biomonde.com\/de\/biobag-bestellen\/\">Continued<\/a><\/p>\n","protected":false},"author":2,"featured_media":0,"parent":0,"menu_order":0,"comment_status":"closed","ping_status":"closed","template":"","meta":{"_acf_changed":false,"footnotes":""},"class_list":["post-1137","page","type-page","status-publish","hentry"],"acf":[],"yoast_head":"<!-- This site is optimized with the Yoast SEO plugin v27.4 - https:\/\/yoast.com\/product\/yoast-seo-wordpress\/ -->\n<title>BioBag\u00ae bestellen - Lieferung am n\u00e4chsten Tag - BioMonde<\/title>\n<meta name=\"description\" content=\"BioBag\u00ae Bestellung vor 14:00 Uhr f\u00fcr Lieferung am folgenden Tag - Bestellung telefonisch oder per E-Mail.\" \/>\n<meta name=\"robots\" content=\"index, follow, max-snippet:-1, max-image-preview:large, max-video-preview:-1\" \/>\n<link rel=\"canonical\" href=\"https:\/\/biomonde.com\/ordering-biobag\/\" \/>\n<meta property=\"og:locale\" content=\"de_DE\" \/>\n<meta property=\"og:type\" content=\"article\" \/>\n<meta property=\"og:title\" content=\"BioBag\u00ae bestellen - Lieferung am n\u00e4chsten Tag - BioMonde\" \/>\n<meta property=\"og:description\" content=\"BioBag\u00ae Bestellung vor 14:00 Uhr f\u00fcr Lieferung am folgenden Tag - Bestellung telefonisch oder per E-Mail.\" \/>\n<meta property=\"og:url\" content=\"https:\/\/biomonde.com\/ordering-biobag\/\" \/>\n<meta property=\"og:site_name\" content=\"BioMonde\" \/>\n<meta property=\"article:publisher\" content=\"https:\/\/www.facebook.com\/biomondeuki\" \/>\n<meta property=\"article:modified_time\" content=\"2022-08-11T10:05:37+00:00\" \/>\n<meta property=\"og:image\" content=\"https:\/\/biomonde.com\/wp-content\/uploads\/2021\/11\/Wound-Image.png\" \/>\n<meta name=\"twitter:card\" content=\"summary_large_image\" \/>\n<meta name=\"twitter:site\" content=\"@biomondeuk\" \/>\n<meta name=\"twitter:label1\" content=\"Gesch\u00e4tzte Lesezeit\" \/>\n\t<meta name=\"twitter:data1\" content=\"1\u00a0Minute\" \/>\n<script type=\"application\/ld+json\" class=\"yoast-schema-graph\">{\"@context\":\"https:\\\/\\\/schema.org\",\"@graph\":[{\"@type\":\"WebPage\",\"@id\":\"https:\\\/\\\/biomonde.com\\\/ordering-biobag\\\/\",\"url\":\"https:\\\/\\\/biomonde.com\\\/ordering-biobag\\\/\",\"name\":\"BioBag\u00ae bestellen - Lieferung am n\u00e4chsten Tag - BioMonde\",\"isPartOf\":{\"@id\":\"https:\\\/\\\/biomonde.com\\\/#website\"},\"primaryImageOfPage\":{\"@id\":\"https:\\\/\\\/biomonde.com\\\/ordering-biobag\\\/#primaryimage\"},\"image\":{\"@id\":\"https:\\\/\\\/biomonde.com\\\/ordering-biobag\\\/#primaryimage\"},\"thumbnailUrl\":\"https:\\\/\\\/biomonde.com\\\/wp-content\\\/uploads\\\/2021\\\/11\\\/Wound-Image.png\",\"datePublished\":\"2021-04-21T10:25:45+00:00\",\"dateModified\":\"2022-08-11T10:05:37+00:00\",\"description\":\"BioBag\u00ae Bestellung vor 14:00 Uhr f\u00fcr Lieferung am folgenden Tag - Bestellung telefonisch oder per E-Mail.\",\"breadcrumb\":{\"@id\":\"https:\\\/\\\/biomonde.com\\\/ordering-biobag\\\/#breadcrumb\"},\"inLanguage\":\"de\",\"potentialAction\":[{\"@type\":\"ReadAction\",\"target\":[\"https:\\\/\\\/biomonde.com\\\/ordering-biobag\\\/\"]}]},{\"@type\":\"ImageObject\",\"inLanguage\":\"de\",\"@id\":\"https:\\\/\\\/biomonde.com\\\/ordering-biobag\\\/#primaryimage\",\"url\":\"https:\\\/\\\/biomonde.com\\\/wp-content\\\/uploads\\\/2021\\\/11\\\/Wound-Image.png\",\"contentUrl\":\"https:\\\/\\\/biomonde.com\\\/wp-content\\\/uploads\\\/2021\\\/11\\\/Wound-Image.png\"},{\"@type\":\"BreadcrumbList\",\"@id\":\"https:\\\/\\\/biomonde.com\\\/ordering-biobag\\\/#breadcrumb\",\"itemListElement\":[{\"@type\":\"ListItem\",\"position\":1,\"name\":\"Home\",\"item\":\"https:\\\/\\\/biomonde.com\\\/\"},{\"@type\":\"ListItem\",\"position\":2,\"name\":\"BioBag bestellen\"}]},{\"@type\":\"WebSite\",\"@id\":\"https:\\\/\\\/biomonde.com\\\/#website\",\"url\":\"https:\\\/\\\/biomonde.com\\\/\",\"name\":\"BioMonde\",\"description\":\"Making Healing Possible\",\"publisher\":{\"@id\":\"https:\\\/\\\/biomonde.com\\\/#organization\"},\"potentialAction\":[{\"@type\":\"SearchAction\",\"target\":{\"@type\":\"EntryPoint\",\"urlTemplate\":\"https:\\\/\\\/biomonde.com\\\/?s={search_term_string}\"},\"query-input\":{\"@type\":\"PropertyValueSpecification\",\"valueRequired\":true,\"valueName\":\"search_term_string\"}}],\"inLanguage\":\"de\"},{\"@type\":\"Organization\",\"@id\":\"https:\\\/\\\/biomonde.com\\\/#organization\",\"name\":\"BioMonde\",\"url\":\"https:\\\/\\\/biomonde.com\\\/\",\"logo\":{\"@type\":\"ImageObject\",\"inLanguage\":\"de\",\"@id\":\"https:\\\/\\\/biomonde.com\\\/#\\\/schema\\\/logo\\\/image\\\/\",\"url\":\"https:\\\/\\\/biomonde.com\\\/wp-content\\\/uploads\\\/2021\\\/03\\\/biomonde-logo-512.png\",\"contentUrl\":\"https:\\\/\\\/biomonde.com\\\/wp-content\\\/uploads\\\/2021\\\/03\\\/biomonde-logo-512.png\",\"width\":512,\"height\":512,\"caption\":\"BioMonde\"},\"image\":{\"@id\":\"https:\\\/\\\/biomonde.com\\\/#\\\/schema\\\/logo\\\/image\\\/\"},\"sameAs\":[\"https:\\\/\\\/www.facebook.com\\\/biomondeuki\",\"https:\\\/\\\/x.com\\\/biomondeuk\",\"https:\\\/\\\/www.instagram.com\\\/biomonde_uk\\\/\",\"https:\\\/\\\/www.linkedin.com\\\/company\\\/biomondeuk\\\/\",\"https:\\\/\\\/www.youtube.com\\\/channel\\\/UCgvvHlcLny1a_WoEWtxn8Qg\\\/videos\"]}]}<\/script>\n<!-- \/ Yoast SEO plugin. -->","yoast_head_json":{"title":"BioBag\u00ae bestellen - Lieferung am n\u00e4chsten Tag - BioMonde","description":"BioBag\u00ae Bestellung vor 14:00 Uhr f\u00fcr Lieferung am folgenden Tag - Bestellung telefonisch oder per E-Mail.","robots":{"index":"index","follow":"follow","max-snippet":"max-snippet:-1","max-image-preview":"max-image-preview:large","max-video-preview":"max-video-preview:-1"},"canonical":"https:\/\/biomonde.com\/ordering-biobag\/","og_locale":"de_DE","og_type":"article","og_title":"BioBag\u00ae bestellen - Lieferung am n\u00e4chsten Tag - BioMonde","og_description":"BioBag\u00ae Bestellung vor 14:00 Uhr f\u00fcr Lieferung am folgenden Tag - Bestellung telefonisch oder per E-Mail.","og_url":"https:\/\/biomonde.com\/ordering-biobag\/","og_site_name":"BioMonde","article_publisher":"https:\/\/www.facebook.com\/biomondeuki","article_modified_time":"2022-08-11T10:05:37+00:00","og_image":[{"url":"https:\/\/biomonde.com\/wp-content\/uploads\/2021\/11\/Wound-Image.png","type":"","width":"","height":""}],"twitter_card":"summary_large_image","twitter_site":"@biomondeuk","twitter_misc":{"Gesch\u00e4tzte Lesezeit":"1\u00a0Minute"},"schema":{"@context":"https:\/\/schema.org","@graph":[{"@type":"WebPage","@id":"https:\/\/biomonde.com\/ordering-biobag\/","url":"https:\/\/biomonde.com\/ordering-biobag\/","name":"BioBag\u00ae bestellen - Lieferung am n\u00e4chsten Tag - BioMonde","isPartOf":{"@id":"https:\/\/biomonde.com\/#website"},"primaryImageOfPage":{"@id":"https:\/\/biomonde.com\/ordering-biobag\/#primaryimage"},"image":{"@id":"https:\/\/biomonde.com\/ordering-biobag\/#primaryimage"},"thumbnailUrl":"https:\/\/biomonde.com\/wp-content\/uploads\/2021\/11\/Wound-Image.png","datePublished":"2021-04-21T10:25:45+00:00","dateModified":"2022-08-11T10:05:37+00:00","description":"BioBag\u00ae Bestellung vor 14:00 Uhr f\u00fcr Lieferung am folgenden Tag - Bestellung telefonisch oder per E-Mail.","breadcrumb":{"@id":"https:\/\/biomonde.com\/ordering-biobag\/#breadcrumb"},"inLanguage":"de","potentialAction":[{"@type":"ReadAction","target":["https:\/\/biomonde.com\/ordering-biobag\/"]}]},{"@type":"ImageObject","inLanguage":"de","@id":"https:\/\/biomonde.com\/ordering-biobag\/#primaryimage","url":"https:\/\/biomonde.com\/wp-content\/uploads\/2021\/11\/Wound-Image.png","contentUrl":"https:\/\/biomonde.com\/wp-content\/uploads\/2021\/11\/Wound-Image.png"},{"@type":"BreadcrumbList","@id":"https:\/\/biomonde.com\/ordering-biobag\/#breadcrumb","itemListElement":[{"@type":"ListItem","position":1,"name":"Home","item":"https:\/\/biomonde.com\/"},{"@type":"ListItem","position":2,"name":"BioBag bestellen"}]},{"@type":"WebSite","@id":"https:\/\/biomonde.com\/#website","url":"https:\/\/biomonde.com\/","name":"BioMonde","description":"Making Healing Possible","publisher":{"@id":"https:\/\/biomonde.com\/#organization"},"potentialAction":[{"@type":"SearchAction","target":{"@type":"EntryPoint","urlTemplate":"https:\/\/biomonde.com\/?s={search_term_string}"},"query-input":{"@type":"PropertyValueSpecification","valueRequired":true,"valueName":"search_term_string"}}],"inLanguage":"de"},{"@type":"Organization","@id":"https:\/\/biomonde.com\/#organization","name":"BioMonde","url":"https:\/\/biomonde.com\/","logo":{"@type":"ImageObject","inLanguage":"de","@id":"https:\/\/biomonde.com\/#\/schema\/logo\/image\/","url":"https:\/\/biomonde.com\/wp-content\/uploads\/2021\/03\/biomonde-logo-512.png","contentUrl":"https:\/\/biomonde.com\/wp-content\/uploads\/2021\/03\/biomonde-logo-512.png","width":512,"height":512,"caption":"BioMonde"},"image":{"@id":"https:\/\/biomonde.com\/#\/schema\/logo\/image\/"},"sameAs":["https:\/\/www.facebook.com\/biomondeuki","https:\/\/x.com\/biomondeuk","https:\/\/www.instagram.com\/biomonde_uk\/","https:\/\/www.linkedin.com\/company\/biomondeuk\/","https:\/\/www.youtube.com\/channel\/UCgvvHlcLny1a_WoEWtxn8Qg\/videos"]}]}},"_links":{"self":[{"href":"https:\/\/biomonde.com\/de\/wp-json\/wp\/v2\/pages\/1137","targetHints":{"allow":["GET"]}}],"collection":[{"href":"https:\/\/biomonde.com\/de\/wp-json\/wp\/v2\/pages"}],"about":[{"href":"https:\/\/biomonde.com\/de\/wp-json\/wp\/v2\/types\/page"}],"author":[{"embeddable":true,"href":"https:\/\/biomonde.com\/de\/wp-json\/wp\/v2\/users\/2"}],"replies":[{"embeddable":true,"href":"https:\/\/biomonde.com\/de\/wp-json\/wp\/v2\/comments?post=1137"}],"version-history":[{"count":5,"href":"https:\/\/biomonde.com\/de\/wp-json\/wp\/v2\/pages\/1137\/revisions"}],"predecessor-version":[{"id":8314,"href":"https:\/\/biomonde.com\/de\/wp-json\/wp\/v2\/pages\/1137\/revisions\/8314"}],"wp:attachment":[{"href":"https:\/\/biomonde.com\/de\/wp-json\/wp\/v2\/media?parent=1137"}],"curies":[{"name":"wp","href":"https:\/\/api.w.org\/{rel}","templated":true}]}}