{"id":1146,"date":"2021-04-21T10:40:22","date_gmt":"2021-04-21T10:40:22","guid":{"rendered":"https:\/\/biomonde.local\/?page_id=1146"},"modified":"2022-03-08T14:15:40","modified_gmt":"2022-03-08T14:15:40","slug":"wie-wir-es-machen","status":"publish","type":"page","link":"https:\/\/biomonde.com\/de\/wie-wir-es-machen\/","title":{"rendered":"Wie wir es machen"},"content":{"rendered":"\n<h2 class=\"wp-block-heading\" id=\"nicht-nur-die-larven-arbeiten-prazise-wir-tun-es-auch\">Nicht nur die Larven arbeiten pr\u00e4zise &#8211; wir tun es auch.<\/h2>\n\n\n\n<div class=\"responsive-video\"><iframe loading=\"lazy\" src=\"https:\/\/player.vimeo.com\/video\/133736846?h=2ffd45286c?autoplay=1&amp;muted=1\" width=\"1200\" height=\"630\" frameborder=\"0\" allow=\"autoplay; fullscreen; picture-in-picture\" allowfullscreen=\"\"><\/iframe><\/div>\n\n\n\n<p><strong>Eine gleichbleibende Qualit\u00e4t auf h\u00f6chstem Niveau ist unser oberstes Ziel. Um dieses Ziel zu erreichen, verbessern wir st\u00e4ndig unsere Produktions- und Qualit\u00e4tsabl\u00e4ufe.<\/strong><\/p>\n\n\n\n<p>Larvenprodukte werden unter strengsten hygienischen Bedingungen in sterilen Reinr\u00e4umen nach den Vorgaben des GMP (Good Manufacturing Practice) produziert.<\/p>\n\n\n\n<p>Unser Qualit\u00e4tsmanagement \u00fcberwacht alle Schritte der Produktion, von der Fliegenzucht bis zum Versand der BioBags an Sie. In unserem modernen, multifunktionalen Labor wird die Sterilit\u00e4t unserer Produkte st\u00e4ndig \u00fcberwacht. Unsere Produktionsmitarbeiter*innen werden engmaschig geschult.<\/p>\n\n\n\n<p>Mit diesen Ma\u00dfnahmen erf\u00fcllen wir alle gesetzlichen Vorgaben und bieten alle Voraussetzungen f\u00fcr die erfolgreiche Wundbettvorbereitung.<\/p>\n\n\n<div class=\"block-section block-features\">\n  <h2 class=\"title\">Wir produzieren sichere und qualitativ hochwertige Produkte.<\/h2>\n\n  \n      <div class=\"feature-row row\">\n              <div class=\"col-lg-4 feature-col\" style=\"--anim-order: 1;\">\n          <div class=\"feature\">\n                          <div class=\"image\">\n                <img decoding=\"async\" src=\"https:\/\/biomonde.com\/wp-content\/uploads\/2021\/11\/biomonde-hamburg-211021_FSI2857-600x400.jpg\" alt=\"\">\n              <\/div>\n            \n            <div class=\"content-wrap\">\n              \n              <h3 class=\"feature-title\">Kontinuit\u00e4t<\/h3>\n\n              <div class=\"content\"><p>Unser Fliegenraum unterst\u00fctzt den Lebenszyklus und die Fliegenhaltung.<\/p>\n<\/div>\n\n                          <\/div>\n          <\/div>\n        <\/div>\n              <div class=\"col-lg-4 feature-col\" style=\"--anim-order: 2;\">\n          <div class=\"feature\">\n                          <div class=\"image\">\n                <img decoding=\"async\" src=\"https:\/\/biomonde.com\/wp-content\/uploads\/2021\/11\/biomonde-hamburg-211021_FSI2261-600x400.jpg\" alt=\"\">\n              <\/div>\n            \n            <div class=\"content-wrap\">\n              \n              <h3 class=\"feature-title\">Pr\u00e4zision<\/h3>\n\n              <div class=\"content\"><p>Reinr\u00e4ume der Klasse A f\u00fcr eine sorgf\u00e4ltige antimikrobielle Praxis.<\/p>\n<\/div>\n\n                          <\/div>\n          <\/div>\n        <\/div>\n              <div class=\"col-lg-4 feature-col\" style=\"--anim-order: 3;\">\n          <div class=\"feature\">\n                          <div class=\"image\">\n                <img decoding=\"async\" src=\"https:\/\/biomonde.com\/wp-content\/uploads\/2021\/11\/biomonde-hamburg_FSI2527-600x400.jpg\" alt=\"\">\n              <\/div>\n            \n            <div class=\"content-wrap\">\n              \n              <h3 class=\"feature-title\">Verl\u00e4sslichkeit<\/h3>\n\n              <div class=\"content\"><p>Versand innerhalb von Stunden f\u00fcr die Lieferung am n\u00e4chsten Tag.<\/p>\n<\/div>\n\n                          <\/div>\n          <\/div>\n        <\/div>\n          <\/div>\n  <\/div>\n","protected":false},"excerpt":{"rendered":"<p>Nicht nur die Larven arbeiten pr\u00e4zise &#8211; wir tun es auch. Eine gleichbleibende Qualit\u00e4t auf h\u00f6chstem Niveau ist unser oberstes Ziel. Um dieses Ziel zu erreichen, verbessern wir st\u00e4ndig unsere Produktions- und Qualit\u00e4tsabl\u00e4ufe. Larvenprodukte werden unter strengsten hygienischen Bedingungen in sterilen Reinr\u00e4umen nach den Vorgaben des GMP (Good Manufacturing Practice) produziert. Unser Qualit\u00e4tsmanagement \u00fcberwacht alle &hellip; <a href=\"https:\/\/biomonde.com\/de\/wie-wir-es-machen\/\">Continued<\/a><\/p>\n","protected":false},"author":1,"featured_media":0,"parent":0,"menu_order":0,"comment_status":"closed","ping_status":"closed","template":"","meta":{"_acf_changed":false,"footnotes":""},"class_list":["post-1146","page","type-page","status-publish","hentry"],"acf":[],"yoast_head":"<!-- This site is optimized with the Yoast SEO plugin v27.4 - https:\/\/yoast.com\/product\/yoast-seo-wordpress\/ -->\n<title>Larventherapie &amp; BioBag\u00ae - Wie wir es machen - BioMonde<\/title>\n<meta name=\"description\" content=\"Mit unseren Larventherapie Produkten unterst\u00fctzen wir den Heilungsprozess - und machen Hoffnung. Das ist, was wir tun.\" \/>\n<meta name=\"robots\" content=\"index, follow, max-snippet:-1, max-image-preview:large, max-video-preview:-1\" \/>\n<link rel=\"canonical\" href=\"https:\/\/biomonde.com\/how-we-do-it\/\" \/>\n<meta property=\"og:locale\" content=\"de_DE\" \/>\n<meta property=\"og:type\" content=\"article\" \/>\n<meta property=\"og:title\" content=\"Larventherapie &amp; BioBag\u00ae - Wie wir es machen - BioMonde\" \/>\n<meta property=\"og:description\" content=\"Mit unseren Larventherapie Produkten unterst\u00fctzen wir den Heilungsprozess - und machen Hoffnung. Das ist, was wir tun.\" \/>\n<meta property=\"og:url\" content=\"https:\/\/biomonde.com\/how-we-do-it\/\" \/>\n<meta property=\"og:site_name\" content=\"BioMonde\" \/>\n<meta property=\"article:publisher\" content=\"https:\/\/www.facebook.com\/biomondeuki\" \/>\n<meta property=\"article:modified_time\" content=\"2022-03-08T14:15:40+00:00\" \/>\n<meta name=\"twitter:card\" content=\"summary_large_image\" \/>\n<meta name=\"twitter:site\" content=\"@biomondeuk\" \/>\n<meta name=\"twitter:label1\" content=\"Gesch\u00e4tzte Lesezeit\" \/>\n\t<meta name=\"twitter:data1\" content=\"1\u00a0Minute\" \/>\n<script type=\"application\/ld+json\" class=\"yoast-schema-graph\">{\"@context\":\"https:\\\/\\\/schema.org\",\"@graph\":[{\"@type\":\"WebPage\",\"@id\":\"https:\\\/\\\/biomonde.com\\\/how-we-do-it\\\/\",\"url\":\"https:\\\/\\\/biomonde.com\\\/how-we-do-it\\\/\",\"name\":\"Larventherapie & BioBag\u00ae - Wie wir es machen - BioMonde\",\"isPartOf\":{\"@id\":\"https:\\\/\\\/biomonde.com\\\/#website\"},\"datePublished\":\"2021-04-21T10:40:22+00:00\",\"dateModified\":\"2022-03-08T14:15:40+00:00\",\"description\":\"Mit unseren Larventherapie Produkten unterst\u00fctzen wir den Heilungsprozess - und machen Hoffnung. Das ist, was wir tun.\",\"breadcrumb\":{\"@id\":\"https:\\\/\\\/biomonde.com\\\/how-we-do-it\\\/#breadcrumb\"},\"inLanguage\":\"de\",\"potentialAction\":[{\"@type\":\"ReadAction\",\"target\":[\"https:\\\/\\\/biomonde.com\\\/how-we-do-it\\\/\"]}]},{\"@type\":\"BreadcrumbList\",\"@id\":\"https:\\\/\\\/biomonde.com\\\/how-we-do-it\\\/#breadcrumb\",\"itemListElement\":[{\"@type\":\"ListItem\",\"position\":1,\"name\":\"Home\",\"item\":\"https:\\\/\\\/biomonde.com\\\/\"},{\"@type\":\"ListItem\",\"position\":2,\"name\":\"Wie wir es machen\"}]},{\"@type\":\"WebSite\",\"@id\":\"https:\\\/\\\/biomonde.com\\\/#website\",\"url\":\"https:\\\/\\\/biomonde.com\\\/\",\"name\":\"BioMonde\",\"description\":\"Making Healing Possible\",\"publisher\":{\"@id\":\"https:\\\/\\\/biomonde.com\\\/#organization\"},\"potentialAction\":[{\"@type\":\"SearchAction\",\"target\":{\"@type\":\"EntryPoint\",\"urlTemplate\":\"https:\\\/\\\/biomonde.com\\\/?s={search_term_string}\"},\"query-input\":{\"@type\":\"PropertyValueSpecification\",\"valueRequired\":true,\"valueName\":\"search_term_string\"}}],\"inLanguage\":\"de\"},{\"@type\":\"Organization\",\"@id\":\"https:\\\/\\\/biomonde.com\\\/#organization\",\"name\":\"BioMonde\",\"url\":\"https:\\\/\\\/biomonde.com\\\/\",\"logo\":{\"@type\":\"ImageObject\",\"inLanguage\":\"de\",\"@id\":\"https:\\\/\\\/biomonde.com\\\/#\\\/schema\\\/logo\\\/image\\\/\",\"url\":\"https:\\\/\\\/biomonde.com\\\/wp-content\\\/uploads\\\/2021\\\/03\\\/biomonde-logo-512.png\",\"contentUrl\":\"https:\\\/\\\/biomonde.com\\\/wp-content\\\/uploads\\\/2021\\\/03\\\/biomonde-logo-512.png\",\"width\":512,\"height\":512,\"caption\":\"BioMonde\"},\"image\":{\"@id\":\"https:\\\/\\\/biomonde.com\\\/#\\\/schema\\\/logo\\\/image\\\/\"},\"sameAs\":[\"https:\\\/\\\/www.facebook.com\\\/biomondeuki\",\"https:\\\/\\\/x.com\\\/biomondeuk\",\"https:\\\/\\\/www.instagram.com\\\/biomonde_uk\\\/\",\"https:\\\/\\\/www.linkedin.com\\\/company\\\/biomondeuk\\\/\",\"https:\\\/\\\/www.youtube.com\\\/channel\\\/UCgvvHlcLny1a_WoEWtxn8Qg\\\/videos\"]}]}<\/script>\n<!-- \/ Yoast SEO plugin. -->","yoast_head_json":{"title":"Larventherapie & BioBag\u00ae - Wie wir es machen - BioMonde","description":"Mit unseren Larventherapie Produkten unterst\u00fctzen wir den Heilungsprozess - und machen Hoffnung. Das ist, was wir tun.","robots":{"index":"index","follow":"follow","max-snippet":"max-snippet:-1","max-image-preview":"max-image-preview:large","max-video-preview":"max-video-preview:-1"},"canonical":"https:\/\/biomonde.com\/how-we-do-it\/","og_locale":"de_DE","og_type":"article","og_title":"Larventherapie & BioBag\u00ae - Wie wir es machen - BioMonde","og_description":"Mit unseren Larventherapie Produkten unterst\u00fctzen wir den Heilungsprozess - und machen Hoffnung. Das ist, was wir tun.","og_url":"https:\/\/biomonde.com\/how-we-do-it\/","og_site_name":"BioMonde","article_publisher":"https:\/\/www.facebook.com\/biomondeuki","article_modified_time":"2022-03-08T14:15:40+00:00","twitter_card":"summary_large_image","twitter_site":"@biomondeuk","twitter_misc":{"Gesch\u00e4tzte Lesezeit":"1\u00a0Minute"},"schema":{"@context":"https:\/\/schema.org","@graph":[{"@type":"WebPage","@id":"https:\/\/biomonde.com\/how-we-do-it\/","url":"https:\/\/biomonde.com\/how-we-do-it\/","name":"Larventherapie & BioBag\u00ae - Wie wir es machen - BioMonde","isPartOf":{"@id":"https:\/\/biomonde.com\/#website"},"datePublished":"2021-04-21T10:40:22+00:00","dateModified":"2022-03-08T14:15:40+00:00","description":"Mit unseren Larventherapie Produkten unterst\u00fctzen wir den Heilungsprozess - und machen Hoffnung. Das ist, was wir tun.","breadcrumb":{"@id":"https:\/\/biomonde.com\/how-we-do-it\/#breadcrumb"},"inLanguage":"de","potentialAction":[{"@type":"ReadAction","target":["https:\/\/biomonde.com\/how-we-do-it\/"]}]},{"@type":"BreadcrumbList","@id":"https:\/\/biomonde.com\/how-we-do-it\/#breadcrumb","itemListElement":[{"@type":"ListItem","position":1,"name":"Home","item":"https:\/\/biomonde.com\/"},{"@type":"ListItem","position":2,"name":"Wie wir es machen"}]},{"@type":"WebSite","@id":"https:\/\/biomonde.com\/#website","url":"https:\/\/biomonde.com\/","name":"BioMonde","description":"Making Healing Possible","publisher":{"@id":"https:\/\/biomonde.com\/#organization"},"potentialAction":[{"@type":"SearchAction","target":{"@type":"EntryPoint","urlTemplate":"https:\/\/biomonde.com\/?s={search_term_string}"},"query-input":{"@type":"PropertyValueSpecification","valueRequired":true,"valueName":"search_term_string"}}],"inLanguage":"de"},{"@type":"Organization","@id":"https:\/\/biomonde.com\/#organization","name":"BioMonde","url":"https:\/\/biomonde.com\/","logo":{"@type":"ImageObject","inLanguage":"de","@id":"https:\/\/biomonde.com\/#\/schema\/logo\/image\/","url":"https:\/\/biomonde.com\/wp-content\/uploads\/2021\/03\/biomonde-logo-512.png","contentUrl":"https:\/\/biomonde.com\/wp-content\/uploads\/2021\/03\/biomonde-logo-512.png","width":512,"height":512,"caption":"BioMonde"},"image":{"@id":"https:\/\/biomonde.com\/#\/schema\/logo\/image\/"},"sameAs":["https:\/\/www.facebook.com\/biomondeuki","https:\/\/x.com\/biomondeuk","https:\/\/www.instagram.com\/biomonde_uk\/","https:\/\/www.linkedin.com\/company\/biomondeuk\/","https:\/\/www.youtube.com\/channel\/UCgvvHlcLny1a_WoEWtxn8Qg\/videos"]}]}},"_links":{"self":[{"href":"https:\/\/biomonde.com\/de\/wp-json\/wp\/v2\/pages\/1146","targetHints":{"allow":["GET"]}}],"collection":[{"href":"https:\/\/biomonde.com\/de\/wp-json\/wp\/v2\/pages"}],"about":[{"href":"https:\/\/biomonde.com\/de\/wp-json\/wp\/v2\/types\/page"}],"author":[{"embeddable":true,"href":"https:\/\/biomonde.com\/de\/wp-json\/wp\/v2\/users\/1"}],"replies":[{"embeddable":true,"href":"https:\/\/biomonde.com\/de\/wp-json\/wp\/v2\/comments?post=1146"}],"version-history":[{"count":5,"href":"https:\/\/biomonde.com\/de\/wp-json\/wp\/v2\/pages\/1146\/revisions"}],"predecessor-version":[{"id":7564,"href":"https:\/\/biomonde.com\/de\/wp-json\/wp\/v2\/pages\/1146\/revisions\/7564"}],"wp:attachment":[{"href":"https:\/\/biomonde.com\/de\/wp-json\/wp\/v2\/media?parent=1146"}],"curies":[{"name":"wp","href":"https:\/\/api.w.org\/{rel}","templated":true}]}}