{"id":1164,"date":"2021-04-22T13:11:55","date_gmt":"2021-04-22T13:11:55","guid":{"rendered":"https:\/\/biomonde.local\/?page_id=1164"},"modified":"2026-04-22T15:52:27","modified_gmt":"2026-04-22T15:52:27","slug":"biomonde-live","status":"publish","type":"page","link":"https:\/\/biomonde.com\/de\/biomonde-live\/","title":{"rendered":"BioMonde LIVE"},"content":{"rendered":"<div class=\"block-section block-media-text\">\n  <div class=\"row\">\n    <div class=\"col-lg-6 col-media order-lg-2\">\n      <div class=\"col-content\">\n                  <img decoding=\"async\" src=\"https:\/\/biomonde.com\/wp-content\/uploads\/2021\/11\/biomonde-hamburg-211021_FSI2761-600x400.jpg\" alt=\"\">\n                <\/div>\n    <\/div>\n\n    <div class=\"col-lg-6 col-content order-lg-1\">\n      <div class=\"col-content\">\n                  <h2 class=\"title\">Was ist BioMonde LIVE?<\/h2>\n        \n                  <div class=\"content\"><p>BioMonde LIVE bringt Schulungen zur Larventherapie direkt online zu Ihnen nach Hause oder an Ihren Arbeitsplatz!<\/p>\n<p>Mit verschiedenen Webinar-Inhalten f\u00fcr Pflegepersonal, \u00e4rztliches Personal, Apotheker*innen und alle Wundbehandelnden erhalten Sie das erforderliche Wissen \u00fcber die Larventherapie.<\/p>\n<p>Melden Sie sich einfach unten f\u00fcr ein Webinar an.<\/p>\n<\/div>\n              <\/div>\n    <\/div>\n  <\/div>\n<\/div>\n\n\n<div class=\"block-section block-features\">\n  <h2 class=\"title\">Wie nehme ich teil?<\/h2>\n\n  \n      <div class=\"feature-row row\">\n              <div class=\"col-md-6 col-xl-3 feature-col\" style=\"--anim-order: 1;\">\n          <div class=\"feature\">\n            \n            <div class=\"content-wrap\">\n              \n              <h3 class=\"feature-title\">Schritt 1.<\/h3>\n\n              <div class=\"content\"><p>W\u00e4hlen Sie Ihr Level<\/p>\n<\/div>\n\n                          <\/div>\n          <\/div>\n        <\/div>\n              <div class=\"col-md-6 col-xl-3 feature-col\" style=\"--anim-order: 2;\">\n          <div class=\"feature\">\n            \n            <div class=\"content-wrap\">\n              \n              <h3 class=\"feature-title\">Schritt 2.<\/h3>\n\n              <div class=\"content\"><p>W\u00e4hlen sie einen Webinar-Termin<\/p>\n<\/div>\n\n                          <\/div>\n          <\/div>\n        <\/div>\n              <div class=\"col-md-6 col-xl-3 feature-col\" style=\"--anim-order: 3;\">\n          <div class=\"feature\">\n            \n            <div class=\"content-wrap\">\n              \n              <h3 class=\"feature-title\">Schritt 3.<\/h3>\n\n              <div class=\"content\"><p><span style=\"font-weight: 400;\">Registrieren<\/span><\/p>\n<\/div>\n\n                          <\/div>\n          <\/div>\n        <\/div>\n              <div class=\"col-md-6 col-xl-3 feature-col\" style=\"--anim-order: 4;\">\n          <div class=\"feature\">\n            \n            <div class=\"content-wrap\">\n              \n              <h3 class=\"feature-title\">Schritt 4.<\/h3>\n\n              <div class=\"content\"><p><span style=\"font-weight: 400;\">Lernen<\/span><\/p>\n<\/div>\n\n                          <\/div>\n          <\/div>\n        <\/div>\n          <\/div>\n  <\/div>\n\n\n\n<div class=\"wp-block-group block-section-alt is-layout-flow wp-block-group-is-layout-flow\">\n<div class=\"wp-block-columns is-layout-flex wp-container-core-columns-is-layout-28f84493 wp-block-columns-is-layout-flex\">\n<div class=\"wp-block-column is-layout-flow wp-block-column-is-layout-flow\">\n<h2 class=\"wp-block-heading\" id=\"schritt-1-wahlen-sie-ihr-level\">Schritt 1. W\u00e4hlen Sie Ihr Level<\/h2>\n\n\n\n<p>Wir haben vier Stufen geschaffen, damit Sie auf dem Niveau lernen k\u00f6nnen, das Sie ben\u00f6tigen.<\/p>\n\n\n        <div class=\"block-section block-faqs\">\n                      <div class=\"faq active initial\">\n              <h3 class=\"question\">LEVEL 1 | PFLEGEPERSONAL<\/h3>\n              <div class=\"answer\"><p>Dieses Training ist f\u00fcr Krankenschwestern und<br \/>\n-pfleger, die Patienten versorgen und evtl. den<br \/>\nVerbandwechsel durchf\u00fchren, geeignet. Nach<br \/>\ndiesem Training verstehen Sie, wie Larven<br \/>\nWunden reinigen und werden das Wissen<br \/>\nhaben, Larventherapie Produkte zu applizieren.<\/p>\n<\/div>\n            <\/div>\n                      <div class=\"faq\">\n              <h3 class=\"question\">LEVEL 2 | WUNDEXPERTINNEN &#038; WUNDEXPERTEN<\/h3>\n              <div class=\"answer\"><p>Dieses Level ist f\u00fcr Pflegende mit einer Zusazqualifikation in Wundversorgung geeignet, die Larven applizieren, Verbandwechsel durchf\u00fchren, Patienten schulen und \u00c4rzte*innen bei der Therapieauswahl beraten. Nach dieser Einheit wissen Sie, wie eine Larventherapie optimal geplant wird, wie Larven bei unterschiedlichen Wundverh\u00e4ltnissen zu applizieren sind und welchen Einflu\u00df Larven auf Biofilme haben. Weiterhin werden sie \u00fcber die Kodierung von<br \/>\nLarventherapie im DRG System informiert sein.<\/p>\n<\/div>\n            <\/div>\n                      <div class=\"faq\">\n              <h3 class=\"question\">LEVEL 3 | \u00c4RZTE &#038; \u00c4RZTINNEN<\/h3>\n              <div class=\"answer\"><p>Nach dieser Einheit sind Sie in der Lage, eine<br \/>\nLarventherapie optimal zu planen und zu<br \/>\ndelegieren. Sie lernen die antibakterielle und<br \/>\nbiofilmzerst\u00f6rende Wirkung der Larventherapie<br \/>\nkennen und erfahren, wie die Larventherapie<br \/>\ndie Angiogenese beschleunigt. Ferner k\u00f6nnen<br \/>\nSie eine optimale Therapieentscheidung, sowohl<br \/>\nnach medizinischen Faktoren, als auch nach<br \/>\n\u00f6konomischen Gesichtspunkten treffen.<\/p>\n<\/div>\n            <\/div>\n                      <div class=\"faq\">\n              <h3 class=\"question\">LEVEL 4 | KLINIKAPOTHEKER UND -APOTHEKERINNEN<\/h3>\n              <div class=\"answer\"><p>Nach dieser Einheit sind Sie in der Lage, ihre<br \/>\n\u00c4rzte und Wundtherapeuten bei der Therapieplanung<br \/>\neffektiv zu unterst\u00fctzen. Lernen Sie<br \/>\nden Produktionsprozess zur Herstellung von<br \/>\nLarvenprodukten kennen. Verkn\u00fcpfen Sie den<br \/>\nBestellprozess der Larvenprodukte optimal mit<br \/>\nder Logistik ihres Hauses.<\/p>\n<\/div>\n            <\/div>\n                  <\/div>\n        <\/div>\n\n\n\n<div class=\"wp-block-column is-layout-flow wp-block-column-is-layout-flow\">\n<figure class=\"wp-block-image size-large\"><img loading=\"lazy\" decoding=\"async\" width=\"1920\" height=\"1282\" src=\"https:\/\/biomonde.com\/wp-content\/uploads\/2021\/09\/shutterstock_1329217175-1920x1282.jpg\" alt=\"\" class=\"wp-image-4759\"\/><\/figure>\n<\/div>\n<\/div>\n<\/div>\n\n\n<div class=\"block-section block-media-text\">\n  <div class=\"row\">\n    <div class=\"col-lg-6 col-media\">\n      <div class=\"col-content\">\n                  <img decoding=\"async\" src=\"https:\/\/biomonde.com\/wp-content\/uploads\/2021\/09\/shutterstock_429795430-600x400.jpg\" alt=\"\">\n                <\/div>\n    <\/div>\n\n    <div class=\"col-lg-6 col-content\">\n      <div class=\"col-content\">\n                  <h2 class=\"title\">Schritt 2. W\u00e4hlen Sie einen Termin<\/h2>\n        \n                  <div class=\"content\"><p><a href=\"https:\/\/t1p.de\/5fud6\" target=\"_blank\" rel=\"noopener\">BioMonde LIVE Webinar mit <strong>Ariane Blohm<\/strong>, Clinical Support Managerin: \u201e<strong>\u00d6konomisch \u2013 praktisch \u2013 gut. Kodierung und Ressourcenoptimierung in der Biochirurgie<\/strong>\u201c | Zielgruppe: medizinisches Klinikpersonal | Mittwoch, 27. Mai 2026, 17:00 Uhr<\/a><\/p>\n<p><a href=\"https:\/\/t1p.de\/h47dq\" target=\"_blank\" rel=\"noopener\">BioMonde LIVE Gastwebinar mit <strong>Prof. Dr. med. Cornelia Erfurt-Berge<\/strong>, Ober\u00e4rztin am Uniklinikum Erlangen: \u201e<strong>Besondere Wunden in der Dermatologie<\/strong>\u201c (Arbeitstitel) | Zielgruppe: medizinisches Klinikpersonal | Mittwoch, 01. Juli 2026, 17:00 Uhr<\/a><\/p>\n<p><a href=\"https:\/\/t1p.de\/7cjy8\" target=\"_blank\" rel=\"noopener\">BioMonde LIVE Gastwebinar mit <strong>Prof. Dr. med. Axel Larena-Avellaneda<\/strong>, Chefarzt an der Asklepios Klinik Hamburg-Altona: \u201e<strong>Einblicke in die Gef\u00e4\u00df- und endovaskul\u00e4re Chirurgie<\/strong>\u201c (Arbeitstitel) | Zielgruppe: medizinisches Klinikpersonal | Mittwoch, 26. August 2026, 17:00 Uhr<\/a><\/p>\n<\/div>\n              <\/div>\n    <\/div>\n  <\/div>\n<\/div>\n\n\n\n<div class=\"wp-block-group block-section-alt is-layout-flow wp-block-group-is-layout-flow\"><div class=\"block-section block-media-text\">\n  <div class=\"row\">\n    <div class=\"col-lg-6 col-media order-lg-2\">\n      <div class=\"col-content\">\n                  <img decoding=\"async\" src=\"https:\/\/biomonde.com\/wp-content\/uploads\/2021\/09\/shutterstock_172885721-600x400.jpg\" alt=\"\">\n                <\/div>\n    <\/div>\n\n    <div class=\"col-lg-6 col-content order-lg-1\">\n      <div class=\"col-content\">\n                  <h2 class=\"title\">Schritt 3. Registrieren Sie sich<\/h2>\n        \n                  <div class=\"content\"><p>Sobald Sie sich f\u00fcr Ihr ausgew\u00e4hltes Webinar angemeldet haben, erhalten Sie eine Best\u00e4tigungsmail.<\/p>\n<h2 class=\"title\">Schritt 4. Lernen<\/h2>\n<p>Die Schulung wird live von unserem internen Produktmanager oder Gastdozenten durchgef\u00fchrt, damit Sie aktuelle Schulungsinhalte erhalten. Nehmen Sie an der Diskussion mit \u00c4rzten*innen und Wundexperten*innen aus dem ganzen Land mit Live-Fragen und Antworten und Chat teil. Wir freuen uns, wenn Sie sich uns anschlie\u00dfen, um Ihr Vertrauen und Ihr Wissen \u00fcber die Larventherapie zu vertiefen.<\/p>\n<\/div>\n              <\/div>\n    <\/div>\n  <\/div>\n<\/div>\n<\/div>\n\n\n\n<h2 class=\"wp-block-heading\">Ihre BioMonde Ansprechpartner<\/h2>\n\n\n\n<div class=\"wp-block-columns are-vertically-aligned-center is-layout-flex wp-container-core-columns-is-layout-28f84493 wp-block-columns-is-layout-flex\">\n<div class=\"wp-block-column is-vertically-aligned-center is-layout-flow wp-block-column-is-layout-flow\">\n<div class=\"wp-block-columns is-layout-flex wp-container-core-columns-is-layout-28f84493 wp-block-columns-is-layout-flex\">\n<div class=\"wp-block-column is-layout-flow wp-block-column-is-layout-flow\">\n<figure class=\"wp-block-image size-full\" id=\"ablohm\"><img loading=\"lazy\" decoding=\"async\" width=\"600\" height=\"600\" src=\"https:\/\/biomonde.com\/wp-content\/uploads\/2025\/11\/ABLOHM-Live-Bio-3-kl600x600.png\" alt=\"\" class=\"wp-image-11846\" srcset=\"https:\/\/biomonde.com\/wp-content\/uploads\/2025\/11\/ABLOHM-Live-Bio-3-kl600x600.png 600w, https:\/\/biomonde.com\/wp-content\/uploads\/2025\/11\/ABLOHM-Live-Bio-3-kl600x600-150x150.png 150w, https:\/\/biomonde.com\/wp-content\/uploads\/2025\/11\/ABLOHM-Live-Bio-3-kl600x600-20x20.png 20w\" sizes=\"auto, (max-width: 600px) 100vw, 600px\" \/><\/figure>\n<\/div>\n\n\n\n<div class=\"wp-block-column is-vertically-aligned-center is-layout-flow wp-block-column-is-layout-flow\">\n<h2 class=\"wp-block-heading\"><\/h2>\n\n\n\n<p><mark style=\"background-color:rgba(0, 0, 0, 0)\" class=\"has-inline-color has-primary-color\"><strong>Ariane Blohm<\/strong> <\/mark>ist als Clinical Support Managerin Ihre kompetente Ansprechpartnerin bei BioMonde \u2013 bei allen Fragen rund um die medizinische Larventherapie. Als Tier\u00e4rztin mit Forschungserfahrung bringt sie die notwendige pharmazeutische Expertise mit. Perfekt ger\u00fcstet f\u00fcr die Biochirurgie: Sie brennt f\u00fcr dieses Verfahren und ist begeistert von der effektiven und vielseitigen Wirkungsweise der Goldfliegenlarven auf Wunden, der Larventherapie als nat\u00fcrliche Alternative zu herk\u00f6mmlichen Methoden. Abseits der Wundversorgung verbringt sie ihre Freizeit gerne mit dem eigenen Pferd und interessiert sich f\u00fcr das Genre komplexer Kriminalf\u00e4lle und deren psychologischen Hintergr\u00fcnde.<\/p>\n\n\n\n<p><a href=\"mailto:ablohm@biomonde.com\"><img loading=\"lazy\" decoding=\"async\" class=\"alignnone wp-image-10727\" src=\"https:\/\/biomonde.com\/wp-content\/uploads\/2023\/04\/buttonlogo_email.png\" alt=\"\" width=\"40\" height=\"40\" srcset=\"https:\/\/biomonde.com\/wp-content\/uploads\/2023\/04\/buttonlogo_email.png 554w, https:\/\/biomonde.com\/wp-content\/uploads\/2023\/04\/buttonlogo_email-150x150.png 150w, https:\/\/biomonde.com\/wp-content\/uploads\/2023\/04\/buttonlogo_email-20x20.png 20w\" sizes=\"auto, (max-width: 40px) 100vw, 40px\" \/><\/a><a href=\"http:\/\/www.linkedin.com\/in\/riane-blohm-294642349\/\"><img loading=\"lazy\" decoding=\"async\" class=\"alignnone wp-image-10730 size-full\" src=\"https:\/\/biomonde.com\/wp-content\/uploads\/2023\/04\/download-e1682587395868.png\" alt=\"\" width=\"40\" height=\"40\" srcset=\"https:\/\/biomonde.com\/wp-content\/uploads\/2023\/04\/download-e1682587395868.png 40w, https:\/\/biomonde.com\/wp-content\/uploads\/2023\/04\/download-e1682587395868-20x20.png 20w\" sizes=\"auto, (max-width: 40px) 100vw, 40px\" \/><\/a><\/p>\n<\/div>\n<\/div>\n<\/div>\n<\/div>\n\n\n\n<div class=\"wp-block-columns are-vertically-aligned-center is-layout-flex wp-container-core-columns-is-layout-28f84493 wp-block-columns-is-layout-flex\">\n<div class=\"wp-block-column is-vertically-aligned-center is-layout-flow wp-block-column-is-layout-flow\">\n<figure class=\"wp-block-image size-full\" id=\"msievers\"><img loading=\"lazy\" decoding=\"async\" width=\"600\" height=\"600\" src=\"https:\/\/biomonde.com\/wp-content\/uploads\/2025\/11\/MSIEVERS-Live-Bio-3-kl600x600.png\" alt=\"\" class=\"wp-image-11849\" srcset=\"https:\/\/biomonde.com\/wp-content\/uploads\/2025\/11\/MSIEVERS-Live-Bio-3-kl600x600.png 600w, https:\/\/biomonde.com\/wp-content\/uploads\/2025\/11\/MSIEVERS-Live-Bio-3-kl600x600-150x150.png 150w, https:\/\/biomonde.com\/wp-content\/uploads\/2025\/11\/MSIEVERS-Live-Bio-3-kl600x600-20x20.png 20w\" sizes=\"auto, (max-width: 600px) 100vw, 600px\" \/><\/figure>\n<\/div>\n\n\n\n<div class=\"wp-block-column is-vertically-aligned-center is-layout-flow wp-block-column-is-layout-flow\">\n<h3 class=\"wp-block-heading title\" id=\"uber-ihren-gastgeber\"><\/h3>\n\n\n\n<p><strong><mark style=\"background-color:rgba(0, 0, 0, 0)\" class=\"has-inline-color has-brand-primary-color\">Marco Sievers<\/mark><\/strong>&nbsp;ist als Marketing Manager f\u00fcr die Produkt- und Markenkommunikation von BioMonde zust\u00e4ndig, sein Fokus liegt auf der Vertriebsunterst\u00fctzung. Der Mediengestalter mit kaufm\u00e4nnischer Ausbildung hat langj\u00e4hrige Erfahrungen in Presse- und \u00d6ffentlichkeitsarbeit innerhalb der Gesundheitsbranche \u2013 er ist Ansprechperson insbesondere f\u00fcr Gesch\u00e4ftspartner und Agenturen.<\/p>\n\n\n\n<p>In seiner Heimatstadt L\u00fcneburg engagiert sich Marco Sievers im Bildungsbereich, und regelm\u00e4\u00dfiges Lauftraining z\u00e4hlt zu seinem Freizeitsport.<\/p>\n\n\n\n<p><a href=\"mailto:msievers@biomonde.com\"><img loading=\"lazy\" decoding=\"async\" class=\"alignnone wp-image-10727\" src=\"https:\/\/biomonde.com\/wp-content\/uploads\/2023\/04\/buttonlogo_email.png\" alt=\"\" width=\"40\" height=\"40\" srcset=\"https:\/\/biomonde.com\/wp-content\/uploads\/2023\/04\/buttonlogo_email.png 554w, https:\/\/biomonde.com\/wp-content\/uploads\/2023\/04\/buttonlogo_email-150x150.png 150w, https:\/\/biomonde.com\/wp-content\/uploads\/2023\/04\/buttonlogo_email-20x20.png 20w\" sizes=\"auto, (max-width: 40px) 100vw, 40px\" \/><\/a><a href=\"http:\/\/www.linkedin.com\/in\/msievers\/\"><img loading=\"lazy\" decoding=\"async\" class=\"alignnone wp-image-10730 size-full\" src=\"https:\/\/biomonde.com\/wp-content\/uploads\/2023\/04\/download-e1682587395868.png\" alt=\"\" width=\"40\" height=\"40\" srcset=\"https:\/\/biomonde.com\/wp-content\/uploads\/2023\/04\/download-e1682587395868.png 40w, https:\/\/biomonde.com\/wp-content\/uploads\/2023\/04\/download-e1682587395868-20x20.png 20w\" sizes=\"auto, (max-width: 40px) 100vw, 40px\" \/><\/a><a href=\"http:\/\/www.xing.com\/profile\/Marco_Sievers4\/cv\"><img loading=\"lazy\" decoding=\"async\" class=\"alignnone wp-image-10724 size-full\" src=\"https:\/\/biomonde.com\/wp-content\/uploads\/2023\/04\/buttonlogo_xing-e1682587409125.png\" alt=\"xing\" width=\"40\" height=\"40\" srcset=\"https:\/\/biomonde.com\/wp-content\/uploads\/2023\/04\/buttonlogo_xing-e1682587409125.png 40w, https:\/\/biomonde.com\/wp-content\/uploads\/2023\/04\/buttonlogo_xing-e1682587409125-20x20.png 20w\" sizes=\"auto, (max-width: 40px) 100vw, 40px\" \/><\/a><\/p>\n<\/div>\n<\/div>\n\n\n\n<p><\/p>\n","protected":false},"excerpt":{"rendered":"<p>Schritt 1. W\u00e4hlen Sie Ihr Level Wir haben vier Stufen geschaffen, damit Sie auf dem Niveau lernen k\u00f6nnen, das Sie ben\u00f6tigen. Ihre BioMonde Ansprechpartner Ariane Blohm ist als Clinical Support Managerin Ihre kompetente Ansprechpartnerin bei BioMonde \u2013 bei allen Fragen rund um die medizinische Larventherapie. Als Tier\u00e4rztin mit Forschungserfahrung bringt sie die notwendige pharmazeutische Expertise &hellip; <a href=\"https:\/\/biomonde.com\/de\/biomonde-live\/\">Continued<\/a><\/p>\n","protected":false},"author":2,"featured_media":0,"parent":0,"menu_order":0,"comment_status":"closed","ping_status":"closed","template":"","meta":{"_acf_changed":false,"footnotes":""},"class_list":["post-1164","page","type-page","status-publish","hentry"],"acf":[],"yoast_head":"<!-- This site is optimized with the Yoast SEO plugin v27.5 - https:\/\/yoast.com\/product\/yoast-seo-wordpress\/ -->\n<title>BioMonde LIVE - Larventherapie Online Webinare<\/title>\n<meta name=\"description\" content=\"Anmeldung zu den BioMonde LIVE Online Webinaren - Larventherapie Ausbildung und Training.\" \/>\n<meta name=\"robots\" content=\"index, follow, max-snippet:-1, max-image-preview:large, max-video-preview:-1\" \/>\n<link rel=\"canonical\" href=\"https:\/\/biomonde.com\/de\/biomonde-live\/\" \/>\n<meta property=\"og:locale\" content=\"de_DE\" \/>\n<meta property=\"og:type\" content=\"article\" \/>\n<meta property=\"og:title\" content=\"BioMonde LIVE - Larventherapie Online Webinare\" \/>\n<meta property=\"og:description\" content=\"Anmeldung zu den BioMonde LIVE Online Webinaren - Larventherapie Ausbildung und Training.\" \/>\n<meta property=\"og:url\" content=\"https:\/\/biomonde.com\/de\/biomonde-live\/\" \/>\n<meta property=\"og:site_name\" content=\"BioMonde\" \/>\n<meta property=\"article:publisher\" content=\"https:\/\/www.facebook.com\/biomondeuki\" \/>\n<meta property=\"article:modified_time\" content=\"2026-04-22T15:52:27+00:00\" \/>\n<meta property=\"og:image\" content=\"https:\/\/biomonde.com\/wp-content\/uploads\/2021\/09\/shutterstock_1329217175-1920x1282.jpg\" \/>\n<meta name=\"twitter:card\" content=\"summary_large_image\" \/>\n<meta name=\"twitter:site\" content=\"@biomondeuk\" \/>\n<meta name=\"twitter:label1\" content=\"Gesch\u00e4tzte Lesezeit\" \/>\n\t<meta name=\"twitter:data1\" content=\"1\u00a0Minute\" \/>\n<script type=\"application\/ld+json\" class=\"yoast-schema-graph\">{\"@context\":\"https:\\\/\\\/schema.org\",\"@graph\":[{\"@type\":\"WebPage\",\"@id\":\"https:\\\/\\\/biomonde.com\\\/de\\\/biomonde-live\\\/\",\"url\":\"https:\\\/\\\/biomonde.com\\\/de\\\/biomonde-live\\\/\",\"name\":\"BioMonde LIVE - Larventherapie Online Webinare\",\"isPartOf\":{\"@id\":\"https:\\\/\\\/biomonde.com\\\/#website\"},\"primaryImageOfPage\":{\"@id\":\"https:\\\/\\\/biomonde.com\\\/de\\\/biomonde-live\\\/#primaryimage\"},\"image\":{\"@id\":\"https:\\\/\\\/biomonde.com\\\/de\\\/biomonde-live\\\/#primaryimage\"},\"thumbnailUrl\":\"https:\\\/\\\/biomonde.com\\\/wp-content\\\/uploads\\\/2021\\\/09\\\/shutterstock_1329217175-1920x1282.jpg\",\"datePublished\":\"2021-04-22T13:11:55+00:00\",\"dateModified\":\"2026-04-22T15:52:27+00:00\",\"description\":\"Anmeldung zu den BioMonde LIVE Online Webinaren - Larventherapie Ausbildung und Training.\",\"breadcrumb\":{\"@id\":\"https:\\\/\\\/biomonde.com\\\/de\\\/biomonde-live\\\/#breadcrumb\"},\"inLanguage\":\"de\",\"potentialAction\":[{\"@type\":\"ReadAction\",\"target\":[\"https:\\\/\\\/biomonde.com\\\/de\\\/biomonde-live\\\/\"]}]},{\"@type\":\"ImageObject\",\"inLanguage\":\"de\",\"@id\":\"https:\\\/\\\/biomonde.com\\\/de\\\/biomonde-live\\\/#primaryimage\",\"url\":\"https:\\\/\\\/biomonde.com\\\/wp-content\\\/uploads\\\/2021\\\/09\\\/shutterstock_1329217175-1920x1282.jpg\",\"contentUrl\":\"https:\\\/\\\/biomonde.com\\\/wp-content\\\/uploads\\\/2021\\\/09\\\/shutterstock_1329217175-1920x1282.jpg\"},{\"@type\":\"BreadcrumbList\",\"@id\":\"https:\\\/\\\/biomonde.com\\\/de\\\/biomonde-live\\\/#breadcrumb\",\"itemListElement\":[{\"@type\":\"ListItem\",\"position\":1,\"name\":\"Home\",\"item\":\"https:\\\/\\\/biomonde.com\\\/\"},{\"@type\":\"ListItem\",\"position\":2,\"name\":\"BioMonde LIVE\"}]},{\"@type\":\"WebSite\",\"@id\":\"https:\\\/\\\/biomonde.com\\\/#website\",\"url\":\"https:\\\/\\\/biomonde.com\\\/\",\"name\":\"BioMonde\",\"description\":\"Making Healing Possible\",\"publisher\":{\"@id\":\"https:\\\/\\\/biomonde.com\\\/#organization\"},\"potentialAction\":[{\"@type\":\"SearchAction\",\"target\":{\"@type\":\"EntryPoint\",\"urlTemplate\":\"https:\\\/\\\/biomonde.com\\\/?s={search_term_string}\"},\"query-input\":{\"@type\":\"PropertyValueSpecification\",\"valueRequired\":true,\"valueName\":\"search_term_string\"}}],\"inLanguage\":\"de\"},{\"@type\":\"Organization\",\"@id\":\"https:\\\/\\\/biomonde.com\\\/#organization\",\"name\":\"BioMonde\",\"url\":\"https:\\\/\\\/biomonde.com\\\/\",\"logo\":{\"@type\":\"ImageObject\",\"inLanguage\":\"de\",\"@id\":\"https:\\\/\\\/biomonde.com\\\/#\\\/schema\\\/logo\\\/image\\\/\",\"url\":\"https:\\\/\\\/biomonde.com\\\/wp-content\\\/uploads\\\/2021\\\/03\\\/biomonde-logo-512.png\",\"contentUrl\":\"https:\\\/\\\/biomonde.com\\\/wp-content\\\/uploads\\\/2021\\\/03\\\/biomonde-logo-512.png\",\"width\":512,\"height\":512,\"caption\":\"BioMonde\"},\"image\":{\"@id\":\"https:\\\/\\\/biomonde.com\\\/#\\\/schema\\\/logo\\\/image\\\/\"},\"sameAs\":[\"https:\\\/\\\/www.facebook.com\\\/biomondeuki\",\"https:\\\/\\\/x.com\\\/biomondeuk\",\"https:\\\/\\\/www.instagram.com\\\/biomonde_uk\\\/\",\"https:\\\/\\\/www.linkedin.com\\\/company\\\/biomondeuk\\\/\",\"https:\\\/\\\/www.youtube.com\\\/channel\\\/UCgvvHlcLny1a_WoEWtxn8Qg\\\/videos\"]}]}<\/script>\n<!-- \/ Yoast SEO plugin. -->","yoast_head_json":{"title":"BioMonde LIVE - Larventherapie Online Webinare","description":"Anmeldung zu den BioMonde LIVE Online Webinaren - Larventherapie Ausbildung und Training.","robots":{"index":"index","follow":"follow","max-snippet":"max-snippet:-1","max-image-preview":"max-image-preview:large","max-video-preview":"max-video-preview:-1"},"canonical":"https:\/\/biomonde.com\/de\/biomonde-live\/","og_locale":"de_DE","og_type":"article","og_title":"BioMonde LIVE - Larventherapie Online Webinare","og_description":"Anmeldung zu den BioMonde LIVE Online Webinaren - Larventherapie Ausbildung und Training.","og_url":"https:\/\/biomonde.com\/de\/biomonde-live\/","og_site_name":"BioMonde","article_publisher":"https:\/\/www.facebook.com\/biomondeuki","article_modified_time":"2026-04-22T15:52:27+00:00","og_image":[{"url":"https:\/\/biomonde.com\/wp-content\/uploads\/2021\/09\/shutterstock_1329217175-1920x1282.jpg","type":"","width":"","height":""}],"twitter_card":"summary_large_image","twitter_site":"@biomondeuk","twitter_misc":{"Gesch\u00e4tzte Lesezeit":"1\u00a0Minute"},"schema":{"@context":"https:\/\/schema.org","@graph":[{"@type":"WebPage","@id":"https:\/\/biomonde.com\/de\/biomonde-live\/","url":"https:\/\/biomonde.com\/de\/biomonde-live\/","name":"BioMonde LIVE - Larventherapie Online Webinare","isPartOf":{"@id":"https:\/\/biomonde.com\/#website"},"primaryImageOfPage":{"@id":"https:\/\/biomonde.com\/de\/biomonde-live\/#primaryimage"},"image":{"@id":"https:\/\/biomonde.com\/de\/biomonde-live\/#primaryimage"},"thumbnailUrl":"https:\/\/biomonde.com\/wp-content\/uploads\/2021\/09\/shutterstock_1329217175-1920x1282.jpg","datePublished":"2021-04-22T13:11:55+00:00","dateModified":"2026-04-22T15:52:27+00:00","description":"Anmeldung zu den BioMonde LIVE Online Webinaren - Larventherapie Ausbildung und Training.","breadcrumb":{"@id":"https:\/\/biomonde.com\/de\/biomonde-live\/#breadcrumb"},"inLanguage":"de","potentialAction":[{"@type":"ReadAction","target":["https:\/\/biomonde.com\/de\/biomonde-live\/"]}]},{"@type":"ImageObject","inLanguage":"de","@id":"https:\/\/biomonde.com\/de\/biomonde-live\/#primaryimage","url":"https:\/\/biomonde.com\/wp-content\/uploads\/2021\/09\/shutterstock_1329217175-1920x1282.jpg","contentUrl":"https:\/\/biomonde.com\/wp-content\/uploads\/2021\/09\/shutterstock_1329217175-1920x1282.jpg"},{"@type":"BreadcrumbList","@id":"https:\/\/biomonde.com\/de\/biomonde-live\/#breadcrumb","itemListElement":[{"@type":"ListItem","position":1,"name":"Home","item":"https:\/\/biomonde.com\/"},{"@type":"ListItem","position":2,"name":"BioMonde LIVE"}]},{"@type":"WebSite","@id":"https:\/\/biomonde.com\/#website","url":"https:\/\/biomonde.com\/","name":"BioMonde","description":"Making Healing Possible","publisher":{"@id":"https:\/\/biomonde.com\/#organization"},"potentialAction":[{"@type":"SearchAction","target":{"@type":"EntryPoint","urlTemplate":"https:\/\/biomonde.com\/?s={search_term_string}"},"query-input":{"@type":"PropertyValueSpecification","valueRequired":true,"valueName":"search_term_string"}}],"inLanguage":"de"},{"@type":"Organization","@id":"https:\/\/biomonde.com\/#organization","name":"BioMonde","url":"https:\/\/biomonde.com\/","logo":{"@type":"ImageObject","inLanguage":"de","@id":"https:\/\/biomonde.com\/#\/schema\/logo\/image\/","url":"https:\/\/biomonde.com\/wp-content\/uploads\/2021\/03\/biomonde-logo-512.png","contentUrl":"https:\/\/biomonde.com\/wp-content\/uploads\/2021\/03\/biomonde-logo-512.png","width":512,"height":512,"caption":"BioMonde"},"image":{"@id":"https:\/\/biomonde.com\/#\/schema\/logo\/image\/"},"sameAs":["https:\/\/www.facebook.com\/biomondeuki","https:\/\/x.com\/biomondeuk","https:\/\/www.instagram.com\/biomonde_uk\/","https:\/\/www.linkedin.com\/company\/biomondeuk\/","https:\/\/www.youtube.com\/channel\/UCgvvHlcLny1a_WoEWtxn8Qg\/videos"]}]}},"_links":{"self":[{"href":"https:\/\/biomonde.com\/de\/wp-json\/wp\/v2\/pages\/1164","targetHints":{"allow":["GET"]}}],"collection":[{"href":"https:\/\/biomonde.com\/de\/wp-json\/wp\/v2\/pages"}],"about":[{"href":"https:\/\/biomonde.com\/de\/wp-json\/wp\/v2\/types\/page"}],"author":[{"embeddable":true,"href":"https:\/\/biomonde.com\/de\/wp-json\/wp\/v2\/users\/2"}],"replies":[{"embeddable":true,"href":"https:\/\/biomonde.com\/de\/wp-json\/wp\/v2\/comments?post=1164"}],"version-history":[{"count":5,"href":"https:\/\/biomonde.com\/de\/wp-json\/wp\/v2\/pages\/1164\/revisions"}],"predecessor-version":[{"id":12350,"href":"https:\/\/biomonde.com\/de\/wp-json\/wp\/v2\/pages\/1164\/revisions\/12350"}],"wp:attachment":[{"href":"https:\/\/biomonde.com\/de\/wp-json\/wp\/v2\/media?parent=1164"}],"curies":[{"name":"wp","href":"https:\/\/api.w.org\/{rel}","templated":true}]}}