{"id":1170,"date":"2021-04-22T13:12:58","date_gmt":"2021-04-22T13:12:58","guid":{"rendered":"https:\/\/biomonde.local\/?page_id=1170"},"modified":"2022-03-16T13:30:54","modified_gmt":"2022-03-16T13:30:54","slug":"patienten-faq","status":"publish","type":"page","link":"https:\/\/biomonde.com\/de\/patienten-faq\/","title":{"rendered":"Patient*innen FAQ"},"content":{"rendered":"\n<h2 class=\"wp-block-heading\" id=\"patient-faqs\">Fragen, die h\u00e4ufig von Patient*innen gestellt werden.<\/h2>\n\n\n        <div class=\"block-section block-faqs\">\n                      <div id=\"wie-wirken-larven-in-der-wunde\" class=\"faq active initial\">\n              <h3 class=\"question\">Wie wirken Larven in der Wunde?<\/h3>\n              <div class=\"answer\"><p>Larven besitzen keine Bei\u00df- oder Kauwerkzeuge. Sie geben ihre Verdauungsenzyme in die Umgebung ab.<\/p>\n<p>Diese Enzyme verfl\u00fcssigen abgestorbenes Gewebe und t\u00f6ten Bakterien ab. Von der entstehenden Bouillon ern\u00e4hren sich Larven durch Aufsaugen.<\/p>\n<\/div>\n            <\/div>\n                      <div id=\"konnen-larven-in-gesundes-gewebe-vordringen\" class=\"faq\">\n              <h3 class=\"question\">K\u00f6nnen Larven in gesundes Gewebe vordringen?<\/h3>\n              <div class=\"answer\"><p>Goldfliegenlarven sind sogenannte Nekrophagen. Sie ern\u00e4hren sich ausschlie\u00dflich von avitalem (abgestorbenem) Eiwei\u00df und sind nicht in der Lage, gesunde Zellen zu sch\u00e4digen. Desweiteren verf\u00fcgen sie \u00fcber keine Bei\u00dfwerkzeuge. Es kann zu Irritationen der Umgebungshaut kommen.<\/p>\n<\/div>\n            <\/div>\n                      <div id=\"konnen-sich-larven-in-der-wunde-vermehren\" class=\"faq\">\n              <h3 class=\"question\">K\u00f6nnen sich Larven in der Wunde vermehren?<\/h3>\n              <div class=\"answer\"><p>Da Larven eine Vorstufe der Goldfliege darstellen und nur erwachsene Fliegen Eier legen k\u00f6nnen, ist eine Vermehrung ausgeschlossen.<\/p>\n<p>Die Larven verbleiben auch nicht lange genug auf der Wunde, um sich hier verpuppen zu k\u00f6nnen. Weiterhin stellt eine Wunde kein geeignetes Milieu f\u00fcr eine Verpuppung dar.<\/p>\n<\/div>\n            <\/div>\n                      <div id=\"woher-kommen-die-verwendeten-larven\" class=\"faq\">\n              <h3 class=\"question\">Woher kommen die verwendeten Larven?<\/h3>\n              <div class=\"answer\"><p>Medizinische Larven f\u00fcr die Larventherapie werden in einem speziellen Labor gez\u00fcchtet. Die Fliegen werden mit f\u00fcr medizinische Produkte zertifiziertem Eiwei\u00df ern\u00e4hrt. Medizinische Larven schl\u00fcpfen unter streng \u00fcberwachten, sterilen Bedingungen.<\/p>\n<\/div>\n            <\/div>\n                      <div id=\"wie-grob-sind-die-larven\" class=\"faq\">\n              <h3 class=\"question\">Wie gro\u00df sind die Larven?<\/h3>\n              <div class=\"answer\"><p>Eine medizinische Larve ist zu Beginn der Therapie etwa 4 mm lang und damit kleiner als ein Reiskorn. Durch die Aufnahme von avitalem Gewebe wachsen die Larven innerhalb von vier Tagen bis zu einer L\u00e4nge von etwa 12 mm.<\/p>\n<\/div>\n            <\/div>\n                      <div id=\"wie-werden-larven-auf-wunden-aufgebracht\" class=\"faq\">\n              <h3 class=\"question\">Wie werden Larven auf Wunden aufgebracht?<\/h3>\n              <div class=\"answer\"><p>Die Larven werden in einen speziellen Netzbeutel aus Polyester eingeschwei\u00dft. Dieser sogenannte BioBag wird wie eine Wundauflage auf die Wunde gelegt und fixiert. W\u00e4hrend der gesamten Therapiedauer verbleiben die Larven im BioBag.<\/p>\n<\/div>\n            <\/div>\n                      <div id=\"wie-lange-dauert-die-behandlung\" class=\"faq\">\n              <h3 class=\"question\">Wie lange dauert die Behandlung?<\/h3>\n              <div class=\"answer\"><p>Ein BioBag kann bis zu vier Tagen auf der Wunde bleiben. In vielen F\u00e4llen ist die Wunde danach ausreichend gereinigt (debridiert). Es kann allerdings notwendig sein, einen zweiten oder auch dritten Zyklus durchzuf\u00fchren.<\/p>\n<p>Die Gesamtdauer der Therapie h\u00e4ngt von der Beschaffenheit der Wunde und der Menge des avitalen Gewebes sowie der Keimbelastung ab.<\/p>\n<\/div>\n            <\/div>\n                      <div id=\"was-sollte-man-wahrend-der-larventherapie-unbedingt-vermeiden\" class=\"faq\">\n              <h3 class=\"question\">Was sollte man w\u00e4hrend der Larventherapie unbedingt vermeiden?<\/h3>\n              <div class=\"answer\"><p>Larven sind lebendige Tiere und wachsen w\u00e4hrend der Behandlung. Direkter Druck, wie z.B. durch ungeeignetes Schuhwerk, ist zu vermeiden. Der BioBag sollte nicht in Wasser eingetaucht werden.<\/p>\n<p>BioBag kann f\u00fcr Untersuchungen oder die K\u00f6rperpflege zeitweise von der Wunde genommen werden.<\/p>\n<\/div>\n            <\/div>\n                      <div id=\"nimmt-man-larventherapie-wahr\" class=\"faq\">\n              <h3 class=\"question\">Nimmt man Larventherapie wahr? Verursacht Larventherapie Schmerzen?<\/h3>\n              <div class=\"answer\"><p>Viele Patient*innen merken nichts von der Larventherapie, einige berichten von einem Kribbeln oder Jucken.<\/p>\n<p>Da Larven nicht im herk\u00f6mmlichen Sinne fressen, wird die Wahrnehmung durch freigelegte oder auch neu ins Gewebe einschie\u00dfende Nervenenden ausgel\u00f6st. Das bedeutet, dass sich die Empfindung w\u00e4hrend der Therapie ver\u00e4ndern kann.<\/p>\n<p>In einigen F\u00e4llen kann ein vermehrter Wundschmerz auftreten. Dies wird meist bei durch arterielle Durchblutungsst\u00f6rungen verursachte Wunden beobachtet. Im Fall von Schmerzen kann mit g\u00e4ngigen Analgetika gegengearbeitet werden.<\/p>\n<\/div>\n            <\/div>\n                  <\/div>\n        \n\n\n<p class=\"back-to-top\"><a href=\"#main\">Zur\u00fcck zum Anfang<\/a><\/p>\n","protected":false},"excerpt":{"rendered":"<p>Fragen, die h\u00e4ufig von Patient*innen gestellt werden. Zur\u00fcck zum Anfang<\/p>\n","protected":false},"author":2,"featured_media":0,"parent":0,"menu_order":0,"comment_status":"closed","ping_status":"closed","template":"","meta":{"_acf_changed":false,"footnotes":""},"class_list":["post-1170","page","type-page","status-publish","hentry"],"acf":[],"yoast_head":"<!-- This site is optimized with the Yoast SEO plugin v27.4 - https:\/\/yoast.com\/product\/yoast-seo-wordpress\/ -->\n<title>FAQ Larventherapie Patienten &amp; Pflegende - BioMonde<\/title>\n<meta name=\"description\" content=\"Antworten zu Ihren Fragen zur Larventherapie mit BioBag - Informationen f\u00fcr Patienten und Pflegende.\" \/>\n<meta name=\"robots\" content=\"index, follow, max-snippet:-1, max-image-preview:large, max-video-preview:-1\" \/>\n<link rel=\"canonical\" href=\"https:\/\/biomonde.com\/patient-faqs\/\" \/>\n<meta property=\"og:locale\" content=\"de_DE\" \/>\n<meta property=\"og:type\" content=\"article\" \/>\n<meta property=\"og:title\" content=\"FAQ Larventherapie Patienten &amp; Pflegende - BioMonde\" \/>\n<meta property=\"og:description\" content=\"Antworten zu Ihren Fragen zur Larventherapie mit BioBag - Informationen f\u00fcr Patienten und Pflegende.\" \/>\n<meta property=\"og:url\" content=\"https:\/\/biomonde.com\/patient-faqs\/\" \/>\n<meta property=\"og:site_name\" content=\"BioMonde\" \/>\n<meta property=\"article:publisher\" content=\"https:\/\/www.facebook.com\/biomondeuki\" \/>\n<meta property=\"article:modified_time\" content=\"2022-03-16T13:30:54+00:00\" \/>\n<meta name=\"twitter:card\" content=\"summary_large_image\" \/>\n<meta name=\"twitter:site\" content=\"@biomondeuk\" \/>\n<meta name=\"twitter:label1\" content=\"Gesch\u00e4tzte Lesezeit\" \/>\n\t<meta name=\"twitter:data1\" content=\"1\u00a0Minute\" \/>\n<script type=\"application\/ld+json\" class=\"yoast-schema-graph\">{\"@context\":\"https:\\\/\\\/schema.org\",\"@graph\":[{\"@type\":\"WebPage\",\"@id\":\"https:\\\/\\\/biomonde.com\\\/patient-faqs\\\/\",\"url\":\"https:\\\/\\\/biomonde.com\\\/patient-faqs\\\/\",\"name\":\"FAQ Larventherapie Patienten & Pflegende - BioMonde\",\"isPartOf\":{\"@id\":\"https:\\\/\\\/biomonde.com\\\/#website\"},\"datePublished\":\"2021-04-22T13:12:58+00:00\",\"dateModified\":\"2022-03-16T13:30:54+00:00\",\"description\":\"Antworten zu Ihren Fragen zur Larventherapie mit BioBag - Informationen f\u00fcr Patienten und Pflegende.\",\"breadcrumb\":{\"@id\":\"https:\\\/\\\/biomonde.com\\\/patient-faqs\\\/#breadcrumb\"},\"inLanguage\":\"de\",\"potentialAction\":[{\"@type\":\"ReadAction\",\"target\":[\"https:\\\/\\\/biomonde.com\\\/patient-faqs\\\/\"]}]},{\"@type\":\"BreadcrumbList\",\"@id\":\"https:\\\/\\\/biomonde.com\\\/patient-faqs\\\/#breadcrumb\",\"itemListElement\":[{\"@type\":\"ListItem\",\"position\":1,\"name\":\"Home\",\"item\":\"https:\\\/\\\/biomonde.com\\\/\"},{\"@type\":\"ListItem\",\"position\":2,\"name\":\"Patient*innen FAQ\"}]},{\"@type\":\"WebSite\",\"@id\":\"https:\\\/\\\/biomonde.com\\\/#website\",\"url\":\"https:\\\/\\\/biomonde.com\\\/\",\"name\":\"BioMonde\",\"description\":\"Making Healing Possible\",\"publisher\":{\"@id\":\"https:\\\/\\\/biomonde.com\\\/#organization\"},\"potentialAction\":[{\"@type\":\"SearchAction\",\"target\":{\"@type\":\"EntryPoint\",\"urlTemplate\":\"https:\\\/\\\/biomonde.com\\\/?s={search_term_string}\"},\"query-input\":{\"@type\":\"PropertyValueSpecification\",\"valueRequired\":true,\"valueName\":\"search_term_string\"}}],\"inLanguage\":\"de\"},{\"@type\":\"Organization\",\"@id\":\"https:\\\/\\\/biomonde.com\\\/#organization\",\"name\":\"BioMonde\",\"url\":\"https:\\\/\\\/biomonde.com\\\/\",\"logo\":{\"@type\":\"ImageObject\",\"inLanguage\":\"de\",\"@id\":\"https:\\\/\\\/biomonde.com\\\/#\\\/schema\\\/logo\\\/image\\\/\",\"url\":\"https:\\\/\\\/biomonde.com\\\/wp-content\\\/uploads\\\/2021\\\/03\\\/biomonde-logo-512.png\",\"contentUrl\":\"https:\\\/\\\/biomonde.com\\\/wp-content\\\/uploads\\\/2021\\\/03\\\/biomonde-logo-512.png\",\"width\":512,\"height\":512,\"caption\":\"BioMonde\"},\"image\":{\"@id\":\"https:\\\/\\\/biomonde.com\\\/#\\\/schema\\\/logo\\\/image\\\/\"},\"sameAs\":[\"https:\\\/\\\/www.facebook.com\\\/biomondeuki\",\"https:\\\/\\\/x.com\\\/biomondeuk\",\"https:\\\/\\\/www.instagram.com\\\/biomonde_uk\\\/\",\"https:\\\/\\\/www.linkedin.com\\\/company\\\/biomondeuk\\\/\",\"https:\\\/\\\/www.youtube.com\\\/channel\\\/UCgvvHlcLny1a_WoEWtxn8Qg\\\/videos\"]}]}<\/script>\n<!-- \/ Yoast SEO plugin. -->","yoast_head_json":{"title":"FAQ Larventherapie Patienten & Pflegende - BioMonde","description":"Antworten zu Ihren Fragen zur Larventherapie mit BioBag - Informationen f\u00fcr Patienten und Pflegende.","robots":{"index":"index","follow":"follow","max-snippet":"max-snippet:-1","max-image-preview":"max-image-preview:large","max-video-preview":"max-video-preview:-1"},"canonical":"https:\/\/biomonde.com\/patient-faqs\/","og_locale":"de_DE","og_type":"article","og_title":"FAQ Larventherapie Patienten & Pflegende - BioMonde","og_description":"Antworten zu Ihren Fragen zur Larventherapie mit BioBag - Informationen f\u00fcr Patienten und Pflegende.","og_url":"https:\/\/biomonde.com\/patient-faqs\/","og_site_name":"BioMonde","article_publisher":"https:\/\/www.facebook.com\/biomondeuki","article_modified_time":"2022-03-16T13:30:54+00:00","twitter_card":"summary_large_image","twitter_site":"@biomondeuk","twitter_misc":{"Gesch\u00e4tzte Lesezeit":"1\u00a0Minute"},"schema":{"@context":"https:\/\/schema.org","@graph":[{"@type":"WebPage","@id":"https:\/\/biomonde.com\/patient-faqs\/","url":"https:\/\/biomonde.com\/patient-faqs\/","name":"FAQ Larventherapie Patienten & Pflegende - BioMonde","isPartOf":{"@id":"https:\/\/biomonde.com\/#website"},"datePublished":"2021-04-22T13:12:58+00:00","dateModified":"2022-03-16T13:30:54+00:00","description":"Antworten zu Ihren Fragen zur Larventherapie mit BioBag - Informationen f\u00fcr Patienten und Pflegende.","breadcrumb":{"@id":"https:\/\/biomonde.com\/patient-faqs\/#breadcrumb"},"inLanguage":"de","potentialAction":[{"@type":"ReadAction","target":["https:\/\/biomonde.com\/patient-faqs\/"]}]},{"@type":"BreadcrumbList","@id":"https:\/\/biomonde.com\/patient-faqs\/#breadcrumb","itemListElement":[{"@type":"ListItem","position":1,"name":"Home","item":"https:\/\/biomonde.com\/"},{"@type":"ListItem","position":2,"name":"Patient*innen FAQ"}]},{"@type":"WebSite","@id":"https:\/\/biomonde.com\/#website","url":"https:\/\/biomonde.com\/","name":"BioMonde","description":"Making Healing Possible","publisher":{"@id":"https:\/\/biomonde.com\/#organization"},"potentialAction":[{"@type":"SearchAction","target":{"@type":"EntryPoint","urlTemplate":"https:\/\/biomonde.com\/?s={search_term_string}"},"query-input":{"@type":"PropertyValueSpecification","valueRequired":true,"valueName":"search_term_string"}}],"inLanguage":"de"},{"@type":"Organization","@id":"https:\/\/biomonde.com\/#organization","name":"BioMonde","url":"https:\/\/biomonde.com\/","logo":{"@type":"ImageObject","inLanguage":"de","@id":"https:\/\/biomonde.com\/#\/schema\/logo\/image\/","url":"https:\/\/biomonde.com\/wp-content\/uploads\/2021\/03\/biomonde-logo-512.png","contentUrl":"https:\/\/biomonde.com\/wp-content\/uploads\/2021\/03\/biomonde-logo-512.png","width":512,"height":512,"caption":"BioMonde"},"image":{"@id":"https:\/\/biomonde.com\/#\/schema\/logo\/image\/"},"sameAs":["https:\/\/www.facebook.com\/biomondeuki","https:\/\/x.com\/biomondeuk","https:\/\/www.instagram.com\/biomonde_uk\/","https:\/\/www.linkedin.com\/company\/biomondeuk\/","https:\/\/www.youtube.com\/channel\/UCgvvHlcLny1a_WoEWtxn8Qg\/videos"]}]}},"_links":{"self":[{"href":"https:\/\/biomonde.com\/de\/wp-json\/wp\/v2\/pages\/1170","targetHints":{"allow":["GET"]}}],"collection":[{"href":"https:\/\/biomonde.com\/de\/wp-json\/wp\/v2\/pages"}],"about":[{"href":"https:\/\/biomonde.com\/de\/wp-json\/wp\/v2\/types\/page"}],"author":[{"embeddable":true,"href":"https:\/\/biomonde.com\/de\/wp-json\/wp\/v2\/users\/2"}],"replies":[{"embeddable":true,"href":"https:\/\/biomonde.com\/de\/wp-json\/wp\/v2\/comments?post=1170"}],"version-history":[{"count":5,"href":"https:\/\/biomonde.com\/de\/wp-json\/wp\/v2\/pages\/1170\/revisions"}],"predecessor-version":[{"id":7714,"href":"https:\/\/biomonde.com\/de\/wp-json\/wp\/v2\/pages\/1170\/revisions\/7714"}],"wp:attachment":[{"href":"https:\/\/biomonde.com\/de\/wp-json\/wp\/v2\/media?parent=1170"}],"curies":[{"name":"wp","href":"https:\/\/api.w.org\/{rel}","templated":true}]}}