{"id":1316,"date":"2021-04-25T13:07:52","date_gmt":"2021-04-25T13:07:52","guid":{"rendered":"https:\/\/biomonde.local\/?page_id=1316"},"modified":"2022-11-09T10:15:32","modified_gmt":"2022-11-09T10:15:32","slug":"warum-larventherapie","status":"publish","type":"page","link":"https:\/\/biomonde.com\/de\/warum-larventherapie\/","title":{"rendered":"Warum Larventherapie"},"content":{"rendered":"\n<h1 class=\"wp-block-heading\" id=\"warum-sollte-ich-mich-fur-die-larventherapie-entscheiden\">Warum sollte ich mich f\u00fcr die Larventherapie entscheiden?<\/h1>\n\n\n\n<div class=\"wp-block-columns is-layout-flex wp-container-core-columns-is-layout-28f84493 wp-block-columns-is-layout-flex\">\n<div class=\"wp-block-column is-layout-flow wp-block-column-is-layout-flow\">\n<p>Als Spezialist*in f\u00fcr medizinische Wundversorgung haben Sie sicher eine Reihe m\u00f6glicher Behandlungsoptionen, die Sie in der Praxis anwenden. Wof\u00fcr Sie sich im Einzelfall entscheiden ist in der Regel eine Frage von Machbarkeit, Erfahrung, Kosten und am Ende auch Vertrauen in eine bestimmte Behandlungsmethode.&nbsp;<\/p>\n\n\n\n<p>Im Gegensatz zu vielen anderen medizinischen Produkten sind Larven keine Behandlungsmethode von der Stange, da sie jeweils f\u00fcr den folgenden Tag geordert werden m\u00fcssen. Warum also sollten Sie sich f\u00fcr Larven entscheiden?&nbsp;<\/p>\n\n\n\n<p>Die vielen Vorteile der Larventherapie sind in Studien nachgewiesen worden &#8211; Vorteile nicht nur f\u00fcr die Patient*innen, sondern auch f\u00fcr die behandelnden Mediziner*innen und medizinischen Fachkr\u00e4fte. Im Folgenden haben wir die Vorteile der Larventherapie&nbsp;aufgef\u00fchrt sowie entsprechende Belege zu ihrer Wirksamkeit.&nbsp;<\/p>\n<\/div>\n\n\n\n<div class=\"wp-block-column is-layout-flow wp-block-column-is-layout-flow\">\n<figure class=\"wp-block-embed is-type-video is-provider-vimeo wp-block-embed-vimeo wp-embed-aspect-16-9 wp-has-aspect-ratio\"><div class=\"wp-block-embed__wrapper\">\n<iframe loading=\"lazy\" title=\"Larventherapie | Interview mit Herrn. Dr Harald Daum\" src=\"https:\/\/player.vimeo.com\/video\/768916289?dnt=1&amp;app_id=122963\" width=\"500\" height=\"281\" frameborder=\"0\" allow=\"autoplay; fullscreen; picture-in-picture; clipboard-write\"><\/iframe>\n<\/div><\/figure>\n<\/div>\n<\/div>\n\n\n\n<p><\/p>\n\n\n  <div class=\"block-section block-feature-reveal-grid\">\n    <div class=\"row\">\n              <div class=\"col-md-6 col-lg-4 col-feature\">\n          <div class=\"feature\">\n            <span class=\"icon icon-stopwatch icon-feature-reveal\"><\/span>\n            <h3 class=\"title\">Schnelles Debridement<\/h3>\n\n                          <div class=\"content\">Erfahrungsgem\u00e4\u00df ist das Debridement meist nach zwei Zyklen abgeschlossen. (1)<\/div>\n            \n            <span class=\"icon-chevron\"><\/span>\n          <\/div>\n        <\/div>\n              <div class=\"col-md-6 col-lg-4 col-feature\">\n          <div class=\"feature\">\n            <span class=\"icon icon-money-bag-eu icon-feature-reveal\"><\/span>\n            <h3 class=\"title\">Kosteneffektivit\u00e4t<\/h3>\n\n                          <div class=\"content\"> Larventherapie bietet niedrige Tagesbehandlungskosten und ist im DRG-System darstellbar. (2,11)<\/div>\n            \n            <span class=\"icon-chevron\"><\/span>\n          <\/div>\n        <\/div>\n              <div class=\"col-md-6 col-lg-4 col-feature\">\n          <div class=\"feature\">\n            <span class=\"icon icon-scalpel icon-feature-reveal\"><\/span>\n            <h3 class=\"title\">Nichtinvasiv<\/h3>\n\n                          <div class=\"content\">BioBag wird wie eine Wundauflage appliziert und stellt eine sichere Alternative zum chirurgischen Eingriff dar. (3)<\/div>\n            \n            <span class=\"icon-chevron\"><\/span>\n          <\/div>\n        <\/div>\n              <div class=\"col-md-6 col-lg-4 col-feature\">\n          <div class=\"feature\">\n            <span class=\"icon icon-record icon-feature-reveal\"><\/span>\n            <h3 class=\"title\">Antiphlogistikum<\/h3>\n\n                          <div class=\"content\">Larvensekrete haben entz\u00fcndungshemmende Eigenschaften. (4)<\/div>\n            \n            <span class=\"icon-chevron\"><\/span>\n          <\/div>\n        <\/div>\n              <div class=\"col-md-6 col-lg-4 col-feature\">\n          <div class=\"feature\">\n            <span class=\"icon icon-book icon-feature-reveal\"><\/span>\n            <h3 class=\"title\">Referenzen<\/h3>\n\n                          <div class=\"content\"><a href=\"\/de\/referenzen\/\">Klicken Sie hier um die Referenzen zu sehen.<\/a><\/div>\n            \n            <span class=\"icon-chevron\"><\/span>\n          <\/div>\n        <\/div>\n              <div class=\"col-md-6 col-lg-4 col-feature\">\n          <div class=\"feature\">\n            <span class=\"icon icon-bacteria icon-feature-reveal\"><\/span>\n            <h3 class=\"title\">Antibakterielle Wirkung<\/h3>\n\n                          <div class=\"content\">Reduktion von Gram+ und Gram- Bakterien. (5,9,10)<\/div>\n            \n            <span class=\"icon-chevron\"><\/span>\n          <\/div>\n        <\/div>\n              <div class=\"col-md-6 col-lg-4 col-feature\">\n          <div class=\"feature\">\n            <span class=\"icon icon-allergies icon-feature-reveal\"><\/span>\n            <h3 class=\"title\">Beseitigung von Biofilm<\/h3>\n\n                          <div class=\"content\">Larventherapie beseitigt komplexe Biofilme. (6)<\/div>\n            \n            <span class=\"icon-chevron\"><\/span>\n          <\/div>\n        <\/div>\n              <div class=\"col-md-6 col-lg-4 col-feature\">\n          <div class=\"feature\">\n            <span class=\"icon icon-step icon-feature-reveal\"><\/span>\n            <h3 class=\"title\">F\u00f6rdert den Fortschritt<\/h3>\n\n                          <div class=\"content\">Debridement hilft, den Heilungsprozess stagnierender Wunden zu reaktivieren (7)<\/div>\n            \n            <span class=\"icon-chevron\"><\/span>\n          <\/div>\n        <\/div>\n              <div class=\"col-md-6 col-lg-4 col-feature\">\n          <div class=\"feature\">\n            <span class=\"icon icon-magnifier icon-feature-reveal\"><\/span>\n            <h3 class=\"title\">Selektiv und schonend<\/h3>\n\n                          <div class=\"content\">Larventherapie schont vitales Gewebe, offen liegende Knochen und Sehnen. (8)<\/div>\n            \n            <span class=\"icon-chevron\"><\/span>\n          <\/div>\n        <\/div>\n          <\/div>\n  <\/div>\n  \n\n\n<p>Wenn Sie mehr \u00fcber die Larventherapie lernen, einen konkreten Fall besprechen m\u00f6chten, oder einfach klinische Beratung ben\u00f6tigen, steht unser Klinisches Team Ihnen jeder Zeit gerne zur Verf\u00fcgung.<\/p>\n\n\n\n<div class=\"wp-block-buttons is-layout-flex wp-block-buttons-is-layout-flex\">\n<div class=\"wp-block-button\"><a class=\"wp-block-button__link wp-element-button\" href=\"\/de\/biomonde-direkt\/\">Buchen Sie ein Termin<\/a><\/div>\n\n\n\n<div class=\"wp-block-button wp-block-button-secondary\"><a class=\"wp-block-button__link wp-element-button\" href=\"de\/kontakt\/\">Bestellen Sie BioBag<\/a><\/div>\n<\/div>\n\n\n        <div class=\"block-section block-faqs\">\n                      <div class=\"faq active initial\">\n              <h3 class=\"question\">Wichtige Informationen &#8211; Pflichttext<\/h3>\n              <div class=\"answer\"><p><strong>Pharmazeutischer Unternehmer<br \/>\n<\/strong>BioMonde GmbH, Kiebitzh\u00f6rn 33-35, D-22885 Barsb\u00fcttel<br \/>\n<strong>Bezeichnung des Arzneimittels<br \/>\n<\/strong>BioBag<sup>\u00ae<\/sup> 50, BioBag<sup>\u00ae<\/sup> 100, BioBag<sup>\u00ae<\/sup> 200, BioBag<sup>\u00ae<\/sup> 300<br \/>\n<strong>Wirkstoff<br \/>\n<\/strong>Lebende Larven von Lucilia sericata (Goldfliege) im 1. und 2. Larvenstadium<br \/>\n<strong>Zusammensetzung<br \/>\n<\/strong><strong>BioBag<sup>\u00ae<\/sup> 50<\/strong>: 1 Polyester-Netzbeutel (25\u00d740 mm), verpackt in einem sterilen 50 ml Kunststoffr\u00f6hrchen enth\u00e4lt mindestens 50 lebende Larven von Lucilia sericata (Goldfliege) im 1. und 2. Larvenstadium<br \/>\n<strong>BioBag<sup>\u00ae<\/sup> 100<\/strong>: 1 Polyester-Netzbeutel (40\u00d750 mm), verpackt in einem sterilen 50 ml Kunststoffr\u00f6hrchen enth\u00e4lt mindestens 100 lebende Larven von Lucilia sericata (Goldfliege) im 1. und 2. Larvenstadium<br \/>\n<strong>BioBag<sup>\u00ae<\/sup> 200<\/strong>: 1 Polyester-Netzbeutel (50\u00d760 mm), verpackt in einem sterilen 50 ml Kunststoffr\u00f6hrchen enth\u00e4lt mindestens 200 lebende Larven von Lucilia sericata (Goldfliege) im 1. und 2. Larvenstadium<br \/>\n<strong>BioBag<sup>\u00ae<\/sup> 300<\/strong>: 1 Polyester-Netzbeutel (60\u00d7120 mm), verpackt in einem sterilen 50 ml Kunststoffr\u00f6hrchen enth\u00e4lt mindestens 300 lebende Larven von Lucilia sericata (Goldfliege) im 1. und 2. Larvenstadium<br \/>\n<strong>Sonstige Bestandteile<br \/>\n<\/strong>BioBag<sup>\u00ae<\/sup> 50\/100\/200\/300:<br \/>\nIsotonische Kochsalzl\u00f6sung 0,9%<br \/>\n<strong>Anwendungsgebiete<br \/>\n<\/strong>Debridement belegter chronischer oder schwer heilender Wunden, wenn eine instrumentalchirurgische Behandlung nicht erw\u00fcnscht ist.<br \/>\n<strong>Gegenanzeigen<br \/>\n<\/strong>BioBag<sup>\u00ae<\/sup> 50\/100\/200\/300 nicht anwenden<br \/>\n\u2022 bei bekannter \u00dcberempfindlichkeit gegen die Arzneimittel oder deren Bestandteile;<br \/>\n\u2022 auf Wunden an oder in der Umgebung gro\u00dfer Gef\u00e4\u00dfe, da die Gefahr einer lebensgef\u00e4hrlichen Gef\u00e4\u00dfverletzung besteht;<br \/>\n\u2022 wenn ein chirurgisches Debridement erforderlich ist;<br \/>\n\u2022 in Wunden mit unzureichender Durchblutung;<br \/>\n\u2022 in sterilen K\u00f6rperh\u00f6hlen (z. B. Bauchh\u00f6hle)<br \/>\n\u2022 bei akuten, schnell fortschreitenden oder lebensbedrohlichen Infektionen<br \/>\n<strong>Nebenwirkungen<br \/>\n<\/strong>Sehr h\u00e4ufig: Schmerzen am Applikationsort, unangenehme Empfindungen, Kribbeln, Jucken.<br \/>\nH\u00e4ufig: geringf\u00fcgige Blutungen am Applikationsort.<br \/>\nIn einigen F\u00e4llen wurde \u00fcber vor\u00fcbergehende Hautreaktionen und Allergien (Hautr\u00f6tungen oder Schwellungen von gesunder Haut, erhabener juckender Ausschlag, oberfl\u00e4chliche Verletzungen der Haut), Fieber, sowie unangenehmen Geruch in der Wunde berichtet. Angst vor Maden kann auftreten<br \/>\n<strong>Verschreibungspflichtig<\/strong><\/p>\n<\/div>\n            <\/div>\n                  <\/div>\n        ","protected":false},"excerpt":{"rendered":"<p>Warum sollte ich mich f\u00fcr die Larventherapie entscheiden? Als Spezialist*in f\u00fcr medizinische Wundversorgung haben Sie sicher eine Reihe m\u00f6glicher Behandlungsoptionen, die Sie in der Praxis anwenden. Wof\u00fcr Sie sich im Einzelfall entscheiden ist in der Regel eine Frage von Machbarkeit, Erfahrung, Kosten und am Ende auch Vertrauen in eine bestimmte Behandlungsmethode.&nbsp; Im Gegensatz zu vielen &hellip; <a href=\"https:\/\/biomonde.com\/de\/warum-larventherapie\/\">Continued<\/a><\/p>\n","protected":false},"author":2,"featured_media":0,"parent":0,"menu_order":0,"comment_status":"closed","ping_status":"closed","template":"","meta":{"_acf_changed":false,"footnotes":""},"class_list":["post-1316","page","type-page","status-publish","hentry"],"acf":[],"yoast_head":"<!-- This site is optimized with the Yoast SEO plugin v27.5 - https:\/\/yoast.com\/product\/yoast-seo-wordpress\/ -->\n<title>Vorteile der Larventherapie - BioMonde<\/title>\n<meta name=\"description\" content=\"Die vielen Vorteile der Larventherapie sind durch zahlreiche Studien gut belegt.\" \/>\n<meta name=\"robots\" content=\"index, follow, max-snippet:-1, max-image-preview:large, max-video-preview:-1\" \/>\n<link rel=\"canonical\" href=\"https:\/\/biomonde.com\/why-use-larvae\/\" \/>\n<meta property=\"og:locale\" content=\"de_DE\" \/>\n<meta property=\"og:type\" content=\"article\" \/>\n<meta property=\"og:title\" content=\"Vorteile der Larventherapie - BioMonde\" \/>\n<meta property=\"og:description\" content=\"Die vielen Vorteile der Larventherapie sind durch zahlreiche Studien gut belegt.\" \/>\n<meta property=\"og:url\" content=\"https:\/\/biomonde.com\/why-use-larvae\/\" \/>\n<meta property=\"og:site_name\" content=\"BioMonde\" \/>\n<meta property=\"article:publisher\" content=\"https:\/\/www.facebook.com\/biomondeuki\" \/>\n<meta property=\"article:modified_time\" content=\"2022-11-09T10:15:32+00:00\" \/>\n<meta name=\"twitter:card\" content=\"summary_large_image\" \/>\n<meta name=\"twitter:site\" content=\"@biomondeuk\" \/>\n<meta name=\"twitter:label1\" content=\"Gesch\u00e4tzte Lesezeit\" \/>\n\t<meta name=\"twitter:data1\" content=\"1\u00a0Minute\" \/>\n<script type=\"application\/ld+json\" class=\"yoast-schema-graph\">{\"@context\":\"https:\\\/\\\/schema.org\",\"@graph\":[{\"@type\":\"WebPage\",\"@id\":\"https:\\\/\\\/biomonde.com\\\/why-use-larvae\\\/\",\"url\":\"https:\\\/\\\/biomonde.com\\\/why-use-larvae\\\/\",\"name\":\"Vorteile der Larventherapie - BioMonde\",\"isPartOf\":{\"@id\":\"https:\\\/\\\/biomonde.com\\\/#website\"},\"datePublished\":\"2021-04-25T13:07:52+00:00\",\"dateModified\":\"2022-11-09T10:15:32+00:00\",\"description\":\"Die vielen Vorteile der Larventherapie sind durch zahlreiche Studien gut belegt.\",\"breadcrumb\":{\"@id\":\"https:\\\/\\\/biomonde.com\\\/why-use-larvae\\\/#breadcrumb\"},\"inLanguage\":\"de\",\"potentialAction\":[{\"@type\":\"ReadAction\",\"target\":[\"https:\\\/\\\/biomonde.com\\\/why-use-larvae\\\/\"]}]},{\"@type\":\"BreadcrumbList\",\"@id\":\"https:\\\/\\\/biomonde.com\\\/why-use-larvae\\\/#breadcrumb\",\"itemListElement\":[{\"@type\":\"ListItem\",\"position\":1,\"name\":\"Home\",\"item\":\"https:\\\/\\\/biomonde.com\\\/\"},{\"@type\":\"ListItem\",\"position\":2,\"name\":\"Warum Larventherapie\"}]},{\"@type\":\"WebSite\",\"@id\":\"https:\\\/\\\/biomonde.com\\\/#website\",\"url\":\"https:\\\/\\\/biomonde.com\\\/\",\"name\":\"BioMonde\",\"description\":\"Making Healing Possible\",\"publisher\":{\"@id\":\"https:\\\/\\\/biomonde.com\\\/#organization\"},\"potentialAction\":[{\"@type\":\"SearchAction\",\"target\":{\"@type\":\"EntryPoint\",\"urlTemplate\":\"https:\\\/\\\/biomonde.com\\\/?s={search_term_string}\"},\"query-input\":{\"@type\":\"PropertyValueSpecification\",\"valueRequired\":true,\"valueName\":\"search_term_string\"}}],\"inLanguage\":\"de\"},{\"@type\":\"Organization\",\"@id\":\"https:\\\/\\\/biomonde.com\\\/#organization\",\"name\":\"BioMonde\",\"url\":\"https:\\\/\\\/biomonde.com\\\/\",\"logo\":{\"@type\":\"ImageObject\",\"inLanguage\":\"de\",\"@id\":\"https:\\\/\\\/biomonde.com\\\/#\\\/schema\\\/logo\\\/image\\\/\",\"url\":\"https:\\\/\\\/biomonde.com\\\/wp-content\\\/uploads\\\/2021\\\/03\\\/biomonde-logo-512.png\",\"contentUrl\":\"https:\\\/\\\/biomonde.com\\\/wp-content\\\/uploads\\\/2021\\\/03\\\/biomonde-logo-512.png\",\"width\":512,\"height\":512,\"caption\":\"BioMonde\"},\"image\":{\"@id\":\"https:\\\/\\\/biomonde.com\\\/#\\\/schema\\\/logo\\\/image\\\/\"},\"sameAs\":[\"https:\\\/\\\/www.facebook.com\\\/biomondeuki\",\"https:\\\/\\\/x.com\\\/biomondeuk\",\"https:\\\/\\\/www.instagram.com\\\/biomonde_uk\\\/\",\"https:\\\/\\\/www.linkedin.com\\\/company\\\/biomondeuk\\\/\",\"https:\\\/\\\/www.youtube.com\\\/channel\\\/UCgvvHlcLny1a_WoEWtxn8Qg\\\/videos\"]}]}<\/script>\n<!-- \/ Yoast SEO plugin. -->","yoast_head_json":{"title":"Vorteile der Larventherapie - BioMonde","description":"Die vielen Vorteile der Larventherapie sind durch zahlreiche Studien gut belegt.","robots":{"index":"index","follow":"follow","max-snippet":"max-snippet:-1","max-image-preview":"max-image-preview:large","max-video-preview":"max-video-preview:-1"},"canonical":"https:\/\/biomonde.com\/why-use-larvae\/","og_locale":"de_DE","og_type":"article","og_title":"Vorteile der Larventherapie - BioMonde","og_description":"Die vielen Vorteile der Larventherapie sind durch zahlreiche Studien gut belegt.","og_url":"https:\/\/biomonde.com\/why-use-larvae\/","og_site_name":"BioMonde","article_publisher":"https:\/\/www.facebook.com\/biomondeuki","article_modified_time":"2022-11-09T10:15:32+00:00","twitter_card":"summary_large_image","twitter_site":"@biomondeuk","twitter_misc":{"Gesch\u00e4tzte Lesezeit":"1\u00a0Minute"},"schema":{"@context":"https:\/\/schema.org","@graph":[{"@type":"WebPage","@id":"https:\/\/biomonde.com\/why-use-larvae\/","url":"https:\/\/biomonde.com\/why-use-larvae\/","name":"Vorteile der Larventherapie - BioMonde","isPartOf":{"@id":"https:\/\/biomonde.com\/#website"},"datePublished":"2021-04-25T13:07:52+00:00","dateModified":"2022-11-09T10:15:32+00:00","description":"Die vielen Vorteile der Larventherapie sind durch zahlreiche Studien gut belegt.","breadcrumb":{"@id":"https:\/\/biomonde.com\/why-use-larvae\/#breadcrumb"},"inLanguage":"de","potentialAction":[{"@type":"ReadAction","target":["https:\/\/biomonde.com\/why-use-larvae\/"]}]},{"@type":"BreadcrumbList","@id":"https:\/\/biomonde.com\/why-use-larvae\/#breadcrumb","itemListElement":[{"@type":"ListItem","position":1,"name":"Home","item":"https:\/\/biomonde.com\/"},{"@type":"ListItem","position":2,"name":"Warum Larventherapie"}]},{"@type":"WebSite","@id":"https:\/\/biomonde.com\/#website","url":"https:\/\/biomonde.com\/","name":"BioMonde","description":"Making Healing Possible","publisher":{"@id":"https:\/\/biomonde.com\/#organization"},"potentialAction":[{"@type":"SearchAction","target":{"@type":"EntryPoint","urlTemplate":"https:\/\/biomonde.com\/?s={search_term_string}"},"query-input":{"@type":"PropertyValueSpecification","valueRequired":true,"valueName":"search_term_string"}}],"inLanguage":"de"},{"@type":"Organization","@id":"https:\/\/biomonde.com\/#organization","name":"BioMonde","url":"https:\/\/biomonde.com\/","logo":{"@type":"ImageObject","inLanguage":"de","@id":"https:\/\/biomonde.com\/#\/schema\/logo\/image\/","url":"https:\/\/biomonde.com\/wp-content\/uploads\/2021\/03\/biomonde-logo-512.png","contentUrl":"https:\/\/biomonde.com\/wp-content\/uploads\/2021\/03\/biomonde-logo-512.png","width":512,"height":512,"caption":"BioMonde"},"image":{"@id":"https:\/\/biomonde.com\/#\/schema\/logo\/image\/"},"sameAs":["https:\/\/www.facebook.com\/biomondeuki","https:\/\/x.com\/biomondeuk","https:\/\/www.instagram.com\/biomonde_uk\/","https:\/\/www.linkedin.com\/company\/biomondeuk\/","https:\/\/www.youtube.com\/channel\/UCgvvHlcLny1a_WoEWtxn8Qg\/videos"]}]}},"_links":{"self":[{"href":"https:\/\/biomonde.com\/de\/wp-json\/wp\/v2\/pages\/1316","targetHints":{"allow":["GET"]}}],"collection":[{"href":"https:\/\/biomonde.com\/de\/wp-json\/wp\/v2\/pages"}],"about":[{"href":"https:\/\/biomonde.com\/de\/wp-json\/wp\/v2\/types\/page"}],"author":[{"embeddable":true,"href":"https:\/\/biomonde.com\/de\/wp-json\/wp\/v2\/users\/2"}],"replies":[{"embeddable":true,"href":"https:\/\/biomonde.com\/de\/wp-json\/wp\/v2\/comments?post=1316"}],"version-history":[{"count":4,"href":"https:\/\/biomonde.com\/de\/wp-json\/wp\/v2\/pages\/1316\/revisions"}],"predecessor-version":[{"id":9606,"href":"https:\/\/biomonde.com\/de\/wp-json\/wp\/v2\/pages\/1316\/revisions\/9606"}],"wp:attachment":[{"href":"https:\/\/biomonde.com\/de\/wp-json\/wp\/v2\/media?parent=1316"}],"curies":[{"name":"wp","href":"https:\/\/api.w.org\/{rel}","templated":true}]}}