{"id":1326,"date":"2021-04-25T13:19:13","date_gmt":"2021-04-25T13:19:13","guid":{"rendered":"https:\/\/biomonde.local\/?page_id=1326"},"modified":"2022-03-14T08:24:25","modified_gmt":"2022-03-14T08:24:25","slug":"was-wir-machen","status":"publish","type":"page","link":"https:\/\/biomonde.com\/de\/was-wir-machen\/","title":{"rendered":"Was wir machen"},"content":{"rendered":"<div class=\"block-section block-media-text\">\n  <div class=\"row\">\n    <div class=\"col-lg-6 col-media order-lg-2\">\n      <div class=\"col-content\">\n                    <div class=\"embed-wrapper\">\n              <iframe loading=\"lazy\" title=\"What we do? We make Larval Therapy\" src=\"https:\/\/player.vimeo.com\/video\/687844076?dnt=1&amp;app_id=122963\" width=\"500\" height=\"281\" frameborder=\"0\" allow=\"autoplay; fullscreen; picture-in-picture; clipboard-write; encrypted-media; web-share\" referrerpolicy=\"strict-origin-when-cross-origin\"><\/iframe>            <\/div>\n                  <\/div>\n    <\/div>\n\n    <div class=\"col-lg-6 col-content order-lg-1\">\n      <div class=\"col-content\">\n                  <h2 class=\"title\">Eine nat\u00fcrliche, sanfte Methode<\/h2>\n        \n                  <div class=\"content\"><p>Das Debridement schlecht heilender, chronischer Wunden stellt eine gro\u00dfe und wachsende Herausforderung im klinischen Alltag dar. Eine schier un\u00fcberschaubare F\u00fclle an Produkten und Therapiem\u00f6glichkeiten macht die Entscheidung im Einzelfall schwierig.<\/p>\n<p>Gleichzeitig gilt es, personelle und materielle Ressourcen bestm\u00f6glich einzusetzen. Bereits seit 1994 bietet BioMonde mit der Larventherapie eine medizinisch wie \u00f6konomisch vorteilhafte M\u00f6glichkeit f\u00fcr das Debridement.<\/p>\n<\/div>\n              <\/div>\n    <\/div>\n  <\/div>\n<\/div>\n\n\n<div class=\"block-section block-media-text has-background background-light\">\n  <div class=\"row\">\n    <div class=\"col-lg-6 col-media\">\n      <div class=\"col-content\">\n                  <img decoding=\"async\" src=\"https:\/\/biomonde.com\/wp-content\/uploads\/2021\/08\/BM101-600x429.jpg\" alt=\"\">\n                <\/div>\n    <\/div>\n\n    <div class=\"col-lg-6 col-content\">\n      <div class=\"col-content\">\n                  <h2 class=\"title\">Ein besonderes Arzneimittel mit besonderem Service<\/h2>\n        \n                  <div class=\"content\"><p>F\u00fcr uns endet die Passion nicht mit Ihrer Bestellung. Wir wollen, dass Sie mit einem einzigartigen Produkt erfolgreich sind.<\/p>\n<p>Hierzu stehen wir Ihnen mit Beratung, Schulungen und Erfahrung zur Seite, wenn Sie uns brauchen. Wir tun alles, um das Vertrauen von Betroffenen und Behandelnden in unsere lebende Therapie zu st\u00e4rken.<\/p>\n<\/div>\n              <\/div>\n    <\/div>\n  <\/div>\n<\/div>\n\n\n<div class=\"block-section block-features\">\n  <h2 class=\"title\">Wir sind mehr als nur der Hersteller der Larventherapie<\/h2>\n\n  \n      <div class=\"feature-row row\">\n              <div class=\"col-lg-4 feature-col\" style=\"--anim-order: 1;\">\n          <div class=\"feature has-link\">\n                          <a href=\"\/de\/mehr-erfahren\/biomonde-live\/\" class=\"image\">\n                <img decoding=\"async\" src=\"https:\/\/biomonde.com\/wp-content\/uploads\/2021\/09\/BioMonde_Sub-Brand_LIVE_350x300px.png\" alt=\"\">\n              <\/a>\n            \n            <div class=\"content-wrap\">\n              \n              <h3 class=\"feature-title\">Wir lehren<\/h3>\n\n              <div class=\"content\"><p>LIVE-Webinare, die Produkt-Unterst\u00fctzung anbieten.<\/p>\n<\/div>\n\n                              <div class=\"buttons\">\n                  <a href=\"\/de\/mehr-erfahren\/biomonde-live\/\" class=\"btn btn-primary\">\n                    Wie wir lehren                  <\/a>\n                <\/div>\n                          <\/div>\n          <\/div>\n        <\/div>\n              <div class=\"col-lg-4 feature-col\" style=\"--anim-order: 2;\">\n          <div class=\"feature has-link\">\n                          <a href=\"\/de\/mehr-erfahren\/biomonde-direkt\/\" class=\"image\">\n                <img decoding=\"async\" src=\"https:\/\/biomonde.com\/wp-content\/uploads\/2021\/11\/NOW-1-600x352.png\" alt=\"\">\n              <\/a>\n            \n            <div class=\"content-wrap\">\n              \n              <h3 class=\"feature-title\">Wir unterst\u00fctzen<\/h3>\n\n              <div class=\"content\"><p>Ein kompetentes klinisches Support-Team und unser Kundenservice stehen Ihnen zur Verf\u00fcgung.<\/p>\n<\/div>\n\n                              <div class=\"buttons\">\n                  <a href=\"\/de\/mehr-erfahren\/biomonde-direkt\/\" class=\"btn btn-primary\">\n                    Wie wir unterst\u00fctzen                  <\/a>\n                <\/div>\n                          <\/div>\n          <\/div>\n        <\/div>\n              <div class=\"col-lg-4 feature-col\" style=\"--anim-order: 3;\">\n          <div class=\"feature has-link\">\n                          <a href=\"\/de\/mehr-erfahren\/biomonde-akademie\/\" class=\"image\">\n                <img decoding=\"async\" src=\"https:\/\/biomonde.com\/wp-content\/uploads\/2021\/12\/BioMonde_Sub-Brand_AKADEMIE_full-logo_350x300px.png\" alt=\"\">\n              <\/a>\n            \n            <div class=\"content-wrap\">\n              \n              <h3 class=\"feature-title\">Wir unterrichten<\/h3>\n\n              <div class=\"content\"><p>Wir teilen unser Fachwissen mit Ihnen, wann immer es f\u00fcr Sie wichtig ist.<\/p>\n<\/div>\n\n                              <div class=\"buttons\">\n                  <a href=\"\/de\/mehr-erfahren\/biomonde-akademie\/\" class=\"btn btn-primary\">\n                    Wie wir unterrichten                  <\/a>\n                <\/div>\n                          <\/div>\n          <\/div>\n        <\/div>\n          <\/div>\n  <\/div>\n","protected":false},"excerpt":{"rendered":"","protected":false},"author":2,"featured_media":0,"parent":0,"menu_order":0,"comment_status":"closed","ping_status":"closed","template":"","meta":{"_acf_changed":false,"footnotes":""},"class_list":["post-1326","page","type-page","status-publish","hentry"],"acf":[],"yoast_head":"<!-- This site is optimized with the Yoast SEO plugin v27.4 - https:\/\/yoast.com\/product\/yoast-seo-wordpress\/ -->\n<title>Was wir machen - die Kraft der Natur nutzen - BioMonde<\/title>\n<meta name=\"description\" content=\"Mit unseren Larventherapie Produkten unterst\u00fctzen wir den Heilungsprozess - und machen Hoffnung. Das ist, was wir tun.\" \/>\n<meta name=\"robots\" content=\"index, follow, max-snippet:-1, max-image-preview:large, max-video-preview:-1\" \/>\n<link rel=\"canonical\" href=\"https:\/\/biomonde.com\/what-we-do\/\" \/>\n<meta property=\"og:locale\" content=\"de_DE\" \/>\n<meta property=\"og:type\" content=\"article\" \/>\n<meta property=\"og:title\" content=\"Was wir machen - die Kraft der Natur nutzen - BioMonde\" \/>\n<meta property=\"og:description\" content=\"Mit unseren Larventherapie Produkten unterst\u00fctzen wir den Heilungsprozess - und machen Hoffnung. Das ist, was wir tun.\" \/>\n<meta property=\"og:url\" content=\"https:\/\/biomonde.com\/what-we-do\/\" \/>\n<meta property=\"og:site_name\" content=\"BioMonde\" \/>\n<meta property=\"article:publisher\" content=\"https:\/\/www.facebook.com\/biomondeuki\" \/>\n<meta property=\"article:modified_time\" content=\"2022-03-14T08:24:25+00:00\" \/>\n<meta name=\"twitter:card\" content=\"summary_large_image\" \/>\n<meta name=\"twitter:site\" content=\"@biomondeuk\" \/>\n<script type=\"application\/ld+json\" class=\"yoast-schema-graph\">{\"@context\":\"https:\\\/\\\/schema.org\",\"@graph\":[{\"@type\":\"WebPage\",\"@id\":\"https:\\\/\\\/biomonde.com\\\/what-we-do\\\/\",\"url\":\"https:\\\/\\\/biomonde.com\\\/what-we-do\\\/\",\"name\":\"Was wir machen - die Kraft der Natur nutzen - BioMonde\",\"isPartOf\":{\"@id\":\"https:\\\/\\\/biomonde.com\\\/#website\"},\"datePublished\":\"2021-04-25T13:19:13+00:00\",\"dateModified\":\"2022-03-14T08:24:25+00:00\",\"description\":\"Mit unseren Larventherapie Produkten unterst\u00fctzen wir den Heilungsprozess - und machen Hoffnung. Das ist, was wir tun.\",\"breadcrumb\":{\"@id\":\"https:\\\/\\\/biomonde.com\\\/what-we-do\\\/#breadcrumb\"},\"inLanguage\":\"de\",\"potentialAction\":[{\"@type\":\"ReadAction\",\"target\":[\"https:\\\/\\\/biomonde.com\\\/what-we-do\\\/\"]}]},{\"@type\":\"BreadcrumbList\",\"@id\":\"https:\\\/\\\/biomonde.com\\\/what-we-do\\\/#breadcrumb\",\"itemListElement\":[{\"@type\":\"ListItem\",\"position\":1,\"name\":\"Home\",\"item\":\"https:\\\/\\\/biomonde.com\\\/\"},{\"@type\":\"ListItem\",\"position\":2,\"name\":\"Was wir machen\"}]},{\"@type\":\"WebSite\",\"@id\":\"https:\\\/\\\/biomonde.com\\\/#website\",\"url\":\"https:\\\/\\\/biomonde.com\\\/\",\"name\":\"BioMonde\",\"description\":\"Making Healing Possible\",\"publisher\":{\"@id\":\"https:\\\/\\\/biomonde.com\\\/#organization\"},\"potentialAction\":[{\"@type\":\"SearchAction\",\"target\":{\"@type\":\"EntryPoint\",\"urlTemplate\":\"https:\\\/\\\/biomonde.com\\\/?s={search_term_string}\"},\"query-input\":{\"@type\":\"PropertyValueSpecification\",\"valueRequired\":true,\"valueName\":\"search_term_string\"}}],\"inLanguage\":\"de\"},{\"@type\":\"Organization\",\"@id\":\"https:\\\/\\\/biomonde.com\\\/#organization\",\"name\":\"BioMonde\",\"url\":\"https:\\\/\\\/biomonde.com\\\/\",\"logo\":{\"@type\":\"ImageObject\",\"inLanguage\":\"de\",\"@id\":\"https:\\\/\\\/biomonde.com\\\/#\\\/schema\\\/logo\\\/image\\\/\",\"url\":\"https:\\\/\\\/biomonde.com\\\/wp-content\\\/uploads\\\/2021\\\/03\\\/biomonde-logo-512.png\",\"contentUrl\":\"https:\\\/\\\/biomonde.com\\\/wp-content\\\/uploads\\\/2021\\\/03\\\/biomonde-logo-512.png\",\"width\":512,\"height\":512,\"caption\":\"BioMonde\"},\"image\":{\"@id\":\"https:\\\/\\\/biomonde.com\\\/#\\\/schema\\\/logo\\\/image\\\/\"},\"sameAs\":[\"https:\\\/\\\/www.facebook.com\\\/biomondeuki\",\"https:\\\/\\\/x.com\\\/biomondeuk\",\"https:\\\/\\\/www.instagram.com\\\/biomonde_uk\\\/\",\"https:\\\/\\\/www.linkedin.com\\\/company\\\/biomondeuk\\\/\",\"https:\\\/\\\/www.youtube.com\\\/channel\\\/UCgvvHlcLny1a_WoEWtxn8Qg\\\/videos\"]}]}<\/script>\n<!-- \/ Yoast SEO plugin. -->","yoast_head_json":{"title":"Was wir machen - die Kraft der Natur nutzen - BioMonde","description":"Mit unseren Larventherapie Produkten unterst\u00fctzen wir den Heilungsprozess - und machen Hoffnung. Das ist, was wir tun.","robots":{"index":"index","follow":"follow","max-snippet":"max-snippet:-1","max-image-preview":"max-image-preview:large","max-video-preview":"max-video-preview:-1"},"canonical":"https:\/\/biomonde.com\/what-we-do\/","og_locale":"de_DE","og_type":"article","og_title":"Was wir machen - die Kraft der Natur nutzen - BioMonde","og_description":"Mit unseren Larventherapie Produkten unterst\u00fctzen wir den Heilungsprozess - und machen Hoffnung. Das ist, was wir tun.","og_url":"https:\/\/biomonde.com\/what-we-do\/","og_site_name":"BioMonde","article_publisher":"https:\/\/www.facebook.com\/biomondeuki","article_modified_time":"2022-03-14T08:24:25+00:00","twitter_card":"summary_large_image","twitter_site":"@biomondeuk","schema":{"@context":"https:\/\/schema.org","@graph":[{"@type":"WebPage","@id":"https:\/\/biomonde.com\/what-we-do\/","url":"https:\/\/biomonde.com\/what-we-do\/","name":"Was wir machen - die Kraft der Natur nutzen - BioMonde","isPartOf":{"@id":"https:\/\/biomonde.com\/#website"},"datePublished":"2021-04-25T13:19:13+00:00","dateModified":"2022-03-14T08:24:25+00:00","description":"Mit unseren Larventherapie Produkten unterst\u00fctzen wir den Heilungsprozess - und machen Hoffnung. Das ist, was wir tun.","breadcrumb":{"@id":"https:\/\/biomonde.com\/what-we-do\/#breadcrumb"},"inLanguage":"de","potentialAction":[{"@type":"ReadAction","target":["https:\/\/biomonde.com\/what-we-do\/"]}]},{"@type":"BreadcrumbList","@id":"https:\/\/biomonde.com\/what-we-do\/#breadcrumb","itemListElement":[{"@type":"ListItem","position":1,"name":"Home","item":"https:\/\/biomonde.com\/"},{"@type":"ListItem","position":2,"name":"Was wir machen"}]},{"@type":"WebSite","@id":"https:\/\/biomonde.com\/#website","url":"https:\/\/biomonde.com\/","name":"BioMonde","description":"Making Healing Possible","publisher":{"@id":"https:\/\/biomonde.com\/#organization"},"potentialAction":[{"@type":"SearchAction","target":{"@type":"EntryPoint","urlTemplate":"https:\/\/biomonde.com\/?s={search_term_string}"},"query-input":{"@type":"PropertyValueSpecification","valueRequired":true,"valueName":"search_term_string"}}],"inLanguage":"de"},{"@type":"Organization","@id":"https:\/\/biomonde.com\/#organization","name":"BioMonde","url":"https:\/\/biomonde.com\/","logo":{"@type":"ImageObject","inLanguage":"de","@id":"https:\/\/biomonde.com\/#\/schema\/logo\/image\/","url":"https:\/\/biomonde.com\/wp-content\/uploads\/2021\/03\/biomonde-logo-512.png","contentUrl":"https:\/\/biomonde.com\/wp-content\/uploads\/2021\/03\/biomonde-logo-512.png","width":512,"height":512,"caption":"BioMonde"},"image":{"@id":"https:\/\/biomonde.com\/#\/schema\/logo\/image\/"},"sameAs":["https:\/\/www.facebook.com\/biomondeuki","https:\/\/x.com\/biomondeuk","https:\/\/www.instagram.com\/biomonde_uk\/","https:\/\/www.linkedin.com\/company\/biomondeuk\/","https:\/\/www.youtube.com\/channel\/UCgvvHlcLny1a_WoEWtxn8Qg\/videos"]}]}},"_links":{"self":[{"href":"https:\/\/biomonde.com\/de\/wp-json\/wp\/v2\/pages\/1326","targetHints":{"allow":["GET"]}}],"collection":[{"href":"https:\/\/biomonde.com\/de\/wp-json\/wp\/v2\/pages"}],"about":[{"href":"https:\/\/biomonde.com\/de\/wp-json\/wp\/v2\/types\/page"}],"author":[{"embeddable":true,"href":"https:\/\/biomonde.com\/de\/wp-json\/wp\/v2\/users\/2"}],"replies":[{"embeddable":true,"href":"https:\/\/biomonde.com\/de\/wp-json\/wp\/v2\/comments?post=1326"}],"version-history":[{"count":5,"href":"https:\/\/biomonde.com\/de\/wp-json\/wp\/v2\/pages\/1326\/revisions"}],"predecessor-version":[{"id":7909,"href":"https:\/\/biomonde.com\/de\/wp-json\/wp\/v2\/pages\/1326\/revisions\/7909"}],"wp:attachment":[{"href":"https:\/\/biomonde.com\/de\/wp-json\/wp\/v2\/media?parent=1326"}],"curies":[{"name":"wp","href":"https:\/\/api.w.org\/{rel}","templated":true}]}}