{"id":1332,"date":"2021-04-25T13:25:54","date_gmt":"2021-04-25T13:25:54","guid":{"rendered":"https:\/\/biomonde.local\/?page_id=1332"},"modified":"2022-04-06T13:47:43","modified_gmt":"2022-04-06T13:47:43","slug":"ueber-biomonde","status":"publish","type":"page","link":"https:\/\/biomonde.com\/de\/ueber-biomonde\/","title":{"rendered":"\u00dcber BioMonde"},"content":{"rendered":"<div class=\"block-section block-media-text\">\n  <div class=\"row\">\n    <div class=\"col-lg-6 col-media\">\n      <div class=\"col-content\">\n                  <img decoding=\"async\" src=\"https:\/\/biomonde.com\/wp-content\/uploads\/2021\/10\/biomonde-hamburg-211021_FSI2113-600x400.jpg\" alt=\"\">\n                <\/div>\n    <\/div>\n\n    <div class=\"col-lg-6 col-content\">\n      <div class=\"col-content\">\n                  <h2 class=\"title\">Ihr Erfolg ist unser Antrieb<\/h2>\n        \n                  <div class=\"content\"><p><strong>Seit \u00fcber 25 Jahren treibt uns die Faszination f\u00fcr eine einzigartige, nat\u00fcrliche Therapie an.<\/strong><\/p>\n<p>Wir wollen Wundpatient*innen zu mehr Lebensqualit\u00e4t und Therapeut*innen zu erfolgreichen Behandlungsergebnissen verhelfen.<\/p>\n<div class=\"wp-block-buttons\">\n<div class=\"wp-block-button\"><a class=\"wp-block-button__link\" href=\"\/de\/was-wir-machen\/\">Was wir machen<\/a><\/div>\n<\/div>\n<\/div>\n              <\/div>\n    <\/div>\n  <\/div>\n<\/div>\n\n\n<div class=\"block-section block-media-text\">\n  <div class=\"row\">\n    <div class=\"col-lg-6 col-media order-lg-2\">\n      <div class=\"col-content\">\n                  <img decoding=\"async\" src=\"https:\/\/biomonde.com\/wp-content\/uploads\/2021\/10\/biomonde-hamburg-211021_FSI2159-600x400.jpg\" alt=\"\">\n                <\/div>\n    <\/div>\n\n    <div class=\"col-lg-6 col-content order-lg-1\">\n      <div class=\"col-content\">\n                  <h2 class=\"title\">Wir sind spezialisiert<\/h2>\n        \n                  <div class=\"content\"><p><!-- wp:paragraph --><\/p>\n<p>Als pharmazeutischer Hersteller in einem sehr speziellen Marktsegment ist unser gesamtes Team hochmotiviert, Ihnen ein Produkt mit gleichbleibend hoher Qualit\u00e4t f\u00fcr au\u00dfergew\u00f6hnliche Resultate zu liefern.<\/p>\n<p>Und das mit der Zuverl\u00e4ssigkeit, die Sie als Anwender*in von BioMonde erwarten.<\/p>\n<p><!-- \/wp:paragraph --><\/p>\n<div class=\"wp-block-buttons\">\n<div class=\"wp-block-button\"><a class=\"wp-block-button__link\" href=\"\/de\/wie-wir-es-machen\/\">Wie wir es machen<\/a><\/div>\n<\/div>\n<\/div>\n              <\/div>\n    <\/div>\n  <\/div>\n<\/div>\n\n\n<div class=\"block-section block-media-text\">\n  <div class=\"row\">\n    <div class=\"col-lg-6 col-media\">\n      <div class=\"col-content\">\n                  <img decoding=\"async\" src=\"https:\/\/biomonde.com\/wp-content\/uploads\/2021\/10\/biomonde-hamburg-211021_FSI2365-600x400.jpg\" alt=\"\">\n                <\/div>\n    <\/div>\n\n    <div class=\"col-lg-6 col-content\">\n      <div class=\"col-content\">\n                  <h2 class=\"title\">Synonym f\u00fcr erfolgreiches Debridement<\/h2>\n        \n                  <div class=\"content\"><p><!-- wp:paragraph --><\/p>\n<p>Unser Einsatz f\u00fcr die Patient*innen beginnt bei der Zucht unserer Fliegen.<\/p>\n<p>Wir sind ein zertifizierter Betrieb und produzieren unsere Larvenprodukte unter sterilen Bedingungen nach den Vorgaben der GMP (Good Manufacturing Practice).<\/p>\n<p><!-- \/wp:paragraph --><\/p>\n<div class=\"wp-block-buttons\">\n<div class=\"wp-block-button\"><a class=\"wp-block-button__link\" href=\"\/de\/entdecken-sie-biobag\/\">Entdecken Sie BioBag<\/a><\/div>\n<\/div>\n<\/div>\n              <\/div>\n    <\/div>\n  <\/div>\n<\/div>\n","protected":false},"excerpt":{"rendered":"","protected":false},"author":2,"featured_media":0,"parent":0,"menu_order":0,"comment_status":"closed","ping_status":"closed","template":"","meta":{"_acf_changed":false,"footnotes":""},"class_list":["post-1332","page","type-page","status-publish","hentry"],"acf":[],"yoast_head":"<!-- This site is optimized with the Yoast SEO plugin v27.4 - https:\/\/yoast.com\/product\/yoast-seo-wordpress\/ -->\n<title>\u00dcber uns - BioMonde<\/title>\n<meta name=\"description\" content=\"\u00dcber BioMonde - wir sind mehr als nur ein multinationaler Hersteller von Larventherapie Produkten.\" \/>\n<meta name=\"robots\" content=\"index, follow, max-snippet:-1, max-image-preview:large, max-video-preview:-1\" \/>\n<link rel=\"canonical\" href=\"https:\/\/biomonde.com\/who-we-are\/\" \/>\n<meta property=\"og:locale\" content=\"de_DE\" \/>\n<meta property=\"og:type\" content=\"article\" \/>\n<meta property=\"og:title\" content=\"\u00dcber uns - BioMonde\" \/>\n<meta property=\"og:description\" content=\"\u00dcber BioMonde - wir sind mehr als nur ein multinationaler Hersteller von Larventherapie Produkten.\" \/>\n<meta property=\"og:url\" content=\"https:\/\/biomonde.com\/who-we-are\/\" \/>\n<meta property=\"og:site_name\" content=\"BioMonde\" \/>\n<meta property=\"article:publisher\" content=\"https:\/\/www.facebook.com\/biomondeuki\" \/>\n<meta property=\"article:modified_time\" content=\"2022-04-06T13:47:43+00:00\" \/>\n<meta name=\"twitter:card\" content=\"summary_large_image\" \/>\n<meta name=\"twitter:site\" content=\"@biomondeuk\" \/>\n<script type=\"application\/ld+json\" class=\"yoast-schema-graph\">{\"@context\":\"https:\\\/\\\/schema.org\",\"@graph\":[{\"@type\":\"WebPage\",\"@id\":\"https:\\\/\\\/biomonde.com\\\/who-we-are\\\/\",\"url\":\"https:\\\/\\\/biomonde.com\\\/who-we-are\\\/\",\"name\":\"\u00dcber uns - BioMonde\",\"isPartOf\":{\"@id\":\"https:\\\/\\\/biomonde.com\\\/#website\"},\"datePublished\":\"2021-04-25T13:25:54+00:00\",\"dateModified\":\"2022-04-06T13:47:43+00:00\",\"description\":\"\u00dcber BioMonde - wir sind mehr als nur ein multinationaler Hersteller von Larventherapie Produkten.\",\"breadcrumb\":{\"@id\":\"https:\\\/\\\/biomonde.com\\\/who-we-are\\\/#breadcrumb\"},\"inLanguage\":\"de\",\"potentialAction\":[{\"@type\":\"ReadAction\",\"target\":[\"https:\\\/\\\/biomonde.com\\\/who-we-are\\\/\"]}]},{\"@type\":\"BreadcrumbList\",\"@id\":\"https:\\\/\\\/biomonde.com\\\/who-we-are\\\/#breadcrumb\",\"itemListElement\":[{\"@type\":\"ListItem\",\"position\":1,\"name\":\"Home\",\"item\":\"https:\\\/\\\/biomonde.com\\\/\"},{\"@type\":\"ListItem\",\"position\":2,\"name\":\"\u00dcber BioMonde\"}]},{\"@type\":\"WebSite\",\"@id\":\"https:\\\/\\\/biomonde.com\\\/#website\",\"url\":\"https:\\\/\\\/biomonde.com\\\/\",\"name\":\"BioMonde\",\"description\":\"Making Healing Possible\",\"publisher\":{\"@id\":\"https:\\\/\\\/biomonde.com\\\/#organization\"},\"potentialAction\":[{\"@type\":\"SearchAction\",\"target\":{\"@type\":\"EntryPoint\",\"urlTemplate\":\"https:\\\/\\\/biomonde.com\\\/?s={search_term_string}\"},\"query-input\":{\"@type\":\"PropertyValueSpecification\",\"valueRequired\":true,\"valueName\":\"search_term_string\"}}],\"inLanguage\":\"de\"},{\"@type\":\"Organization\",\"@id\":\"https:\\\/\\\/biomonde.com\\\/#organization\",\"name\":\"BioMonde\",\"url\":\"https:\\\/\\\/biomonde.com\\\/\",\"logo\":{\"@type\":\"ImageObject\",\"inLanguage\":\"de\",\"@id\":\"https:\\\/\\\/biomonde.com\\\/#\\\/schema\\\/logo\\\/image\\\/\",\"url\":\"https:\\\/\\\/biomonde.com\\\/wp-content\\\/uploads\\\/2021\\\/03\\\/biomonde-logo-512.png\",\"contentUrl\":\"https:\\\/\\\/biomonde.com\\\/wp-content\\\/uploads\\\/2021\\\/03\\\/biomonde-logo-512.png\",\"width\":512,\"height\":512,\"caption\":\"BioMonde\"},\"image\":{\"@id\":\"https:\\\/\\\/biomonde.com\\\/#\\\/schema\\\/logo\\\/image\\\/\"},\"sameAs\":[\"https:\\\/\\\/www.facebook.com\\\/biomondeuki\",\"https:\\\/\\\/x.com\\\/biomondeuk\",\"https:\\\/\\\/www.instagram.com\\\/biomonde_uk\\\/\",\"https:\\\/\\\/www.linkedin.com\\\/company\\\/biomondeuk\\\/\",\"https:\\\/\\\/www.youtube.com\\\/channel\\\/UCgvvHlcLny1a_WoEWtxn8Qg\\\/videos\"]}]}<\/script>\n<!-- \/ Yoast SEO plugin. -->","yoast_head_json":{"title":"\u00dcber uns - BioMonde","description":"\u00dcber BioMonde - wir sind mehr als nur ein multinationaler Hersteller von Larventherapie Produkten.","robots":{"index":"index","follow":"follow","max-snippet":"max-snippet:-1","max-image-preview":"max-image-preview:large","max-video-preview":"max-video-preview:-1"},"canonical":"https:\/\/biomonde.com\/who-we-are\/","og_locale":"de_DE","og_type":"article","og_title":"\u00dcber uns - BioMonde","og_description":"\u00dcber BioMonde - wir sind mehr als nur ein multinationaler Hersteller von Larventherapie Produkten.","og_url":"https:\/\/biomonde.com\/who-we-are\/","og_site_name":"BioMonde","article_publisher":"https:\/\/www.facebook.com\/biomondeuki","article_modified_time":"2022-04-06T13:47:43+00:00","twitter_card":"summary_large_image","twitter_site":"@biomondeuk","schema":{"@context":"https:\/\/schema.org","@graph":[{"@type":"WebPage","@id":"https:\/\/biomonde.com\/who-we-are\/","url":"https:\/\/biomonde.com\/who-we-are\/","name":"\u00dcber uns - BioMonde","isPartOf":{"@id":"https:\/\/biomonde.com\/#website"},"datePublished":"2021-04-25T13:25:54+00:00","dateModified":"2022-04-06T13:47:43+00:00","description":"\u00dcber BioMonde - wir sind mehr als nur ein multinationaler Hersteller von Larventherapie Produkten.","breadcrumb":{"@id":"https:\/\/biomonde.com\/who-we-are\/#breadcrumb"},"inLanguage":"de","potentialAction":[{"@type":"ReadAction","target":["https:\/\/biomonde.com\/who-we-are\/"]}]},{"@type":"BreadcrumbList","@id":"https:\/\/biomonde.com\/who-we-are\/#breadcrumb","itemListElement":[{"@type":"ListItem","position":1,"name":"Home","item":"https:\/\/biomonde.com\/"},{"@type":"ListItem","position":2,"name":"\u00dcber BioMonde"}]},{"@type":"WebSite","@id":"https:\/\/biomonde.com\/#website","url":"https:\/\/biomonde.com\/","name":"BioMonde","description":"Making Healing Possible","publisher":{"@id":"https:\/\/biomonde.com\/#organization"},"potentialAction":[{"@type":"SearchAction","target":{"@type":"EntryPoint","urlTemplate":"https:\/\/biomonde.com\/?s={search_term_string}"},"query-input":{"@type":"PropertyValueSpecification","valueRequired":true,"valueName":"search_term_string"}}],"inLanguage":"de"},{"@type":"Organization","@id":"https:\/\/biomonde.com\/#organization","name":"BioMonde","url":"https:\/\/biomonde.com\/","logo":{"@type":"ImageObject","inLanguage":"de","@id":"https:\/\/biomonde.com\/#\/schema\/logo\/image\/","url":"https:\/\/biomonde.com\/wp-content\/uploads\/2021\/03\/biomonde-logo-512.png","contentUrl":"https:\/\/biomonde.com\/wp-content\/uploads\/2021\/03\/biomonde-logo-512.png","width":512,"height":512,"caption":"BioMonde"},"image":{"@id":"https:\/\/biomonde.com\/#\/schema\/logo\/image\/"},"sameAs":["https:\/\/www.facebook.com\/biomondeuki","https:\/\/x.com\/biomondeuk","https:\/\/www.instagram.com\/biomonde_uk\/","https:\/\/www.linkedin.com\/company\/biomondeuk\/","https:\/\/www.youtube.com\/channel\/UCgvvHlcLny1a_WoEWtxn8Qg\/videos"]}]}},"_links":{"self":[{"href":"https:\/\/biomonde.com\/de\/wp-json\/wp\/v2\/pages\/1332","targetHints":{"allow":["GET"]}}],"collection":[{"href":"https:\/\/biomonde.com\/de\/wp-json\/wp\/v2\/pages"}],"about":[{"href":"https:\/\/biomonde.com\/de\/wp-json\/wp\/v2\/types\/page"}],"author":[{"embeddable":true,"href":"https:\/\/biomonde.com\/de\/wp-json\/wp\/v2\/users\/2"}],"replies":[{"embeddable":true,"href":"https:\/\/biomonde.com\/de\/wp-json\/wp\/v2\/comments?post=1332"}],"version-history":[{"count":5,"href":"https:\/\/biomonde.com\/de\/wp-json\/wp\/v2\/pages\/1332\/revisions"}],"predecessor-version":[{"id":7814,"href":"https:\/\/biomonde.com\/de\/wp-json\/wp\/v2\/pages\/1332\/revisions\/7814"}],"wp:attachment":[{"href":"https:\/\/biomonde.com\/de\/wp-json\/wp\/v2\/media?parent=1332"}],"curies":[{"name":"wp","href":"https:\/\/api.w.org\/{rel}","templated":true}]}}