{"id":1609,"date":"2021-05-10T10:59:20","date_gmt":"2021-05-10T10:59:20","guid":{"rendered":"https:\/\/biomonde.local\/?page_id=1609"},"modified":"2025-11-20T10:24:40","modified_gmt":"2025-11-20T10:24:40","slug":"biomonde-direkt","status":"publish","type":"page","link":"https:\/\/biomonde.com\/de\/biomonde-direkt\/","title":{"rendered":"BioMonde DIREKT"},"content":{"rendered":"<div class=\"block-section block-features\">\n  <h2 class=\"title\">Wie k\u00f6nnen wir helfen?<\/h2>\n\n      <div class=\"description\"><p>Wir sind hier, um Sie in jeder Phase der Larventherapie zu unterst\u00fctzen; von der Entscheidung \u00fcber die Wundeignung und die Art der Bestellung bis hin zur Anwendung der Behandlung und dem Verst\u00e4ndnis der t\u00e4glichen Pflege. Unser klinisches Remote-Support-Team bietet ma\u00dfgeschneiderte Beratung, Produktsupport und Fachschulungen, damit Sie Ihre Patienten*innen vertrauensvoll behandeln k\u00f6nnen.<\/p>\n<p><strong>Mit BioMonde DIREKT k\u00f6nnen Sie w\u00e4hlen, wann und wie Sie mit uns sprechen m\u00f6chten.<\/strong><\/p>\n<p>Planen Sie eine Schulungssitzung oder einen Videoanruf mit dem automatischen Kalender, der \u00fcber unser automatisches Buchungssystem BioMonde DIREKT unten zug\u00e4nglich ist. Es stehen 15-min\u00fctige, 30-min\u00fctige oder 1-st\u00fcndige Zeitfenster zur Verf\u00fcgung. W\u00e4hlen Sie einfach ein Datum und eine Uhrzeit aus, die am besten zu Ihnen passen, und Sie erhalten eine automatische Buchungsbest\u00e4tigung und einen Zoom-Link.<\/p>\n<p>Alternativ, wenn Sie sofortige klinische Beratung ben\u00f6tigen, sind wir telefonisch \u00fcber unseren klinischen Helpline-Service f\u00fcr Sie da oder Sie senden eine E-Mail an unseren klinischen Helpdesk und ein Mitglied unseres Teams wird sich mit den gew\u00fcnschten Informationen bei Ihnen melden.<\/p>\n<\/div>\n  \n      <div class=\"feature-row row\">\n              <div class=\"col-lg-4 feature-col\" style=\"--anim-order: 1;\">\n          <div class=\"feature feature-dark\">\n            \n            <div class=\"content-wrap\">\n                              <span class=\"icon icon-stopwatch icon-feature\"><\/span>\n              \n              <h3 class=\"feature-title\">15 Minuten<\/h3>\n\n              <div class=\"content\"><p>Wundeignung und Bestellberatung<\/p>\n<\/div>\n\n                          <\/div>\n          <\/div>\n        <\/div>\n              <div class=\"col-lg-4 feature-col\" style=\"--anim-order: 2;\">\n          <div class=\"feature feature-dark\">\n            \n            <div class=\"content-wrap\">\n                              <span class=\"icon icon-stopwatch icon-feature\"><\/span>\n              \n              <h3 class=\"feature-title\">30 Minuten<\/h3>\n\n              <div class=\"content\"><p>Ma\u00dfgeschneiderte Auffrischungs- oder Update-Schulungen<\/p>\n<\/div>\n\n                          <\/div>\n          <\/div>\n        <\/div>\n              <div class=\"col-lg-4 feature-col\" style=\"--anim-order: 3;\">\n          <div class=\"feature feature-dark\">\n            \n            <div class=\"content-wrap\">\n                              <span class=\"icon icon-stopwatch icon-feature\"><\/span>\n              \n              <h3 class=\"feature-title\">60+ Minuten<\/h3>\n\n              <div class=\"content\"><p>Weiterbildung oder Masterclass<\/p>\n<\/div>\n\n                          <\/div>\n          <\/div>\n        <\/div>\n          <\/div>\n  <\/div>\n\n\n\n<h2 class=\"wp-block-heading\" id=\"buchen-sie-einen-gesprachstermin\">Buchen Sie einen Gespr\u00e4chstermin<\/h2>\n\n\n\n<!-- Calendly inline widget begin -->\n<div class=\"calendly-inline-widget\" data-url=\"https:\/\/calendly.com\/ablohm-biomonde\" style=\"min-width:320px;height:630px;\"><\/div>\n<script type=\"text\/javascript\" src=\"https:\/\/assets.calendly.com\/assets\/external\/widget.js\" async=\"\"><\/script>\n<!-- Calendly inline widget end -->\n\n\n\n<p>In dringenden F\u00e4llen erreichen Sie unsere Hotline unter <a href=\"tel:+491802466663\">01802 466663<\/a> oder per Email unter <a href=\"mailto:info@biomonde.de\">info@biomonde.de<\/a>.<\/p>\n\n\n\n<p><\/p>\n","protected":false},"excerpt":{"rendered":"<p>Buchen Sie einen Gespr\u00e4chstermin In dringenden F\u00e4llen erreichen Sie unsere Hotline unter 01802 466663 oder per Email unter info@biomonde.de.<\/p>\n","protected":false},"author":2,"featured_media":0,"parent":0,"menu_order":0,"comment_status":"closed","ping_status":"closed","template":"","meta":{"_acf_changed":false,"footnotes":""},"class_list":["post-1609","page","type-page","status-publish","hentry"],"acf":[],"yoast_head":"<!-- This site is optimized with the Yoast SEO plugin v27.4 - https:\/\/yoast.com\/product\/yoast-seo-wordpress\/ -->\n<title>BioMonde DIREKT - Beratungstermin buchen<\/title>\n<meta name=\"description\" content=\"Buchen Sie noch heute einen kostenlosen Beratungstermin mit einem unserer Larventherapie Experten.\" \/>\n<meta name=\"robots\" content=\"index, follow, max-snippet:-1, max-image-preview:large, max-video-preview:-1\" \/>\n<link rel=\"canonical\" href=\"https:\/\/biomonde.com\/biomonde-direct\/\" \/>\n<meta property=\"og:locale\" content=\"de_DE\" \/>\n<meta property=\"og:type\" content=\"article\" \/>\n<meta property=\"og:title\" content=\"BioMonde DIREKT - Beratungstermin buchen\" \/>\n<meta property=\"og:description\" content=\"Buchen Sie noch heute einen kostenlosen Beratungstermin mit einem unserer Larventherapie Experten.\" \/>\n<meta property=\"og:url\" content=\"https:\/\/biomonde.com\/biomonde-direct\/\" \/>\n<meta property=\"og:site_name\" content=\"BioMonde\" \/>\n<meta property=\"article:publisher\" content=\"https:\/\/www.facebook.com\/biomondeuki\" \/>\n<meta property=\"article:modified_time\" content=\"2025-11-20T10:24:40+00:00\" \/>\n<meta name=\"twitter:card\" content=\"summary_large_image\" \/>\n<meta name=\"twitter:site\" content=\"@biomondeuk\" \/>\n<meta name=\"twitter:label1\" content=\"Gesch\u00e4tzte Lesezeit\" \/>\n\t<meta name=\"twitter:data1\" content=\"1\u00a0Minute\" \/>\n<script type=\"application\/ld+json\" class=\"yoast-schema-graph\">{\"@context\":\"https:\\\/\\\/schema.org\",\"@graph\":[{\"@type\":\"WebPage\",\"@id\":\"https:\\\/\\\/biomonde.com\\\/biomonde-direct\\\/\",\"url\":\"https:\\\/\\\/biomonde.com\\\/biomonde-direct\\\/\",\"name\":\"BioMonde DIREKT - Beratungstermin buchen\",\"isPartOf\":{\"@id\":\"https:\\\/\\\/biomonde.com\\\/#website\"},\"datePublished\":\"2021-05-10T10:59:20+00:00\",\"dateModified\":\"2025-11-20T10:24:40+00:00\",\"description\":\"Buchen Sie noch heute einen kostenlosen Beratungstermin mit einem unserer Larventherapie Experten.\",\"breadcrumb\":{\"@id\":\"https:\\\/\\\/biomonde.com\\\/biomonde-direct\\\/#breadcrumb\"},\"inLanguage\":\"de\",\"potentialAction\":[{\"@type\":\"ReadAction\",\"target\":[\"https:\\\/\\\/biomonde.com\\\/biomonde-direct\\\/\"]}]},{\"@type\":\"BreadcrumbList\",\"@id\":\"https:\\\/\\\/biomonde.com\\\/biomonde-direct\\\/#breadcrumb\",\"itemListElement\":[{\"@type\":\"ListItem\",\"position\":1,\"name\":\"Home\",\"item\":\"https:\\\/\\\/biomonde.com\\\/\"},{\"@type\":\"ListItem\",\"position\":2,\"name\":\"BioMonde DIREKT\"}]},{\"@type\":\"WebSite\",\"@id\":\"https:\\\/\\\/biomonde.com\\\/#website\",\"url\":\"https:\\\/\\\/biomonde.com\\\/\",\"name\":\"BioMonde\",\"description\":\"Making Healing Possible\",\"publisher\":{\"@id\":\"https:\\\/\\\/biomonde.com\\\/#organization\"},\"potentialAction\":[{\"@type\":\"SearchAction\",\"target\":{\"@type\":\"EntryPoint\",\"urlTemplate\":\"https:\\\/\\\/biomonde.com\\\/?s={search_term_string}\"},\"query-input\":{\"@type\":\"PropertyValueSpecification\",\"valueRequired\":true,\"valueName\":\"search_term_string\"}}],\"inLanguage\":\"de\"},{\"@type\":\"Organization\",\"@id\":\"https:\\\/\\\/biomonde.com\\\/#organization\",\"name\":\"BioMonde\",\"url\":\"https:\\\/\\\/biomonde.com\\\/\",\"logo\":{\"@type\":\"ImageObject\",\"inLanguage\":\"de\",\"@id\":\"https:\\\/\\\/biomonde.com\\\/#\\\/schema\\\/logo\\\/image\\\/\",\"url\":\"https:\\\/\\\/biomonde.com\\\/wp-content\\\/uploads\\\/2021\\\/03\\\/biomonde-logo-512.png\",\"contentUrl\":\"https:\\\/\\\/biomonde.com\\\/wp-content\\\/uploads\\\/2021\\\/03\\\/biomonde-logo-512.png\",\"width\":512,\"height\":512,\"caption\":\"BioMonde\"},\"image\":{\"@id\":\"https:\\\/\\\/biomonde.com\\\/#\\\/schema\\\/logo\\\/image\\\/\"},\"sameAs\":[\"https:\\\/\\\/www.facebook.com\\\/biomondeuki\",\"https:\\\/\\\/x.com\\\/biomondeuk\",\"https:\\\/\\\/www.instagram.com\\\/biomonde_uk\\\/\",\"https:\\\/\\\/www.linkedin.com\\\/company\\\/biomondeuk\\\/\",\"https:\\\/\\\/www.youtube.com\\\/channel\\\/UCgvvHlcLny1a_WoEWtxn8Qg\\\/videos\"]}]}<\/script>\n<!-- \/ Yoast SEO plugin. -->","yoast_head_json":{"title":"BioMonde DIREKT - Beratungstermin buchen","description":"Buchen Sie noch heute einen kostenlosen Beratungstermin mit einem unserer Larventherapie Experten.","robots":{"index":"index","follow":"follow","max-snippet":"max-snippet:-1","max-image-preview":"max-image-preview:large","max-video-preview":"max-video-preview:-1"},"canonical":"https:\/\/biomonde.com\/biomonde-direct\/","og_locale":"de_DE","og_type":"article","og_title":"BioMonde DIREKT - Beratungstermin buchen","og_description":"Buchen Sie noch heute einen kostenlosen Beratungstermin mit einem unserer Larventherapie Experten.","og_url":"https:\/\/biomonde.com\/biomonde-direct\/","og_site_name":"BioMonde","article_publisher":"https:\/\/www.facebook.com\/biomondeuki","article_modified_time":"2025-11-20T10:24:40+00:00","twitter_card":"summary_large_image","twitter_site":"@biomondeuk","twitter_misc":{"Gesch\u00e4tzte Lesezeit":"1\u00a0Minute"},"schema":{"@context":"https:\/\/schema.org","@graph":[{"@type":"WebPage","@id":"https:\/\/biomonde.com\/biomonde-direct\/","url":"https:\/\/biomonde.com\/biomonde-direct\/","name":"BioMonde DIREKT - Beratungstermin buchen","isPartOf":{"@id":"https:\/\/biomonde.com\/#website"},"datePublished":"2021-05-10T10:59:20+00:00","dateModified":"2025-11-20T10:24:40+00:00","description":"Buchen Sie noch heute einen kostenlosen Beratungstermin mit einem unserer Larventherapie Experten.","breadcrumb":{"@id":"https:\/\/biomonde.com\/biomonde-direct\/#breadcrumb"},"inLanguage":"de","potentialAction":[{"@type":"ReadAction","target":["https:\/\/biomonde.com\/biomonde-direct\/"]}]},{"@type":"BreadcrumbList","@id":"https:\/\/biomonde.com\/biomonde-direct\/#breadcrumb","itemListElement":[{"@type":"ListItem","position":1,"name":"Home","item":"https:\/\/biomonde.com\/"},{"@type":"ListItem","position":2,"name":"BioMonde DIREKT"}]},{"@type":"WebSite","@id":"https:\/\/biomonde.com\/#website","url":"https:\/\/biomonde.com\/","name":"BioMonde","description":"Making Healing Possible","publisher":{"@id":"https:\/\/biomonde.com\/#organization"},"potentialAction":[{"@type":"SearchAction","target":{"@type":"EntryPoint","urlTemplate":"https:\/\/biomonde.com\/?s={search_term_string}"},"query-input":{"@type":"PropertyValueSpecification","valueRequired":true,"valueName":"search_term_string"}}],"inLanguage":"de"},{"@type":"Organization","@id":"https:\/\/biomonde.com\/#organization","name":"BioMonde","url":"https:\/\/biomonde.com\/","logo":{"@type":"ImageObject","inLanguage":"de","@id":"https:\/\/biomonde.com\/#\/schema\/logo\/image\/","url":"https:\/\/biomonde.com\/wp-content\/uploads\/2021\/03\/biomonde-logo-512.png","contentUrl":"https:\/\/biomonde.com\/wp-content\/uploads\/2021\/03\/biomonde-logo-512.png","width":512,"height":512,"caption":"BioMonde"},"image":{"@id":"https:\/\/biomonde.com\/#\/schema\/logo\/image\/"},"sameAs":["https:\/\/www.facebook.com\/biomondeuki","https:\/\/x.com\/biomondeuk","https:\/\/www.instagram.com\/biomonde_uk\/","https:\/\/www.linkedin.com\/company\/biomondeuk\/","https:\/\/www.youtube.com\/channel\/UCgvvHlcLny1a_WoEWtxn8Qg\/videos"]}]}},"_links":{"self":[{"href":"https:\/\/biomonde.com\/de\/wp-json\/wp\/v2\/pages\/1609","targetHints":{"allow":["GET"]}}],"collection":[{"href":"https:\/\/biomonde.com\/de\/wp-json\/wp\/v2\/pages"}],"about":[{"href":"https:\/\/biomonde.com\/de\/wp-json\/wp\/v2\/types\/page"}],"author":[{"embeddable":true,"href":"https:\/\/biomonde.com\/de\/wp-json\/wp\/v2\/users\/2"}],"replies":[{"embeddable":true,"href":"https:\/\/biomonde.com\/de\/wp-json\/wp\/v2\/comments?post=1609"}],"version-history":[{"count":5,"href":"https:\/\/biomonde.com\/de\/wp-json\/wp\/v2\/pages\/1609\/revisions"}],"predecessor-version":[{"id":11897,"href":"https:\/\/biomonde.com\/de\/wp-json\/wp\/v2\/pages\/1609\/revisions\/11897"}],"wp:attachment":[{"href":"https:\/\/biomonde.com\/de\/wp-json\/wp\/v2\/media?parent=1609"}],"curies":[{"name":"wp","href":"https:\/\/api.w.org\/{rel}","templated":true}]}}