{"id":2253,"date":"2021-05-20T16:15:38","date_gmt":"2021-05-20T16:15:38","guid":{"rendered":"https:\/\/biomonde.local\/?page_id=2253"},"modified":"2022-08-11T10:08:55","modified_gmt":"2022-08-11T10:08:55","slug":"mehr-erfahren","status":"publish","type":"page","link":"https:\/\/biomonde.com\/de\/mehr-erfahren\/","title":{"rendered":"Mehr Erfahren"},"content":{"rendered":"<div class=\"block-section block-features\">\n  <h2 class=\"title\"><\/h2>\n\n      <div class=\"description\"><h2 style=\"text-align: center;\">Fangen Sie mit Ihrer Larventherapie Schulung heute an.<\/h2>\n<\/div>\n  \n      <div class=\"feature-row row\">\n              <div class=\"col-md-6 col-xl-3 feature-col\" style=\"--anim-order: 1;\">\n          <div class=\"feature has-link\">\n                          <a href=\"\/de\/mehr-erfahren\/biomonde-live\/\" class=\"image\">\n                <img decoding=\"async\" src=\"https:\/\/biomonde.com\/wp-content\/uploads\/2021\/05\/21.png\" alt=\"BioMonde LIVE\">\n              <\/a>\n            \n            <div class=\"content-wrap\">\n              \n              <h3 class=\"feature-title\">BioMonde LIVE<\/h3>\n\n              <div class=\"content\"><\/div>\n\n                              <div class=\"buttons\">\n                  <a href=\"\/de\/mehr-erfahren\/biomonde-live\/\" class=\"btn btn-primary\">\n                    Registrieren                  <\/a>\n                <\/div>\n                          <\/div>\n          <\/div>\n        <\/div>\n              <div class=\"col-md-6 col-xl-3 feature-col\" style=\"--anim-order: 2;\">\n          <div class=\"feature has-link\">\n                          <a href=\"\/de\/mehr-erfahren\/biomonde-direkt\/\" class=\"image\">\n                <img decoding=\"async\" src=\"https:\/\/biomonde.com\/wp-content\/uploads\/2021\/05\/31.png\" alt=\"BioMonde DIRECT\">\n              <\/a>\n            \n            <div class=\"content-wrap\">\n              \n              <h3 class=\"feature-title\">BioMonde DIREKT<\/h3>\n\n              <div class=\"content\"><\/div>\n\n                              <div class=\"buttons\">\n                  <a href=\"\/de\/mehr-erfahren\/biomonde-direkt\/\" class=\"btn btn-primary\">\n                    Termin Buchen                  <\/a>\n                <\/div>\n                          <\/div>\n          <\/div>\n        <\/div>\n              <div class=\"col-md-6 col-xl-3 feature-col\" style=\"--anim-order: 3;\">\n          <div class=\"feature has-link\">\n                          <a href=\"\/de\/mehr-erfahren\/biomonde-jetzt\/\" class=\"image\">\n                <img decoding=\"async\" src=\"https:\/\/biomonde.com\/wp-content\/uploads\/2021\/11\/BioMonde_Sub-Brand_JETZT_icon_350x300px.png\" alt=\"\">\n              <\/a>\n            \n            <div class=\"content-wrap\">\n              \n              <h3 class=\"feature-title\">BioMonde JETZT<\/h3>\n\n              <div class=\"content\"><\/div>\n\n                              <div class=\"buttons\">\n                  <a href=\"\/de\/mehr-erfahren\/biomonde-jetzt\/\" class=\"btn btn-primary\">\n                    Videos sehen                  <\/a>\n                <\/div>\n                          <\/div>\n          <\/div>\n        <\/div>\n              <div class=\"col-md-6 col-xl-3 feature-col\" style=\"--anim-order: 4;\">\n          <div class=\"feature has-link\">\n                          <a href=\"\/de\/mehr-erfahren\/biomonde-akademie\/\" class=\"image\">\n                <img decoding=\"async\" src=\"https:\/\/biomonde.com\/wp-content\/uploads\/2021\/09\/BioMonde_Sub-Brand_ON-DEMAND_icon_350x300px-2.png\" alt=\"\">\n              <\/a>\n            \n            <div class=\"content-wrap\">\n              \n              <h3 class=\"feature-title\">BioMonde AKADEMIE<\/h3>\n\n              <div class=\"content\"><\/div>\n\n                              <div class=\"buttons\">\n                  <a href=\"\/de\/mehr-erfahren\/biomonde-akademie\/\" class=\"btn btn-primary\">\n                    Lernen                  <\/a>\n                <\/div>\n                          <\/div>\n          <\/div>\n        <\/div>\n          <\/div>\n  <\/div>\n\n\n<div class=\"block-section block-media-text has-background background-light\">\n  <div class=\"row\">\n    <div class=\"col-lg-6 col-media\">\n      <div class=\"col-content\">\n                  <img decoding=\"async\" src=\"https:\/\/biomonde.com\/wp-content\/uploads\/2021\/11\/My-Post-23-600x352.png\" alt=\"\">\n                <\/div>\n    <\/div>\n\n    <div class=\"col-lg-6 col-content\">\n      <div class=\"col-content\">\n                  <h2 class=\"title\">BioMonde LIVE<\/h2>\n        \n                  <div class=\"content\"><p>BioMonde LIVE ist eine fortlaufende Reihe von Live-Webinaren, die das Wissen \u00fcber die Larventherapie direkt zu Ihnen bringt! In diesen Webinaren erhalten Sie Produkt- und Anwendungsschulungen von Fachleuten. So sind sie schnell in der Lage, Larventherapie erfolgreich anzuwenden.<\/p>\n<p><a href=\"\/de\/mehr-erfahren\/biomonde-live\/\"><span class=\"btn-secondary btn\">Registrieren<\/span><\/a><\/p>\n<p>&nbsp;<\/p>\n<p>&nbsp;<\/p>\n<\/div>\n              <\/div>\n    <\/div>\n  <\/div>\n<\/div>\n\n\n\n<div class=\"wp-block-buttons is-layout-flex wp-block-buttons-is-layout-flex\"><\/div>\n\n\n<div class=\"block-section block-media-text\">\n  <div class=\"row\">\n    <div class=\"col-lg-6 col-media order-lg-2\">\n      <div class=\"col-content\">\n                  <img decoding=\"async\" src=\"https:\/\/biomonde.com\/wp-content\/uploads\/2021\/11\/NOW-1-600x352.png\" alt=\"\">\n                <\/div>\n    <\/div>\n\n    <div class=\"col-lg-6 col-content order-lg-1\">\n      <div class=\"col-content\">\n                  <h2 class=\"title\">BioMonde DIREKT<\/h2>\n        \n                  <div class=\"content\"><p>W\u00fcnschen Sie ein pers\u00f6nliches Gespr\u00e4ch zur Kl\u00e4rung ihrer individuellen Fragen? Vereinbaren Sie einen Termin mit einem Mitglied unseres klinischen Supportteams, das Ihnen bei der Navigation in einem bestimmten Fall hilft, ma\u00dfgeschneiderte Schulungen anbietet oder allgemeine Informationen zur Behandlung liefert.<\/p>\n<p><a href=\"\/de\/mehr-erfahren\/biomonde-direkt\/\"><span class=\"btn-secondary btn\">Buchen Sie ein Termin<\/span><\/a><\/p>\n<\/div>\n              <\/div>\n    <\/div>\n  <\/div>\n<\/div>\n\n\n<div class=\"block-section block-media-text has-background background-light\">\n  <div class=\"row\">\n    <div class=\"col-lg-6 col-media\">\n      <div class=\"col-content\">\n                  <img decoding=\"async\" src=\"https:\/\/biomonde.com\/wp-content\/uploads\/2021\/11\/NOW-2-600x352.png\" alt=\"\">\n                <\/div>\n    <\/div>\n\n    <div class=\"col-lg-6 col-content\">\n      <div class=\"col-content\">\n                  <h2 class=\"title\">BioMonde JETZT<\/h2>\n        \n                  <div class=\"content\"><p>Larventherapie leicht gemacht. Besuchen Sie unser Videoportal, in dem wir Ihre h\u00e4ufig gestellten Fragen beantworten und unsere besten Tipps und Tricks teilen.<\/p>\n<p><a href=\"\/de\/mehr-erfahren\/biomonde-jetzt\/\"><span class=\"btn-secondary btn\">Videoportal besuchen<\/span><\/a><\/p>\n<\/div>\n              <\/div>\n    <\/div>\n  <\/div>\n<\/div>\n\n\n<div class=\"block-section block-media-text\">\n  <div class=\"row\">\n    <div class=\"col-lg-6 col-media order-lg-2\">\n      <div class=\"col-content\">\n                  <img decoding=\"async\" src=\"https:\/\/biomonde.com\/wp-content\/uploads\/2021\/12\/My-Post-41-600x352.png\" alt=\"\">\n                <\/div>\n    <\/div>\n\n    <div class=\"col-lg-6 col-content order-lg-1\">\n      <div class=\"col-content\">\n                  <h2 class=\"title\">BioMonde AKADEMIE<\/h2>\n        \n                  <div class=\"content\"><p>Unser Online-Schulungsprogramm bietet Ihnen bedarfsgerechte Lehrvideos und Sie erhalten am Ende jeweils ein Abschlusszertifikat.<\/p>\n<p><a href=\"\/de\/biomonde-akademie\/\"><span class=\"btn-secondary btn\">Schulung beginnen<\/span><\/a><\/p>\n<\/div>\n              <\/div>\n    <\/div>\n  <\/div>\n<\/div>\n","protected":false},"excerpt":{"rendered":"","protected":false},"author":2,"featured_media":0,"parent":0,"menu_order":0,"comment_status":"closed","ping_status":"closed","template":"","meta":{"_acf_changed":false,"footnotes":""},"class_list":["post-2253","page","type-page","status-publish","hentry"],"acf":[],"yoast_head":"<!-- This site is optimized with the Yoast SEO plugin v27.5 - https:\/\/yoast.com\/product\/yoast-seo-wordpress\/ -->\n<title>Larventherapie Ausbildung und Training - BioMonde<\/title>\n<meta name=\"description\" content=\"Erfahren Sie mehr \u00fcber die faszinierende Welt der Larventherapie - starten Sie noch heute.\" \/>\n<meta name=\"robots\" content=\"index, follow, max-snippet:-1, max-image-preview:large, max-video-preview:-1\" \/>\n<link rel=\"canonical\" href=\"https:\/\/biomonde.com\/learn\/\" \/>\n<meta property=\"og:locale\" content=\"de_DE\" \/>\n<meta property=\"og:type\" content=\"article\" \/>\n<meta property=\"og:title\" content=\"Larventherapie Ausbildung und Training - BioMonde\" \/>\n<meta property=\"og:description\" content=\"Erfahren Sie mehr \u00fcber die faszinierende Welt der Larventherapie - starten Sie noch heute.\" \/>\n<meta property=\"og:url\" content=\"https:\/\/biomonde.com\/learn\/\" \/>\n<meta property=\"og:site_name\" content=\"BioMonde\" \/>\n<meta property=\"article:publisher\" content=\"https:\/\/www.facebook.com\/biomondeuki\" \/>\n<meta property=\"article:modified_time\" content=\"2022-08-11T10:08:55+00:00\" \/>\n<meta name=\"twitter:card\" content=\"summary_large_image\" \/>\n<meta name=\"twitter:site\" content=\"@biomondeuk\" \/>\n<script type=\"application\/ld+json\" class=\"yoast-schema-graph\">{\"@context\":\"https:\\\/\\\/schema.org\",\"@graph\":[{\"@type\":\"WebPage\",\"@id\":\"https:\\\/\\\/biomonde.com\\\/learn\\\/\",\"url\":\"https:\\\/\\\/biomonde.com\\\/learn\\\/\",\"name\":\"Larventherapie Ausbildung und Training - BioMonde\",\"isPartOf\":{\"@id\":\"https:\\\/\\\/biomonde.com\\\/#website\"},\"datePublished\":\"2021-05-20T16:15:38+00:00\",\"dateModified\":\"2022-08-11T10:08:55+00:00\",\"description\":\"Erfahren Sie mehr \u00fcber die faszinierende Welt der Larventherapie - starten Sie noch heute.\",\"breadcrumb\":{\"@id\":\"https:\\\/\\\/biomonde.com\\\/learn\\\/#breadcrumb\"},\"inLanguage\":\"de\",\"potentialAction\":[{\"@type\":\"ReadAction\",\"target\":[\"https:\\\/\\\/biomonde.com\\\/learn\\\/\"]}]},{\"@type\":\"BreadcrumbList\",\"@id\":\"https:\\\/\\\/biomonde.com\\\/learn\\\/#breadcrumb\",\"itemListElement\":[{\"@type\":\"ListItem\",\"position\":1,\"name\":\"Home\",\"item\":\"https:\\\/\\\/biomonde.com\\\/\"},{\"@type\":\"ListItem\",\"position\":2,\"name\":\"Mehr Erfahren\"}]},{\"@type\":\"WebSite\",\"@id\":\"https:\\\/\\\/biomonde.com\\\/#website\",\"url\":\"https:\\\/\\\/biomonde.com\\\/\",\"name\":\"BioMonde\",\"description\":\"Making Healing Possible\",\"publisher\":{\"@id\":\"https:\\\/\\\/biomonde.com\\\/#organization\"},\"potentialAction\":[{\"@type\":\"SearchAction\",\"target\":{\"@type\":\"EntryPoint\",\"urlTemplate\":\"https:\\\/\\\/biomonde.com\\\/?s={search_term_string}\"},\"query-input\":{\"@type\":\"PropertyValueSpecification\",\"valueRequired\":true,\"valueName\":\"search_term_string\"}}],\"inLanguage\":\"de\"},{\"@type\":\"Organization\",\"@id\":\"https:\\\/\\\/biomonde.com\\\/#organization\",\"name\":\"BioMonde\",\"url\":\"https:\\\/\\\/biomonde.com\\\/\",\"logo\":{\"@type\":\"ImageObject\",\"inLanguage\":\"de\",\"@id\":\"https:\\\/\\\/biomonde.com\\\/#\\\/schema\\\/logo\\\/image\\\/\",\"url\":\"https:\\\/\\\/biomonde.com\\\/wp-content\\\/uploads\\\/2021\\\/03\\\/biomonde-logo-512.png\",\"contentUrl\":\"https:\\\/\\\/biomonde.com\\\/wp-content\\\/uploads\\\/2021\\\/03\\\/biomonde-logo-512.png\",\"width\":512,\"height\":512,\"caption\":\"BioMonde\"},\"image\":{\"@id\":\"https:\\\/\\\/biomonde.com\\\/#\\\/schema\\\/logo\\\/image\\\/\"},\"sameAs\":[\"https:\\\/\\\/www.facebook.com\\\/biomondeuki\",\"https:\\\/\\\/x.com\\\/biomondeuk\",\"https:\\\/\\\/www.instagram.com\\\/biomonde_uk\\\/\",\"https:\\\/\\\/www.linkedin.com\\\/company\\\/biomondeuk\\\/\",\"https:\\\/\\\/www.youtube.com\\\/channel\\\/UCgvvHlcLny1a_WoEWtxn8Qg\\\/videos\"]}]}<\/script>\n<!-- \/ Yoast SEO plugin. -->","yoast_head_json":{"title":"Larventherapie Ausbildung und Training - BioMonde","description":"Erfahren Sie mehr \u00fcber die faszinierende Welt der Larventherapie - starten Sie noch heute.","robots":{"index":"index","follow":"follow","max-snippet":"max-snippet:-1","max-image-preview":"max-image-preview:large","max-video-preview":"max-video-preview:-1"},"canonical":"https:\/\/biomonde.com\/learn\/","og_locale":"de_DE","og_type":"article","og_title":"Larventherapie Ausbildung und Training - BioMonde","og_description":"Erfahren Sie mehr \u00fcber die faszinierende Welt der Larventherapie - starten Sie noch heute.","og_url":"https:\/\/biomonde.com\/learn\/","og_site_name":"BioMonde","article_publisher":"https:\/\/www.facebook.com\/biomondeuki","article_modified_time":"2022-08-11T10:08:55+00:00","twitter_card":"summary_large_image","twitter_site":"@biomondeuk","schema":{"@context":"https:\/\/schema.org","@graph":[{"@type":"WebPage","@id":"https:\/\/biomonde.com\/learn\/","url":"https:\/\/biomonde.com\/learn\/","name":"Larventherapie Ausbildung und Training - BioMonde","isPartOf":{"@id":"https:\/\/biomonde.com\/#website"},"datePublished":"2021-05-20T16:15:38+00:00","dateModified":"2022-08-11T10:08:55+00:00","description":"Erfahren Sie mehr \u00fcber die faszinierende Welt der Larventherapie - starten Sie noch heute.","breadcrumb":{"@id":"https:\/\/biomonde.com\/learn\/#breadcrumb"},"inLanguage":"de","potentialAction":[{"@type":"ReadAction","target":["https:\/\/biomonde.com\/learn\/"]}]},{"@type":"BreadcrumbList","@id":"https:\/\/biomonde.com\/learn\/#breadcrumb","itemListElement":[{"@type":"ListItem","position":1,"name":"Home","item":"https:\/\/biomonde.com\/"},{"@type":"ListItem","position":2,"name":"Mehr Erfahren"}]},{"@type":"WebSite","@id":"https:\/\/biomonde.com\/#website","url":"https:\/\/biomonde.com\/","name":"BioMonde","description":"Making Healing Possible","publisher":{"@id":"https:\/\/biomonde.com\/#organization"},"potentialAction":[{"@type":"SearchAction","target":{"@type":"EntryPoint","urlTemplate":"https:\/\/biomonde.com\/?s={search_term_string}"},"query-input":{"@type":"PropertyValueSpecification","valueRequired":true,"valueName":"search_term_string"}}],"inLanguage":"de"},{"@type":"Organization","@id":"https:\/\/biomonde.com\/#organization","name":"BioMonde","url":"https:\/\/biomonde.com\/","logo":{"@type":"ImageObject","inLanguage":"de","@id":"https:\/\/biomonde.com\/#\/schema\/logo\/image\/","url":"https:\/\/biomonde.com\/wp-content\/uploads\/2021\/03\/biomonde-logo-512.png","contentUrl":"https:\/\/biomonde.com\/wp-content\/uploads\/2021\/03\/biomonde-logo-512.png","width":512,"height":512,"caption":"BioMonde"},"image":{"@id":"https:\/\/biomonde.com\/#\/schema\/logo\/image\/"},"sameAs":["https:\/\/www.facebook.com\/biomondeuki","https:\/\/x.com\/biomondeuk","https:\/\/www.instagram.com\/biomonde_uk\/","https:\/\/www.linkedin.com\/company\/biomondeuk\/","https:\/\/www.youtube.com\/channel\/UCgvvHlcLny1a_WoEWtxn8Qg\/videos"]}]}},"_links":{"self":[{"href":"https:\/\/biomonde.com\/de\/wp-json\/wp\/v2\/pages\/2253","targetHints":{"allow":["GET"]}}],"collection":[{"href":"https:\/\/biomonde.com\/de\/wp-json\/wp\/v2\/pages"}],"about":[{"href":"https:\/\/biomonde.com\/de\/wp-json\/wp\/v2\/types\/page"}],"author":[{"embeddable":true,"href":"https:\/\/biomonde.com\/de\/wp-json\/wp\/v2\/users\/2"}],"replies":[{"embeddable":true,"href":"https:\/\/biomonde.com\/de\/wp-json\/wp\/v2\/comments?post=2253"}],"version-history":[{"count":5,"href":"https:\/\/biomonde.com\/de\/wp-json\/wp\/v2\/pages\/2253\/revisions"}],"predecessor-version":[{"id":8318,"href":"https:\/\/biomonde.com\/de\/wp-json\/wp\/v2\/pages\/2253\/revisions\/8318"}],"wp:attachment":[{"href":"https:\/\/biomonde.com\/de\/wp-json\/wp\/v2\/media?parent=2253"}],"curies":[{"name":"wp","href":"https:\/\/api.w.org\/{rel}","templated":true}]}}