{"id":4149,"date":"2021-09-07T17:58:54","date_gmt":"2021-09-07T17:58:54","guid":{"rendered":"https:\/\/newsite.biomondedev.com\/mehr-erfahren\/biomonde-on-demand\/"},"modified":"2022-08-11T10:11:57","modified_gmt":"2022-08-11T10:11:57","slug":"biomonde-akademie","status":"publish","type":"page","link":"https:\/\/biomonde.com\/de\/biomonde-akademie\/","title":{"rendered":"BioMonde AKADEMIE"},"content":{"rendered":"\n<h2 class=\"wp-block-heading\" id=\"wilkommen-zur-biomonde-akademie\">Wilkommen bei der BioMonde Akademie<\/h2>\n\n\n\n<p>Hier bei der BioMonde Akademie machen wir es Ihnen einfach, die richtigen Informationen und das richtige Wissen \u00fcber alle Aspekte der Larventherapie zu erhalten. Mit verschieden Modulen zum Ausw\u00e4hlen, k\u00f6nnen Sie zu jeder Zeit und in Ihrem eigenen Tempo lernen. <\/p>\n\n\n\n<p>Fangen Sie gleich an! W\u00e4hlen Sie eines der Module unten aus, schauen Sie das Trainingsvideo an und beantworten Sie die Quizfragen. Bei erfolgreichem Abschluss des Quizzes, geben Sie einfach Ihre Details ein und erhalten Sie per Email Ihr Abschlusszertifikat.<\/p>\n","protected":false},"excerpt":{"rendered":"<p>Wilkommen bei der BioMonde Akademie Hier bei der BioMonde Akademie machen wir es Ihnen einfach, die richtigen Informationen und das richtige Wissen \u00fcber alle Aspekte der Larventherapie zu erhalten. Mit verschieden Modulen zum Ausw\u00e4hlen, k\u00f6nnen Sie zu jeder Zeit und in Ihrem eigenen Tempo lernen. Fangen Sie gleich an! W\u00e4hlen Sie eines der Module unten &hellip; <a href=\"https:\/\/biomonde.com\/de\/biomonde-akademie\/\">Continued<\/a><\/p>\n","protected":false},"author":2,"featured_media":0,"parent":0,"menu_order":0,"comment_status":"closed","ping_status":"closed","template":"template-elearning.blade.php","meta":{"_acf_changed":false,"footnotes":""},"class_list":["post-4149","page","type-page","status-publish","hentry"],"acf":[],"yoast_head":"<!-- This site is optimized with the Yoast SEO plugin v27.4 - https:\/\/yoast.com\/product\/yoast-seo-wordpress\/ -->\n<title>BioMonde AKADEMIE - Larventherapie Trainingsmodule<\/title>\n<meta name=\"description\" content=\"Lernen Sie in Ihrem eigenen Tempo mit unseren BioMonde AKADEMIE Larventherapie Trainingsmodulen f\u00fcr medizinisches Personal.\" \/>\n<meta name=\"robots\" content=\"index, follow, max-snippet:-1, max-image-preview:large, max-video-preview:-1\" \/>\n<link rel=\"canonical\" href=\"https:\/\/biomonde.com\/biomonde-academy\/\" \/>\n<meta property=\"og:locale\" content=\"de_DE\" \/>\n<meta property=\"og:type\" content=\"article\" \/>\n<meta property=\"og:title\" content=\"BioMonde AKADEMIE - Larventherapie Trainingsmodule\" \/>\n<meta property=\"og:description\" content=\"Lernen Sie in Ihrem eigenen Tempo mit unseren BioMonde AKADEMIE Larventherapie Trainingsmodulen f\u00fcr medizinisches Personal.\" \/>\n<meta property=\"og:url\" content=\"https:\/\/biomonde.com\/biomonde-academy\/\" \/>\n<meta property=\"og:site_name\" content=\"BioMonde\" \/>\n<meta property=\"article:publisher\" content=\"https:\/\/www.facebook.com\/biomondeuki\" \/>\n<meta property=\"article:modified_time\" content=\"2022-08-11T10:11:57+00:00\" \/>\n<meta name=\"twitter:card\" content=\"summary_large_image\" \/>\n<meta name=\"twitter:site\" content=\"@biomondeuk\" \/>\n<meta name=\"twitter:label1\" content=\"Gesch\u00e4tzte Lesezeit\" \/>\n\t<meta name=\"twitter:data1\" content=\"1\u00a0Minute\" \/>\n<script type=\"application\/ld+json\" class=\"yoast-schema-graph\">{\"@context\":\"https:\\\/\\\/schema.org\",\"@graph\":[{\"@type\":\"WebPage\",\"@id\":\"https:\\\/\\\/biomonde.com\\\/biomonde-academy\\\/\",\"url\":\"https:\\\/\\\/biomonde.com\\\/biomonde-academy\\\/\",\"name\":\"BioMonde AKADEMIE - Larventherapie Trainingsmodule\",\"isPartOf\":{\"@id\":\"https:\\\/\\\/biomonde.com\\\/#website\"},\"datePublished\":\"2021-09-07T17:58:54+00:00\",\"dateModified\":\"2022-08-11T10:11:57+00:00\",\"description\":\"Lernen Sie in Ihrem eigenen Tempo mit unseren BioMonde AKADEMIE Larventherapie Trainingsmodulen f\u00fcr medizinisches Personal.\",\"breadcrumb\":{\"@id\":\"https:\\\/\\\/biomonde.com\\\/biomonde-academy\\\/#breadcrumb\"},\"inLanguage\":\"de\",\"potentialAction\":[{\"@type\":\"ReadAction\",\"target\":[\"https:\\\/\\\/biomonde.com\\\/biomonde-academy\\\/\"]}]},{\"@type\":\"BreadcrumbList\",\"@id\":\"https:\\\/\\\/biomonde.com\\\/biomonde-academy\\\/#breadcrumb\",\"itemListElement\":[{\"@type\":\"ListItem\",\"position\":1,\"name\":\"Home\",\"item\":\"https:\\\/\\\/biomonde.com\\\/\"},{\"@type\":\"ListItem\",\"position\":2,\"name\":\"BioMonde AKADEMIE\"}]},{\"@type\":\"WebSite\",\"@id\":\"https:\\\/\\\/biomonde.com\\\/#website\",\"url\":\"https:\\\/\\\/biomonde.com\\\/\",\"name\":\"BioMonde\",\"description\":\"Making Healing Possible\",\"publisher\":{\"@id\":\"https:\\\/\\\/biomonde.com\\\/#organization\"},\"potentialAction\":[{\"@type\":\"SearchAction\",\"target\":{\"@type\":\"EntryPoint\",\"urlTemplate\":\"https:\\\/\\\/biomonde.com\\\/?s={search_term_string}\"},\"query-input\":{\"@type\":\"PropertyValueSpecification\",\"valueRequired\":true,\"valueName\":\"search_term_string\"}}],\"inLanguage\":\"de\"},{\"@type\":\"Organization\",\"@id\":\"https:\\\/\\\/biomonde.com\\\/#organization\",\"name\":\"BioMonde\",\"url\":\"https:\\\/\\\/biomonde.com\\\/\",\"logo\":{\"@type\":\"ImageObject\",\"inLanguage\":\"de\",\"@id\":\"https:\\\/\\\/biomonde.com\\\/#\\\/schema\\\/logo\\\/image\\\/\",\"url\":\"https:\\\/\\\/biomonde.com\\\/wp-content\\\/uploads\\\/2021\\\/03\\\/biomonde-logo-512.png\",\"contentUrl\":\"https:\\\/\\\/biomonde.com\\\/wp-content\\\/uploads\\\/2021\\\/03\\\/biomonde-logo-512.png\",\"width\":512,\"height\":512,\"caption\":\"BioMonde\"},\"image\":{\"@id\":\"https:\\\/\\\/biomonde.com\\\/#\\\/schema\\\/logo\\\/image\\\/\"},\"sameAs\":[\"https:\\\/\\\/www.facebook.com\\\/biomondeuki\",\"https:\\\/\\\/x.com\\\/biomondeuk\",\"https:\\\/\\\/www.instagram.com\\\/biomonde_uk\\\/\",\"https:\\\/\\\/www.linkedin.com\\\/company\\\/biomondeuk\\\/\",\"https:\\\/\\\/www.youtube.com\\\/channel\\\/UCgvvHlcLny1a_WoEWtxn8Qg\\\/videos\"]}]}<\/script>\n<!-- \/ Yoast SEO plugin. -->","yoast_head_json":{"title":"BioMonde AKADEMIE - Larventherapie Trainingsmodule","description":"Lernen Sie in Ihrem eigenen Tempo mit unseren BioMonde AKADEMIE Larventherapie Trainingsmodulen f\u00fcr medizinisches Personal.","robots":{"index":"index","follow":"follow","max-snippet":"max-snippet:-1","max-image-preview":"max-image-preview:large","max-video-preview":"max-video-preview:-1"},"canonical":"https:\/\/biomonde.com\/biomonde-academy\/","og_locale":"de_DE","og_type":"article","og_title":"BioMonde AKADEMIE - Larventherapie Trainingsmodule","og_description":"Lernen Sie in Ihrem eigenen Tempo mit unseren BioMonde AKADEMIE Larventherapie Trainingsmodulen f\u00fcr medizinisches Personal.","og_url":"https:\/\/biomonde.com\/biomonde-academy\/","og_site_name":"BioMonde","article_publisher":"https:\/\/www.facebook.com\/biomondeuki","article_modified_time":"2022-08-11T10:11:57+00:00","twitter_card":"summary_large_image","twitter_site":"@biomondeuk","twitter_misc":{"Gesch\u00e4tzte Lesezeit":"1\u00a0Minute"},"schema":{"@context":"https:\/\/schema.org","@graph":[{"@type":"WebPage","@id":"https:\/\/biomonde.com\/biomonde-academy\/","url":"https:\/\/biomonde.com\/biomonde-academy\/","name":"BioMonde AKADEMIE - Larventherapie Trainingsmodule","isPartOf":{"@id":"https:\/\/biomonde.com\/#website"},"datePublished":"2021-09-07T17:58:54+00:00","dateModified":"2022-08-11T10:11:57+00:00","description":"Lernen Sie in Ihrem eigenen Tempo mit unseren BioMonde AKADEMIE Larventherapie Trainingsmodulen f\u00fcr medizinisches Personal.","breadcrumb":{"@id":"https:\/\/biomonde.com\/biomonde-academy\/#breadcrumb"},"inLanguage":"de","potentialAction":[{"@type":"ReadAction","target":["https:\/\/biomonde.com\/biomonde-academy\/"]}]},{"@type":"BreadcrumbList","@id":"https:\/\/biomonde.com\/biomonde-academy\/#breadcrumb","itemListElement":[{"@type":"ListItem","position":1,"name":"Home","item":"https:\/\/biomonde.com\/"},{"@type":"ListItem","position":2,"name":"BioMonde AKADEMIE"}]},{"@type":"WebSite","@id":"https:\/\/biomonde.com\/#website","url":"https:\/\/biomonde.com\/","name":"BioMonde","description":"Making Healing Possible","publisher":{"@id":"https:\/\/biomonde.com\/#organization"},"potentialAction":[{"@type":"SearchAction","target":{"@type":"EntryPoint","urlTemplate":"https:\/\/biomonde.com\/?s={search_term_string}"},"query-input":{"@type":"PropertyValueSpecification","valueRequired":true,"valueName":"search_term_string"}}],"inLanguage":"de"},{"@type":"Organization","@id":"https:\/\/biomonde.com\/#organization","name":"BioMonde","url":"https:\/\/biomonde.com\/","logo":{"@type":"ImageObject","inLanguage":"de","@id":"https:\/\/biomonde.com\/#\/schema\/logo\/image\/","url":"https:\/\/biomonde.com\/wp-content\/uploads\/2021\/03\/biomonde-logo-512.png","contentUrl":"https:\/\/biomonde.com\/wp-content\/uploads\/2021\/03\/biomonde-logo-512.png","width":512,"height":512,"caption":"BioMonde"},"image":{"@id":"https:\/\/biomonde.com\/#\/schema\/logo\/image\/"},"sameAs":["https:\/\/www.facebook.com\/biomondeuki","https:\/\/x.com\/biomondeuk","https:\/\/www.instagram.com\/biomonde_uk\/","https:\/\/www.linkedin.com\/company\/biomondeuk\/","https:\/\/www.youtube.com\/channel\/UCgvvHlcLny1a_WoEWtxn8Qg\/videos"]}]}},"_links":{"self":[{"href":"https:\/\/biomonde.com\/de\/wp-json\/wp\/v2\/pages\/4149","targetHints":{"allow":["GET"]}}],"collection":[{"href":"https:\/\/biomonde.com\/de\/wp-json\/wp\/v2\/pages"}],"about":[{"href":"https:\/\/biomonde.com\/de\/wp-json\/wp\/v2\/types\/page"}],"author":[{"embeddable":true,"href":"https:\/\/biomonde.com\/de\/wp-json\/wp\/v2\/users\/2"}],"replies":[{"embeddable":true,"href":"https:\/\/biomonde.com\/de\/wp-json\/wp\/v2\/comments?post=4149"}],"version-history":[{"count":5,"href":"https:\/\/biomonde.com\/de\/wp-json\/wp\/v2\/pages\/4149\/revisions"}],"predecessor-version":[{"id":8319,"href":"https:\/\/biomonde.com\/de\/wp-json\/wp\/v2\/pages\/4149\/revisions\/8319"}],"wp:attachment":[{"href":"https:\/\/biomonde.com\/de\/wp-json\/wp\/v2\/media?parent=4149"}],"curies":[{"name":"wp","href":"https:\/\/api.w.org\/{rel}","templated":true}]}}