{"id":4272,"date":"2021-09-08T12:35:25","date_gmt":"2021-09-08T12:35:25","guid":{"rendered":"https:\/\/newsite.biomondedev.com\/was-zu-erwarten-ist\/"},"modified":"2022-03-28T09:22:01","modified_gmt":"2022-03-28T09:22:01","slug":"was-zu-erwarten-ist","status":"publish","type":"page","link":"https:\/\/biomonde.com\/de\/was-zu-erwarten-ist\/","title":{"rendered":"Was zu erwarten ist"},"content":{"rendered":"<div class=\"block-section block-media-text\">\n  <div class=\"row\">\n    <div class=\"col-lg-6 col-media\">\n      <div class=\"col-content\">\n                  <img decoding=\"async\" src=\"https:\/\/biomonde.com\/wp-content\/uploads\/2021\/09\/020512_209-400x600.jpg\" alt=\"\">\n                <\/div>\n    <\/div>\n\n    <div class=\"col-lg-6 col-content\">\n      <div class=\"col-content\">\n                  <h2 class=\"title\">Viele Patient*innen sind \u00fcberrascht, wie diskret und schonend BioBag ist.<\/h2>\n        \n                  <div class=\"content\"><p>In Deutschland erfordert die Larventherapie einen kurzen Klinikaufenthalt. Der eingesetzte BioBag verbleibt bis zu vier Tagen auf der Wunde und wird durch einen neuen ersetzt, wenn ein weiteres Debridement n\u00f6tig ist. \u00dcblicherweise sind zwei oder mehr Behandlungen erforderlich.<\/p>\n<p><strong>Der Behandlungsablauf<\/strong><\/p>\n<p>Ihre \u00c4rzte*innen werden sie dar\u00fcber informieren, ob Sie und Ihre Wunde f\u00fcr eine Behandlung mit der Larventherapie in Frage kommen. Die Behandlung ist sehr einfach und die Larven sind vollst\u00e4ndig im BioBag-Verband eingeschlossen, k\u00f6nnen sich also nicht au\u00dferhalb des Verbandes bewegen.<\/p>\n<ul>\n<li>Ihre Wunde wird unmittelbar vor Therapiebeginn gereinigt<\/li>\n<li>Die gesunde Haut um Ihre Wunde wird mit einer Schutzcreme gesch\u00fctzt<\/li>\n<li>Der BioBag wird direkt auf Ihre Wunde aufgetragen und mit feuchter Gaze, einer nicht okklusiven Saugauflage und einem atmungsaktiven Verband (oder atmungsaktivem Klebeband) abgedeckt<\/li>\n<li>Der \u00e4u\u00dfere Verband (mit Kochsalzl\u00f6sung angefeuchtete Gaze, Saugkompressen und Verband) sollte mindestens t\u00e4glich gewechselt werden<\/li>\n<li>Der BioBag wird nach vier Tagen Behandlung entfernt<\/li>\n<\/ul>\n<p>Unser Ziel ist es, dass Sie sich w\u00e4hrend der gesamten Behandlung wohlf\u00fchlen. Ihre Behandler werden Sie durch den Behandlungsprozess f\u00fchren, wir beantworten die wichtigsten Fragen gerne schon im Vorfeld hier auf unserer Patient*innen FAQ-Seite<\/p>\n<\/div>\n              <\/div>\n    <\/div>\n  <\/div>\n<\/div>\n\n\n<div class=\"block-section block-media-text has-background background-light\">\n  <div class=\"row\">\n    <div class=\"col-lg-6 col-media\">\n      <div class=\"col-content\">\n                  <img decoding=\"async\" src=\"https:\/\/biomonde.com\/wp-content\/uploads\/2021\/09\/030719_042-600x400.jpg\" alt=\"\">\n                <\/div>\n    <\/div>\n\n    <div class=\"col-lg-6 col-content\">\n      <div class=\"col-content\">\n        \n                  <div class=\"content\"><p><strong>Was zu erwarten ist<\/strong><\/p>\n<p>Obwohl die meisten Patient*innen w\u00e4hrend der Behandlung nichts sp\u00fcren, ist ein Jucken, Pulsieren oder Kribbeln normal. Bei einigen Patient*innen mit zuvor empfindlichen oder schmerzhaften Wunden kann es w\u00e4hrend der Behandlung zu einer Zunahme der Wundschmerzen kommen, die in der Regel mit schmerzlindernden Medikamenten kontrolliert werden k\u00f6nnen.<\/p>\n<p>W\u00e4hrend der Behandlung werden Sie einige Ver\u00e4nderungen an Ihrer Wunde feststellen, also seien Sie nicht beunruhigt. Es ist normal, dass die Wundfeuchtigkeit zunimmt, was ein Zeichen daf\u00fcr ist, dass die Behandlung wirkt. Es w\u00e4re auch normal, dass die Wundfl\u00fcssigkeit verf\u00e4rbt (braun oder r\u00f6tlich-braun) erscheint.<\/p>\n<p><strong>Was Sie tun k\u00f6nnen<\/strong><\/p>\n<p>Der BioBag wurde auf Komfort ausgelegt. Sie m\u00fcssen Ihren Tagesablauf w\u00e4hrend der Behandlung nicht \u00e4ndern. Der BioBag enth\u00e4lt jedoch lebende Organismen, daher gibt es einige Dinge die Sie tun k\u00f6nnen, damit ein optimales Ergebnis erzielt werden kann. Am wichtigsten ist, dass die Larven ausreichend Sauerstoff bekommen. Versuchen Sie daher, anhaltenden direkten Druck auf den Wundbereich zu vermeiden und bedecken Sie den Verband nicht mit etwas, das die Sauerstoffzufuhr reduzieren oder stoppen k\u00f6nnte.<\/p>\n<\/div>\n              <\/div>\n    <\/div>\n  <\/div>\n<\/div>\n","protected":false},"excerpt":{"rendered":"","protected":false},"author":9,"featured_media":0,"parent":0,"menu_order":0,"comment_status":"closed","ping_status":"closed","template":"","meta":{"_acf_changed":false,"footnotes":""},"class_list":["post-4272","page","type-page","status-publish","hentry"],"acf":[],"yoast_head":"<!-- This site is optimized with the Yoast SEO plugin v27.4 - https:\/\/yoast.com\/product\/yoast-seo-wordpress\/ -->\n<title>Was zu erwarten ist bei der Larventherapie - BioMonde<\/title>\n<meta name=\"description\" content=\"Was bei einer Behandlung mit BioBag Larventherapie zu erwarten ist - \u00fcberraschend diskret und nicht-invasiv.\" \/>\n<meta name=\"robots\" content=\"index, follow, max-snippet:-1, max-image-preview:large, max-video-preview:-1\" \/>\n<link rel=\"canonical\" href=\"https:\/\/biomonde.com\/what-to-expect\/\" \/>\n<meta property=\"og:locale\" content=\"de_DE\" \/>\n<meta property=\"og:type\" content=\"article\" \/>\n<meta property=\"og:title\" content=\"Was zu erwarten ist bei der Larventherapie - BioMonde\" \/>\n<meta property=\"og:description\" content=\"Was bei einer Behandlung mit BioBag Larventherapie zu erwarten ist - \u00fcberraschend diskret und nicht-invasiv.\" \/>\n<meta property=\"og:url\" content=\"https:\/\/biomonde.com\/what-to-expect\/\" \/>\n<meta property=\"og:site_name\" content=\"BioMonde\" \/>\n<meta property=\"article:publisher\" content=\"https:\/\/www.facebook.com\/biomondeuki\" \/>\n<meta property=\"article:modified_time\" content=\"2022-03-28T09:22:01+00:00\" \/>\n<meta name=\"twitter:card\" content=\"summary_large_image\" \/>\n<meta name=\"twitter:site\" content=\"@biomondeuk\" \/>\n<script type=\"application\/ld+json\" class=\"yoast-schema-graph\">{\"@context\":\"https:\\\/\\\/schema.org\",\"@graph\":[{\"@type\":\"WebPage\",\"@id\":\"https:\\\/\\\/biomonde.com\\\/what-to-expect\\\/\",\"url\":\"https:\\\/\\\/biomonde.com\\\/what-to-expect\\\/\",\"name\":\"Was zu erwarten ist bei der Larventherapie - BioMonde\",\"isPartOf\":{\"@id\":\"https:\\\/\\\/biomonde.com\\\/#website\"},\"datePublished\":\"2021-09-08T12:35:25+00:00\",\"dateModified\":\"2022-03-28T09:22:01+00:00\",\"description\":\"Was bei einer Behandlung mit BioBag Larventherapie zu erwarten ist - \u00fcberraschend diskret und nicht-invasiv.\",\"breadcrumb\":{\"@id\":\"https:\\\/\\\/biomonde.com\\\/what-to-expect\\\/#breadcrumb\"},\"inLanguage\":\"de\",\"potentialAction\":[{\"@type\":\"ReadAction\",\"target\":[\"https:\\\/\\\/biomonde.com\\\/what-to-expect\\\/\"]}]},{\"@type\":\"BreadcrumbList\",\"@id\":\"https:\\\/\\\/biomonde.com\\\/what-to-expect\\\/#breadcrumb\",\"itemListElement\":[{\"@type\":\"ListItem\",\"position\":1,\"name\":\"Home\",\"item\":\"https:\\\/\\\/biomonde.com\\\/\"},{\"@type\":\"ListItem\",\"position\":2,\"name\":\"Was zu erwarten ist\"}]},{\"@type\":\"WebSite\",\"@id\":\"https:\\\/\\\/biomonde.com\\\/#website\",\"url\":\"https:\\\/\\\/biomonde.com\\\/\",\"name\":\"BioMonde\",\"description\":\"Making Healing Possible\",\"publisher\":{\"@id\":\"https:\\\/\\\/biomonde.com\\\/#organization\"},\"potentialAction\":[{\"@type\":\"SearchAction\",\"target\":{\"@type\":\"EntryPoint\",\"urlTemplate\":\"https:\\\/\\\/biomonde.com\\\/?s={search_term_string}\"},\"query-input\":{\"@type\":\"PropertyValueSpecification\",\"valueRequired\":true,\"valueName\":\"search_term_string\"}}],\"inLanguage\":\"de\"},{\"@type\":\"Organization\",\"@id\":\"https:\\\/\\\/biomonde.com\\\/#organization\",\"name\":\"BioMonde\",\"url\":\"https:\\\/\\\/biomonde.com\\\/\",\"logo\":{\"@type\":\"ImageObject\",\"inLanguage\":\"de\",\"@id\":\"https:\\\/\\\/biomonde.com\\\/#\\\/schema\\\/logo\\\/image\\\/\",\"url\":\"https:\\\/\\\/biomonde.com\\\/wp-content\\\/uploads\\\/2021\\\/03\\\/biomonde-logo-512.png\",\"contentUrl\":\"https:\\\/\\\/biomonde.com\\\/wp-content\\\/uploads\\\/2021\\\/03\\\/biomonde-logo-512.png\",\"width\":512,\"height\":512,\"caption\":\"BioMonde\"},\"image\":{\"@id\":\"https:\\\/\\\/biomonde.com\\\/#\\\/schema\\\/logo\\\/image\\\/\"},\"sameAs\":[\"https:\\\/\\\/www.facebook.com\\\/biomondeuki\",\"https:\\\/\\\/x.com\\\/biomondeuk\",\"https:\\\/\\\/www.instagram.com\\\/biomonde_uk\\\/\",\"https:\\\/\\\/www.linkedin.com\\\/company\\\/biomondeuk\\\/\",\"https:\\\/\\\/www.youtube.com\\\/channel\\\/UCgvvHlcLny1a_WoEWtxn8Qg\\\/videos\"]}]}<\/script>\n<!-- \/ Yoast SEO plugin. -->","yoast_head_json":{"title":"Was zu erwarten ist bei der Larventherapie - BioMonde","description":"Was bei einer Behandlung mit BioBag Larventherapie zu erwarten ist - \u00fcberraschend diskret und nicht-invasiv.","robots":{"index":"index","follow":"follow","max-snippet":"max-snippet:-1","max-image-preview":"max-image-preview:large","max-video-preview":"max-video-preview:-1"},"canonical":"https:\/\/biomonde.com\/what-to-expect\/","og_locale":"de_DE","og_type":"article","og_title":"Was zu erwarten ist bei der Larventherapie - BioMonde","og_description":"Was bei einer Behandlung mit BioBag Larventherapie zu erwarten ist - \u00fcberraschend diskret und nicht-invasiv.","og_url":"https:\/\/biomonde.com\/what-to-expect\/","og_site_name":"BioMonde","article_publisher":"https:\/\/www.facebook.com\/biomondeuki","article_modified_time":"2022-03-28T09:22:01+00:00","twitter_card":"summary_large_image","twitter_site":"@biomondeuk","schema":{"@context":"https:\/\/schema.org","@graph":[{"@type":"WebPage","@id":"https:\/\/biomonde.com\/what-to-expect\/","url":"https:\/\/biomonde.com\/what-to-expect\/","name":"Was zu erwarten ist bei der Larventherapie - BioMonde","isPartOf":{"@id":"https:\/\/biomonde.com\/#website"},"datePublished":"2021-09-08T12:35:25+00:00","dateModified":"2022-03-28T09:22:01+00:00","description":"Was bei einer Behandlung mit BioBag Larventherapie zu erwarten ist - \u00fcberraschend diskret und nicht-invasiv.","breadcrumb":{"@id":"https:\/\/biomonde.com\/what-to-expect\/#breadcrumb"},"inLanguage":"de","potentialAction":[{"@type":"ReadAction","target":["https:\/\/biomonde.com\/what-to-expect\/"]}]},{"@type":"BreadcrumbList","@id":"https:\/\/biomonde.com\/what-to-expect\/#breadcrumb","itemListElement":[{"@type":"ListItem","position":1,"name":"Home","item":"https:\/\/biomonde.com\/"},{"@type":"ListItem","position":2,"name":"Was zu erwarten ist"}]},{"@type":"WebSite","@id":"https:\/\/biomonde.com\/#website","url":"https:\/\/biomonde.com\/","name":"BioMonde","description":"Making Healing Possible","publisher":{"@id":"https:\/\/biomonde.com\/#organization"},"potentialAction":[{"@type":"SearchAction","target":{"@type":"EntryPoint","urlTemplate":"https:\/\/biomonde.com\/?s={search_term_string}"},"query-input":{"@type":"PropertyValueSpecification","valueRequired":true,"valueName":"search_term_string"}}],"inLanguage":"de"},{"@type":"Organization","@id":"https:\/\/biomonde.com\/#organization","name":"BioMonde","url":"https:\/\/biomonde.com\/","logo":{"@type":"ImageObject","inLanguage":"de","@id":"https:\/\/biomonde.com\/#\/schema\/logo\/image\/","url":"https:\/\/biomonde.com\/wp-content\/uploads\/2021\/03\/biomonde-logo-512.png","contentUrl":"https:\/\/biomonde.com\/wp-content\/uploads\/2021\/03\/biomonde-logo-512.png","width":512,"height":512,"caption":"BioMonde"},"image":{"@id":"https:\/\/biomonde.com\/#\/schema\/logo\/image\/"},"sameAs":["https:\/\/www.facebook.com\/biomondeuki","https:\/\/x.com\/biomondeuk","https:\/\/www.instagram.com\/biomonde_uk\/","https:\/\/www.linkedin.com\/company\/biomondeuk\/","https:\/\/www.youtube.com\/channel\/UCgvvHlcLny1a_WoEWtxn8Qg\/videos"]}]}},"_links":{"self":[{"href":"https:\/\/biomonde.com\/de\/wp-json\/wp\/v2\/pages\/4272","targetHints":{"allow":["GET"]}}],"collection":[{"href":"https:\/\/biomonde.com\/de\/wp-json\/wp\/v2\/pages"}],"about":[{"href":"https:\/\/biomonde.com\/de\/wp-json\/wp\/v2\/types\/page"}],"author":[{"embeddable":true,"href":"https:\/\/biomonde.com\/de\/wp-json\/wp\/v2\/users\/9"}],"replies":[{"embeddable":true,"href":"https:\/\/biomonde.com\/de\/wp-json\/wp\/v2\/comments?post=4272"}],"version-history":[{"count":5,"href":"https:\/\/biomonde.com\/de\/wp-json\/wp\/v2\/pages\/4272\/revisions"}],"predecessor-version":[{"id":7777,"href":"https:\/\/biomonde.com\/de\/wp-json\/wp\/v2\/pages\/4272\/revisions\/7777"}],"wp:attachment":[{"href":"https:\/\/biomonde.com\/de\/wp-json\/wp\/v2\/media?parent=4272"}],"curies":[{"name":"wp","href":"https:\/\/api.w.org\/{rel}","templated":true}]}}