{"id":4303,"date":"2021-09-08T14:46:00","date_gmt":"2021-09-08T14:46:00","guid":{"rendered":"https:\/\/newsite.biomondedev.com\/?page_id=4303"},"modified":"2022-08-11T10:06:12","modified_gmt":"2022-08-11T10:06:12","slug":"medizinische-fachkreise-faq","status":"publish","type":"page","link":"https:\/\/biomonde.com\/de\/medizinische-fachkreise-faq\/","title":{"rendered":"Medizinische Fachkreise FAQ"},"content":{"rendered":"\n<h2 class=\"wp-block-heading\" id=\"fragen-die-haufig-von-anwendenden-gestellt-werden\"> Fragen, die h\u00e4ufig von Anwendenden gestellt werden. <\/h2>\n\n\n        <div class=\"block-section block-faqs\">\n                      <div id=\"Anwender FAQ\" class=\"faq active initial\">\n              <h3 class=\"question\">F\u00fcr welche Wunden ist Larventherapie geeignet?<\/h3>\n              <div class=\"answer\"><p>Larventherapie ist f\u00fcr das Debridement chronischer, schlecht heilender und\/oder infizierter Wunden geeignet, wie:<\/p>\n<ul>\n<li>Diabetische Fu\u00dfwunden<\/li>\n<li>Dekubitalulzerationen<\/li>\n<li>Ulkus Cruris ven., art., mixt.<\/li>\n<li>Traumatische Wunden, wie Brandwunden und H\u00e4matome<\/li>\n<li>Dehiszente chirurgische Wunden (auch bei freiliegenden Implantaten)<\/li>\n<li>Ggf. isch\u00e4mische Wunden (nach Revaskularisierung)<\/li>\n<li>Wunden bei dermatologischen Erkrankungen (z.B. Pyoderma Gangraenosum)<\/li>\n<li>Exulzerierende Tumoren (palliative Therapie)<\/li>\n<\/ul>\n<\/div>\n            <\/div>\n                      <div id=\"wann-sollte-auf-den-Einsatz-von-larventherapie-verzichtet-werden\" class=\"faq\">\n              <h3 class=\"question\">Wann sollte auf den Einsatz von Larventherapie verzichtet werden?<\/h3>\n              <div class=\"answer\"><ul>\n<li>Bei Wunden mit Blutungsneigung, oder bei Beteiligung gro\u00dfer Gef\u00e4\u00dfe<\/li>\n<li>Bei gleichzeitiger Gabe von Antikoagulantien sollte eine engmaschige Kontrolle der Gerinnungswerte, sowie eine genaue Wundbeobachtung eingehalten werden<\/li>\n<li>Bei Wunden ohne ausreichende Durchblutung<\/li>\n<li>Bei Wunden in gro\u00dfen K\u00f6rperh\u00f6hlen<\/li>\n<li>Bei bekannter \u00dcberempfindlichkeit gegen den Wirkstoff oder Bestandteile des BioBag<\/li>\n<\/ul>\n<\/div>\n            <\/div>\n                      <div id=\"ist-es-sinnvoll-den-biobag-wahrend-der-therapie-in-der-wunde-zu-verschieben\" class=\"faq\">\n              <h3 class=\"question\">Ist es sinnvoll den BioBag w\u00e4hrend der Therapie in der Wunde zu verschieben?<\/h3>\n              <div class=\"answer\"><p>BioBag(s) sollten so ausgew\u00e4hlt werden, dass der zu debridierende Bereich vollst\u00e4ndig abgedeckt ist. Die Anzahl von Larven im BioBag ist so berechnet, dass auf der Fl\u00e4che die das BioBag bedeckt ein optimales Ergebnis erzielt werden kann. Daher ist ein Verschieben des BioBag w\u00e4hrend der Therapie nicht sinnvoll. Bei Verwendung eines entsprechenden Wundrandschutzes, darf das BioBag den Wundrand \u00fcberlappen.<\/p>\n<p>BioBag kann jederzeit vor\u00fcbergehend von der Wunde genommen werden, um beispielsweise eine Wundinspektion vornehmen zu k\u00f6nnen. Dies sollte m\u00f6glichst w\u00e4hrend der ersten 24h der Therapie vermieden werden.<\/p>\n<\/div>\n            <\/div>\n                      <div id=\"kann-man-larventherapie-auf-mit-pseudomonas-aeroginosum-infizierten-wunden-verwenden\" class=\"faq\">\n              <h3 class=\"question\">Kann man Larventherapie auf mit Pseudomonas aeroginosum infizierten Wunden verwenden?<\/h3>\n              <div class=\"answer\"><p>Grunds\u00e4tzlich ja. Larventherapie ist gegen die meisten St\u00e4mme von Pseudomanas wirksam. Es empfiehlt sich dennoch, vor Beginn der Larventherapie die Keimzahl mit geeigneten Ma\u00dfnahmen zu senken, da in einzelnen F\u00e4llen Toxine und vermehrtes Exsudataufkommen die Larven schw\u00e4chen k\u00f6nnen.<\/p>\n<\/div>\n            <\/div>\n                      <div id=\"kann-larventherapie-bei-gleichzeitiger-gabe-von-antikoagulantien-verwendet-werden\" class=\"faq\">\n              <h3 class=\"question\">Kann Larventherapie bei gleichzeitiger Gabe von Antikoagulantien verwendet werden?<\/h3>\n              <div class=\"answer\"><p>Bei der Verwendung von BioBag kann es zu leichten Blutungen kommen. Es empfiehlt sich, w\u00e4hrend des Debridements mit BioBag eine Antikoagulantientherapie auszusetzen. Weiterhin sollten die Gerinnungswerte engmaschig kontrolliert werden.<\/p>\n<p>Eine regelm\u00e4\u00dfige Wundkontrolle ist wichtig. Unterbrechen sie bei Auftreten von st\u00e4rkeren Blutungen das Debridement, bis die Blutung gestillt ist.<\/p>\n<\/div>\n            <\/div>\n                      <div id=\"wie-lange-kann-man-biobag-aufbewahren\" class=\"faq\">\n              <h3 class=\"question\">Wie lange kann man BioBag aufbewahren?<\/h3>\n              <div class=\"answer\"><p>BioBag sollten nicht nach dem aufgedruckten Verfallsdatum eingesetzt werden. Dieses wird in der Regel 24h nach der Lieferung erreicht. Grunds\u00e4tzlich sollten BioBag schnellstm\u00f6glich nach Erhalt appliziert werden, um eine m\u00f6glichst hohe Wirksamkeit zu erreichen.<\/p>\n<\/div>\n            <\/div>\n                      <div id=\"kann-larventherapie-bei-gleichzeitiger-systemischer-antibiotikagabe-durchgef\u00fchrt-werden\" class=\"faq\">\n              <h3 class=\"question\">Kann Larventherapie bei gleichzeitiger systemischer Antibiotikagabe durchgef\u00fchrt werden?<\/h3>\n              <div class=\"answer\"><p>Ja, die systemische Gabe von Antibiotika hat keinen Einflu\u00df auf die Wirksamkeit der Larventherapie. Verzichten sie auf die Gabe topischer Antibiotika oder antimikrobieller L\u00f6sungen w\u00e4hrend der Larventherapie.<\/p>\n<\/div>\n            <\/div>\n                      <div id=\"wie-wird-biobag-entsorgt\" class=\"faq\">\n              <h3 class=\"question\">Wie wird BioBag entsorgt?<\/h3>\n              <div class=\"answer\"><p>Nach Ende der Therapie entsorgen sie BioBag genau wie eine herk\u00f6mmliche Wundauflage nach den Entsorgungsrichtlinien f\u00fcr infekti\u00f6sen Abfall ihrer Klinik. Sollten L\u00f6cher oder Risse im BioBag\u00ae-Netz auftreten, packen Sie den gebrauchten BioBag\u00ae in eine versiegelbaren Abwurfbeh\u00e4lter und verschlie\u00dfen Sie diesen bevor Sie ihn in den Klinikabfall geben.<\/p>\n<\/div>\n            <\/div>\n                      <div id=\"kann-larventherapie-gleichzeitig-mit-einer-kompressionstherapie-verwendet-werden\" class=\"faq\">\n              <h3 class=\"question\">Kann Larventherapie gleichzeitig mit einer Kompressionstherapie verwendet werden?<\/h3>\n              <div class=\"answer\"><p>BioBag kann unter einem Kompressionsverband mit Kurzzugbinden eingesetzt werden. Der verwendete Druck sollte jedoch 40mm\/Hg nicht \u00fcbersteigen. Bedenken sie, dass die Larven im BioBag im Verlauf der Therapie deutlich an Gr\u00f6\u00dfe zunehmen. Sollten L\u00f6cher oder Risse im BioBag\u00ae-Netz auftreten, packen Sie den gebrauchten BioBag\u00ae in eine versiegelbaren Abwurfbeh\u00e4lter und verschlie\u00dfen Sie diesen bevor Sie ihn in den Klinikabfall geben.<\/p>\n<\/div>\n            <\/div>\n                      <div id=\"mub-sich-ein-e-patient-in-schriftlich-einverstanden-erklaren\" class=\"faq\">\n              <h3 class=\"question\">M\u00fcssen sich Patient*innen schriftlich einverstanden erkl\u00e4ren?<\/h3>\n              <div class=\"answer\"><p>Wir empfehlen jedoch, vor der Applikation einie Verhaltensma\u00dfregeln zu erkl\u00e4ren. BioMonde stellt Ihnen gerne eine leicht verst\u00e4ndliche Aufkl\u00e4rungsbrosch\u00fcre zur Verf\u00fcgung.<\/p>\n<\/div>\n            <\/div>\n                      <div id=\"welcher-sekundarverband-ist-fur-die-larventherapie-geeignet\" class=\"faq\">\n              <h3 class=\"question\">Welcher Sekund\u00e4rverband ist f\u00fcr die Larventherapie geeignet?<\/h3>\n              <div class=\"answer\"><p>Als Sekund\u00e4rverband eignen sich alle sterilen, nicht-okklusiven Verbandmaterialien. Vermeiden sie ein Austrocknen der Wunde.<\/p>\n<p>\u00dcbersch\u00fcssiges Exsudat kann mittels Saugkompressen entfernt werden. Achten sie auf einen rechtzeitigen Wechsel. Verwenden sie keine gelbildenden oder wirkstoffhaltigen Materialien.<\/p>\n<p><strong>TIPP:<\/strong> halten sie den Verband so einfach wie m\u00f6glich!<\/p>\n<\/div>\n            <\/div>\n                      <div id=\"wie-kann-man-druckentlastung-gewahrleisten\" class=\"faq\">\n              <h3 class=\"question\">Wie kann man Druckentlastung gew\u00e4hrleisten?<\/h3>\n              <div class=\"answer\"><p>Larven m\u00fcssen sich im BioBag bewegen k\u00f6nnen und wachsen w\u00e4hrend der Anwendung. Beachten sie dies unbedingt bei der Lagerung oder Mobilisation von Patient*innen.<\/p>\n<p>Weiterhin sollte immer die Sauerstoffzufuhr sichergestellt sein.<\/p>\n<\/div>\n            <\/div>\n                      <div id=\"kann-ich-larventherapie-auf-skin-grafts-oder-hautnahten-verwenden\" class=\"faq\">\n              <h3 class=\"question\">Kann ich Larventherapie auf Skin-Grafts oder Hautn\u00e4hten verwenden?<\/h3>\n              <div class=\"answer\"><p>Die proteolytischen Enzyme im Sekret der Larven k\u00f6nnen organische Materialien angreifen und zersetzen. Vitales Gewebe ist gegen diese Enzyme gesch\u00fctzt. Synthetische Materialien werden nicht angegriffen.<\/p>\n<\/div>\n            <\/div>\n                      <div id=\"was-mache-ich-wenn-tote-larven-im-biobag-sind\" class=\"faq\">\n              <h3 class=\"question\">Was mache ich, wenn tote Larven im BioBag sind?<\/h3>\n              <div class=\"answer\"><p>W\u00e4hrend des Transportes und der Anwendung k\u00f6nnen einzelne Larven absterben. Das ist kein Grund, die Therapie vorzeitig zu beenden.<\/p>\n<p>Verwenden Sie BioBag nicht bei offensichtlichen Besch\u00e4digungen oder einer gro\u00dfen Anzahl abgestorbener Larven. Sollten Larven in gro\u00dfer Zahl w\u00e4hrend der Therapie absterben, \u00fcberpr\u00fcfen Sie, ob ausreichender Kontakt des BioBag zum Wundgrund bestanden hat und ob der Sekund\u00e4rverband mit geeignetem Material hergestellt war. Unser Kundenservice ist Ihnen gerne behilflich.<\/p>\n<\/div>\n            <\/div>\n                      <div id=\"mehr-infos-schulungen\" class=\"faq\">\n              <h3 class=\"question\">Wo finde ich weitergehende Informationen? Gibt es Schulungen zum Thema?<\/h3>\n              <div class=\"answer\"><p>Wir bieten eine Reihe von Onlineangeboten, um Ihnen Sicherheit beim Umgang mit Larvenprodukten zu geben.<\/p>\n<p>Das sind:<\/p>\n<p><strong>BioMonde LIVE<\/strong> \u2013 Regelm\u00e4\u00dfige Online Webinare zu verschiedenen Themen.<\/p>\n<p><strong>BioMonde JETZT<\/strong> \u2013 Eine Videoreihe, die viele Fragen beantwortet.<\/p>\n<p><strong>BioMonde AKADEMIE<\/strong>\u00a0\u2013 Unser Fortbildungsangebot f\u00fcr Ihr Team.<\/p>\n<p><strong>BioMonde DIREKT<\/strong> \u2013 Ihr direkter Draht zu BioMonde.<br \/>\nTel: <a style=\"background-color: #ffffff; font-size: 1.05rem;\" href=\"tel:00491802466663\">01802\/466663<\/a><br \/>\nEmail: support@biomonde.com<\/p>\n<p>&nbsp;<\/p>\n<\/div>\n            <\/div>\n                  <\/div>\n        \n\n\n<h2 class=\"wp-block-heading\" id=\"fragen-zu-bestellung-und-lieferung\"> Fragen zu Bestellung und Lieferung <\/h2>\n\n\n        <div class=\"block-section block-faqs\">\n                      <div id=\"Veordner FAQ\" class=\"faq active initial\">\n              <h3 class=\"question\">Wie kann ich Larventherapie bestellen? <\/h3>\n              <div class=\"answer\"><p>BioBag ist ein verschreibungspflichtiges Klinik-Arzneimittel. Die Verordnung erfolgt durch \u00e4rztliches Klinikpersonal. <a href=\"\/de\/kontakt-biomonde\/\">Die Bestellung erfolgt dann per Fax oder Email<\/a>.<\/p>\n<\/div>\n            <\/div>\n                      <div id=\"wie-sollten-biobag-gelagert-werden\" class=\"faq\">\n              <h3 class=\"question\">Wie sollten BioBag gelagert werden?<\/h3>\n              <div class=\"answer\"><p>BioBag sollten stets schnellstm\u00f6glich appliziert werden. Ist dies nicht sofort m\u00f6glich, k\u00f6nnen BioBag bis zum Erreichen des angegebenen Verfallsdatums in der gechlossenen Transportbox aufbewahrt werden.<\/p>\n<\/div>\n            <\/div>\n                      <div id=\"ist-die-larventherapie-ein-medizinprodukt-oder-ein-arzneimittel\" class=\"faq\">\n              <h3 class=\"question\">Ist die Larventherapie ein Medizinprodukt oder ein Arzneimittel?<\/h3>\n              <div class=\"answer\"><p>BioBag sind ein Arzneimittel und ausschlie\u00dflich f\u00fcr den Gebrauch in der Klinik bestimmt.<\/p>\n<\/div>\n            <\/div>\n                      <div id=\"wie-lange-konnen-larven-aufbewahrt-werden\" class=\"faq\">\n              <h3 class=\"question\">Wie lange k\u00f6nnen Larven aufbewahrt werden? <\/h3>\n              <div class=\"answer\"><p>Larven sind ca. 24h nach Lieferung haltbar. BioBag deren auf dem Beh\u00e4ltnis angegebenes Verfallsdatum \u00fcberschritten ist, d\u00fcrfen nicht verwendet werden.<\/p>\n<\/div>\n            <\/div>\n                      <div id=\"gibt-es-bestimmte-tage-an-denen-larven-bestellt-werden-konnen\" class=\"faq\">\n              <h3 class=\"question\">Gibt es bestimmte Tage, an denen Larven bestellt werden k\u00f6nnen?<\/h3>\n              <div class=\"answer\"><p>Larvenprodukte k\u00f6nnen von Montag bis Freitag bestellt werden. F\u00fcr eine Lieferung am Folgetag ist es wichtig, dass die Bestellung vor 13 Uhr eingeht.<\/p>\n<\/div>\n            <\/div>\n                      <div id=\"an-welchen-tagen-werden-larvenprodukte-geliefert\" class=\"faq\">\n              <h3 class=\"question\">An welchen Tagen werden Larvenprodukte geliefert? <\/h3>\n              <div class=\"answer\"><p>Die Lieferung ist Dienstag bis einschlie\u00dflich Samstag m\u00f6glich.<\/p>\n<\/div>\n            <\/div>\n                      <div id=\"wann-mussen-larven-fur-eine-lieferung-am-nachsten-tag-spatestens-bestellt-werden\" class=\"faq\">\n              <h3 class=\"question\">Wann m\u00fcssen Larven f\u00fcr eine Lieferung am n\u00e4chsten Tag sp\u00e4testens bestellt werden? <\/h3>\n              <div class=\"answer\"><p>F\u00fcr eine Lieferung am Folgetag ist es wichtig, da\u00df die Bestellung vor 13 Uhr eingeht.<\/p>\n<\/div>\n            <\/div>\n                      <div id=\"wie-werden-larven-entsorgt\" class=\"faq\">\n              <h3 class=\"question\">Wie werden Larven entsorgt?<\/h3>\n              <div class=\"answer\"><p>BioBag k\u00f6nnen nach Ende der Therapie wie eine Wundauflage nach den Hygienerichtlinien f\u00fcr infekti\u00f6sen Abfall ihrer Klinik entsorgt werden. Sollten L\u00f6cher oder Risse im BioBag\u00ae-Netz auftreten, packen Sie den gebrauchten BioBag\u00ae in eine versiegelbaren Abwurfbeh\u00e4lter und verschlie\u00dfen Sie diesen bevor Sie ihn in den Klinikabfall geben.<\/p>\n<\/div>\n            <\/div>\n                  <\/div>\n        ","protected":false},"excerpt":{"rendered":"<p>Fragen, die h\u00e4ufig von Anwendenden gestellt werden. Fragen zu Bestellung und Lieferung<\/p>\n","protected":false},"author":9,"featured_media":0,"parent":0,"menu_order":0,"comment_status":"closed","ping_status":"closed","template":"","meta":{"_acf_changed":false,"footnotes":""},"class_list":["post-4303","page","type-page","status-publish","hentry"],"acf":[],"yoast_head":"<!-- This site is optimized with the Yoast SEO plugin v27.4 - https:\/\/yoast.com\/product\/yoast-seo-wordpress\/ -->\n<title>Medizinische Fachkreise FAQ - BioMonde<\/title>\n<meta name=\"description\" content=\"FAQ f\u00fcr medizinische Fachkreise - hier finden Sie Antworten auf die wichtigsten Fragen zur Larventherapie.\" \/>\n<meta name=\"robots\" content=\"index, follow, max-snippet:-1, max-image-preview:large, max-video-preview:-1\" \/>\n<link rel=\"canonical\" href=\"https:\/\/biomonde.com\/de\/medizinische-fachkreise-faq\/\" \/>\n<meta property=\"og:locale\" content=\"de_DE\" \/>\n<meta property=\"og:type\" content=\"article\" \/>\n<meta property=\"og:title\" content=\"Medizinische Fachkreise FAQ - BioMonde\" \/>\n<meta property=\"og:description\" content=\"FAQ f\u00fcr medizinische Fachkreise - hier finden Sie Antworten auf die wichtigsten Fragen zur Larventherapie.\" \/>\n<meta property=\"og:url\" content=\"https:\/\/biomonde.com\/de\/medizinische-fachkreise-faq\/\" \/>\n<meta property=\"og:site_name\" content=\"BioMonde\" \/>\n<meta property=\"article:publisher\" content=\"https:\/\/www.facebook.com\/biomondeuki\" \/>\n<meta property=\"article:modified_time\" content=\"2022-08-11T10:06:12+00:00\" \/>\n<meta name=\"twitter:card\" content=\"summary_large_image\" \/>\n<meta name=\"twitter:site\" content=\"@biomondeuk\" \/>\n<meta name=\"twitter:label1\" content=\"Gesch\u00e4tzte Lesezeit\" \/>\n\t<meta name=\"twitter:data1\" content=\"1\u00a0Minute\" \/>\n<script type=\"application\/ld+json\" class=\"yoast-schema-graph\">{\"@context\":\"https:\\\/\\\/schema.org\",\"@graph\":[{\"@type\":\"WebPage\",\"@id\":\"https:\\\/\\\/biomonde.com\\\/de\\\/medizinische-fachkreise-faq\\\/\",\"url\":\"https:\\\/\\\/biomonde.com\\\/de\\\/medizinische-fachkreise-faq\\\/\",\"name\":\"Medizinische Fachkreise FAQ - BioMonde\",\"isPartOf\":{\"@id\":\"https:\\\/\\\/biomonde.com\\\/#website\"},\"datePublished\":\"2021-09-08T14:46:00+00:00\",\"dateModified\":\"2022-08-11T10:06:12+00:00\",\"description\":\"FAQ f\u00fcr medizinische Fachkreise - hier finden Sie Antworten auf die wichtigsten Fragen zur Larventherapie.\",\"breadcrumb\":{\"@id\":\"https:\\\/\\\/biomonde.com\\\/de\\\/medizinische-fachkreise-faq\\\/#breadcrumb\"},\"inLanguage\":\"de\",\"potentialAction\":[{\"@type\":\"ReadAction\",\"target\":[\"https:\\\/\\\/biomonde.com\\\/de\\\/medizinische-fachkreise-faq\\\/\"]}]},{\"@type\":\"BreadcrumbList\",\"@id\":\"https:\\\/\\\/biomonde.com\\\/de\\\/medizinische-fachkreise-faq\\\/#breadcrumb\",\"itemListElement\":[{\"@type\":\"ListItem\",\"position\":1,\"name\":\"Home\",\"item\":\"https:\\\/\\\/biomonde.com\\\/\"},{\"@type\":\"ListItem\",\"position\":2,\"name\":\"Medizinische Fachkreise FAQ\"}]},{\"@type\":\"WebSite\",\"@id\":\"https:\\\/\\\/biomonde.com\\\/#website\",\"url\":\"https:\\\/\\\/biomonde.com\\\/\",\"name\":\"BioMonde\",\"description\":\"Making Healing Possible\",\"publisher\":{\"@id\":\"https:\\\/\\\/biomonde.com\\\/#organization\"},\"potentialAction\":[{\"@type\":\"SearchAction\",\"target\":{\"@type\":\"EntryPoint\",\"urlTemplate\":\"https:\\\/\\\/biomonde.com\\\/?s={search_term_string}\"},\"query-input\":{\"@type\":\"PropertyValueSpecification\",\"valueRequired\":true,\"valueName\":\"search_term_string\"}}],\"inLanguage\":\"de\"},{\"@type\":\"Organization\",\"@id\":\"https:\\\/\\\/biomonde.com\\\/#organization\",\"name\":\"BioMonde\",\"url\":\"https:\\\/\\\/biomonde.com\\\/\",\"logo\":{\"@type\":\"ImageObject\",\"inLanguage\":\"de\",\"@id\":\"https:\\\/\\\/biomonde.com\\\/#\\\/schema\\\/logo\\\/image\\\/\",\"url\":\"https:\\\/\\\/biomonde.com\\\/wp-content\\\/uploads\\\/2021\\\/03\\\/biomonde-logo-512.png\",\"contentUrl\":\"https:\\\/\\\/biomonde.com\\\/wp-content\\\/uploads\\\/2021\\\/03\\\/biomonde-logo-512.png\",\"width\":512,\"height\":512,\"caption\":\"BioMonde\"},\"image\":{\"@id\":\"https:\\\/\\\/biomonde.com\\\/#\\\/schema\\\/logo\\\/image\\\/\"},\"sameAs\":[\"https:\\\/\\\/www.facebook.com\\\/biomondeuki\",\"https:\\\/\\\/x.com\\\/biomondeuk\",\"https:\\\/\\\/www.instagram.com\\\/biomonde_uk\\\/\",\"https:\\\/\\\/www.linkedin.com\\\/company\\\/biomondeuk\\\/\",\"https:\\\/\\\/www.youtube.com\\\/channel\\\/UCgvvHlcLny1a_WoEWtxn8Qg\\\/videos\"]}]}<\/script>\n<!-- \/ Yoast SEO plugin. -->","yoast_head_json":{"title":"Medizinische Fachkreise FAQ - BioMonde","description":"FAQ f\u00fcr medizinische Fachkreise - hier finden Sie Antworten auf die wichtigsten Fragen zur Larventherapie.","robots":{"index":"index","follow":"follow","max-snippet":"max-snippet:-1","max-image-preview":"max-image-preview:large","max-video-preview":"max-video-preview:-1"},"canonical":"https:\/\/biomonde.com\/de\/medizinische-fachkreise-faq\/","og_locale":"de_DE","og_type":"article","og_title":"Medizinische Fachkreise FAQ - BioMonde","og_description":"FAQ f\u00fcr medizinische Fachkreise - hier finden Sie Antworten auf die wichtigsten Fragen zur Larventherapie.","og_url":"https:\/\/biomonde.com\/de\/medizinische-fachkreise-faq\/","og_site_name":"BioMonde","article_publisher":"https:\/\/www.facebook.com\/biomondeuki","article_modified_time":"2022-08-11T10:06:12+00:00","twitter_card":"summary_large_image","twitter_site":"@biomondeuk","twitter_misc":{"Gesch\u00e4tzte Lesezeit":"1\u00a0Minute"},"schema":{"@context":"https:\/\/schema.org","@graph":[{"@type":"WebPage","@id":"https:\/\/biomonde.com\/de\/medizinische-fachkreise-faq\/","url":"https:\/\/biomonde.com\/de\/medizinische-fachkreise-faq\/","name":"Medizinische Fachkreise FAQ - BioMonde","isPartOf":{"@id":"https:\/\/biomonde.com\/#website"},"datePublished":"2021-09-08T14:46:00+00:00","dateModified":"2022-08-11T10:06:12+00:00","description":"FAQ f\u00fcr medizinische Fachkreise - hier finden Sie Antworten auf die wichtigsten Fragen zur Larventherapie.","breadcrumb":{"@id":"https:\/\/biomonde.com\/de\/medizinische-fachkreise-faq\/#breadcrumb"},"inLanguage":"de","potentialAction":[{"@type":"ReadAction","target":["https:\/\/biomonde.com\/de\/medizinische-fachkreise-faq\/"]}]},{"@type":"BreadcrumbList","@id":"https:\/\/biomonde.com\/de\/medizinische-fachkreise-faq\/#breadcrumb","itemListElement":[{"@type":"ListItem","position":1,"name":"Home","item":"https:\/\/biomonde.com\/"},{"@type":"ListItem","position":2,"name":"Medizinische Fachkreise FAQ"}]},{"@type":"WebSite","@id":"https:\/\/biomonde.com\/#website","url":"https:\/\/biomonde.com\/","name":"BioMonde","description":"Making Healing Possible","publisher":{"@id":"https:\/\/biomonde.com\/#organization"},"potentialAction":[{"@type":"SearchAction","target":{"@type":"EntryPoint","urlTemplate":"https:\/\/biomonde.com\/?s={search_term_string}"},"query-input":{"@type":"PropertyValueSpecification","valueRequired":true,"valueName":"search_term_string"}}],"inLanguage":"de"},{"@type":"Organization","@id":"https:\/\/biomonde.com\/#organization","name":"BioMonde","url":"https:\/\/biomonde.com\/","logo":{"@type":"ImageObject","inLanguage":"de","@id":"https:\/\/biomonde.com\/#\/schema\/logo\/image\/","url":"https:\/\/biomonde.com\/wp-content\/uploads\/2021\/03\/biomonde-logo-512.png","contentUrl":"https:\/\/biomonde.com\/wp-content\/uploads\/2021\/03\/biomonde-logo-512.png","width":512,"height":512,"caption":"BioMonde"},"image":{"@id":"https:\/\/biomonde.com\/#\/schema\/logo\/image\/"},"sameAs":["https:\/\/www.facebook.com\/biomondeuki","https:\/\/x.com\/biomondeuk","https:\/\/www.instagram.com\/biomonde_uk\/","https:\/\/www.linkedin.com\/company\/biomondeuk\/","https:\/\/www.youtube.com\/channel\/UCgvvHlcLny1a_WoEWtxn8Qg\/videos"]}]}},"_links":{"self":[{"href":"https:\/\/biomonde.com\/de\/wp-json\/wp\/v2\/pages\/4303","targetHints":{"allow":["GET"]}}],"collection":[{"href":"https:\/\/biomonde.com\/de\/wp-json\/wp\/v2\/pages"}],"about":[{"href":"https:\/\/biomonde.com\/de\/wp-json\/wp\/v2\/types\/page"}],"author":[{"embeddable":true,"href":"https:\/\/biomonde.com\/de\/wp-json\/wp\/v2\/users\/9"}],"replies":[{"embeddable":true,"href":"https:\/\/biomonde.com\/de\/wp-json\/wp\/v2\/comments?post=4303"}],"version-history":[{"count":5,"href":"https:\/\/biomonde.com\/de\/wp-json\/wp\/v2\/pages\/4303\/revisions"}],"predecessor-version":[{"id":8315,"href":"https:\/\/biomonde.com\/de\/wp-json\/wp\/v2\/pages\/4303\/revisions\/8315"}],"wp:attachment":[{"href":"https:\/\/biomonde.com\/de\/wp-json\/wp\/v2\/media?parent=4303"}],"curies":[{"name":"wp","href":"https:\/\/api.w.org\/{rel}","templated":true}]}}