{"id":5611,"date":"2021-11-12T10:46:44","date_gmt":"2021-11-12T10:46:44","guid":{"rendered":"https:\/\/newsite.biomondedev.com\/?page_id=5611"},"modified":"2024-05-23T09:39:43","modified_gmt":"2024-05-23T09:39:43","slug":"pflichttext","status":"publish","type":"page","link":"https:\/\/biomonde.com\/de\/pflichttext\/","title":{"rendered":"Pflichttext gem\u00e4\u00df \u00a7 4 HWG"},"content":{"rendered":"\n<p><strong>Pharmazeutischer Unternehmer<\/strong>:<\/p>\n\n\n\n<p>BioMonde GmbH, Kiebitzh\u00f6rn 33-35, D-22885 Barsb\u00fcttel <\/p>\n\n\n\n<p><strong>Bezeichnung des Arzneimittels<\/strong>:<\/p>\n\n\n\n<p>BioBag 50 Larven zur medizinischen Anwendung<\/p>\n\n\n\n<p>BioBag 100 Larven zur medizinischen Anwendung<\/p>\n\n\n\n<p>BioBag 200 Larven zur medizinischen Anwendung<\/p>\n\n\n\n<p>BioBag 300 Larven zur medizinischen Anwendung<\/p>\n\n\n\n<p><strong><strong>Zusammensetzung<\/strong><\/strong>:<\/p>\n\n\n\n<p>Der Wirkstoff ist die Larve zur medizinischen Anwendung von <em>Lucilia sericata<\/em> (Goldfliege) im 1. und 2. Larvenstadium.<\/p>\n\n\n\n<p>BioBag 50 Larven zur medizinischen Anwendung<br>Jeder Beutel mit einer Gr\u00f6\u00dfe von etwa 25 x 40 mm enth\u00e4lt mindestens 50 Larven zur medizinischen Anwendung von <em>Lucilia sericata<\/em> (Goldfliege) im 1. und 2. Larvenstadium.<\/p>\n\n\n\n<p>BioBag 100 Larven zur medizinischen Anwendung<br>Jeder Beutel mit einer Gr\u00f6\u00dfe von etwa 40 x 50 mm enth\u00e4lt mindestens 100 Larven zur medizinischen Anwendung von <em>Lucilia sericata<\/em> (Goldfliege) im 1. und 2. Larvenstadium.<\/p>\n\n\n\n<p>BioBag 200 Larven zur medizinischen Anwendung<br>Jeder Beutel mit einer Gr\u00f6\u00dfe von etwa 50 x 60 mm enth\u00e4lt mindestens 200 Larven zur medizinischen Anwendung von <em>Lucilia sericata<\/em> (Goldfliege) im 1. und 2. Larvenstadium.<\/p>\n\n\n\n<p>BioBag 300 Larven zur medizinischen Anwendung<br>Jeder Beutel mit einer Gr\u00f6\u00dfe von etwa 60 x 120 mm enth\u00e4lt mindestens 300 Larven zur medizinischen Anwendung von <em>Lucilia sericata<\/em> (Goldfliege) im 1. und 2. Larvenstadium.<\/p>\n\n\n\n<p>Die sonstigen Bestandteile sind Natriumchlorid, Wasser f\u00fcr Injektionszwecke, Polyester-Beutel, Poly(vinylalkohol)-W\u00fcrfel \/ Abstandshalter.<\/p>\n\n\n\n<p><strong><strong>Anwendungsgebiete<\/strong><\/strong><\/p>\n\n\n\n<p>Debridement chronischer oder schwer heilender Wunden, wenn eine instrumental-chirurgische Behandlung nicht erw\u00fcnscht ist.<\/p>\n\n\n\n<p><strong>Gegenanzeigen<\/strong><\/p>\n\n\n\n<p>\u2022 \u00dcberempfindlichkeit gegen Larven zur medizinischen Anwendung von <em>Lucilia sericata<\/em> oder einen der genannten sonstigen Bestandteile.<\/p>\n\n\n\n<p>\u2022 Wunden mit Blutungsneigung oder in der N\u00e4he von gro\u00dfen Gef\u00e4\u00dfen.<\/p>\n\n\n\n<p>\u2022 Therapie von Wunden, bei denen ein extensives chirurgisches Debridement erforderlich ist.<\/p>\n\n\n\n<p>\u2022 Applikation auf bzw. in Wunden mit unzureichender Durchblutung.<\/p>\n\n\n\n<p>\u2022 Anwendung in sterilen K\u00f6rperh\u00f6hlen.<\/p>\n\n\n\n<p>\u2022 Anwendung bei Patienten, die an akuten, schnell fortschreitenden oder lebensbedrohlichen Infektionen leiden.<\/p>\n\n\n\n<p><strong>Nebenwirkungen<\/strong><\/p>\n\n\n\n<p>Im Allgemeinen sind die Nebenwirkungen bei der Therapie mit Fliegenlarven selten und haben einen milden Verlauf:<\/p>\n\n\n\n<p>\u2022 Sehr h\u00e4ufig: Unangenehme Empfindungen, Kribbeln, Jucken, Schmerzen am Applikationsort<\/p>\n\n\n\n<p>\u2022 H\u00e4ufig: Blutungen am Applikationsort<\/p>\n\n\n\n<p>\u2022 Nicht bekannt: Hautreaktionen und Allergien, wie Hautr\u00f6tungen oder Schwellungen von gesunder Haut, erhabener juckender Ausschlag, oberfl\u00e4chliche Verletzungen der Haut, Fieber, unangenehmer Geruch der Wunde, Angst vor Maden<\/p>\n\n\n\n<p><strong>Warnhinweise<\/strong><\/p>\n\n\n\n<p>Arzneimittel f\u00fcr Kinder unzug\u00e4nglich aufbewahren. Darf nur von medizinischem Fachpersonal angewendet werden.<\/p>\n\n\n\n<p><strong>Verschreibungspflichtig<\/strong><\/p>\n","protected":false},"excerpt":{"rendered":"<p>Pharmazeutischer Unternehmer: BioMonde GmbH, Kiebitzh\u00f6rn 33-35, D-22885 Barsb\u00fcttel Bezeichnung des Arzneimittels: BioBag 50 Larven zur medizinischen Anwendung BioBag 100 Larven zur medizinischen Anwendung BioBag 200 Larven zur medizinischen Anwendung BioBag 300 Larven zur medizinischen Anwendung Zusammensetzung: Der Wirkstoff ist die Larve zur medizinischen Anwendung von Lucilia sericata (Goldfliege) im 1. und 2. Larvenstadium. BioBag 50 &hellip; <a href=\"https:\/\/biomonde.com\/de\/pflichttext\/\">Continued<\/a><\/p>\n","protected":false},"author":9,"featured_media":0,"parent":0,"menu_order":0,"comment_status":"closed","ping_status":"closed","template":"","meta":{"_acf_changed":false,"footnotes":""},"class_list":["post-5611","page","type-page","status-publish","hentry"],"acf":[],"yoast_head":"<!-- This site is optimized with the Yoast SEO plugin v27.4 - https:\/\/yoast.com\/product\/yoast-seo-wordpress\/ -->\n<title>Pflichttext - BioMonde<\/title>\n<meta name=\"description\" content=\"Pflichttext zu Produkten von BioMonde.\" \/>\n<meta name=\"robots\" content=\"index, follow, max-snippet:-1, max-image-preview:large, max-video-preview:-1\" \/>\n<link rel=\"canonical\" href=\"https:\/\/biomonde.com\/de\/pflichttext\/\" \/>\n<meta property=\"og:locale\" content=\"de_DE\" \/>\n<meta property=\"og:type\" content=\"article\" \/>\n<meta property=\"og:title\" content=\"Pflichttext - BioMonde\" \/>\n<meta property=\"og:description\" content=\"Pflichttext zu Produkten von BioMonde.\" \/>\n<meta property=\"og:url\" content=\"https:\/\/biomonde.com\/de\/pflichttext\/\" \/>\n<meta property=\"og:site_name\" content=\"BioMonde\" \/>\n<meta property=\"article:publisher\" content=\"https:\/\/www.facebook.com\/biomondeuki\" \/>\n<meta property=\"article:modified_time\" content=\"2024-05-23T09:39:43+00:00\" \/>\n<meta name=\"twitter:card\" content=\"summary_large_image\" \/>\n<meta name=\"twitter:site\" content=\"@biomondeuk\" \/>\n<meta name=\"twitter:label1\" content=\"Gesch\u00e4tzte Lesezeit\" \/>\n\t<meta name=\"twitter:data1\" content=\"2\u00a0Minuten\" \/>\n<script type=\"application\/ld+json\" class=\"yoast-schema-graph\">{\"@context\":\"https:\\\/\\\/schema.org\",\"@graph\":[{\"@type\":\"WebPage\",\"@id\":\"https:\\\/\\\/biomonde.com\\\/de\\\/pflichttext\\\/\",\"url\":\"https:\\\/\\\/biomonde.com\\\/de\\\/pflichttext\\\/\",\"name\":\"Pflichttext - BioMonde\",\"isPartOf\":{\"@id\":\"https:\\\/\\\/biomonde.com\\\/#website\"},\"datePublished\":\"2021-11-12T10:46:44+00:00\",\"dateModified\":\"2024-05-23T09:39:43+00:00\",\"description\":\"Pflichttext zu Produkten von BioMonde.\",\"breadcrumb\":{\"@id\":\"https:\\\/\\\/biomonde.com\\\/de\\\/pflichttext\\\/#breadcrumb\"},\"inLanguage\":\"de\",\"potentialAction\":[{\"@type\":\"ReadAction\",\"target\":[\"https:\\\/\\\/biomonde.com\\\/de\\\/pflichttext\\\/\"]}]},{\"@type\":\"BreadcrumbList\",\"@id\":\"https:\\\/\\\/biomonde.com\\\/de\\\/pflichttext\\\/#breadcrumb\",\"itemListElement\":[{\"@type\":\"ListItem\",\"position\":1,\"name\":\"Home\",\"item\":\"https:\\\/\\\/biomonde.com\\\/\"},{\"@type\":\"ListItem\",\"position\":2,\"name\":\"Pflichttext gem\u00e4\u00df \u00a7 4 HWG\"}]},{\"@type\":\"WebSite\",\"@id\":\"https:\\\/\\\/biomonde.com\\\/#website\",\"url\":\"https:\\\/\\\/biomonde.com\\\/\",\"name\":\"BioMonde\",\"description\":\"Making Healing Possible\",\"publisher\":{\"@id\":\"https:\\\/\\\/biomonde.com\\\/#organization\"},\"potentialAction\":[{\"@type\":\"SearchAction\",\"target\":{\"@type\":\"EntryPoint\",\"urlTemplate\":\"https:\\\/\\\/biomonde.com\\\/?s={search_term_string}\"},\"query-input\":{\"@type\":\"PropertyValueSpecification\",\"valueRequired\":true,\"valueName\":\"search_term_string\"}}],\"inLanguage\":\"de\"},{\"@type\":\"Organization\",\"@id\":\"https:\\\/\\\/biomonde.com\\\/#organization\",\"name\":\"BioMonde\",\"url\":\"https:\\\/\\\/biomonde.com\\\/\",\"logo\":{\"@type\":\"ImageObject\",\"inLanguage\":\"de\",\"@id\":\"https:\\\/\\\/biomonde.com\\\/#\\\/schema\\\/logo\\\/image\\\/\",\"url\":\"https:\\\/\\\/biomonde.com\\\/wp-content\\\/uploads\\\/2021\\\/03\\\/biomonde-logo-512.png\",\"contentUrl\":\"https:\\\/\\\/biomonde.com\\\/wp-content\\\/uploads\\\/2021\\\/03\\\/biomonde-logo-512.png\",\"width\":512,\"height\":512,\"caption\":\"BioMonde\"},\"image\":{\"@id\":\"https:\\\/\\\/biomonde.com\\\/#\\\/schema\\\/logo\\\/image\\\/\"},\"sameAs\":[\"https:\\\/\\\/www.facebook.com\\\/biomondeuki\",\"https:\\\/\\\/x.com\\\/biomondeuk\",\"https:\\\/\\\/www.instagram.com\\\/biomonde_uk\\\/\",\"https:\\\/\\\/www.linkedin.com\\\/company\\\/biomondeuk\\\/\",\"https:\\\/\\\/www.youtube.com\\\/channel\\\/UCgvvHlcLny1a_WoEWtxn8Qg\\\/videos\"]}]}<\/script>\n<!-- \/ Yoast SEO plugin. -->","yoast_head_json":{"title":"Pflichttext - BioMonde","description":"Pflichttext zu Produkten von BioMonde.","robots":{"index":"index","follow":"follow","max-snippet":"max-snippet:-1","max-image-preview":"max-image-preview:large","max-video-preview":"max-video-preview:-1"},"canonical":"https:\/\/biomonde.com\/de\/pflichttext\/","og_locale":"de_DE","og_type":"article","og_title":"Pflichttext - BioMonde","og_description":"Pflichttext zu Produkten von BioMonde.","og_url":"https:\/\/biomonde.com\/de\/pflichttext\/","og_site_name":"BioMonde","article_publisher":"https:\/\/www.facebook.com\/biomondeuki","article_modified_time":"2024-05-23T09:39:43+00:00","twitter_card":"summary_large_image","twitter_site":"@biomondeuk","twitter_misc":{"Gesch\u00e4tzte Lesezeit":"2\u00a0Minuten"},"schema":{"@context":"https:\/\/schema.org","@graph":[{"@type":"WebPage","@id":"https:\/\/biomonde.com\/de\/pflichttext\/","url":"https:\/\/biomonde.com\/de\/pflichttext\/","name":"Pflichttext - BioMonde","isPartOf":{"@id":"https:\/\/biomonde.com\/#website"},"datePublished":"2021-11-12T10:46:44+00:00","dateModified":"2024-05-23T09:39:43+00:00","description":"Pflichttext zu Produkten von BioMonde.","breadcrumb":{"@id":"https:\/\/biomonde.com\/de\/pflichttext\/#breadcrumb"},"inLanguage":"de","potentialAction":[{"@type":"ReadAction","target":["https:\/\/biomonde.com\/de\/pflichttext\/"]}]},{"@type":"BreadcrumbList","@id":"https:\/\/biomonde.com\/de\/pflichttext\/#breadcrumb","itemListElement":[{"@type":"ListItem","position":1,"name":"Home","item":"https:\/\/biomonde.com\/"},{"@type":"ListItem","position":2,"name":"Pflichttext gem\u00e4\u00df \u00a7 4 HWG"}]},{"@type":"WebSite","@id":"https:\/\/biomonde.com\/#website","url":"https:\/\/biomonde.com\/","name":"BioMonde","description":"Making Healing Possible","publisher":{"@id":"https:\/\/biomonde.com\/#organization"},"potentialAction":[{"@type":"SearchAction","target":{"@type":"EntryPoint","urlTemplate":"https:\/\/biomonde.com\/?s={search_term_string}"},"query-input":{"@type":"PropertyValueSpecification","valueRequired":true,"valueName":"search_term_string"}}],"inLanguage":"de"},{"@type":"Organization","@id":"https:\/\/biomonde.com\/#organization","name":"BioMonde","url":"https:\/\/biomonde.com\/","logo":{"@type":"ImageObject","inLanguage":"de","@id":"https:\/\/biomonde.com\/#\/schema\/logo\/image\/","url":"https:\/\/biomonde.com\/wp-content\/uploads\/2021\/03\/biomonde-logo-512.png","contentUrl":"https:\/\/biomonde.com\/wp-content\/uploads\/2021\/03\/biomonde-logo-512.png","width":512,"height":512,"caption":"BioMonde"},"image":{"@id":"https:\/\/biomonde.com\/#\/schema\/logo\/image\/"},"sameAs":["https:\/\/www.facebook.com\/biomondeuki","https:\/\/x.com\/biomondeuk","https:\/\/www.instagram.com\/biomonde_uk\/","https:\/\/www.linkedin.com\/company\/biomondeuk\/","https:\/\/www.youtube.com\/channel\/UCgvvHlcLny1a_WoEWtxn8Qg\/videos"]}]}},"_links":{"self":[{"href":"https:\/\/biomonde.com\/de\/wp-json\/wp\/v2\/pages\/5611","targetHints":{"allow":["GET"]}}],"collection":[{"href":"https:\/\/biomonde.com\/de\/wp-json\/wp\/v2\/pages"}],"about":[{"href":"https:\/\/biomonde.com\/de\/wp-json\/wp\/v2\/types\/page"}],"author":[{"embeddable":true,"href":"https:\/\/biomonde.com\/de\/wp-json\/wp\/v2\/users\/9"}],"replies":[{"embeddable":true,"href":"https:\/\/biomonde.com\/de\/wp-json\/wp\/v2\/comments?post=5611"}],"version-history":[{"count":5,"href":"https:\/\/biomonde.com\/de\/wp-json\/wp\/v2\/pages\/5611\/revisions"}],"predecessor-version":[{"id":11602,"href":"https:\/\/biomonde.com\/de\/wp-json\/wp\/v2\/pages\/5611\/revisions\/11602"}],"wp:attachment":[{"href":"https:\/\/biomonde.com\/de\/wp-json\/wp\/v2\/media?parent=5611"}],"curies":[{"name":"wp","href":"https:\/\/api.w.org\/{rel}","templated":true}]}}