{"id":5856,"date":"2021-12-01T14:01:29","date_gmt":"2021-12-01T14:01:29","guid":{"rendered":"https:\/\/newsite.biomondedev.com\/?page_id=5856"},"modified":"2021-12-01T14:01:33","modified_gmt":"2021-12-01T14:01:33","slug":"impressum","status":"publish","type":"page","link":"https:\/\/biomonde.com\/de\/impressum\/","title":{"rendered":"Impressum"},"content":{"rendered":"\n<p><strong>BioMonde GmbH<\/strong><br><strong>Kiebitzh\u00f6rn 33-35<\/strong><br><strong>22885 Barsb\u00fcttel<\/strong><\/p>\n\n\n\n<p><strong>Telefon: +49 (0) 40 6710 57-0,<\/strong><br><strong>Telefax: +49 (0) 40 6710 57-10<\/strong><br><strong>E-Mail:&nbsp;<a href=\"mailto:info@biomonde.de\">info@biomonde.de<\/a><\/strong><\/p>\n\n\n\n<p>Gesch\u00e4ftsf\u00fchrer: Gareth Kempson<br>HRB 6148HL\/Amtsgericht L\u00fcbeck<br>USt.-Id.-Nr. DE210197799<\/p>\n\n\n\n<p>Verantwortlich f\u00fcr die Inhalte (gem\u00e4\u00df \u00a7 5 TMG \/ \u00a7 55 II RStV): Gareth Kempson<\/p>\n\n\n\n<p>Gesundheitsinformationen<br>Die Informationen unserer Website sind nicht dazu geeignet und bestimmt, professionellen Rat von Angeh\u00f6rigen der entsprechenden Berufsgruppen (insbesondere ausgebildete und anerkannte \u00c4rzte, Fach\u00e4rzte und Psychologen) und deren professionelle Beratungen oder Behandlungen zu ersetzen. Der Inhalt der Internetseite kann eine fachliche und individuelle Beratung nicht ersetzen.<\/p>\n","protected":false},"excerpt":{"rendered":"<p>BioMonde GmbHKiebitzh\u00f6rn 33-3522885 Barsb\u00fcttel Telefon: +49 (0) 40 6710 57-0,Telefax: +49 (0) 40 6710 57-10E-Mail:&nbsp;info@biomonde.de Gesch\u00e4ftsf\u00fchrer: Gareth KempsonHRB 6148HL\/Amtsgericht L\u00fcbeckUSt.-Id.-Nr. DE210197799 Verantwortlich f\u00fcr die Inhalte (gem\u00e4\u00df \u00a7 5 TMG \/ \u00a7 55 II RStV): Gareth Kempson GesundheitsinformationenDie Informationen unserer Website sind nicht dazu geeignet und bestimmt, professionellen Rat von Angeh\u00f6rigen der entsprechenden Berufsgruppen (insbesondere ausgebildete &hellip; <a href=\"https:\/\/biomonde.com\/de\/impressum\/\">Continued<\/a><\/p>\n","protected":false},"author":9,"featured_media":0,"parent":0,"menu_order":0,"comment_status":"closed","ping_status":"closed","template":"","meta":{"_acf_changed":false,"footnotes":""},"class_list":["post-5856","page","type-page","status-publish","hentry"],"acf":[],"yoast_head":"<!-- This site is optimized with the Yoast SEO plugin v27.4 - https:\/\/yoast.com\/product\/yoast-seo-wordpress\/ -->\n<title>Impressum - BioMonde<\/title>\n<meta name=\"description\" content=\"Impressum - Kontakt und Verantwortlichkeiten.\" \/>\n<meta name=\"robots\" content=\"index, follow, max-snippet:-1, max-image-preview:large, max-video-preview:-1\" \/>\n<link rel=\"canonical\" href=\"https:\/\/biomonde.com\/de\/impressum\/\" \/>\n<meta property=\"og:locale\" content=\"de_DE\" \/>\n<meta property=\"og:type\" content=\"article\" \/>\n<meta property=\"og:title\" content=\"Impressum - BioMonde\" \/>\n<meta property=\"og:description\" content=\"Impressum - Kontakt und Verantwortlichkeiten.\" \/>\n<meta property=\"og:url\" content=\"https:\/\/biomonde.com\/de\/impressum\/\" \/>\n<meta property=\"og:site_name\" content=\"BioMonde\" \/>\n<meta property=\"article:publisher\" content=\"https:\/\/www.facebook.com\/biomondeuki\" \/>\n<meta property=\"article:modified_time\" content=\"2021-12-01T14:01:33+00:00\" \/>\n<meta name=\"twitter:card\" content=\"summary_large_image\" \/>\n<meta name=\"twitter:site\" content=\"@biomondeuk\" \/>\n<meta name=\"twitter:label1\" content=\"Gesch\u00e4tzte Lesezeit\" \/>\n\t<meta name=\"twitter:data1\" content=\"1\u00a0Minute\" \/>\n<script type=\"application\/ld+json\" class=\"yoast-schema-graph\">{\"@context\":\"https:\\\/\\\/schema.org\",\"@graph\":[{\"@type\":\"WebPage\",\"@id\":\"https:\\\/\\\/biomonde.com\\\/de\\\/impressum\\\/\",\"url\":\"https:\\\/\\\/biomonde.com\\\/de\\\/impressum\\\/\",\"name\":\"Impressum - BioMonde\",\"isPartOf\":{\"@id\":\"https:\\\/\\\/biomonde.com\\\/#website\"},\"datePublished\":\"2021-12-01T14:01:29+00:00\",\"dateModified\":\"2021-12-01T14:01:33+00:00\",\"description\":\"Impressum - Kontakt und Verantwortlichkeiten.\",\"breadcrumb\":{\"@id\":\"https:\\\/\\\/biomonde.com\\\/de\\\/impressum\\\/#breadcrumb\"},\"inLanguage\":\"de\",\"potentialAction\":[{\"@type\":\"ReadAction\",\"target\":[\"https:\\\/\\\/biomonde.com\\\/de\\\/impressum\\\/\"]}]},{\"@type\":\"BreadcrumbList\",\"@id\":\"https:\\\/\\\/biomonde.com\\\/de\\\/impressum\\\/#breadcrumb\",\"itemListElement\":[{\"@type\":\"ListItem\",\"position\":1,\"name\":\"Home\",\"item\":\"https:\\\/\\\/biomonde.com\\\/\"},{\"@type\":\"ListItem\",\"position\":2,\"name\":\"Impressum\"}]},{\"@type\":\"WebSite\",\"@id\":\"https:\\\/\\\/biomonde.com\\\/#website\",\"url\":\"https:\\\/\\\/biomonde.com\\\/\",\"name\":\"BioMonde\",\"description\":\"Making Healing Possible\",\"publisher\":{\"@id\":\"https:\\\/\\\/biomonde.com\\\/#organization\"},\"potentialAction\":[{\"@type\":\"SearchAction\",\"target\":{\"@type\":\"EntryPoint\",\"urlTemplate\":\"https:\\\/\\\/biomonde.com\\\/?s={search_term_string}\"},\"query-input\":{\"@type\":\"PropertyValueSpecification\",\"valueRequired\":true,\"valueName\":\"search_term_string\"}}],\"inLanguage\":\"de\"},{\"@type\":\"Organization\",\"@id\":\"https:\\\/\\\/biomonde.com\\\/#organization\",\"name\":\"BioMonde\",\"url\":\"https:\\\/\\\/biomonde.com\\\/\",\"logo\":{\"@type\":\"ImageObject\",\"inLanguage\":\"de\",\"@id\":\"https:\\\/\\\/biomonde.com\\\/#\\\/schema\\\/logo\\\/image\\\/\",\"url\":\"https:\\\/\\\/biomonde.com\\\/wp-content\\\/uploads\\\/2021\\\/03\\\/biomonde-logo-512.png\",\"contentUrl\":\"https:\\\/\\\/biomonde.com\\\/wp-content\\\/uploads\\\/2021\\\/03\\\/biomonde-logo-512.png\",\"width\":512,\"height\":512,\"caption\":\"BioMonde\"},\"image\":{\"@id\":\"https:\\\/\\\/biomonde.com\\\/#\\\/schema\\\/logo\\\/image\\\/\"},\"sameAs\":[\"https:\\\/\\\/www.facebook.com\\\/biomondeuki\",\"https:\\\/\\\/x.com\\\/biomondeuk\",\"https:\\\/\\\/www.instagram.com\\\/biomonde_uk\\\/\",\"https:\\\/\\\/www.linkedin.com\\\/company\\\/biomondeuk\\\/\",\"https:\\\/\\\/www.youtube.com\\\/channel\\\/UCgvvHlcLny1a_WoEWtxn8Qg\\\/videos\"]}]}<\/script>\n<!-- \/ Yoast SEO plugin. -->","yoast_head_json":{"title":"Impressum - BioMonde","description":"Impressum - Kontakt und Verantwortlichkeiten.","robots":{"index":"index","follow":"follow","max-snippet":"max-snippet:-1","max-image-preview":"max-image-preview:large","max-video-preview":"max-video-preview:-1"},"canonical":"https:\/\/biomonde.com\/de\/impressum\/","og_locale":"de_DE","og_type":"article","og_title":"Impressum - BioMonde","og_description":"Impressum - Kontakt und Verantwortlichkeiten.","og_url":"https:\/\/biomonde.com\/de\/impressum\/","og_site_name":"BioMonde","article_publisher":"https:\/\/www.facebook.com\/biomondeuki","article_modified_time":"2021-12-01T14:01:33+00:00","twitter_card":"summary_large_image","twitter_site":"@biomondeuk","twitter_misc":{"Gesch\u00e4tzte Lesezeit":"1\u00a0Minute"},"schema":{"@context":"https:\/\/schema.org","@graph":[{"@type":"WebPage","@id":"https:\/\/biomonde.com\/de\/impressum\/","url":"https:\/\/biomonde.com\/de\/impressum\/","name":"Impressum - BioMonde","isPartOf":{"@id":"https:\/\/biomonde.com\/#website"},"datePublished":"2021-12-01T14:01:29+00:00","dateModified":"2021-12-01T14:01:33+00:00","description":"Impressum - Kontakt und Verantwortlichkeiten.","breadcrumb":{"@id":"https:\/\/biomonde.com\/de\/impressum\/#breadcrumb"},"inLanguage":"de","potentialAction":[{"@type":"ReadAction","target":["https:\/\/biomonde.com\/de\/impressum\/"]}]},{"@type":"BreadcrumbList","@id":"https:\/\/biomonde.com\/de\/impressum\/#breadcrumb","itemListElement":[{"@type":"ListItem","position":1,"name":"Home","item":"https:\/\/biomonde.com\/"},{"@type":"ListItem","position":2,"name":"Impressum"}]},{"@type":"WebSite","@id":"https:\/\/biomonde.com\/#website","url":"https:\/\/biomonde.com\/","name":"BioMonde","description":"Making Healing Possible","publisher":{"@id":"https:\/\/biomonde.com\/#organization"},"potentialAction":[{"@type":"SearchAction","target":{"@type":"EntryPoint","urlTemplate":"https:\/\/biomonde.com\/?s={search_term_string}"},"query-input":{"@type":"PropertyValueSpecification","valueRequired":true,"valueName":"search_term_string"}}],"inLanguage":"de"},{"@type":"Organization","@id":"https:\/\/biomonde.com\/#organization","name":"BioMonde","url":"https:\/\/biomonde.com\/","logo":{"@type":"ImageObject","inLanguage":"de","@id":"https:\/\/biomonde.com\/#\/schema\/logo\/image\/","url":"https:\/\/biomonde.com\/wp-content\/uploads\/2021\/03\/biomonde-logo-512.png","contentUrl":"https:\/\/biomonde.com\/wp-content\/uploads\/2021\/03\/biomonde-logo-512.png","width":512,"height":512,"caption":"BioMonde"},"image":{"@id":"https:\/\/biomonde.com\/#\/schema\/logo\/image\/"},"sameAs":["https:\/\/www.facebook.com\/biomondeuki","https:\/\/x.com\/biomondeuk","https:\/\/www.instagram.com\/biomonde_uk\/","https:\/\/www.linkedin.com\/company\/biomondeuk\/","https:\/\/www.youtube.com\/channel\/UCgvvHlcLny1a_WoEWtxn8Qg\/videos"]}]}},"_links":{"self":[{"href":"https:\/\/biomonde.com\/de\/wp-json\/wp\/v2\/pages\/5856","targetHints":{"allow":["GET"]}}],"collection":[{"href":"https:\/\/biomonde.com\/de\/wp-json\/wp\/v2\/pages"}],"about":[{"href":"https:\/\/biomonde.com\/de\/wp-json\/wp\/v2\/types\/page"}],"author":[{"embeddable":true,"href":"https:\/\/biomonde.com\/de\/wp-json\/wp\/v2\/users\/9"}],"replies":[{"embeddable":true,"href":"https:\/\/biomonde.com\/de\/wp-json\/wp\/v2\/comments?post=5856"}],"version-history":[{"count":1,"href":"https:\/\/biomonde.com\/de\/wp-json\/wp\/v2\/pages\/5856\/revisions"}],"predecessor-version":[{"id":5857,"href":"https:\/\/biomonde.com\/de\/wp-json\/wp\/v2\/pages\/5856\/revisions\/5857"}],"wp:attachment":[{"href":"https:\/\/biomonde.com\/de\/wp-json\/wp\/v2\/media?parent=5856"}],"curies":[{"name":"wp","href":"https:\/\/api.w.org\/{rel}","templated":true}]}}