{"id":5939,"date":"2021-12-02T09:06:40","date_gmt":"2021-12-02T09:06:40","guid":{"rendered":"https:\/\/newsite.biomondedev.com\/referenzen\/"},"modified":"2022-04-12T12:45:38","modified_gmt":"2022-04-12T12:45:38","slug":"referenzen","status":"publish","type":"page","link":"https:\/\/biomonde.com\/de\/referenzen\/","title":{"rendered":"Referenzen"},"content":{"rendered":"<div class=\"block-section block-media-text\">\n  <div class=\"row\">\n    <div class=\"col-lg-6 col-media\">\n      <div class=\"col-content\">\n                  <img decoding=\"async\" src=\"https:\/\/biomonde.com\/wp-content\/uploads\/2021\/09\/BioMonde-Packshots-69-600x600.jpg\" alt=\"\">\n                <\/div>\n    <\/div>\n\n    <div class=\"col-lg-6 col-content\">\n      <div class=\"col-content\">\n                  <h2 class=\"title\">Warum Larventherapie &#8211; Referenzen<\/h2>\n        \n                  <div class=\"content\"><ol>\n<li>Mudge E, Price P, Walkley N, and Harding K. 2014. A randomized controlled trial of larval therapy for the debridement of leg ulcers: results of a multicenter, randomized, controlled, open, observer blind, parallel group study. Wound Repair &amp; Regeneration, Jan-Feb, 22(1); 43-51.<\/li>\n<li><span style=\"font-size: 1.05rem;\">Bennett H. et al. 2013. Cost-Effectiveness of Interventions for Chronic Wound Debridement; an Evaluation in Search of Data. London: Wounds UK 2013; 9(4) Suppl.<br \/>\n<\/span><\/li>\n<li>Gilead L, Mumcuoglu KY, Ingber A. The use of maggot debridement therapy in the treatment of chronic wounds in hospitalized and ambulatory patients. J Wound Care. 2012;21(2):78-85.<\/li>\n<li>van der Plas MJA, Baldry M, Van Dissel JT, et al. 2009. Maggot secretions suppress pro-inflammatory responses of human monocytes through elevation of cyclic AMP. Diabetologia 52: 1962-70.<\/li>\n<li>Cazander G., et al. 2009. Maggot therapy for wound healing: clinical relevance, mechanisms of action and future prospects. Journal Wound Technology, 5: pp.18-23.<\/li>\n<li>Cowan\u00a0 LJ, Stechmiller JK, Phillips\u00a0 P, Yang Q, et al., 2013. Chronic wounds, biofilm and use of medicinal larvae. Ulcers; 487024.<\/li>\n<li>Schultz GS, Sibbald R, Falanga V, et al. 2003. Wound bed preparation: a systematic approach to wound management. Wound Repair Regen; 11: S1-28 Suppl.<\/li>\n<li>Pritchard, D.I., \u010ce\u0159ovsk\u00fd, V., Nigam, Y., Pickles, S.F., Cazander, G., Nibbering, P.H., B\u00fcltemann, A. and Jung, W. (2016), TIME management by medicinal larvae. Int Wound J, 13: 475-484. https:\/\/doi.org\/10.1111\/iwj.12457<\/li>\n<li>Antibakterielle Wirkung von Fliegenmaden (L. sericata) in vitro. In-vitro bactericidal activity of maggots of the green blowfly (Lucilia sericata). Skin\u00a0Pharmacol\u00a0Physiol\u00a02007;20:1<span class=\"l6\">12\u2013<span class=\"l8\">11<span class=\"l9\">5, <\/span><\/span><\/span>2006. Georg Daeschlein1, Britta Hoffmeister1, Harald Below1, Axel Kramer1*.<\/li>\n<li>Andersen AS, Sandvang D, Schnorr KM, Kruse T, Neve S, Joergensen B, Karlsmark T, Krogfelt KA. A novel approach to the antimicrobial activity of maggot D\u00e9bridement therapy. J Antimicrob Chemother. 2010;65(8):1646-54.<\/li>\n<li><span style=\"font-size: 1.05rem;\"><a href=\"\/wp-content\/uploads\/2022\/02\/BM347_BDE_AD_DE_03_0821_web-1.pdf\">Die Kosteneffektivit\u00e4t der Larventherapie in Deutschland<\/a><\/span><\/li>\n<\/ol>\n<\/div>\n              <\/div>\n    <\/div>\n  <\/div>\n<\/div>\n","protected":false},"excerpt":{"rendered":"","protected":false},"author":9,"featured_media":0,"parent":0,"menu_order":0,"comment_status":"closed","ping_status":"closed","template":"","meta":{"_acf_changed":false,"footnotes":""},"class_list":["post-5939","page","type-page","status-publish","hentry"],"acf":[],"yoast_head":"<!-- This site is optimized with the Yoast SEO plugin v27.6 - https:\/\/yoast.com\/product\/yoast-seo-wordpress\/ -->\n<title>Referenzen und Quellen - BioMonde<\/title>\n<meta name=\"description\" content=\"&quot;Warum Larven nutzen?&quot; Referenzen.\" \/>\n<meta name=\"robots\" content=\"index, follow, max-snippet:-1, max-image-preview:large, max-video-preview:-1\" \/>\n<link rel=\"canonical\" href=\"https:\/\/biomonde.com\/references\/\" \/>\n<meta property=\"og:locale\" content=\"de_DE\" \/>\n<meta property=\"og:type\" content=\"article\" \/>\n<meta property=\"og:title\" content=\"Referenzen und Quellen - BioMonde\" \/>\n<meta property=\"og:description\" content=\"&quot;Warum Larven nutzen?&quot; Referenzen.\" \/>\n<meta property=\"og:url\" content=\"https:\/\/biomonde.com\/references\/\" \/>\n<meta property=\"og:site_name\" content=\"BioMonde\" \/>\n<meta property=\"article:publisher\" content=\"https:\/\/www.facebook.com\/biomondeuki\" \/>\n<meta property=\"article:modified_time\" content=\"2022-04-12T12:45:38+00:00\" \/>\n<meta name=\"twitter:card\" content=\"summary_large_image\" \/>\n<meta name=\"twitter:site\" content=\"@biomondeuk\" \/>\n<script type=\"application\/ld+json\" class=\"yoast-schema-graph\">{\"@context\":\"https:\\\/\\\/schema.org\",\"@graph\":[{\"@type\":\"WebPage\",\"@id\":\"https:\\\/\\\/biomonde.com\\\/references\\\/\",\"url\":\"https:\\\/\\\/biomonde.com\\\/references\\\/\",\"name\":\"Referenzen und Quellen - BioMonde\",\"isPartOf\":{\"@id\":\"https:\\\/\\\/biomonde.com\\\/#website\"},\"datePublished\":\"2021-12-02T09:06:40+00:00\",\"dateModified\":\"2022-04-12T12:45:38+00:00\",\"description\":\"\\\"Warum Larven nutzen?\\\" Referenzen.\",\"breadcrumb\":{\"@id\":\"https:\\\/\\\/biomonde.com\\\/references\\\/#breadcrumb\"},\"inLanguage\":\"de\",\"potentialAction\":[{\"@type\":\"ReadAction\",\"target\":[\"https:\\\/\\\/biomonde.com\\\/references\\\/\"]}]},{\"@type\":\"BreadcrumbList\",\"@id\":\"https:\\\/\\\/biomonde.com\\\/references\\\/#breadcrumb\",\"itemListElement\":[{\"@type\":\"ListItem\",\"position\":1,\"name\":\"Home\",\"item\":\"https:\\\/\\\/biomonde.com\\\/\"},{\"@type\":\"ListItem\",\"position\":2,\"name\":\"Referenzen\"}]},{\"@type\":\"WebSite\",\"@id\":\"https:\\\/\\\/biomonde.com\\\/#website\",\"url\":\"https:\\\/\\\/biomonde.com\\\/\",\"name\":\"BioMonde\",\"description\":\"Making Healing Possible\",\"publisher\":{\"@id\":\"https:\\\/\\\/biomonde.com\\\/#organization\"},\"potentialAction\":[{\"@type\":\"SearchAction\",\"target\":{\"@type\":\"EntryPoint\",\"urlTemplate\":\"https:\\\/\\\/biomonde.com\\\/?s={search_term_string}\"},\"query-input\":{\"@type\":\"PropertyValueSpecification\",\"valueRequired\":true,\"valueName\":\"search_term_string\"}}],\"inLanguage\":\"de\"},{\"@type\":\"Organization\",\"@id\":\"https:\\\/\\\/biomonde.com\\\/#organization\",\"name\":\"BioMonde\",\"url\":\"https:\\\/\\\/biomonde.com\\\/\",\"logo\":{\"@type\":\"ImageObject\",\"inLanguage\":\"de\",\"@id\":\"https:\\\/\\\/biomonde.com\\\/#\\\/schema\\\/logo\\\/image\\\/\",\"url\":\"https:\\\/\\\/biomonde.com\\\/wp-content\\\/uploads\\\/2021\\\/03\\\/biomonde-logo-512.png\",\"contentUrl\":\"https:\\\/\\\/biomonde.com\\\/wp-content\\\/uploads\\\/2021\\\/03\\\/biomonde-logo-512.png\",\"width\":512,\"height\":512,\"caption\":\"BioMonde\"},\"image\":{\"@id\":\"https:\\\/\\\/biomonde.com\\\/#\\\/schema\\\/logo\\\/image\\\/\"},\"sameAs\":[\"https:\\\/\\\/www.facebook.com\\\/biomondeuki\",\"https:\\\/\\\/x.com\\\/biomondeuk\",\"https:\\\/\\\/www.instagram.com\\\/biomonde_uk\\\/\",\"https:\\\/\\\/www.linkedin.com\\\/company\\\/biomondeuk\\\/\",\"https:\\\/\\\/www.youtube.com\\\/channel\\\/UCgvvHlcLny1a_WoEWtxn8Qg\\\/videos\"]}]}<\/script>\n<!-- \/ Yoast SEO plugin. -->","yoast_head_json":{"title":"Referenzen und Quellen - BioMonde","description":"\"Warum Larven nutzen?\" Referenzen.","robots":{"index":"index","follow":"follow","max-snippet":"max-snippet:-1","max-image-preview":"max-image-preview:large","max-video-preview":"max-video-preview:-1"},"canonical":"https:\/\/biomonde.com\/references\/","og_locale":"de_DE","og_type":"article","og_title":"Referenzen und Quellen - BioMonde","og_description":"\"Warum Larven nutzen?\" Referenzen.","og_url":"https:\/\/biomonde.com\/references\/","og_site_name":"BioMonde","article_publisher":"https:\/\/www.facebook.com\/biomondeuki","article_modified_time":"2022-04-12T12:45:38+00:00","twitter_card":"summary_large_image","twitter_site":"@biomondeuk","schema":{"@context":"https:\/\/schema.org","@graph":[{"@type":"WebPage","@id":"https:\/\/biomonde.com\/references\/","url":"https:\/\/biomonde.com\/references\/","name":"Referenzen und Quellen - BioMonde","isPartOf":{"@id":"https:\/\/biomonde.com\/#website"},"datePublished":"2021-12-02T09:06:40+00:00","dateModified":"2022-04-12T12:45:38+00:00","description":"\"Warum Larven nutzen?\" Referenzen.","breadcrumb":{"@id":"https:\/\/biomonde.com\/references\/#breadcrumb"},"inLanguage":"de","potentialAction":[{"@type":"ReadAction","target":["https:\/\/biomonde.com\/references\/"]}]},{"@type":"BreadcrumbList","@id":"https:\/\/biomonde.com\/references\/#breadcrumb","itemListElement":[{"@type":"ListItem","position":1,"name":"Home","item":"https:\/\/biomonde.com\/"},{"@type":"ListItem","position":2,"name":"Referenzen"}]},{"@type":"WebSite","@id":"https:\/\/biomonde.com\/#website","url":"https:\/\/biomonde.com\/","name":"BioMonde","description":"Making Healing Possible","publisher":{"@id":"https:\/\/biomonde.com\/#organization"},"potentialAction":[{"@type":"SearchAction","target":{"@type":"EntryPoint","urlTemplate":"https:\/\/biomonde.com\/?s={search_term_string}"},"query-input":{"@type":"PropertyValueSpecification","valueRequired":true,"valueName":"search_term_string"}}],"inLanguage":"de"},{"@type":"Organization","@id":"https:\/\/biomonde.com\/#organization","name":"BioMonde","url":"https:\/\/biomonde.com\/","logo":{"@type":"ImageObject","inLanguage":"de","@id":"https:\/\/biomonde.com\/#\/schema\/logo\/image\/","url":"https:\/\/biomonde.com\/wp-content\/uploads\/2021\/03\/biomonde-logo-512.png","contentUrl":"https:\/\/biomonde.com\/wp-content\/uploads\/2021\/03\/biomonde-logo-512.png","width":512,"height":512,"caption":"BioMonde"},"image":{"@id":"https:\/\/biomonde.com\/#\/schema\/logo\/image\/"},"sameAs":["https:\/\/www.facebook.com\/biomondeuki","https:\/\/x.com\/biomondeuk","https:\/\/www.instagram.com\/biomonde_uk\/","https:\/\/www.linkedin.com\/company\/biomondeuk\/","https:\/\/www.youtube.com\/channel\/UCgvvHlcLny1a_WoEWtxn8Qg\/videos"]}]}},"_links":{"self":[{"href":"https:\/\/biomonde.com\/de\/wp-json\/wp\/v2\/pages\/5939","targetHints":{"allow":["GET"]}}],"collection":[{"href":"https:\/\/biomonde.com\/de\/wp-json\/wp\/v2\/pages"}],"about":[{"href":"https:\/\/biomonde.com\/de\/wp-json\/wp\/v2\/types\/page"}],"author":[{"embeddable":true,"href":"https:\/\/biomonde.com\/de\/wp-json\/wp\/v2\/users\/9"}],"replies":[{"embeddable":true,"href":"https:\/\/biomonde.com\/de\/wp-json\/wp\/v2\/comments?post=5939"}],"version-history":[{"count":5,"href":"https:\/\/biomonde.com\/de\/wp-json\/wp\/v2\/pages\/5939\/revisions"}],"predecessor-version":[{"id":7876,"href":"https:\/\/biomonde.com\/de\/wp-json\/wp\/v2\/pages\/5939\/revisions\/7876"}],"wp:attachment":[{"href":"https:\/\/biomonde.com\/de\/wp-json\/wp\/v2\/media?parent=5939"}],"curies":[{"name":"wp","href":"https:\/\/api.w.org\/{rel}","templated":true}]}}