{"id":9197,"date":"2022-10-14T09:53:11","date_gmt":"2022-10-14T09:53:11","guid":{"rendered":"https:\/\/biomonde.com\/?page_id=9197"},"modified":"2023-01-03T16:04:18","modified_gmt":"2023-01-03T16:04:18","slug":"drg","status":"publish","type":"page","link":"https:\/\/biomonde.com\/de\/drg\/","title":{"rendered":"Die Larventherapie im DRG System"},"content":{"rendered":"\n<h2 class=\"wp-block-heading\"><strong>Wussten Sie, welche Erl\u00f6se mit dem DRG-Code 8-192.3 (Larventherapie) m\u00f6glich sind?<\/strong><\/h2>\n\n\n\n<div class=\"wp-block-columns is-layout-flex wp-container-core-columns-is-layout-28f84493 wp-block-columns-is-layout-flex\">\n<div class=\"wp-block-column is-layout-flow wp-block-column-is-layout-flow\">\n<p>Noch immer werden viele in Deutschland durchgef\u00fchrte Larventherapien nicht im DRG-System kodiert. Dies geschieht oft aus Unkenntnis der Kodierf\u00e4higkeit, oder weil das Bewusstsein f\u00fcr die tats\u00e4chliche H\u00f6he m\u00f6glicher Erl\u00f6se fehlt. Dabei gibt es mit der Ziffer 8-192.3 sogar einen eigenen Schl\u00fcssel f\u00fcr das biochirurgische Debridement.<\/p>\n\n\n\n<p><strong>Top Erl\u00f6se die mit Larventherapie m\u00f6glich sind:<\/strong><\/p>\n\n\n\n<ul class=\"wp-block-list\" id=\"block-f6f5c520-a953-4931-a807-3ebd7179821a\">\n<li>Bis zu <strong>800% Mehrerl\u00f6s<\/strong> bei Wunden durch Diabetes Typ II<\/li>\n\n\n\n<li>Bis zu <strong>500% Mehrerl\u00f6s<\/strong> bei Wunden durch Dekubitus Grad 3<\/li>\n\n\n\n<li>Bis zu <strong>300% Mehrerl\u00f6s<\/strong> bei Wunden durch Verbrenungen<\/li>\n<\/ul>\n\n\n\n<div class=\"wp-block-buttons is-layout-flex wp-block-buttons-is-layout-flex\">\n<div class=\"wp-block-button is-style-button-primary\"><a class=\"wp-block-button__link wp-element-button\" href=\"https:\/\/biomonde.com\/wp-content\/uploads\/2023\/01\/OPS_Larventherapie_G_DRG_2023.pdf\">Klicken Sie hier f\u00fcr aktuelle Erl\u00f6sbeispiele<\/a><\/div>\n<\/div>\n<\/div>\n\n\n\n<div class=\"wp-block-column is-layout-flow wp-block-column-is-layout-flow\">\n<figure class=\"wp-block-embed is-type-video is-provider-vimeo wp-block-embed-vimeo wp-embed-aspect-16-9 wp-has-aspect-ratio\"><div class=\"wp-block-embed__wrapper\">\n<iframe loading=\"lazy\" title=\"Die Larventherapie im DRG-System\" src=\"https:\/\/player.vimeo.com\/video\/769079529?dnt=1&amp;app_id=122963\" width=\"500\" height=\"281\" frameborder=\"0\" allow=\"autoplay; fullscreen; picture-in-picture; clipboard-write\"><\/iframe>\n<\/div><\/figure>\n<\/div>\n<\/div>\n\n\n\n<h2 class=\"wp-block-heading\">Mehr erfahren<\/h2>\n\n\n\n<div class=\"wp-block-columns is-layout-flex wp-container-core-columns-is-layout-28f84493 wp-block-columns-is-layout-flex\">\n<div class=\"wp-block-column is-layout-flow wp-block-column-is-layout-flow\">\n<div class=\"wp-block-columns is-layout-flex wp-container-core-columns-is-layout-28f84493 wp-block-columns-is-layout-flex\">\n<div class=\"wp-block-column is-layout-flow wp-block-column-is-layout-flow\">\n<p>Wenn Sie eine Larventherapie durchf\u00fchren wollen, vergessen Sie nicht anschlie\u00dfend die Behandlung \u00fcber den Code<strong> 1-829.3 im DRG-System zu kodieren<\/strong>.<\/p>\n\n\n\n<p>Haben Sie noch Fragen? Vereinbaren Sie doch einfach ein Gespr\u00e4ch mit uns \u00fcber <a href=\"\/de\/biomonde-direkt\/\" target=\"_blank\" rel=\"noreferrer noopener\">BioMonde DIREKT<\/a>. Hier erfahren Sie Weiteres \u00fcber Erl\u00f6sm\u00f6glichkeiten mit der Larventherapie.<\/p>\n<\/div>\n<\/div>\n<\/div>\n<\/div>\n\n\n\n<h2 class=\"wp-block-heading\">Brosch\u00fcren und Downloads<\/h2>\n\n\n\n<div class=\"wp-block-columns is-layout-flex wp-container-core-columns-is-layout-28f84493 wp-block-columns-is-layout-flex\">\n<div class=\"wp-block-column is-layout-flow wp-block-column-is-layout-flow\">\n<div class=\"wp-block-columns is-layout-flex wp-container-core-columns-is-layout-28f84493 wp-block-columns-is-layout-flex\">\n<div class=\"wp-block-column is-layout-flow wp-block-column-is-layout-flow\">\n<figure class=\"wp-block-image size-full\"><a href=\"https:\/\/biomonde.com\/wp-content\/uploads\/2022\/10\/BM258_BDE_DE_AD_09_0922_master.pdf\"><img loading=\"lazy\" decoding=\"async\" width=\"645\" height=\"913\" src=\"https:\/\/biomonde.com\/wp-content\/uploads\/2022\/10\/DRG.jpg\" alt=\"\" class=\"wp-image-9314\" srcset=\"https:\/\/biomonde.com\/wp-content\/uploads\/2022\/10\/DRG.jpg 645w, https:\/\/biomonde.com\/wp-content\/uploads\/2022\/10\/DRG-424x600.jpg 424w, https:\/\/biomonde.com\/wp-content\/uploads\/2022\/10\/DRG-14x20.jpg 14w\" sizes=\"auto, (max-width: 645px) 100vw, 645px\" \/><\/a><\/figure>\n\n\n  <div class=\"block-section block-downloads\">\n    <ul class=\"download-list\">\n              <li class=\"download\">\n          <span class=\"icon icon-file-pdf\"><\/span>\n          <a href=\"https:\/\/biomonde.com\/wp-content\/uploads\/2022\/10\/BM258_BDE_DE_AD_09_0922_master.pdf\" class=\"title\" download>\n            Larventherapie im DRG System          <\/a>\n\n                  <\/li>\n          <\/ul>\n  <\/div>\n  <\/div>\n\n\n\n<div class=\"wp-block-column is-layout-flow wp-block-column-is-layout-flow\">\n<figure class=\"wp-block-image size-large\"><a href=\"https:\/\/biomonde.com\/wp-content\/uploads\/2023\/01\/OPS_Larventherapie_G_DRG_2023.pdf\"><img loading=\"lazy\" decoding=\"async\" width=\"1358\" height=\"1920\" src=\"https:\/\/biomonde.com\/wp-content\/uploads\/2022\/11\/My-project-1-31-1358x1920.png\" alt=\"\" class=\"wp-image-9676\" srcset=\"https:\/\/biomonde.com\/wp-content\/uploads\/2022\/11\/My-project-1-31-1358x1920.png 1358w, https:\/\/biomonde.com\/wp-content\/uploads\/2022\/11\/My-project-1-31-424x600.png 424w, https:\/\/biomonde.com\/wp-content\/uploads\/2022\/11\/My-project-1-31-768x1086.png 768w, https:\/\/biomonde.com\/wp-content\/uploads\/2022\/11\/My-project-1-31-1086x1536.png 1086w, https:\/\/biomonde.com\/wp-content\/uploads\/2022\/11\/My-project-1-31-1448x2048.png 1448w, https:\/\/biomonde.com\/wp-content\/uploads\/2022\/11\/My-project-1-31-14x20.png 14w\" sizes=\"auto, (max-width: 1358px) 100vw, 1358px\" \/><\/a><\/figure>\n\n\n  <div class=\"block-section block-downloads\">\n    <ul class=\"download-list\">\n              <li class=\"download\">\n          <span class=\"icon icon-file-pdf\"><\/span>\n          <a href=\"https:\/\/biomonde.com\/wp-content\/uploads\/2023\/01\/OPS_Larventherapie_G_DRG_2023.pdf\" class=\"title\" download>\n            Kodierbeispiele 2023          <\/a>\n\n                  <\/li>\n          <\/ul>\n  <\/div>\n  <\/div>\n<\/div>\n<\/div>\n\n\n\n<div class=\"wp-block-column is-layout-flow wp-block-column-is-layout-flow\">\n<div class=\"wp-block-columns is-layout-flex wp-container-core-columns-is-layout-28f84493 wp-block-columns-is-layout-flex\">\n<div class=\"wp-block-column is-layout-flow wp-block-column-is-layout-flow\"><\/div>\n\n\n\n<div class=\"wp-block-column is-layout-flow wp-block-column-is-layout-flow\"><\/div>\n<\/div>\n<\/div>\n<\/div>\n\n\n\n<!-- Calendly badge widget begin -->\n<link href=\"https:\/\/assets.calendly.com\/assets\/external\/widget.css\" rel=\"stylesheet\">\n<script src=\"https:\/\/assets.calendly.com\/assets\/external\/widget.js\" type=\"text\/javascript\" async=\"\"><\/script>\n<script type=\"text\/javascript\">window.onload = function() { Calendly.initBadgeWidget({ url: 'https:\/\/calendly.com\/biomonde-direkt', text: 'Um \u00fcber Ihre Erl\u00f6spotenziale zu sprechen, buchen Sie hier ein Termin', color: '#0069ff', textColor: '#ffffff', branding: false }); }<\/script>\n<!-- Calendly badge widget end -->\n\n\n        <div class=\"block-section block-faqs\">\n                      <div class=\"faq active initial\">\n              <h3 class=\"question\">Wichtige Informationen &#8211; Pflichttext<\/h3>\n              <div class=\"answer\"><p><strong>Pharmazeutischer Unternehmer<br \/>\n<\/strong>BioMonde GmbH, Kiebitzh\u00f6rn 33-35, D-22885 Barsb\u00fcttel<br \/>\n<strong>Bezeichnung des Arzneimittels<br \/>\n<\/strong>BioBag<sup>\u00ae<\/sup> 50, BioBag<sup>\u00ae<\/sup> 100, BioBag<sup>\u00ae<\/sup> 200, BioBag<sup>\u00ae<\/sup> 300<br \/>\n<strong>Wirkstoff<br \/>\n<\/strong>Lebende Larven von Lucilia sericata (Goldfliege) im 1. und 2. Larvenstadium<br \/>\n<strong>Zusammensetzung<br \/>\n<\/strong><strong>BioBag<sup>\u00ae<\/sup> 50<\/strong>: 1 Polyester-Netzbeutel (25\u00d740 mm), verpackt in einem sterilen 50 ml Kunststoffr\u00f6hrchen enth\u00e4lt mindestens 50 lebende Larven von Lucilia sericata (Goldfliege) im 1. und 2. Larvenstadium<br \/>\n<strong>BioBag<sup>\u00ae<\/sup> 100<\/strong>: 1 Polyester-Netzbeutel (40\u00d750 mm), verpackt in einem sterilen 50 ml Kunststoffr\u00f6hrchen enth\u00e4lt mindestens 100 lebende Larven von Lucilia sericata (Goldfliege) im 1. und 2. Larvenstadium<br \/>\n<strong>BioBag<sup>\u00ae<\/sup> 200<\/strong>: 1 Polyester-Netzbeutel (50\u00d760 mm), verpackt in einem sterilen 50 ml Kunststoffr\u00f6hrchen enth\u00e4lt mindestens 200 lebende Larven von Lucilia sericata (Goldfliege) im 1. und 2. Larvenstadium<br \/>\n<strong>BioBag<sup>\u00ae<\/sup> 300<\/strong>: 1 Polyester-Netzbeutel (60\u00d7120 mm), verpackt in einem sterilen 50 ml Kunststoffr\u00f6hrchen enth\u00e4lt mindestens 300 lebende Larven von Lucilia sericata (Goldfliege) im 1. und 2. Larvenstadium<br \/>\n<strong>Sonstige Bestandteile<br \/>\n<\/strong>BioBag<sup>\u00ae<\/sup> 50\/100\/200\/300:<br \/>\nIsotonische Kochsalzl\u00f6sung 0,9%<br \/>\n<strong>Anwendungsgebiete<br \/>\n<\/strong>Debridement belegter chronischer oder schwer heilender Wunden, wenn eine instrumentalchirurgische Behandlung nicht erw\u00fcnscht ist.<br \/>\n<strong>Gegenanzeigen<br \/>\n<\/strong>BioBag<sup>\u00ae<\/sup> 50\/100\/200\/300 nicht anwenden<br \/>\n\u2022 bei bekannter \u00dcberempfindlichkeit gegen die Arzneimittel oder deren Bestandteile;<br \/>\n\u2022 auf Wunden an oder in der Umgebung gro\u00dfer Gef\u00e4\u00dfe, da die Gefahr einer lebensgef\u00e4hrlichen Gef\u00e4\u00dfverletzung besteht;<br \/>\n\u2022 wenn ein chirurgisches Debridement erforderlich ist;<br \/>\n\u2022 in Wunden mit unzureichender Durchblutung;<br \/>\n\u2022 in sterilen K\u00f6rperh\u00f6hlen (z. B. Bauchh\u00f6hle)<br \/>\n\u2022 bei akuten, schnell fortschreitenden oder lebensbedrohlichen Infektionen<br \/>\n<strong>Nebenwirkungen<br \/>\n<\/strong>Sehr h\u00e4ufig: Schmerzen am Applikationsort, unangenehme Empfindungen, Kribbeln, Jucken.<br \/>\nH\u00e4ufig: geringf\u00fcgige Blutungen am Applikationsort.<br \/>\nIn einigen F\u00e4llen wurde \u00fcber vor\u00fcbergehende Hautreaktionen und Allergien (Hautr\u00f6tungen oder Schwellungen von gesunder Haut, erhabener juckender Ausschlag, oberfl\u00e4chliche Verletzungen der Haut), Fieber, sowie unangenehmen Geruch in der Wunde berichtet. Angst vor Maden kann auftreten<br \/>\n<strong>Verschreibungspflichtig<\/strong><\/p>\n<\/div>\n            <\/div>\n                  <\/div>\n        ","protected":false},"excerpt":{"rendered":"<p>Wussten Sie, welche Erl\u00f6se mit dem DRG-Code 8-192.3 (Larventherapie) m\u00f6glich sind? Noch immer werden viele in Deutschland durchgef\u00fchrte Larventherapien nicht im DRG-System kodiert. Dies geschieht oft aus Unkenntnis der Kodierf\u00e4higkeit, oder weil das Bewusstsein f\u00fcr die tats\u00e4chliche H\u00f6he m\u00f6glicher Erl\u00f6se fehlt. Dabei gibt es mit der Ziffer 8-192.3 sogar einen eigenen Schl\u00fcssel f\u00fcr das biochirurgische &hellip; <a href=\"https:\/\/biomonde.com\/de\/drg\/\">Continued<\/a><\/p>\n","protected":false},"author":9,"featured_media":0,"parent":0,"menu_order":0,"comment_status":"closed","ping_status":"closed","template":"","meta":{"_acf_changed":false,"footnotes":""},"class_list":["post-9197","page","type-page","status-publish","hentry"],"acf":[],"yoast_head":"<!-- This site is optimized with the Yoast SEO plugin v27.4 - https:\/\/yoast.com\/product\/yoast-seo-wordpress\/ -->\n<title>Die Larventherapie im DRG System - BioMonde<\/title>\n<meta name=\"robots\" content=\"index, follow, max-snippet:-1, max-image-preview:large, max-video-preview:-1\" \/>\n<link rel=\"canonical\" href=\"https:\/\/biomonde.com\/de\/drg\/\" \/>\n<meta property=\"og:locale\" content=\"de_DE\" \/>\n<meta property=\"og:type\" content=\"article\" \/>\n<meta property=\"og:title\" content=\"Die Larventherapie im DRG System - BioMonde\" \/>\n<meta property=\"og:description\" content=\"Wussten Sie, welche Erl\u00f6se mit dem DRG-Code 8-192.3 (Larventherapie) m\u00f6glich sind? Noch immer werden viele in Deutschland durchgef\u00fchrte Larventherapien nicht im DRG-System kodiert. Dies geschieht oft aus Unkenntnis der Kodierf\u00e4higkeit, oder weil das Bewusstsein f\u00fcr die tats\u00e4chliche H\u00f6he m\u00f6glicher Erl\u00f6se fehlt. Dabei gibt es mit der Ziffer 8-192.3 sogar einen eigenen Schl\u00fcssel f\u00fcr das biochirurgische &hellip; Continued\" \/>\n<meta property=\"og:url\" content=\"https:\/\/biomonde.com\/de\/drg\/\" \/>\n<meta property=\"og:site_name\" content=\"BioMonde\" \/>\n<meta property=\"article:publisher\" content=\"https:\/\/www.facebook.com\/biomondeuki\" \/>\n<meta property=\"article:modified_time\" content=\"2023-01-03T16:04:18+00:00\" \/>\n<meta property=\"og:image\" content=\"https:\/\/biomonde.com\/wp-content\/uploads\/2022\/10\/DRG.jpg\" \/>\n<meta name=\"twitter:card\" content=\"summary_large_image\" \/>\n<meta name=\"twitter:site\" content=\"@biomondeuk\" \/>\n<meta name=\"twitter:label1\" content=\"Gesch\u00e4tzte Lesezeit\" \/>\n\t<meta name=\"twitter:data1\" content=\"1\u00a0Minute\" \/>\n<script type=\"application\/ld+json\" class=\"yoast-schema-graph\">{\"@context\":\"https:\\\/\\\/schema.org\",\"@graph\":[{\"@type\":\"WebPage\",\"@id\":\"https:\\\/\\\/biomonde.com\\\/de\\\/drg\\\/\",\"url\":\"https:\\\/\\\/biomonde.com\\\/de\\\/drg\\\/\",\"name\":\"Die Larventherapie im DRG System - BioMonde\",\"isPartOf\":{\"@id\":\"https:\\\/\\\/biomonde.com\\\/#website\"},\"primaryImageOfPage\":{\"@id\":\"https:\\\/\\\/biomonde.com\\\/de\\\/drg\\\/#primaryimage\"},\"image\":{\"@id\":\"https:\\\/\\\/biomonde.com\\\/de\\\/drg\\\/#primaryimage\"},\"thumbnailUrl\":\"https:\\\/\\\/biomonde.com\\\/wp-content\\\/uploads\\\/2022\\\/10\\\/DRG.jpg\",\"datePublished\":\"2022-10-14T09:53:11+00:00\",\"dateModified\":\"2023-01-03T16:04:18+00:00\",\"breadcrumb\":{\"@id\":\"https:\\\/\\\/biomonde.com\\\/de\\\/drg\\\/#breadcrumb\"},\"inLanguage\":\"de\",\"potentialAction\":[{\"@type\":\"ReadAction\",\"target\":[\"https:\\\/\\\/biomonde.com\\\/de\\\/drg\\\/\"]}]},{\"@type\":\"ImageObject\",\"inLanguage\":\"de\",\"@id\":\"https:\\\/\\\/biomonde.com\\\/de\\\/drg\\\/#primaryimage\",\"url\":\"https:\\\/\\\/biomonde.com\\\/wp-content\\\/uploads\\\/2022\\\/10\\\/DRG.jpg\",\"contentUrl\":\"https:\\\/\\\/biomonde.com\\\/wp-content\\\/uploads\\\/2022\\\/10\\\/DRG.jpg\"},{\"@type\":\"BreadcrumbList\",\"@id\":\"https:\\\/\\\/biomonde.com\\\/de\\\/drg\\\/#breadcrumb\",\"itemListElement\":[{\"@type\":\"ListItem\",\"position\":1,\"name\":\"Home\",\"item\":\"https:\\\/\\\/biomonde.com\\\/\"},{\"@type\":\"ListItem\",\"position\":2,\"name\":\"Die Larventherapie im DRG System\"}]},{\"@type\":\"WebSite\",\"@id\":\"https:\\\/\\\/biomonde.com\\\/#website\",\"url\":\"https:\\\/\\\/biomonde.com\\\/\",\"name\":\"BioMonde\",\"description\":\"Making Healing Possible\",\"publisher\":{\"@id\":\"https:\\\/\\\/biomonde.com\\\/#organization\"},\"potentialAction\":[{\"@type\":\"SearchAction\",\"target\":{\"@type\":\"EntryPoint\",\"urlTemplate\":\"https:\\\/\\\/biomonde.com\\\/?s={search_term_string}\"},\"query-input\":{\"@type\":\"PropertyValueSpecification\",\"valueRequired\":true,\"valueName\":\"search_term_string\"}}],\"inLanguage\":\"de\"},{\"@type\":\"Organization\",\"@id\":\"https:\\\/\\\/biomonde.com\\\/#organization\",\"name\":\"BioMonde\",\"url\":\"https:\\\/\\\/biomonde.com\\\/\",\"logo\":{\"@type\":\"ImageObject\",\"inLanguage\":\"de\",\"@id\":\"https:\\\/\\\/biomonde.com\\\/#\\\/schema\\\/logo\\\/image\\\/\",\"url\":\"https:\\\/\\\/biomonde.com\\\/wp-content\\\/uploads\\\/2021\\\/03\\\/biomonde-logo-512.png\",\"contentUrl\":\"https:\\\/\\\/biomonde.com\\\/wp-content\\\/uploads\\\/2021\\\/03\\\/biomonde-logo-512.png\",\"width\":512,\"height\":512,\"caption\":\"BioMonde\"},\"image\":{\"@id\":\"https:\\\/\\\/biomonde.com\\\/#\\\/schema\\\/logo\\\/image\\\/\"},\"sameAs\":[\"https:\\\/\\\/www.facebook.com\\\/biomondeuki\",\"https:\\\/\\\/x.com\\\/biomondeuk\",\"https:\\\/\\\/www.instagram.com\\\/biomonde_uk\\\/\",\"https:\\\/\\\/www.linkedin.com\\\/company\\\/biomondeuk\\\/\",\"https:\\\/\\\/www.youtube.com\\\/channel\\\/UCgvvHlcLny1a_WoEWtxn8Qg\\\/videos\"]}]}<\/script>\n<!-- \/ Yoast SEO plugin. -->","yoast_head_json":{"title":"Die Larventherapie im DRG System - BioMonde","robots":{"index":"index","follow":"follow","max-snippet":"max-snippet:-1","max-image-preview":"max-image-preview:large","max-video-preview":"max-video-preview:-1"},"canonical":"https:\/\/biomonde.com\/de\/drg\/","og_locale":"de_DE","og_type":"article","og_title":"Die Larventherapie im DRG System - BioMonde","og_description":"Wussten Sie, welche Erl\u00f6se mit dem DRG-Code 8-192.3 (Larventherapie) m\u00f6glich sind? Noch immer werden viele in Deutschland durchgef\u00fchrte Larventherapien nicht im DRG-System kodiert. Dies geschieht oft aus Unkenntnis der Kodierf\u00e4higkeit, oder weil das Bewusstsein f\u00fcr die tats\u00e4chliche H\u00f6he m\u00f6glicher Erl\u00f6se fehlt. Dabei gibt es mit der Ziffer 8-192.3 sogar einen eigenen Schl\u00fcssel f\u00fcr das biochirurgische &hellip; Continued","og_url":"https:\/\/biomonde.com\/de\/drg\/","og_site_name":"BioMonde","article_publisher":"https:\/\/www.facebook.com\/biomondeuki","article_modified_time":"2023-01-03T16:04:18+00:00","og_image":[{"url":"https:\/\/biomonde.com\/wp-content\/uploads\/2022\/10\/DRG.jpg","type":"","width":"","height":""}],"twitter_card":"summary_large_image","twitter_site":"@biomondeuk","twitter_misc":{"Gesch\u00e4tzte Lesezeit":"1\u00a0Minute"},"schema":{"@context":"https:\/\/schema.org","@graph":[{"@type":"WebPage","@id":"https:\/\/biomonde.com\/de\/drg\/","url":"https:\/\/biomonde.com\/de\/drg\/","name":"Die Larventherapie im DRG System - BioMonde","isPartOf":{"@id":"https:\/\/biomonde.com\/#website"},"primaryImageOfPage":{"@id":"https:\/\/biomonde.com\/de\/drg\/#primaryimage"},"image":{"@id":"https:\/\/biomonde.com\/de\/drg\/#primaryimage"},"thumbnailUrl":"https:\/\/biomonde.com\/wp-content\/uploads\/2022\/10\/DRG.jpg","datePublished":"2022-10-14T09:53:11+00:00","dateModified":"2023-01-03T16:04:18+00:00","breadcrumb":{"@id":"https:\/\/biomonde.com\/de\/drg\/#breadcrumb"},"inLanguage":"de","potentialAction":[{"@type":"ReadAction","target":["https:\/\/biomonde.com\/de\/drg\/"]}]},{"@type":"ImageObject","inLanguage":"de","@id":"https:\/\/biomonde.com\/de\/drg\/#primaryimage","url":"https:\/\/biomonde.com\/wp-content\/uploads\/2022\/10\/DRG.jpg","contentUrl":"https:\/\/biomonde.com\/wp-content\/uploads\/2022\/10\/DRG.jpg"},{"@type":"BreadcrumbList","@id":"https:\/\/biomonde.com\/de\/drg\/#breadcrumb","itemListElement":[{"@type":"ListItem","position":1,"name":"Home","item":"https:\/\/biomonde.com\/"},{"@type":"ListItem","position":2,"name":"Die Larventherapie im DRG System"}]},{"@type":"WebSite","@id":"https:\/\/biomonde.com\/#website","url":"https:\/\/biomonde.com\/","name":"BioMonde","description":"Making Healing Possible","publisher":{"@id":"https:\/\/biomonde.com\/#organization"},"potentialAction":[{"@type":"SearchAction","target":{"@type":"EntryPoint","urlTemplate":"https:\/\/biomonde.com\/?s={search_term_string}"},"query-input":{"@type":"PropertyValueSpecification","valueRequired":true,"valueName":"search_term_string"}}],"inLanguage":"de"},{"@type":"Organization","@id":"https:\/\/biomonde.com\/#organization","name":"BioMonde","url":"https:\/\/biomonde.com\/","logo":{"@type":"ImageObject","inLanguage":"de","@id":"https:\/\/biomonde.com\/#\/schema\/logo\/image\/","url":"https:\/\/biomonde.com\/wp-content\/uploads\/2021\/03\/biomonde-logo-512.png","contentUrl":"https:\/\/biomonde.com\/wp-content\/uploads\/2021\/03\/biomonde-logo-512.png","width":512,"height":512,"caption":"BioMonde"},"image":{"@id":"https:\/\/biomonde.com\/#\/schema\/logo\/image\/"},"sameAs":["https:\/\/www.facebook.com\/biomondeuki","https:\/\/x.com\/biomondeuk","https:\/\/www.instagram.com\/biomonde_uk\/","https:\/\/www.linkedin.com\/company\/biomondeuk\/","https:\/\/www.youtube.com\/channel\/UCgvvHlcLny1a_WoEWtxn8Qg\/videos"]}]}},"_links":{"self":[{"href":"https:\/\/biomonde.com\/de\/wp-json\/wp\/v2\/pages\/9197","targetHints":{"allow":["GET"]}}],"collection":[{"href":"https:\/\/biomonde.com\/de\/wp-json\/wp\/v2\/pages"}],"about":[{"href":"https:\/\/biomonde.com\/de\/wp-json\/wp\/v2\/types\/page"}],"author":[{"embeddable":true,"href":"https:\/\/biomonde.com\/de\/wp-json\/wp\/v2\/users\/9"}],"replies":[{"embeddable":true,"href":"https:\/\/biomonde.com\/de\/wp-json\/wp\/v2\/comments?post=9197"}],"version-history":[{"count":5,"href":"https:\/\/biomonde.com\/de\/wp-json\/wp\/v2\/pages\/9197\/revisions"}],"predecessor-version":[{"id":9987,"href":"https:\/\/biomonde.com\/de\/wp-json\/wp\/v2\/pages\/9197\/revisions\/9987"}],"wp:attachment":[{"href":"https:\/\/biomonde.com\/de\/wp-json\/wp\/v2\/media?parent=9197"}],"curies":[{"name":"wp","href":"https:\/\/api.w.org\/{rel}","templated":true}]}}